{"id":3386,"date":"2025-04-11T08:03:37","date_gmt":"2025-04-11T08:03:37","guid":{"rendered":"https:\/\/babypillowwholesale.com\/?post_type=product&#038;p=3386"},"modified":"2025-06-08T08:05:40","modified_gmt":"2025-06-08T08:05:40","slug":"bear-ear-printed-shaping-pillow","status":"publish","type":"product","link":"https:\/\/babypillowwholesale.com\/sv\/product\/bear-ear-printed-shaping-pillow\/","title":{"rendered":"Formkudde med tryck av bj\u00f6rn\u00f6ron"},"content":{"rendered":"<div class=\"auto-hide-last-sibling-br paragraph-qzbcQC paragraph-element br-paragraph-space\" data-immersive-translate-walked=\"8e61f2e7-6af2-46e5-9672-3b9e4f4033d9\" data-immersive-translate-paragraph=\"1\">\n<div class=\"auto-hide-last-sibling-br paragraph-qzbcQC paragraph-element br-paragraph-space\">\n<div class=\"auto-hide-last-sibling-br paragraph-qzbcQC paragraph-element br-paragraph-space\">\n<div class=\"auto-hide-last-sibling-br paragraph-qzbcQC paragraph-element br-paragraph-space\">\n<div class=\"auto-hide-last-sibling-br paragraph-qzbcQC paragraph-element br-paragraph-space\">Vi presenterar Bear Ear Printed Shaping Pillow, en underbar och viktig s\u00f6mnkompis som \u00e4r skr\u00e4ddarsydd f\u00f6r sp\u00e4dbarn i 0-6-m\u00e5nadersstadiet. Denna kudde \u00e4r en symfoni av s\u00f6tma och funktionalitet, med en bed\u00e5rande design som har charmiga bj\u00f6rn\u00f6ronliknande konturer. Dess yta \u00e4r en gl\u00e4djefylld duk, utsmyckad med ett h\u00e4rligt utbud av slumpm\u00e4ssiga tryck som visar bed\u00e5rande bj\u00f6rnmotiv, nyckfulla ballonger och s\u00f6ta frukter, som alla bidrar till en atmosf\u00e4r av ren charm.<\/div>\n<p>&nbsp;<\/p>\n<div class=\"auto-hide-last-sibling-br paragraph-qzbcQC paragraph-element br-paragraph-space\">Den \u00e4r tillverkad av material av h\u00f6gsta kvalitet och ger en mjuk men \u00e4nd\u00e5 st\u00f6djande omfamning. Kudden \u00e4r utformad f\u00f6r att vagga ditt barns huvud, vilket bidrar till att bibeh\u00e5lla en h\u00e4lsosam huvudform under de viktiga f\u00f6rsta m\u00e5naderna. M\u00e5tten \u00e4r 28*.<em>21*<\/em>1,5 cm, passar den perfekt i spj\u00e4ls\u00e4ngen och skapar en mysig och s\u00e4ker plats f\u00f6r ditt barn.<\/div>\n<p>&nbsp;<\/p>\n<div class=\"auto-hide-last-sibling-br paragraph-qzbcQC paragraph-element br-paragraph-space\">T\u00e4nk dig att ditt \u00e4lskade barn ligger i spj\u00e4ls\u00e4ngen med huvudet bekv\u00e4mt inb\u00e4ddat i den h\u00e4r kudden. Under tuppluren p\u00e5 dagen ger den en mjuk och inbjudande yta, medan den p\u00e5 natten blir en k\u00e4lla till komfort och trygghet och hj\u00e4lper ditt barn att glida in i en fridfull s\u00f6mn. Kudden fungerar ocks\u00e5 som en vacker dekorationsdetalj i barnkammaren och ger rummets inredning en k\u00e4nsla av nyckfullhet.<\/div>\n<p>&nbsp;<\/p>\n<div class=\"auto-hide-last-sibling-br paragraph-qzbcQC paragraph-element br-paragraph-space\">F\u00f6r\u00e4ldrarna har varit \u00f6verlyckliga \u00f6ver denna produkt. \"Denna Bear Ear Printed Shaping Pillow \u00e4r ett m\u00e5ste! Min bebis verkar s\u00e5 mycket bekv\u00e4mare, och de s\u00f6ta trycken g\u00f6r den till ett blickf\u00e5ng i barnkammaren. Jag \u00e4lskar att den hj\u00e4lper till med huvudformningen ocks\u00e5\", s\u00e4ger en nybliven mamma. En pappa till\u00e4gger: \"Vi \u00e4r verkligen imponerade av kvaliteten. Den \u00e4r mjuk, h\u00e5llbar och designen \u00e4r helt underbar. Den har blivit en viktig del av v\u00e5r bebis s\u00f6mnuppl\u00e4gg.\"<\/div>\n<p>&nbsp;<\/p>\n<div class=\"auto-hide-last-sibling-br paragraph-qzbcQC paragraph-element br-paragraph-space\">I grund och botten \u00e4r Bear Ear Printed Shaping Pillow en harmonisk blandning av komfort, s\u00f6tma och praktiska egenskaper. Det \u00e4r inte bara ett s\u00e4ngtillbeh\u00f6r; det \u00e4r en uppskattad del av ditt barns tidiga liv, som berikar varje s\u00f6mnfylld stund med sitt \u00f6mma st\u00f6d och charmiga n\u00e4rvaro.<\/div>\n<\/div>\n<\/div>\n<\/div>\n<\/div>","protected":false},"excerpt":{"rendered":"<p>Bear Ear Printed Shaping Pillow \u00e4r en charmig och praktisk s\u00f6mnhj\u00e4lp f\u00f6r sp\u00e4dbarn i \u00e5ldern 0-6 m\u00e5nader. Dess design har s\u00f6ta bj\u00f6rn\u00f6ronliknande former och \u00e4r utsmyckad med underbara slumpm\u00e4ssiga tryck av bed\u00e5rande bj\u00f6rnmotiv och andra s\u00f6ta element. Den \u00e4r tillverkad av kvalitetsmaterial och ger ett mjukt st\u00f6d som hj\u00e4lper till att bibeh\u00e5lla barnets huvudform. M\u00e4ter 28* cm<em>21*<\/em>1.5CM, passar den perfekt i barnets spj\u00e4ls\u00e4ng. Denna kudde erbjuder inte bara en mjuk och bekv\u00e4m viloplats f\u00f6r barnet utan ger ocks\u00e5 en touch av s\u00f6thet till barnkammaren och skapar en trevlig milj\u00f6 f\u00f6r barnets s\u00f6mn.<\/p>","protected":false},"featured_media":3387,"comment_status":"open","ping_status":"closed","template":"","meta":{"_uag_custom_page_level_css":"","site-sidebar-layout":"default","site-content-layout":"","ast-site-content-layout":"default","site-content-style":"default","site-sidebar-style":"default","ast-global-header-display":"","ast-banner-title-visibility":"","ast-main-header-display":"","ast-hfb-above-header-display":"","ast-hfb-below-header-display":"","ast-hfb-mobile-header-display":"","site-post-title":"","ast-breadcrumbs-content":"","ast-featured-img":"","footer-sml-layout":"","ast-disable-related-posts":"","theme-transparent-header-meta":"default","adv-header-id-meta":"","stick-header-meta":"","header-above-stick-meta":"","header-main-stick-meta":"","header-below-stick-meta":"","astra-migrate-meta-layouts":"set","ast-page-background-enabled":"default","ast-page-background-meta":{"desktop":{"background-color":"","background-image":"","background-repeat":"repeat","background-position":"center center","background-size":"auto","background-attachment":"scroll","background-type":"","background-media":"","overlay-type":"","overlay-color":"","overlay-opacity":"","overlay-gradient":""},"tablet":{"background-color":"","background-image":"","background-repeat":"repeat","background-position":"center center","background-size":"auto","background-attachment":"scroll","background-type":"","background-media":"","overlay-type":"","overlay-color":"","overlay-opacity":"","overlay-gradient":""},"mobile":{"background-color":"","background-image":"","background-repeat":"repeat","background-position":"center center","background-size":"auto","background-attachment":"scroll","background-type":"","background-media":"","overlay-type":"","overlay-color":"","overlay-opacity":"","overlay-gradient":""}},"ast-content-background-meta":{"desktop":{"background-color":"var(--ast-global-color-5)","background-image":"","background-repeat":"repeat","background-position":"center center","background-size":"auto","background-attachment":"scroll","background-type":"","background-media":"","overlay-type":"","overlay-color":"","overlay-opacity":"","overlay-gradient":""},"tablet":{"background-color":"var(--ast-global-color-5)","background-image":"","background-repeat":"repeat","background-position":"center center","background-size":"auto","background-attachment":"scroll","background-type":"","background-media":"","overlay-type":"","overlay-color":"","overlay-opacity":"","overlay-gradient":""},"mobile":{"background-color":"var(--ast-global-color-5)","background-image":"","background-repeat":"repeat","background-position":"center center","background-size":"auto","background-attachment":"scroll","background-type":"","background-media":"","overlay-type":"","overlay-color":"","overlay-opacity":"","overlay-gradient":""}}},"product_brand":[],"product_cat":[54,42],"product_tag":[70,68,71,69],"class_list":{"0":"post-3386","1":"product","2":"type-product","3":"status-publish","4":"has-post-thumbnail","6":"product_cat-0-to-6months","7":"product_cat-merchandise","8":"product_tag-babypillow","9":"product_tag-cuteanimalpillow","10":"product_tag-headshapesupport","11":"product_tag-kouniushapingpillow","12":"desktop-align-left","13":"tablet-align-left","14":"mobile-align-left","16":"first","17":"instock","18":"shipping-taxable","19":"product-type-simple"},"aioseo_notices":[],"uagb_featured_image_src":{"full":["https:\/\/babypillowwholesale.com\/wp-content\/uploads\/2025\/04\/1010.jpg",1000,1000,false],"thumbnail":["https:\/\/babypillowwholesale.com\/wp-content\/uploads\/2025\/04\/1010-150x150.jpg",150,150,true],"medium":["https:\/\/babypillowwholesale.com\/wp-content\/uploads\/2025\/04\/1010-300x300.jpg",300,300,true],"medium_large":["https:\/\/babypillowwholesale.com\/wp-content\/uploads\/2025\/04\/1010-768x768.jpg",768,768,true],"large":["https:\/\/babypillowwholesale.com\/wp-content\/uploads\/2025\/04\/1010.jpg",1000,1000,false],"1536x1536":["https:\/\/babypillowwholesale.com\/wp-content\/uploads\/2025\/04\/1010.jpg",1000,1000,false],"2048x2048":["https:\/\/babypillowwholesale.com\/wp-content\/uploads\/2025\/04\/1010.jpg",1000,1000,false],"trp-custom-language-flag":["https:\/\/babypillowwholesale.com\/wp-content\/uploads\/2025\/04\/1010.jpg",12,12,false],"woocommerce_thumbnail":["https:\/\/babypillowwholesale.com\/wp-content\/uploads\/2025\/04\/1010-300x300.jpg",300,300,true],"woocommerce_single":["https:\/\/babypillowwholesale.com\/wp-content\/uploads\/2025\/04\/1010-600x600.jpg",600,600,true],"woocommerce_gallery_thumbnail":["https:\/\/babypillowwholesale.com\/wp-content\/uploads\/2025\/04\/1010-100x100.jpg",100,100,true]},"uagb_author_info":{"display_name":"Etnen zhong","author_link":"https:\/\/babypillowwholesale.com\/sv\/author\/"},"uagb_comment_info":0,"uagb_excerpt":"The Bear Ear Printed Shaping Pillow is a charming and practical sleep aid for infants aged 0 - 6 months. Its design features cute bear ear - like shapes and is adorned with delightful random prints of adorable bear motifs and other sweet elements. Made with quality materials, it provides gentle support to help maintain&hellip;","jetpack_sharing_enabled":true,"_links":{"self":[{"href":"https:\/\/babypillowwholesale.com\/sv\/wp-json\/wp\/v2\/product\/3386","targetHints":{"allow":["GET"]}}],"collection":[{"href":"https:\/\/babypillowwholesale.com\/sv\/wp-json\/wp\/v2\/product"}],"about":[{"href":"https:\/\/babypillowwholesale.com\/sv\/wp-json\/wp\/v2\/types\/product"}],"replies":[{"embeddable":true,"href":"https:\/\/babypillowwholesale.com\/sv\/wp-json\/wp\/v2\/comments?post=3386"}],"wp:featuredmedia":[{"embeddable":true,"href":"https:\/\/babypillowwholesale.com\/sv\/wp-json\/wp\/v2\/media\/3387"}],"wp:attachment":[{"href":"https:\/\/babypillowwholesale.com\/sv\/wp-json\/wp\/v2\/media?parent=3386"}],"wp:term":[{"taxonomy":"product_brand","embeddable":true,"href":"https:\/\/babypillowwholesale.com\/sv\/wp-json\/wp\/v2\/product_brand?post=3386"},{"taxonomy":"product_cat","embeddable":true,"href":"https:\/\/babypillowwholesale.com\/sv\/wp-json\/wp\/v2\/product_cat?post=3386"},{"taxonomy":"product_tag","embeddable":true,"href":"https:\/\/babypillowwholesale.com\/sv\/wp-json\/wp\/v2\/product_tag?post=3386"}],"curies":[{"name":"wp","href":"https:\/\/api.w.org\/{rel}","templated":true}]}}