{"id":3383,"date":"2025-04-11T07:55:31","date_gmt":"2025-04-11T07:55:31","guid":{"rendered":"https:\/\/babypillowwholesale.com\/?post_type=product&#038;p=3383"},"modified":"2025-06-08T08:07:13","modified_gmt":"2025-06-08T08:07:13","slug":"little-apple-memory-pillow","status":"publish","type":"product","link":"https:\/\/babypillowwholesale.com\/sv\/product\/little-apple-memory-pillow\/","title":{"rendered":"Little Apple minneskudde"},"content":{"rendered":"<div class=\"auto-hide-last-sibling-br paragraph-qzbcQC paragraph-element br-paragraph-space\" data-immersive-translate-walked=\"8e61f2e7-6af2-46e5-9672-3b9e4f4033d9\" data-immersive-translate-paragraph=\"1\">\n<div class=\"auto-hide-last-sibling-br paragraph-qzbcQC paragraph-element br-paragraph-space\">\n<div class=\"auto-hide-last-sibling-br paragraph-qzbcQC paragraph-element br-paragraph-space\">\n<div class=\"auto-hide-last-sibling-br paragraph-qzbcQC paragraph-element br-paragraph-space\">Vi presenterar Little Apple Memory Pillow, en \u00e4lskv\u00e4rd och oumb\u00e4rlig sovkompis som \u00e4r speciellt utformad f\u00f6r sp\u00e4dbarn i den k\u00e4nsliga 0-3-m\u00e5nadersfasen. Denna kudde, med sin charmiga \u00e4ppelformade silhuett, \u00e4r ett omedelbart blickf\u00e5ng och utstr\u00e5lar en k\u00e4nsla av s\u00f6tma och lekfullhet redan fr\u00e5n b\u00f6rjan.<\/div>\n<p>&nbsp;<\/p>\n<div class=\"auto-hide-last-sibling-br paragraph-qzbcQC paragraph-element br-paragraph-space\">Den \u00e4r tillverkad av premium memory foam och \u00e4r en f\u00f6rebild i fr\u00e5ga om komfort. Den formar sig mjukt och s\u00f6ml\u00f6st efter de unika konturerna av ditt barns huvud och ger ett skr\u00e4ddarsytt st\u00f6d som \u00e4r b\u00e5de \u00f6mt och lugnande. Kuddens yta \u00e4r en charmig duk, prydd med underbara slumpm\u00e4ssiga tryck som ger ett st\u00e4nk av nyckfullhet och v\u00e4rme. Varje tryck \u00e4r som en liten ber\u00e4ttelse som bidrar till kuddens \u00f6vergripande sk\u00f6nhet.<\/div>\n<p>&nbsp;<\/p>\n<div class=\"auto-hide-last-sibling-br paragraph-qzbcQC paragraph-element br-paragraph-space\">M\u00e4tning av ett litet 20*.<em>22*<\/em>1,5 cm, passar den perfekt i spj\u00e4ls\u00e4ngen och skapar en mysig oas f\u00f6r ditt lilla barn. F\u00f6rest\u00e4ll dig ditt \u00e4lskade barn ligga i spj\u00e4ls\u00e4ngen med huvudet f\u00f6rsiktigt vaggat av den h\u00e4r lilla \u00e4ppelformade kudden. Det blir en mjuk, s\u00e4ker plats d\u00e4r de kan glida in i fridfull s\u00f6mn, omgivna av den mjuka omfamningen av minnesskummet och de s\u00f6ta utskrifterna.<\/div>\n<p>&nbsp;<\/p>\n<div class=\"auto-hide-last-sibling-br paragraph-qzbcQC paragraph-element br-paragraph-space\">Under de f\u00f6rsta dagarna, n\u00e4r ditt barn tillbringar mycket av sin tid med att sova, \u00e4r Little Apple Memory Pillow en konstant k\u00e4lla till komfort. Oavsett om det \u00e4r en kort tupplur p\u00e5 dagen eller en l\u00e4ngre stund p\u00e5 natten ger kudden en j\u00e4mn och lugnande yta. Den blir ocks\u00e5 en fokuspunkt i barnkammaren och ger en touch av s\u00f6tma till den \u00f6vergripande inredningen.<\/div>\n<p>&nbsp;<\/p>\n<div class=\"auto-hide-last-sibling-br paragraph-qzbcQC paragraph-element br-paragraph-space\">F\u00f6r\u00e4ldrarna har varit \u00f6versvallande i sina lovord f\u00f6r denna underbara kudde. \"Jag \u00e4r k\u00e4r i Little Apple Memory Pillow! Den \u00e4r s\u00e5 s\u00f6t och min nyf\u00f6dda verkar s\u00e5 mycket mer bekv\u00e4m. Minnesskummet \u00e4r en spelv\u00e4xlare\", utropade en ny mamma. En pappa tillade: \"Vi \u00e4lskar hur den tillf\u00f6r lite charm till barnkammaren. Den har h\u00e5llit bra och verkar verkligen hj\u00e4lpa v\u00e5r bebis att sova b\u00e4ttre.\"<\/div>\n<p>&nbsp;<\/p>\n<div class=\"auto-hide-last-sibling-br paragraph-qzbcQC paragraph-element br-paragraph-space\">I grund och botten \u00e4r Little Apple Memory Pillow en harmonisk blandning av komfort, s\u00f6tma och funktionalitet. Det \u00e4r inte bara ett s\u00e4ngtillbeh\u00f6r; det \u00e4r en omhuldad del av ditt barns tidiga liv, som ger varje s\u00f6mnfylld stund en k\u00e4nsla av lugn och \u00f6mhet.<\/div>\n<\/div>\n<\/div>\n<\/div>","protected":false},"excerpt":{"rendered":"<p>Little Apple Memory Pillow \u00e4r ett s\u00f6tt och praktiskt s\u00f6mntillbeh\u00f6r som \u00e4r utformat f\u00f6r sp\u00e4dbarn i \u00e5ldern 0-3 m\u00e5nader. Kudden \u00e4r formad som ett s\u00f6tt \u00e4pple och f\u00e5ngar omedelbart \u00f6gat med sin bed\u00e5rande form. Den \u00e4r tillverkad av memory foam och formar sig mjukt efter barnets huvud och ger ett mjukt och anpassat st\u00f6d. Ytan \u00e4r dekorerad med charmiga slumpm\u00e4ssiga tryck som ger en touch av ljuvlighet. Med en kompakt storlek p\u00e5 20*<em>22*<\/em>1.5CM, passar den perfekt i ett barns spj\u00e4ls\u00e4ng. Denna kudde hj\u00e4lper inte bara till att bibeh\u00e5lla barnets huvudform utan erbjuder ocks\u00e5 en mysig och bekv\u00e4m viloplats, vilket skapar en lugn milj\u00f6 f\u00f6r barnets fridfulla s\u00f6mn.<\/p>","protected":false},"featured_media":3384,"comment_status":"open","ping_status":"closed","template":"","meta":{"_uag_custom_page_level_css":"","site-sidebar-layout":"default","site-content-layout":"","ast-site-content-layout":"default","site-content-style":"default","site-sidebar-style":"default","ast-global-header-display":"","ast-banner-title-visibility":"","ast-main-header-display":"","ast-hfb-above-header-display":"","ast-hfb-below-header-display":"","ast-hfb-mobile-header-display":"","site-post-title":"","ast-breadcrumbs-content":"","ast-featured-img":"","footer-sml-layout":"","ast-disable-related-posts":"","theme-transparent-header-meta":"default","adv-header-id-meta":"","stick-header-meta":"","header-above-stick-meta":"","header-main-stick-meta":"","header-below-stick-meta":"","astra-migrate-meta-layouts":"set","ast-page-background-enabled":"default","ast-page-background-meta":{"desktop":{"background-color":"","background-image":"","background-repeat":"repeat","background-position":"center center","background-size":"auto","background-attachment":"scroll","background-type":"","background-media":"","overlay-type":"","overlay-color":"","overlay-opacity":"","overlay-gradient":""},"tablet":{"background-color":"","background-image":"","background-repeat":"repeat","background-position":"center center","background-size":"auto","background-attachment":"scroll","background-type":"","background-media":"","overlay-type":"","overlay-color":"","overlay-opacity":"","overlay-gradient":""},"mobile":{"background-color":"","background-image":"","background-repeat":"repeat","background-position":"center center","background-size":"auto","background-attachment":"scroll","background-type":"","background-media":"","overlay-type":"","overlay-color":"","overlay-opacity":"","overlay-gradient":""}},"ast-content-background-meta":{"desktop":{"background-color":"var(--ast-global-color-5)","background-image":"","background-repeat":"repeat","background-position":"center center","background-size":"auto","background-attachment":"scroll","background-type":"","background-media":"","overlay-type":"","overlay-color":"","overlay-opacity":"","overlay-gradient":""},"tablet":{"background-color":"var(--ast-global-color-5)","background-image":"","background-repeat":"repeat","background-position":"center center","background-size":"auto","background-attachment":"scroll","background-type":"","background-media":"","overlay-type":"","overlay-color":"","overlay-opacity":"","overlay-gradient":""},"mobile":{"background-color":"var(--ast-global-color-5)","background-image":"","background-repeat":"repeat","background-position":"center center","background-size":"auto","background-attachment":"scroll","background-type":"","background-media":"","overlay-type":"","overlay-color":"","overlay-opacity":"","overlay-gradient":""}}},"product_brand":[],"product_cat":[54,42],"product_tag":[70,68,71,69],"class_list":{"0":"post-3383","1":"product","2":"type-product","3":"status-publish","4":"has-post-thumbnail","6":"product_cat-0-to-6months","7":"product_cat-merchandise","8":"product_tag-babypillow","9":"product_tag-cuteanimalpillow","10":"product_tag-headshapesupport","11":"product_tag-kouniushapingpillow","12":"desktop-align-left","13":"tablet-align-left","14":"mobile-align-left","16":"first","17":"instock","18":"shipping-taxable","19":"product-type-simple"},"aioseo_notices":[],"uagb_featured_image_src":{"full":["https:\/\/babypillowwholesale.com\/wp-content\/uploads\/2025\/04\/1003.jpg",1000,1000,false],"thumbnail":["https:\/\/babypillowwholesale.com\/wp-content\/uploads\/2025\/04\/1003-150x150.jpg",150,150,true],"medium":["https:\/\/babypillowwholesale.com\/wp-content\/uploads\/2025\/04\/1003-300x300.jpg",300,300,true],"medium_large":["https:\/\/babypillowwholesale.com\/wp-content\/uploads\/2025\/04\/1003-768x768.jpg",768,768,true],"large":["https:\/\/babypillowwholesale.com\/wp-content\/uploads\/2025\/04\/1003.jpg",1000,1000,false],"1536x1536":["https:\/\/babypillowwholesale.com\/wp-content\/uploads\/2025\/04\/1003.jpg",1000,1000,false],"2048x2048":["https:\/\/babypillowwholesale.com\/wp-content\/uploads\/2025\/04\/1003.jpg",1000,1000,false],"trp-custom-language-flag":["https:\/\/babypillowwholesale.com\/wp-content\/uploads\/2025\/04\/1003.jpg",12,12,false],"woocommerce_thumbnail":["https:\/\/babypillowwholesale.com\/wp-content\/uploads\/2025\/04\/1003-300x300.jpg",300,300,true],"woocommerce_single":["https:\/\/babypillowwholesale.com\/wp-content\/uploads\/2025\/04\/1003-600x600.jpg",600,600,true],"woocommerce_gallery_thumbnail":["https:\/\/babypillowwholesale.com\/wp-content\/uploads\/2025\/04\/1003-100x100.jpg",100,100,true]},"uagb_author_info":{"display_name":"Etnen zhong","author_link":"https:\/\/babypillowwholesale.com\/sv\/author\/"},"uagb_comment_info":0,"uagb_excerpt":"The Little Apple Memory Pillow is a sweet and practical sleep essential designed for infants aged 0 - 3 months. Shaped like a cute apple, it immediately catches the eye with its adorable form. Made of memory foam, it softly conforms to the baby's head, providing gentle and customized support. The surface is decorated with&hellip;","jetpack_sharing_enabled":true,"_links":{"self":[{"href":"https:\/\/babypillowwholesale.com\/sv\/wp-json\/wp\/v2\/product\/3383","targetHints":{"allow":["GET"]}}],"collection":[{"href":"https:\/\/babypillowwholesale.com\/sv\/wp-json\/wp\/v2\/product"}],"about":[{"href":"https:\/\/babypillowwholesale.com\/sv\/wp-json\/wp\/v2\/types\/product"}],"replies":[{"embeddable":true,"href":"https:\/\/babypillowwholesale.com\/sv\/wp-json\/wp\/v2\/comments?post=3383"}],"wp:featuredmedia":[{"embeddable":true,"href":"https:\/\/babypillowwholesale.com\/sv\/wp-json\/wp\/v2\/media\/3384"}],"wp:attachment":[{"href":"https:\/\/babypillowwholesale.com\/sv\/wp-json\/wp\/v2\/media?parent=3383"}],"wp:term":[{"taxonomy":"product_brand","embeddable":true,"href":"https:\/\/babypillowwholesale.com\/sv\/wp-json\/wp\/v2\/product_brand?post=3383"},{"taxonomy":"product_cat","embeddable":true,"href":"https:\/\/babypillowwholesale.com\/sv\/wp-json\/wp\/v2\/product_cat?post=3383"},{"taxonomy":"product_tag","embeddable":true,"href":"https:\/\/babypillowwholesale.com\/sv\/wp-json\/wp\/v2\/product_tag?post=3383"}],"curies":[{"name":"wp","href":"https:\/\/api.w.org\/{rel}","templated":true}]}}