{"id":3380,"date":"2025-04-11T07:23:24","date_gmt":"2025-04-11T07:23:24","guid":{"rendered":"https:\/\/babypillowwholesale.com\/?post_type=product&#038;p=3380"},"modified":"2025-06-08T08:11:45","modified_gmt":"2025-06-08T08:11:45","slug":"little-bear-memory-pillow","status":"publish","type":"product","link":"https:\/\/babypillowwholesale.com\/sv\/product\/little-bear-memory-pillow\/","title":{"rendered":"Lilla bj\u00f6rnen Minneskudde"},"content":{"rendered":"<div class=\"auto-hide-last-sibling-br paragraph-qzbcQC paragraph-element br-paragraph-space\" data-immersive-translate-walked=\"8e61f2e7-6af2-46e5-9672-3b9e4f4033d9\" data-immersive-translate-paragraph=\"1\">\n<div class=\"auto-hide-last-sibling-br paragraph-qzbcQC paragraph-element br-paragraph-space\">\n<div class=\"auto-hide-last-sibling-br paragraph-qzbcQC paragraph-element br-paragraph-space\">Vi presenterar Little Bear Memory Pillow, en \u00f6msint och viktig s\u00f6mnkompis som \u00e4r omsorgsfullt utformad f\u00f6r sp\u00e4dbarn i 0-6-m\u00e5nadersstadiet. Denna kudde \u00e4r en f\u00f6rebild f\u00f6r komfort, tillverkad av premium memory foam som elegant formar sig efter konturerna av ditt barns huvud. Den erbjuder en skr\u00e4ddarsydd omfamning, vilket garanterar en mild men st\u00f6djande komfort, vilket \u00e4r avg\u00f6rande f\u00f6r ditt barns v\u00e4xande huvudform.<\/div>\n<p>&nbsp;<\/p>\n<div class=\"auto-hide-last-sibling-br paragraph-qzbcQC paragraph-element br-paragraph-space\">Kuddens yta \u00e4r en duk av s\u00f6tma, prydd med en rad f\u00f6rtjusande slumpm\u00e4ssiga tryck med charmiga sm\u00e5 bj\u00f6rnmotiv. Varje bj\u00f6rn, med sitt \u00e4lskv\u00e4rda uttryck och lekfulla uppf\u00f6rande, tillf\u00f6r ett st\u00e4nk av nyckfullhet och v\u00e4rme, vilket g\u00f6r kudden inte bara till ett funktionellt f\u00f6rem\u00e5l utan ocks\u00e5 till en k\u00e4lla till visuell gl\u00e4dje.<\/div>\n<p>&nbsp;<\/p>\n<div class=\"auto-hide-last-sibling-br paragraph-qzbcQC paragraph-element br-paragraph-space\">M\u00e4tning av en kompakt 25*<em>20*<\/em>1,5 cm \u00e4r den perfekt f\u00f6r spj\u00e4ls\u00e4ngen eller vaggan. T\u00e4nk dig ditt \u00e4lskade sp\u00e4dbarn i sin mysiga sovplats, med sitt lilla huvud vilande f\u00f6rsiktigt p\u00e5 den h\u00e4r kudden. Det blir en oas av mjukhet, en plats d\u00e4r de kan glida in i fridfull s\u00f6mn, omgivna av den tr\u00f6stande n\u00e4rvaron av de sm\u00e5 bj\u00f6rnavtrycken.<\/div>\n<p>&nbsp;<\/p>\n<div class=\"auto-hide-last-sibling-br paragraph-qzbcQC paragraph-element br-paragraph-space\">Under de f\u00f6rsta dagarna, n\u00e4r ditt barn tar korta tupplurar under dagen, ger Little Bear Memory Pillow en j\u00e4mn och bekv\u00e4m plats. Den \u00e4r ocks\u00e5 ett lugnande tillskott under natts\u00f6mnen och hj\u00e4lper ditt barn att k\u00e4nna sig tryggt och tillfreds.<\/div>\n<p>&nbsp;<\/p>\n<div class=\"auto-hide-last-sibling-br paragraph-qzbcQC paragraph-element br-paragraph-space\">F\u00f6r\u00e4ldrarna har varit \u00f6verlyckliga \u00f6ver denna produkt. \"Denna Little Bear Memory Pillow \u00e4r en spelf\u00f6r\u00e4ndrare! Min nyf\u00f6dda verkar s\u00e5 mycket bekv\u00e4mare, och jag \u00e4lskar de s\u00f6ta bj\u00f6rntrycken. Det ger mig sinnesfrid att veta att den hj\u00e4lper till med huvudformen ocks\u00e5\", s\u00e4ger en nybliven mamma. En pappa tillade: \"Vi \u00e4r verkligen imponerade av kvaliteten. Den har h\u00e5llit bra och har blivit en viktig del av v\u00e5rt barns s\u00f6mnuppl\u00e4gg.\"<\/div>\n<p>&nbsp;<\/p>\n<div class=\"auto-hide-last-sibling-br paragraph-qzbcQC paragraph-element br-paragraph-space\">I grund och botten \u00e4r Little Bear Memory Pillow en harmonisk blandning av komfort, s\u00f6tma och funktionalitet. Det \u00e4r inte bara ett s\u00e4ngtillbeh\u00f6r; det \u00e4r en uppskattad del av ditt barns tidiga dagar, som ger varje s\u00f6mnfylld stund en k\u00e4nsla av trygghet och \u00f6mhet.<\/div>\n<\/div>\n<\/div>","protected":false},"excerpt":{"rendered":"<p>Little Bear Memory Pillow \u00e4r ett fint och funktionellt s\u00f6mntillbeh\u00f6r som \u00e4r utformat f\u00f6r sp\u00e4dbarn i \u00e5ldern 0-6 m\u00e5nader. Kudden \u00e4r tillverkad av memory foam och formar sig efter barnets huvud och ger ett anpassat st\u00f6d. Ytan \u00e4r utsmyckad med s\u00f6ta slumpm\u00e4ssiga tryck av sm\u00e5 bj\u00f6rnmotiv, vilket tillf\u00f6r ett charmigt element. Med en kompakt storlek p\u00e5 25*<em>20*<\/em>1.5CM, \u00e4r den l\u00e4mplig f\u00f6r ett barns spj\u00e4ls\u00e4ng eller basinet. Denna kudde hj\u00e4lper inte bara till att bibeh\u00e5lla barnets huvudform utan erbjuder ocks\u00e5 en mjuk och bekv\u00e4m viloplats, vilket skapar en mysig milj\u00f6 f\u00f6r barnets s\u00f6mn.<\/p>","protected":false},"featured_media":3381,"comment_status":"open","ping_status":"closed","template":"","meta":{"_uag_custom_page_level_css":"","site-sidebar-layout":"default","site-content-layout":"","ast-site-content-layout":"default","site-content-style":"default","site-sidebar-style":"default","ast-global-header-display":"","ast-banner-title-visibility":"","ast-main-header-display":"","ast-hfb-above-header-display":"","ast-hfb-below-header-display":"","ast-hfb-mobile-header-display":"","site-post-title":"","ast-breadcrumbs-content":"","ast-featured-img":"","footer-sml-layout":"","ast-disable-related-posts":"","theme-transparent-header-meta":"default","adv-header-id-meta":"","stick-header-meta":"","header-above-stick-meta":"","header-main-stick-meta":"","header-below-stick-meta":"","astra-migrate-meta-layouts":"set","ast-page-background-enabled":"default","ast-page-background-meta":{"desktop":{"background-color":"","background-image":"","background-repeat":"repeat","background-position":"center center","background-size":"auto","background-attachment":"scroll","background-type":"","background-media":"","overlay-type":"","overlay-color":"","overlay-opacity":"","overlay-gradient":""},"tablet":{"background-color":"","background-image":"","background-repeat":"repeat","background-position":"center center","background-size":"auto","background-attachment":"scroll","background-type":"","background-media":"","overlay-type":"","overlay-color":"","overlay-opacity":"","overlay-gradient":""},"mobile":{"background-color":"","background-image":"","background-repeat":"repeat","background-position":"center center","background-size":"auto","background-attachment":"scroll","background-type":"","background-media":"","overlay-type":"","overlay-color":"","overlay-opacity":"","overlay-gradient":""}},"ast-content-background-meta":{"desktop":{"background-color":"var(--ast-global-color-5)","background-image":"","background-repeat":"repeat","background-position":"center center","background-size":"auto","background-attachment":"scroll","background-type":"","background-media":"","overlay-type":"","overlay-color":"","overlay-opacity":"","overlay-gradient":""},"tablet":{"background-color":"var(--ast-global-color-5)","background-image":"","background-repeat":"repeat","background-position":"center center","background-size":"auto","background-attachment":"scroll","background-type":"","background-media":"","overlay-type":"","overlay-color":"","overlay-opacity":"","overlay-gradient":""},"mobile":{"background-color":"var(--ast-global-color-5)","background-image":"","background-repeat":"repeat","background-position":"center center","background-size":"auto","background-attachment":"scroll","background-type":"","background-media":"","overlay-type":"","overlay-color":"","overlay-opacity":"","overlay-gradient":""}}},"product_brand":[],"product_cat":[54,42],"product_tag":[70,68,71,69],"class_list":{"0":"post-3380","1":"product","2":"type-product","3":"status-publish","4":"has-post-thumbnail","6":"product_cat-0-to-6months","7":"product_cat-merchandise","8":"product_tag-babypillow","9":"product_tag-cuteanimalpillow","10":"product_tag-headshapesupport","11":"product_tag-kouniushapingpillow","12":"desktop-align-left","13":"tablet-align-left","14":"mobile-align-left","16":"first","17":"instock","18":"shipping-taxable","19":"product-type-simple"},"aioseo_notices":[],"uagb_featured_image_src":{"full":["https:\/\/babypillowwholesale.com\/wp-content\/uploads\/2025\/04\/1002.jpg",1000,1000,false],"thumbnail":["https:\/\/babypillowwholesale.com\/wp-content\/uploads\/2025\/04\/1002-150x150.jpg",150,150,true],"medium":["https:\/\/babypillowwholesale.com\/wp-content\/uploads\/2025\/04\/1002-300x300.jpg",300,300,true],"medium_large":["https:\/\/babypillowwholesale.com\/wp-content\/uploads\/2025\/04\/1002-768x768.jpg",768,768,true],"large":["https:\/\/babypillowwholesale.com\/wp-content\/uploads\/2025\/04\/1002.jpg",1000,1000,false],"1536x1536":["https:\/\/babypillowwholesale.com\/wp-content\/uploads\/2025\/04\/1002.jpg",1000,1000,false],"2048x2048":["https:\/\/babypillowwholesale.com\/wp-content\/uploads\/2025\/04\/1002.jpg",1000,1000,false],"trp-custom-language-flag":["https:\/\/babypillowwholesale.com\/wp-content\/uploads\/2025\/04\/1002.jpg",12,12,false],"woocommerce_thumbnail":["https:\/\/babypillowwholesale.com\/wp-content\/uploads\/2025\/04\/1002-300x300.jpg",300,300,true],"woocommerce_single":["https:\/\/babypillowwholesale.com\/wp-content\/uploads\/2025\/04\/1002-600x600.jpg",600,600,true],"woocommerce_gallery_thumbnail":["https:\/\/babypillowwholesale.com\/wp-content\/uploads\/2025\/04\/1002-100x100.jpg",100,100,true]},"uagb_author_info":{"display_name":"Etnen zhong","author_link":"https:\/\/babypillowwholesale.com\/sv\/author\/"},"uagb_comment_info":0,"uagb_excerpt":"The Little Bear Memory Pillow is a delicate and functional sleep accessory designed for infants aged 0 - 6 months. Made with memory foam, it gently conforms to the shape of the baby's head, providing customized support. Its surface is adorned with cute random prints of little bear motifs, adding an element of charm. With&hellip;","jetpack_sharing_enabled":true,"_links":{"self":[{"href":"https:\/\/babypillowwholesale.com\/sv\/wp-json\/wp\/v2\/product\/3380","targetHints":{"allow":["GET"]}}],"collection":[{"href":"https:\/\/babypillowwholesale.com\/sv\/wp-json\/wp\/v2\/product"}],"about":[{"href":"https:\/\/babypillowwholesale.com\/sv\/wp-json\/wp\/v2\/types\/product"}],"replies":[{"embeddable":true,"href":"https:\/\/babypillowwholesale.com\/sv\/wp-json\/wp\/v2\/comments?post=3380"}],"wp:featuredmedia":[{"embeddable":true,"href":"https:\/\/babypillowwholesale.com\/sv\/wp-json\/wp\/v2\/media\/3381"}],"wp:attachment":[{"href":"https:\/\/babypillowwholesale.com\/sv\/wp-json\/wp\/v2\/media?parent=3380"}],"wp:term":[{"taxonomy":"product_brand","embeddable":true,"href":"https:\/\/babypillowwholesale.com\/sv\/wp-json\/wp\/v2\/product_brand?post=3380"},{"taxonomy":"product_cat","embeddable":true,"href":"https:\/\/babypillowwholesale.com\/sv\/wp-json\/wp\/v2\/product_cat?post=3380"},{"taxonomy":"product_tag","embeddable":true,"href":"https:\/\/babypillowwholesale.com\/sv\/wp-json\/wp\/v2\/product_tag?post=3380"}],"curies":[{"name":"wp","href":"https:\/\/api.w.org\/{rel}","templated":true}]}}