{"id":3339,"date":"2025-04-05T02:54:17","date_gmt":"2025-04-05T02:54:17","guid":{"rendered":"https:\/\/babypillowwholesale.com\/?post_type=product&#038;p=3339"},"modified":"2025-06-08T11:49:36","modified_gmt":"2025-06-08T11:49:36","slug":"long-eared-rabbit-infant-pillow","status":"publish","type":"product","link":"https:\/\/babypillowwholesale.com\/sv\/product\/long-eared-rabbit-infant-pillow\/","title":{"rendered":"Sp\u00e4dbarnskudde med l\u00e5ng\u00f6rad kanin"},"content":{"rendered":"<div class=\"auto-hide-last-sibling-br paragraph-qzbcQC paragraph-element br-paragraph-space\" data-immersive-translate-walked=\"8e61f2e7-6af2-46e5-9672-3b9e4f4033d9\" data-immersive-translate-paragraph=\"1\">\n<div class=\"auto-hide-last-sibling-br paragraph-qzbcQC paragraph-element br-paragraph-space\">\n<div class=\"auto-hide-last-sibling-br paragraph-qzbcQC paragraph-element br-paragraph-space\">\n<div class=\"auto-hide-last-sibling-br paragraph-qzbcQC paragraph-element br-paragraph-space\">\n<div class=\"auto-hide-last-sibling-br paragraph-qzbcQC paragraph-element br-paragraph-space\">\n<div class=\"auto-hide-last-sibling-br paragraph-qzbcQC paragraph-element br-paragraph-space\">\n<div class=\"auto-hide-last-sibling-br paragraph-qzbcQC paragraph-element br-paragraph-space\">\n<div class=\"auto-hide-last-sibling-br paragraph-qzbcQC paragraph-element br-paragraph-space\">\n<div class=\"auto-hide-last-sibling-br paragraph-qzbcQC paragraph-element br-paragraph-space\">\n<div class=\"auto-hide-last-sibling-br paragraph-qzbcQC paragraph-element br-paragraph-space\">\n<div class=\"auto-hide-last-sibling-br paragraph-qzbcQC paragraph-element br-paragraph-space\">\n<div class=\"auto-hide-last-sibling-br paragraph-qzbcQC paragraph-element br-paragraph-space\">\n<div class=\"auto-hide-last-sibling-br paragraph-qzbcQC paragraph-element br-paragraph-space\">Vi presenterar Long - Eared Rabbit Infant Pillow, en f\u00f6rtjusande och viktig s\u00f6mnkompis f\u00f6r barn i \u00e5ldern 1 - 3 \u00e5r. Kudden har h\u00e4mtat inspiration fr\u00e5n den \u00e4lskv\u00e4rda kaninen med l\u00e5nga \u00f6ron och har egenskaper som \u00e4r b\u00e5de charmiga och f\u00e4ngslande. De l\u00e5nga, uppr\u00e4ttst\u00e5ende \u00f6ronen verkar vara st\u00e4ndigt p\u00e5 alerten, medan de ljusa, uttrycksfulla \u00f6gonen och de s\u00f6tt rodnande kinderna ger den ett oemotst\u00e5ndligt gulligt och inbjudande utseende.<\/div>\n<p>&nbsp;<\/p>\n<div class=\"auto-hide-last-sibling-br paragraph-qzbcQC paragraph-element br-paragraph-space\">M\u00e4tning 40*<em>24*<\/em>3CM, \u00e4r den noggrant utformad f\u00f6r att ge precis r\u00e4tt st\u00f6d f\u00f6r ditt barns huvud och nacke. N\u00e4r ditt barn l\u00e4gger sig ner f\u00f6r att sova, vaggar kudden f\u00f6rsiktigt barnet och fr\u00e4mjar en bekv\u00e4m och h\u00e4lsosam sovst\u00e4llning som hj\u00e4lper till att s\u00e4kerst\u00e4lla en vilsam natt. Kudden \u00e4r tillverkad av mjuka, hudv\u00e4nliga material och har en sammetslen och mjuk ber\u00f6ring, som en mild kram, vilket skapar en mysig oas som lugnar ditt barn till en fridfull s\u00f6mn.<\/div>\n<p>&nbsp;<\/p>\n<div class=\"auto-hide-last-sibling-br paragraph-qzbcQC paragraph-element br-paragraph-space\">Den finns i de mjuka, lugnande nyanserna rosa och bl\u00e5tt och kompletterar enkelt alla barnkammardekorationer och ger en touch av f\u00e4rg och charm. F\u00f6rest\u00e4ll dig de lugna kv\u00e4llarna n\u00e4r ditt barn kryper upp i kudden Long - Eared Rabbit Infant Pillow. Den blir mer \u00e4n bara en kudde; den \u00e4r en k\u00e4lla till komfort och trygghet. Under dagen kan den f\u00f6rvandlas till en lekfavorit, en mjuk rekvisita f\u00f6r fantasifulla \u00e4ventyr eller en tr\u00f6stande v\u00e4n under stunder av tr\u00f6tthet eller rastl\u00f6shet.<\/div>\n<p>&nbsp;<\/p>\n<div class=\"auto-hide-last-sibling-br paragraph-qzbcQC paragraph-element br-paragraph-space\">F\u00f6r\u00e4ldrarna \u00e4r fulla av lovord om denna underbara kudde. \"Mitt barn \u00e4lskar verkligen kudden med l\u00e5nga \u00f6ron och kanin. Den har blivit deras stapelvara vid l\u00e4ggdags. Den \u00e4r otroligt mjuk och den s\u00f6ta designen g\u00f6r den s\u00e5 speciell\", s\u00e4ger en glad mamma. En pappa tillade: \"Vi \u00e4lskar att den inte bara \u00e4r en kudde utan ocks\u00e5 en del av v\u00e5rt barns lek. Den \u00e4r ocks\u00e5 t\u00e5lig, vilket \u00e4r bra med tanke p\u00e5 hur mycket den anv\u00e4nds. Ett underbart tillskott till v\u00e5rt hem.\"<\/div>\n<p>&nbsp;<\/p>\n<div class=\"auto-hide-last-sibling-br paragraph-qzbcQC paragraph-element br-paragraph-space\">I grund och botten \u00e4r kudden Long - Eared Rabbit Infant Pillow en harmonisk blandning av komfort, s\u00f6tma och funktionalitet. Det \u00e4r inte bara ett s\u00e4ngtillbeh\u00f6r; det \u00e4r en uppskattad del av ditt barns dagliga liv, som tillf\u00f6r varje \u00f6gonblick ett st\u00e4nk av kanininspirerad magi.<\/div>\n<\/div>\n<\/div>\n<\/div>\n<\/div>\n<\/div>\n<\/div>\n<\/div>\n<\/div>\n<\/div>\n<\/div>\n<\/div>\n<\/div>","protected":false},"excerpt":{"rendered":"<div class=\"container-QE4ayg\">\n<div class=\"item-jU10IN\">\n<div class=\"container-jODEnh chrome70-container\">\n<div class=\"inner-eE95c9 inner-item-aL3Ui_\" data-target-id=\"message-box-target-id\" data-testid=\"union_message\">\n<div class=\"message-block-container-liuetz\" data-testid=\"message-block-container\">\n<div class=\"message-box-ZWbBdF\" data-testid=\"receive_message\">\n<div class=\"message-box-content-wrapper-srHdUj\">\n<div class=\"message-content message-box-content-otxGGw receive-message-box-content-_lREFj samantha-message-box-content-Qjmpja\" data-testid=\"message_content\">\n<div class=\"container-hfX5E8 flow-markdown-body theme-samantha-yJEgBp\" dir=\"ltr\" data-testid=\"message_text_content\" data-show-indicator=\"false\">\n<div class=\"auto-hide-last-sibling-br paragraph-qzbcQC paragraph-element br-paragraph-space\">Long - Eared Rabbit Infant Pillow \u00e4r ett charmigt s\u00f6mntillbeh\u00f6r som \u00e4r skr\u00e4ddarsytt f\u00f6r barn i \u00e5ldern 1 - 3 \u00e5r. Dess design \u00e4r inspirerad av en s\u00f6t kanin med l\u00e5ng\u00f6rade \u00f6ron, l\u00e5nga, uppr\u00e4ttst\u00e5ende \u00f6ron, ljusa \u00f6gon och rodnande kinder, vilket ger den ett oemotst\u00e5ndligt gulligt utseende. M\u00e5tt 40* cm<em>24*<\/em>3CM, ger den tillr\u00e4ckligt st\u00f6d f\u00f6r barnets huvud och nacke och hj\u00e4lper till att uppr\u00e4tth\u00e5lla en bekv\u00e4m s\u00f6mnst\u00e4llning. Den \u00e4r tillverkad av mjuka och hudv\u00e4nliga material och ger en mjuk och mysig k\u00e4nsla. Kudden finns i rosa och bl\u00e5tt och passar bra till olika barnkammardekorationer. Den h\u00e4r kudden ger inte bara en vilsam s\u00f6mn f\u00f6r ditt barn utan ger ocks\u00e5 en touch av infall och v\u00e4rme till deras l\u00e4ggdags, vilket g\u00f6r den till ett underbart till\u00e4gg till deras s\u00f6mnrelaterade f\u00f6rem\u00e5l.<\/div>\n<\/div>\n<\/div>\n<\/div>\n<\/div>\n<\/div>\n<\/div>\n<\/div>\n<\/div>\n<\/div>","protected":false},"featured_media":3340,"comment_status":"open","ping_status":"closed","template":"","meta":{"_uag_custom_page_level_css":"","site-sidebar-layout":"default","site-content-layout":"","ast-site-content-layout":"default","site-content-style":"default","site-sidebar-style":"default","ast-global-header-display":"","ast-banner-title-visibility":"","ast-main-header-display":"","ast-hfb-above-header-display":"","ast-hfb-below-header-display":"","ast-hfb-mobile-header-display":"","site-post-title":"","ast-breadcrumbs-content":"","ast-featured-img":"","footer-sml-layout":"","ast-disable-related-posts":"","theme-transparent-header-meta":"default","adv-header-id-meta":"","stick-header-meta":"","header-above-stick-meta":"","header-main-stick-meta":"","header-below-stick-meta":"","astra-migrate-meta-layouts":"set","ast-page-background-enabled":"default","ast-page-background-meta":{"desktop":{"background-color":"","background-image":"","background-repeat":"repeat","background-position":"center center","background-size":"auto","background-attachment":"scroll","background-type":"","background-media":"","overlay-type":"","overlay-color":"","overlay-opacity":"","overlay-gradient":""},"tablet":{"background-color":"","background-image":"","background-repeat":"repeat","background-position":"center center","background-size":"auto","background-attachment":"scroll","background-type":"","background-media":"","overlay-type":"","overlay-color":"","overlay-opacity":"","overlay-gradient":""},"mobile":{"background-color":"","background-image":"","background-repeat":"repeat","background-position":"center center","background-size":"auto","background-attachment":"scroll","background-type":"","background-media":"","overlay-type":"","overlay-color":"","overlay-opacity":"","overlay-gradient":""}},"ast-content-background-meta":{"desktop":{"background-color":"var(--ast-global-color-5)","background-image":"","background-repeat":"repeat","background-position":"center center","background-size":"auto","background-attachment":"scroll","background-type":"","background-media":"","overlay-type":"","overlay-color":"","overlay-opacity":"","overlay-gradient":""},"tablet":{"background-color":"var(--ast-global-color-5)","background-image":"","background-repeat":"repeat","background-position":"center center","background-size":"auto","background-attachment":"scroll","background-type":"","background-media":"","overlay-type":"","overlay-color":"","overlay-opacity":"","overlay-gradient":""},"mobile":{"background-color":"var(--ast-global-color-5)","background-image":"","background-repeat":"repeat","background-position":"center center","background-size":"auto","background-attachment":"scroll","background-type":"","background-media":"","overlay-type":"","overlay-color":"","overlay-opacity":"","overlay-gradient":""}}},"product_brand":[],"product_cat":[56,42],"product_tag":[70,68,71,69],"class_list":{"0":"post-3339","1":"product","2":"type-product","3":"status-publish","4":"has-post-thumbnail","6":"product_cat-1-to-3-years","7":"product_cat-merchandise","8":"product_tag-babypillow","9":"product_tag-cuteanimalpillow","10":"product_tag-headshapesupport","11":"product_tag-kouniushapingpillow","12":"desktop-align-left","13":"tablet-align-left","14":"mobile-align-left","16":"first","17":"instock","18":"shipping-taxable","19":"product-type-simple"},"aioseo_notices":[],"uagb_featured_image_src":{"full":["https:\/\/babypillowwholesale.com\/wp-content\/uploads\/2025\/04\/1098.jpg",1000,1000,false],"thumbnail":["https:\/\/babypillowwholesale.com\/wp-content\/uploads\/2025\/04\/1098-150x150.jpg",150,150,true],"medium":["https:\/\/babypillowwholesale.com\/wp-content\/uploads\/2025\/04\/1098-300x300.jpg",300,300,true],"medium_large":["https:\/\/babypillowwholesale.com\/wp-content\/uploads\/2025\/04\/1098-768x768.jpg",768,768,true],"large":["https:\/\/babypillowwholesale.com\/wp-content\/uploads\/2025\/04\/1098.jpg",1000,1000,false],"1536x1536":["https:\/\/babypillowwholesale.com\/wp-content\/uploads\/2025\/04\/1098.jpg",1000,1000,false],"2048x2048":["https:\/\/babypillowwholesale.com\/wp-content\/uploads\/2025\/04\/1098.jpg",1000,1000,false],"trp-custom-language-flag":["https:\/\/babypillowwholesale.com\/wp-content\/uploads\/2025\/04\/1098.jpg",12,12,false],"woocommerce_thumbnail":["https:\/\/babypillowwholesale.com\/wp-content\/uploads\/2025\/04\/1098-300x300.jpg",300,300,true],"woocommerce_single":["https:\/\/babypillowwholesale.com\/wp-content\/uploads\/2025\/04\/1098-600x600.jpg",600,600,true],"woocommerce_gallery_thumbnail":["https:\/\/babypillowwholesale.com\/wp-content\/uploads\/2025\/04\/1098-100x100.jpg",100,100,true]},"uagb_author_info":{"display_name":"Etnen zhong","author_link":"https:\/\/babypillowwholesale.com\/sv\/author\/"},"uagb_comment_info":0,"uagb_excerpt":"The Long - Eared Rabbit Infant Pillow is a charming sleep accessory tailored for children aged 1 - 3 years. Its design is inspired by a cute long - eared rabbit, featuring long, upright ears, bright eyes, and blushing cheeks, which gives it an irresistibly adorable look. Measuring 40*24*3CM, it provides adequate support for a&hellip;","jetpack_sharing_enabled":true,"_links":{"self":[{"href":"https:\/\/babypillowwholesale.com\/sv\/wp-json\/wp\/v2\/product\/3339","targetHints":{"allow":["GET"]}}],"collection":[{"href":"https:\/\/babypillowwholesale.com\/sv\/wp-json\/wp\/v2\/product"}],"about":[{"href":"https:\/\/babypillowwholesale.com\/sv\/wp-json\/wp\/v2\/types\/product"}],"replies":[{"embeddable":true,"href":"https:\/\/babypillowwholesale.com\/sv\/wp-json\/wp\/v2\/comments?post=3339"}],"wp:featuredmedia":[{"embeddable":true,"href":"https:\/\/babypillowwholesale.com\/sv\/wp-json\/wp\/v2\/media\/3340"}],"wp:attachment":[{"href":"https:\/\/babypillowwholesale.com\/sv\/wp-json\/wp\/v2\/media?parent=3339"}],"wp:term":[{"taxonomy":"product_brand","embeddable":true,"href":"https:\/\/babypillowwholesale.com\/sv\/wp-json\/wp\/v2\/product_brand?post=3339"},{"taxonomy":"product_cat","embeddable":true,"href":"https:\/\/babypillowwholesale.com\/sv\/wp-json\/wp\/v2\/product_cat?post=3339"},{"taxonomy":"product_tag","embeddable":true,"href":"https:\/\/babypillowwholesale.com\/sv\/wp-json\/wp\/v2\/product_tag?post=3339"}],"curies":[{"name":"wp","href":"https:\/\/api.w.org\/{rel}","templated":true}]}}