{"id":3329,"date":"2025-04-03T15:57:48","date_gmt":"2025-04-03T15:57:48","guid":{"rendered":"https:\/\/babypillowwholesale.com\/?post_type=product&#038;p=3329"},"modified":"2025-06-08T14:55:14","modified_gmt":"2025-06-08T14:55:14","slug":"cute-pig-infant-pillow","status":"publish","type":"product","link":"https:\/\/babypillowwholesale.com\/sv\/product\/cute-pig-infant-pillow\/","title":{"rendered":"Kudde f\u00f6r sp\u00e4dbarn - S\u00f6t gris"},"content":{"rendered":"<div class=\"auto-hide-last-sibling-br paragraph-qzbcQC paragraph-element br-paragraph-space\" data-immersive-translate-walked=\"8e61f2e7-6af2-46e5-9672-3b9e4f4033d9\" data-immersive-translate-paragraph=\"1\">\n<div class=\"auto-hide-last-sibling-br paragraph-qzbcQC paragraph-element br-paragraph-space\">\n<div class=\"auto-hide-last-sibling-br paragraph-qzbcQC paragraph-element br-paragraph-space\">\n<div class=\"auto-hide-last-sibling-br paragraph-qzbcQC paragraph-element br-paragraph-space\">\n<div class=\"auto-hide-last-sibling-br paragraph-qzbcQC paragraph-element br-paragraph-space\">\n<div class=\"auto-hide-last-sibling-br paragraph-qzbcQC paragraph-element br-paragraph-space\">\n<div class=\"auto-hide-last-sibling-br paragraph-qzbcQC paragraph-element br-paragraph-space\">\n<div class=\"auto-hide-last-sibling-br paragraph-qzbcQC paragraph-element br-paragraph-space\">\n<div class=\"auto-hide-last-sibling-br paragraph-qzbcQC paragraph-element br-paragraph-space\">\n<div class=\"auto-hide-last-sibling-br paragraph-qzbcQC paragraph-element br-paragraph-space\">Vi presenterar Cute Pig Infant Pillow, en charmig och oumb\u00e4rlig sovkompis f\u00f6r barn i \u00e5ldern 1-3 \u00e5r. Dess design \u00e4r en bed\u00e5rande ode till den \u00e4lskv\u00e4rda grisen, med ett lugnt, slutet \u00f6gonuttryck, en perfekt rund n\u00e4sa och fint mjuka \u00f6ron som tillsammans skapar ett oemotst\u00e5ndligt \u00e4lskv\u00e4rt ansikte.<\/div>\n<p>&nbsp;<\/p>\n<div class=\"auto-hide-last-sibling-br paragraph-qzbcQC paragraph-element br-paragraph-space\">M\u00e4tning 40*<em>24*<\/em>3CM, \u00e4r den h\u00e4r kudden perfekt dimensionerad f\u00f6r att ge optimalt st\u00f6d f\u00f6r ditt barns huvud och nacke. Den uppmuntrar f\u00f6rsiktigt till en h\u00e4lsosam s\u00f6mnst\u00e4llning och ser till att varje s\u00f6mn \u00e4r lika vilsam som den \u00e4r ljuv. Den \u00e4r tillverkad av \u00f6verd\u00e5digt mjuka material och har en smekande k\u00e4nsla som omsluter ditt barn med komfort. Den finns i de milda nyanserna rosa och bl\u00e5tt och kompletterar enkelt alla barnkammardekorationer och tillgodoser individuella smaker med l\u00e4tthet.<\/div>\n<p>&nbsp;<\/p>\n<div class=\"auto-hide-last-sibling-br paragraph-qzbcQC paragraph-element br-paragraph-space\">T\u00e4nk dig de lugna kv\u00e4llarna n\u00e4r ditt barn ligger i sin s\u00e4ng och kramar Cute Pig Sp\u00e4dbarnskudde t\u00e4tt intill sig. Den blir en k\u00e4lla till tr\u00f6st, en tyst v\u00e4n som lugnar dem in i fridfulla dr\u00f6mmar. Under dagtid kan den fungera som en lekfull rekvisita i fantasifulla lekar, en mjuk landningsplats f\u00f6r spontana tupplurar p\u00e5 vardagsrumsgolvet eller en tr\u00f6stande gosskompis under tr\u00f6tta stunder.<\/div>\n<p>&nbsp;<\/p>\n<div class=\"auto-hide-last-sibling-br paragraph-qzbcQC paragraph-element br-paragraph-space\">F\u00f6r\u00e4ldrarna \u00e4r fulla av lovord om den h\u00e4r underbara kudden. \"Mitt barn \u00e4lskar verkligen den s\u00f6ta griskudden! Den har blivit deras favorit vid l\u00e4ggdags. Den \u00e4r underbart mjuk och den s\u00f6ta designen g\u00f6r den till en favoritdel i deras rum\", sa en glad mamma. En pappa inst\u00e4mde: \"Vi \u00e4lskar hur den ger en touch av nyckfullhet till v\u00e5rt barns sovplats. Den \u00e4r ocks\u00e5 t\u00e5lig och klarar alla kramar och kl\u00e4mningar. Ett fantastiskt fynd helt klart!\"<\/div>\n<p>&nbsp;<\/p>\n<div class=\"auto-hide-last-sibling-br paragraph-qzbcQC paragraph-element br-paragraph-space\">I grund och botten \u00e4r Cute Pig Sp\u00e4dbarnskudde mer \u00e4n bara en kudde; det \u00e4r ett paket med komfort, s\u00f6tma och barndomsminnen som f\u00f6rh\u00f6jer varje v\u00e4rdefull stund i ditt barns 1-3-\u00e5rsfas.<\/div>\n<\/div>\n<\/div>\n<\/div>\n<\/div>\n<\/div>\n<\/div>\n<\/div>\n<\/div>\n<\/div>","protected":false},"excerpt":{"rendered":"<div class=\"container-QE4ayg\">\n<div class=\"item-jU10IN\">\n<div class=\"container-jODEnh chrome70-container\">\n<div class=\"inner-eE95c9 inner-item-aL3Ui_\" data-target-id=\"message-box-target-id\" data-testid=\"union_message\">\n<div class=\"message-block-container-liuetz\" data-testid=\"message-block-container\">\n<div class=\"message-box-ZWbBdF\" data-testid=\"receive_message\">\n<div class=\"message-box-content-wrapper-srHdUj\">\n<div class=\"message-content message-box-content-otxGGw receive-message-box-content-_lREFj samantha-message-box-content-Qjmpja\" data-testid=\"message_content\">\n<div class=\"container-hfX5E8 flow-markdown-body theme-samantha-yJEgBp\" dir=\"ltr\" data-testid=\"message_text_content\" data-show-indicator=\"false\">\n<div class=\"auto-hide-last-sibling-br paragraph-qzbcQC paragraph-element br-paragraph-space\">Cute Pig Infant Pillow \u00e4r ett gulligt s\u00f6mntillbeh\u00f6r som \u00e4r utformat f\u00f6r barn i \u00e5ldern 1 - 3 \u00e5r. Dess design \u00e4r inspirerad av en s\u00f6t gris, med charmiga drag som slutna \u00f6gon, en rund n\u00e4sa och mjuka \u00f6ron, vilket skapar en oemotst\u00e5ndligt bed\u00e5rande look. M\u00e5tt 40* cm<em>24*<\/em>3CM, ger den r\u00e4tt st\u00f6d f\u00f6r barnets huvud och nacke och fr\u00e4mjar en bekv\u00e4m och h\u00e4lsosam s\u00f6mnst\u00e4llning. Tillverkad av mjuka material ger den en mjuk och mysig k\u00e4nsla. Den finns i rosa och bl\u00e5tt och kan matcha olika barnkammardekorationer och personliga preferenser. Den h\u00e4r kudden hj\u00e4lper inte bara till att s\u00e4kerst\u00e4lla en god natts s\u00f6mn utan ger ocks\u00e5 en touch av s\u00f6tma och v\u00e4rme till barnets nattningsrutin.<\/div>\n<\/div>\n<\/div>\n<\/div>\n<\/div>\n<\/div>\n<\/div>\n<\/div>\n<\/div>\n<\/div>","protected":false},"featured_media":3331,"comment_status":"open","ping_status":"closed","template":"","meta":{"_uag_custom_page_level_css":"","site-sidebar-layout":"default","site-content-layout":"","ast-site-content-layout":"default","site-content-style":"default","site-sidebar-style":"default","ast-global-header-display":"","ast-banner-title-visibility":"","ast-main-header-display":"","ast-hfb-above-header-display":"","ast-hfb-below-header-display":"","ast-hfb-mobile-header-display":"","site-post-title":"","ast-breadcrumbs-content":"","ast-featured-img":"","footer-sml-layout":"","ast-disable-related-posts":"","theme-transparent-header-meta":"default","adv-header-id-meta":"","stick-header-meta":"","header-above-stick-meta":"","header-main-stick-meta":"","header-below-stick-meta":"","astra-migrate-meta-layouts":"set","ast-page-background-enabled":"default","ast-page-background-meta":{"desktop":{"background-color":"","background-image":"","background-repeat":"repeat","background-position":"center center","background-size":"auto","background-attachment":"scroll","background-type":"","background-media":"","overlay-type":"","overlay-color":"","overlay-opacity":"","overlay-gradient":""},"tablet":{"background-color":"","background-image":"","background-repeat":"repeat","background-position":"center center","background-size":"auto","background-attachment":"scroll","background-type":"","background-media":"","overlay-type":"","overlay-color":"","overlay-opacity":"","overlay-gradient":""},"mobile":{"background-color":"","background-image":"","background-repeat":"repeat","background-position":"center center","background-size":"auto","background-attachment":"scroll","background-type":"","background-media":"","overlay-type":"","overlay-color":"","overlay-opacity":"","overlay-gradient":""}},"ast-content-background-meta":{"desktop":{"background-color":"var(--ast-global-color-5)","background-image":"","background-repeat":"repeat","background-position":"center center","background-size":"auto","background-attachment":"scroll","background-type":"","background-media":"","overlay-type":"","overlay-color":"","overlay-opacity":"","overlay-gradient":""},"tablet":{"background-color":"var(--ast-global-color-5)","background-image":"","background-repeat":"repeat","background-position":"center center","background-size":"auto","background-attachment":"scroll","background-type":"","background-media":"","overlay-type":"","overlay-color":"","overlay-opacity":"","overlay-gradient":""},"mobile":{"background-color":"var(--ast-global-color-5)","background-image":"","background-repeat":"repeat","background-position":"center center","background-size":"auto","background-attachment":"scroll","background-type":"","background-media":"","overlay-type":"","overlay-color":"","overlay-opacity":"","overlay-gradient":""}}},"product_brand":[],"product_cat":[56,42],"product_tag":[70,68,71,69],"class_list":{"0":"post-3329","1":"product","2":"type-product","3":"status-publish","4":"has-post-thumbnail","6":"product_cat-1-to-3-years","7":"product_cat-merchandise","8":"product_tag-babypillow","9":"product_tag-cuteanimalpillow","10":"product_tag-headshapesupport","11":"product_tag-kouniushapingpillow","12":"desktop-align-left","13":"tablet-align-left","14":"mobile-align-left","16":"first","17":"instock","18":"shipping-taxable","19":"product-type-simple"},"aioseo_notices":[],"uagb_featured_image_src":{"full":["https:\/\/babypillowwholesale.com\/wp-content\/uploads\/2025\/04\/1096-1.jpg",1000,1000,false],"thumbnail":["https:\/\/babypillowwholesale.com\/wp-content\/uploads\/2025\/04\/1096-1-150x150.jpg",150,150,true],"medium":["https:\/\/babypillowwholesale.com\/wp-content\/uploads\/2025\/04\/1096-1-300x300.jpg",300,300,true],"medium_large":["https:\/\/babypillowwholesale.com\/wp-content\/uploads\/2025\/04\/1096-1-768x768.jpg",768,768,true],"large":["https:\/\/babypillowwholesale.com\/wp-content\/uploads\/2025\/04\/1096-1.jpg",1000,1000,false],"1536x1536":["https:\/\/babypillowwholesale.com\/wp-content\/uploads\/2025\/04\/1096-1.jpg",1000,1000,false],"2048x2048":["https:\/\/babypillowwholesale.com\/wp-content\/uploads\/2025\/04\/1096-1.jpg",1000,1000,false],"trp-custom-language-flag":["https:\/\/babypillowwholesale.com\/wp-content\/uploads\/2025\/04\/1096-1.jpg",12,12,false],"woocommerce_thumbnail":["https:\/\/babypillowwholesale.com\/wp-content\/uploads\/2025\/04\/1096-1-300x300.jpg",300,300,true],"woocommerce_single":["https:\/\/babypillowwholesale.com\/wp-content\/uploads\/2025\/04\/1096-1-600x600.jpg",600,600,true],"woocommerce_gallery_thumbnail":["https:\/\/babypillowwholesale.com\/wp-content\/uploads\/2025\/04\/1096-1-100x100.jpg",100,100,true]},"uagb_author_info":{"display_name":"Etnen zhong","author_link":"https:\/\/babypillowwholesale.com\/sv\/author\/"},"uagb_comment_info":0,"uagb_excerpt":"The Cute Pig Infant Pillow is an endearing sleep accessory designed for children aged 1 - 3 years. Its design is inspired by a cute pig, with charming features like closed - eye expressions, a round nose, and soft ears, creating an irresistibly adorable look. Measuring 40*24*3CM, it offers proper support for a child's head&hellip;","jetpack_sharing_enabled":true,"_links":{"self":[{"href":"https:\/\/babypillowwholesale.com\/sv\/wp-json\/wp\/v2\/product\/3329","targetHints":{"allow":["GET"]}}],"collection":[{"href":"https:\/\/babypillowwholesale.com\/sv\/wp-json\/wp\/v2\/product"}],"about":[{"href":"https:\/\/babypillowwholesale.com\/sv\/wp-json\/wp\/v2\/types\/product"}],"replies":[{"embeddable":true,"href":"https:\/\/babypillowwholesale.com\/sv\/wp-json\/wp\/v2\/comments?post=3329"}],"wp:featuredmedia":[{"embeddable":true,"href":"https:\/\/babypillowwholesale.com\/sv\/wp-json\/wp\/v2\/media\/3331"}],"wp:attachment":[{"href":"https:\/\/babypillowwholesale.com\/sv\/wp-json\/wp\/v2\/media?parent=3329"}],"wp:term":[{"taxonomy":"product_brand","embeddable":true,"href":"https:\/\/babypillowwholesale.com\/sv\/wp-json\/wp\/v2\/product_brand?post=3329"},{"taxonomy":"product_cat","embeddable":true,"href":"https:\/\/babypillowwholesale.com\/sv\/wp-json\/wp\/v2\/product_cat?post=3329"},{"taxonomy":"product_tag","embeddable":true,"href":"https:\/\/babypillowwholesale.com\/sv\/wp-json\/wp\/v2\/product_tag?post=3329"}],"curies":[{"name":"wp","href":"https:\/\/api.w.org\/{rel}","templated":true}]}}