{"id":3323,"date":"2025-04-02T16:47:01","date_gmt":"2025-04-02T16:47:01","guid":{"rendered":"https:\/\/babypillowwholesale.com\/?post_type=product&#038;p=3323"},"modified":"2025-06-08T15:14:33","modified_gmt":"2025-06-08T15:14:33","slug":"hydrophilic-sponge-soothing-cloud-shaped-pillow","status":"publish","type":"product","link":"https:\/\/babypillowwholesale.com\/sv\/product\/hydrophilic-sponge-soothing-cloud-shaped-pillow\/","title":{"rendered":"Hydrofil svamp lugnande molnformad kudde"},"content":{"rendered":"<div class=\"auto-hide-last-sibling-br paragraph-qzbcQC paragraph-element br-paragraph-space\" data-immersive-translate-walked=\"8e61f2e7-6af2-46e5-9672-3b9e4f4033d9\" data-immersive-translate-paragraph=\"1\">\n<div class=\"auto-hide-last-sibling-br paragraph-qzbcQC paragraph-element br-paragraph-space\">\n<div class=\"auto-hide-last-sibling-br paragraph-qzbcQC paragraph-element br-paragraph-space\">\n<div class=\"auto-hide-last-sibling-br paragraph-qzbcQC paragraph-element br-paragraph-space\">\n<div class=\"auto-hide-last-sibling-br paragraph-qzbcQC paragraph-element br-paragraph-space\">\n<div class=\"auto-hide-last-sibling-br paragraph-qzbcQC paragraph-element br-paragraph-space\">\n<div class=\"auto-hide-last-sibling-br paragraph-qzbcQC paragraph-element br-paragraph-space\">\n<div class=\"auto-hide-last-sibling-br paragraph-qzbcQC paragraph-element br-paragraph-space\">Vi presenterar Hydrophilic Sponge Soothing Cloud - Shaped Pillow, en \u00f6m omfamning f\u00f6r sp\u00e4dbarn under deras f\u00f6rsta levnads\u00e5r. Kudden \u00e4r utformad f\u00f6r att efterlikna den mjuka, lugnande formen av ett moln och ger omedelbart ditt barn en k\u00e4nsla av trygghet och v\u00e4rme. Kudden \u00e4r tillverkad av hydrofil svamp av h\u00f6gsta kvalitet, vilket ger en sammetslen och mjuk k\u00e4nsla som \u00e4r uts\u00f6kt skonsam mot barnets k\u00e4nsliga hud.<\/div>\n<p>&nbsp;<\/p>\n<div class=\"auto-hide-last-sibling-br paragraph-qzbcQC paragraph-element br-paragraph-space\">Kudden pryds av en rad bed\u00e5rande djurm\u00f6nster som \u00e4r slumpm\u00e4ssigt f\u00f6rdelade \u00f6ver ytan och \u00e4r en visuell njutning som v\u00e4cker nyfikenhet och gl\u00e4dje hos ditt barn. M\u00e5tt 45<em>28<\/em>1,5 cm ger den gener\u00f6st med utrymme och vaggar bekv\u00e4mt ditt barns huvud och kropp under b\u00e5de tupplurar och lekstunder.<\/div>\n<p>&nbsp;<\/p>\n<div class=\"auto-hide-last-sibling-br paragraph-qzbcQC paragraph-element br-paragraph-space\">F\u00f6rest\u00e4ll dig lugna tupplurar d\u00e4r ditt barn kryper in i kudden och f\u00f6rsvinner in i dr\u00f6mlandet som om det omfamnades av ett mjukt moln. Eller f\u00f6rest\u00e4ll dig lekfulla stunder n\u00e4r ditt barn str\u00e4cker ut handen och fascineras av de s\u00f6ta djurm\u00f6nstren. Kudden \u00e4r ocks\u00e5 perfekt n\u00e4r barnet \u00e4r oroligt och ger en v\u00e4lbekant och tr\u00f6stande k\u00e4nsla.<\/div>\n<p>&nbsp;<\/p>\n<div class=\"auto-hide-last-sibling-br paragraph-qzbcQC paragraph-element br-paragraph-space\">F\u00f6r\u00e4ldrarna \u00e4r \u00f6versvallande i sina lovord. \"Den h\u00e4r molnformade kudden \u00e4r en livr\u00e4ddare! Mitt barn lugnar ner sig n\u00e4stan direkt n\u00e4r jag l\u00e4gger det p\u00e5 den. Den hydrofila svampens mjukhet och de s\u00f6ta trycken \u00e4r helt underbara\", s\u00e4ger en l\u00e4ttad mamma. En pappa tillade: \"Den har blivit en stapelvara i v\u00e5r bebis rutin. Oavsett om det \u00e4r f\u00f6r en snabb tupplur eller bara en lugn stund, s\u00e5 finns den h\u00e4r kudden alltid d\u00e4r och ger komfort och lite skoj.\"<\/div>\n<p>&nbsp;<\/p>\n<div class=\"auto-hide-last-sibling-br paragraph-qzbcQC paragraph-element br-paragraph-space\">I grund och botten \u00e4r Hydrophilic Sponge Soothing Cloud - Shaped Pillow mer \u00e4n bara ett s\u00e4ngtillbeh\u00f6r. Det \u00e4r en blandning av funktionalitet, komfort och s\u00f6tma, en viktig f\u00f6ljeslagare som f\u00f6rh\u00f6jer varje v\u00e4rdefull stund under ditt barns f\u00f6rsta dagar.<\/div>\n<\/div>\n<\/div>\n<\/div>\n<\/div>\n<\/div>\n<\/div>\n<\/div>","protected":false},"excerpt":{"rendered":"<p>Hydrophilic Sponge Soothing Cloud - Shaped Pillow \u00e4r en underbar f\u00f6ljeslagare f\u00f6r sp\u00e4dbarn i \u00e5ldern 0 - 1 \u00e5r. Dess design har formen av ett mjukt moln som skapar en k\u00e4nsla av s\u00e4kerhet och komfort. Kudden \u00e4r tillverkad av hydrofil svamp och ger en mjuk och behaglig k\u00e4nsla, perfekt f\u00f6r barnets k\u00e4nsliga hud. Kudden \u00e4r utsmyckad med s\u00f6ta djurm\u00f6nster som \u00e4r slumpm\u00e4ssigt f\u00f6rdelade, vilket ger ett lekfullt och charmigt inslag. Med en specifikation p\u00e5 45*<em>28*<\/em>1,5 cm ger den gott om utrymme f\u00f6r barnets huvud och kropp. Kudden \u00e4r inte bara perfekt f\u00f6r tupplurar, utan fungerar ocks\u00e5 som ett tr\u00f6stande f\u00f6rem\u00e5l under lek eller n\u00e4r barnet beh\u00f6ver lugnas. Den kombinerar funktionalitet, mjukhet och en s\u00f6t estetik f\u00f6r att g\u00f6ra den till ett viktigt f\u00f6rem\u00e5l f\u00f6r barnets f\u00f6rsta dagar.<\/p>","protected":false},"featured_media":3324,"comment_status":"open","ping_status":"closed","template":"","meta":{"_uag_custom_page_level_css":"","site-sidebar-layout":"default","site-content-layout":"","ast-site-content-layout":"default","site-content-style":"default","site-sidebar-style":"default","ast-global-header-display":"","ast-banner-title-visibility":"","ast-main-header-display":"","ast-hfb-above-header-display":"","ast-hfb-below-header-display":"","ast-hfb-mobile-header-display":"","site-post-title":"","ast-breadcrumbs-content":"","ast-featured-img":"","footer-sml-layout":"","ast-disable-related-posts":"","theme-transparent-header-meta":"default","adv-header-id-meta":"","stick-header-meta":"","header-above-stick-meta":"","header-main-stick-meta":"","header-below-stick-meta":"","astra-migrate-meta-layouts":"set","ast-page-background-enabled":"default","ast-page-background-meta":{"desktop":{"background-color":"","background-image":"","background-repeat":"repeat","background-position":"center center","background-size":"auto","background-attachment":"scroll","background-type":"","background-media":"","overlay-type":"","overlay-color":"","overlay-opacity":"","overlay-gradient":""},"tablet":{"background-color":"","background-image":"","background-repeat":"repeat","background-position":"center center","background-size":"auto","background-attachment":"scroll","background-type":"","background-media":"","overlay-type":"","overlay-color":"","overlay-opacity":"","overlay-gradient":""},"mobile":{"background-color":"","background-image":"","background-repeat":"repeat","background-position":"center center","background-size":"auto","background-attachment":"scroll","background-type":"","background-media":"","overlay-type":"","overlay-color":"","overlay-opacity":"","overlay-gradient":""}},"ast-content-background-meta":{"desktop":{"background-color":"var(--ast-global-color-5)","background-image":"","background-repeat":"repeat","background-position":"center center","background-size":"auto","background-attachment":"scroll","background-type":"","background-media":"","overlay-type":"","overlay-color":"","overlay-opacity":"","overlay-gradient":""},"tablet":{"background-color":"var(--ast-global-color-5)","background-image":"","background-repeat":"repeat","background-position":"center center","background-size":"auto","background-attachment":"scroll","background-type":"","background-media":"","overlay-type":"","overlay-color":"","overlay-opacity":"","overlay-gradient":""},"mobile":{"background-color":"var(--ast-global-color-5)","background-image":"","background-repeat":"repeat","background-position":"center center","background-size":"auto","background-attachment":"scroll","background-type":"","background-media":"","overlay-type":"","overlay-color":"","overlay-opacity":"","overlay-gradient":""}}},"product_brand":[],"product_cat":[55,42],"product_tag":[70,68,71,69],"class_list":{"0":"post-3323","1":"product","2":"type-product","3":"status-publish","4":"has-post-thumbnail","6":"product_cat-0-to-1-year","7":"product_cat-merchandise","8":"product_tag-babypillow","9":"product_tag-cuteanimalpillow","10":"product_tag-headshapesupport","11":"product_tag-kouniushapingpillow","12":"desktop-align-left","13":"tablet-align-left","14":"mobile-align-left","16":"first","17":"instock","18":"shipping-taxable","19":"product-type-simple"},"aioseo_notices":[],"uagb_featured_image_src":{"full":["https:\/\/babypillowwholesale.com\/wp-content\/uploads\/2025\/04\/1026.jpg",1000,1000,false],"thumbnail":["https:\/\/babypillowwholesale.com\/wp-content\/uploads\/2025\/04\/1026-150x150.jpg",150,150,true],"medium":["https:\/\/babypillowwholesale.com\/wp-content\/uploads\/2025\/04\/1026-300x300.jpg",300,300,true],"medium_large":["https:\/\/babypillowwholesale.com\/wp-content\/uploads\/2025\/04\/1026-768x768.jpg",768,768,true],"large":["https:\/\/babypillowwholesale.com\/wp-content\/uploads\/2025\/04\/1026.jpg",1000,1000,false],"1536x1536":["https:\/\/babypillowwholesale.com\/wp-content\/uploads\/2025\/04\/1026.jpg",1000,1000,false],"2048x2048":["https:\/\/babypillowwholesale.com\/wp-content\/uploads\/2025\/04\/1026.jpg",1000,1000,false],"trp-custom-language-flag":["https:\/\/babypillowwholesale.com\/wp-content\/uploads\/2025\/04\/1026.jpg",12,12,false],"woocommerce_thumbnail":["https:\/\/babypillowwholesale.com\/wp-content\/uploads\/2025\/04\/1026-300x300.jpg",300,300,true],"woocommerce_single":["https:\/\/babypillowwholesale.com\/wp-content\/uploads\/2025\/04\/1026-600x600.jpg",600,600,true],"woocommerce_gallery_thumbnail":["https:\/\/babypillowwholesale.com\/wp-content\/uploads\/2025\/04\/1026-100x100.jpg",100,100,true]},"uagb_author_info":{"display_name":"Etnen zhong","author_link":"https:\/\/babypillowwholesale.com\/sv\/author\/"},"uagb_comment_info":0,"uagb_excerpt":"The Hydrophilic Sponge Soothing Cloud - Shaped Pillow is a wonderful companion for babies aged 0 - 1 year. Its design takes the form of a soft cloud, creating a sense of security and comfort. Made from hydrophilic sponge, it offers a gentle and pleasant touch, perfect for a baby's sensitive skin. The pillow is&hellip;","jetpack_sharing_enabled":true,"_links":{"self":[{"href":"https:\/\/babypillowwholesale.com\/sv\/wp-json\/wp\/v2\/product\/3323","targetHints":{"allow":["GET"]}}],"collection":[{"href":"https:\/\/babypillowwholesale.com\/sv\/wp-json\/wp\/v2\/product"}],"about":[{"href":"https:\/\/babypillowwholesale.com\/sv\/wp-json\/wp\/v2\/types\/product"}],"replies":[{"embeddable":true,"href":"https:\/\/babypillowwholesale.com\/sv\/wp-json\/wp\/v2\/comments?post=3323"}],"wp:featuredmedia":[{"embeddable":true,"href":"https:\/\/babypillowwholesale.com\/sv\/wp-json\/wp\/v2\/media\/3324"}],"wp:attachment":[{"href":"https:\/\/babypillowwholesale.com\/sv\/wp-json\/wp\/v2\/media?parent=3323"}],"wp:term":[{"taxonomy":"product_brand","embeddable":true,"href":"https:\/\/babypillowwholesale.com\/sv\/wp-json\/wp\/v2\/product_brand?post=3323"},{"taxonomy":"product_cat","embeddable":true,"href":"https:\/\/babypillowwholesale.com\/sv\/wp-json\/wp\/v2\/product_cat?post=3323"},{"taxonomy":"product_tag","embeddable":true,"href":"https:\/\/babypillowwholesale.com\/sv\/wp-json\/wp\/v2\/product_tag?post=3323"}],"curies":[{"name":"wp","href":"https:\/\/api.w.org\/{rel}","templated":true}]}}