{"id":3317,"date":"2025-03-31T02:51:30","date_gmt":"2025-03-31T02:51:30","guid":{"rendered":"https:\/\/babypillowwholesale.com\/?post_type=product&#038;p=3317"},"modified":"2025-06-08T15:19:36","modified_gmt":"2025-06-08T15:19:36","slug":"obedient-bear-contour-pillow","status":"publish","type":"product","link":"https:\/\/babypillowwholesale.com\/sv\/product\/obedient-bear-contour-pillow\/","title":{"rendered":"Obedient Bear Konturkudde"},"content":{"rendered":"<div class=\"auto-hide-last-sibling-br paragraph-qzbcQC paragraph-element br-paragraph-space\" data-immersive-translate-walked=\"8e61f2e7-6af2-46e5-9672-3b9e4f4033d9\" data-immersive-translate-paragraph=\"1\">\n<div class=\"auto-hide-last-sibling-br paragraph-qzbcQC paragraph-element br-paragraph-space\">\n<div class=\"auto-hide-last-sibling-br paragraph-qzbcQC paragraph-element br-paragraph-space\">\n<div class=\"auto-hide-last-sibling-br paragraph-qzbcQC paragraph-element br-paragraph-space\">\n<div class=\"auto-hide-last-sibling-br paragraph-qzbcQC paragraph-element br-paragraph-space\">\n<div class=\"auto-hide-last-sibling-br paragraph-qzbcQC paragraph-element br-paragraph-space\">Vi presenterar Obedient Bear Contour Pillow, en perfekt blandning av s\u00f6tma och funktionalitet, speciellt utformad f\u00f6r sp\u00e4dbarn i \u00e5ldern 0-12 m\u00e5nader. Denna kudde har en oemotst\u00e5ndligt charmig bj\u00f6rndesign, komplett med fluffiga \u00f6ron, stora, sj\u00e4lfulla \u00f6gon och bed\u00e5rande rodnande kinder som s\u00e4kert kommer att sm\u00e4lta ditt hj\u00e4rta vid f\u00f6rsta anblicken.<\/div>\n<p>&nbsp;<\/p>\n<div class=\"auto-hide-last-sibling-br paragraph-qzbcQC paragraph-element br-paragraph-space\">Kuddens konturformade design \u00e4r ett m\u00e4sterverk inom ergonomisk ingenj\u00f6rskonst. Den formar sig f\u00f6rsiktigt efter ditt barns huvud och ger ett mjukt och exakt st\u00f6d, vilket \u00e4r avg\u00f6rande f\u00f6r att ge en sund huvudform under de viktiga f\u00f6rsta m\u00e5naderna. M\u00e5tt: 29* cm<em>21*<\/em>1,5 cm passar den s\u00f6ml\u00f6st in i olika milj\u00f6er. Oavsett om den ligger i en mysig spj\u00e4ls\u00e4ng f\u00f6r en lugn tupplur, f\u00f6ljer med ditt barn i barnvagnen under en lugn parkpromenad eller placeras p\u00e5 en mjuk lekmatta f\u00f6r roliga lekar hemma, \u00e4r den h\u00e4r kudden en st\u00e4ndig k\u00e4lla till komfort.<\/div>\n<p>&nbsp;<\/p>\n<div class=\"auto-hide-last-sibling-br paragraph-qzbcQC paragraph-element br-paragraph-space\">F\u00f6r\u00e4ldrarna \u00e4r \u00f6verlyckliga \u00f6ver Obedient Bear Contour Pillow. \"Min bebis \u00e4lskar verkligen den h\u00e4r kudden! Den \u00e4r s\u00e5 mjuk och bj\u00f6rndesignen \u00e4r alldeles f\u00f6r s\u00f6t. Jag har m\u00e4rkt att den verkligen hj\u00e4lper till att h\u00e5lla hennes huvud i en bra position\", s\u00e4ger en glad mamma. En pappa sa: \"Vi tar med oss den h\u00e4r kudden \u00f6verallt. Den \u00e4r h\u00e5llbar, l\u00e4tt att reng\u00f6ra och f\u00e4rgalternativen \u00e4r fantastiska. Den har blivit en viktig del av v\u00e5r bebis dagliga liv.\"<\/div>\n<p>&nbsp;<\/p>\n<div class=\"auto-hide-last-sibling-br paragraph-qzbcQC paragraph-element br-paragraph-space\">Obedient Bear Contour Pillow finns i de charmiga f\u00e4rgerna rosa och bl\u00e5tt och \u00e4r inte bara en babytillbeh\u00f6r; det \u00e4r en \u00e4lskad f\u00f6ljeslagare som kombinerar den \u00e4lskv\u00e4rda designen med bj\u00f6rntema med professionellt st\u00f6d f\u00f6r huvudformning, vilket s\u00e4kerst\u00e4ller att din lilla njuter av varje dyrbar stund under sina f\u00f6rsta dagar med st\u00f6rsta komfort och omsorg.<\/div>\n<\/div>\n<\/div>\n<\/div>\n<\/div>\n<\/div>","protected":false},"excerpt":{"rendered":"<p>Obedient Bear Contour Pillow \u00e4r ett perfekt val f\u00f6r sp\u00e4dbarn i \u00e5ldern 0-12 m\u00e5nader. Dess design \u00e4r inspirerad av en bed\u00e5rande bj\u00f6rn med s\u00f6ta \u00f6ron, stora \u00f6gon och rodnande kinder, vilket g\u00f6r den oemotst\u00e5ndligt charmig. Kuddens konturformade design \u00e4r inte bara visuellt tilltalande utan har ocks\u00e5 ett praktiskt syfte. Den ger ergonomiskt st\u00f6d och anpassar sig f\u00f6rsiktigt till barnets huvudform f\u00f6r att hj\u00e4lpa till att bibeh\u00e5lla en h\u00e4lsosam huvudform. M\u00e5tt: 29* cm<em>21*<\/em>1,5 cm, passar bra i spj\u00e4ls\u00e4ngar, barnvagnar eller andra platser d\u00e4r barnet kan vila. Den finns i rosa och bl\u00e5tt och kan matcha olika barnkammardekorationer. Den h\u00e4r kudden kombinerar en vacker design med bj\u00f6rntema med professionellt st\u00f6d f\u00f6r huvudformning, vilket ger komfort och omtanke under den lilla bebisens f\u00f6rsta tid.<\/p>","protected":false},"featured_media":3318,"comment_status":"open","ping_status":"closed","template":"","meta":{"_uag_custom_page_level_css":"","site-sidebar-layout":"default","site-content-layout":"","ast-site-content-layout":"default","site-content-style":"default","site-sidebar-style":"default","ast-global-header-display":"","ast-banner-title-visibility":"","ast-main-header-display":"","ast-hfb-above-header-display":"","ast-hfb-below-header-display":"","ast-hfb-mobile-header-display":"","site-post-title":"","ast-breadcrumbs-content":"","ast-featured-img":"","footer-sml-layout":"","ast-disable-related-posts":"","theme-transparent-header-meta":"default","adv-header-id-meta":"","stick-header-meta":"","header-above-stick-meta":"","header-main-stick-meta":"","header-below-stick-meta":"","astra-migrate-meta-layouts":"set","ast-page-background-enabled":"default","ast-page-background-meta":{"desktop":{"background-color":"","background-image":"","background-repeat":"repeat","background-position":"center center","background-size":"auto","background-attachment":"scroll","background-type":"","background-media":"","overlay-type":"","overlay-color":"","overlay-opacity":"","overlay-gradient":""},"tablet":{"background-color":"","background-image":"","background-repeat":"repeat","background-position":"center center","background-size":"auto","background-attachment":"scroll","background-type":"","background-media":"","overlay-type":"","overlay-color":"","overlay-opacity":"","overlay-gradient":""},"mobile":{"background-color":"","background-image":"","background-repeat":"repeat","background-position":"center center","background-size":"auto","background-attachment":"scroll","background-type":"","background-media":"","overlay-type":"","overlay-color":"","overlay-opacity":"","overlay-gradient":""}},"ast-content-background-meta":{"desktop":{"background-color":"var(--ast-global-color-5)","background-image":"","background-repeat":"repeat","background-position":"center center","background-size":"auto","background-attachment":"scroll","background-type":"","background-media":"","overlay-type":"","overlay-color":"","overlay-opacity":"","overlay-gradient":""},"tablet":{"background-color":"var(--ast-global-color-5)","background-image":"","background-repeat":"repeat","background-position":"center center","background-size":"auto","background-attachment":"scroll","background-type":"","background-media":"","overlay-type":"","overlay-color":"","overlay-opacity":"","overlay-gradient":""},"mobile":{"background-color":"var(--ast-global-color-5)","background-image":"","background-repeat":"repeat","background-position":"center center","background-size":"auto","background-attachment":"scroll","background-type":"","background-media":"","overlay-type":"","overlay-color":"","overlay-opacity":"","overlay-gradient":""}}},"product_brand":[],"product_cat":[55,42],"product_tag":[70,68,71,69],"class_list":{"0":"post-3317","1":"product","2":"type-product","3":"status-publish","4":"has-post-thumbnail","6":"product_cat-0-to-1-year","7":"product_cat-merchandise","8":"product_tag-babypillow","9":"product_tag-cuteanimalpillow","10":"product_tag-headshapesupport","11":"product_tag-kouniushapingpillow","12":"desktop-align-left","13":"tablet-align-left","14":"mobile-align-left","16":"first","17":"instock","18":"shipping-taxable","19":"product-type-simple"},"aioseo_notices":[],"uagb_featured_image_src":{"full":["https:\/\/babypillowwholesale.com\/wp-content\/uploads\/2025\/03\/1066.jpg",1000,1000,false],"thumbnail":["https:\/\/babypillowwholesale.com\/wp-content\/uploads\/2025\/03\/1066-150x150.jpg",150,150,true],"medium":["https:\/\/babypillowwholesale.com\/wp-content\/uploads\/2025\/03\/1066-300x300.jpg",300,300,true],"medium_large":["https:\/\/babypillowwholesale.com\/wp-content\/uploads\/2025\/03\/1066-768x768.jpg",768,768,true],"large":["https:\/\/babypillowwholesale.com\/wp-content\/uploads\/2025\/03\/1066.jpg",1000,1000,false],"1536x1536":["https:\/\/babypillowwholesale.com\/wp-content\/uploads\/2025\/03\/1066.jpg",1000,1000,false],"2048x2048":["https:\/\/babypillowwholesale.com\/wp-content\/uploads\/2025\/03\/1066.jpg",1000,1000,false],"trp-custom-language-flag":["https:\/\/babypillowwholesale.com\/wp-content\/uploads\/2025\/03\/1066.jpg",12,12,false],"woocommerce_thumbnail":["https:\/\/babypillowwholesale.com\/wp-content\/uploads\/2025\/03\/1066-300x300.jpg",300,300,true],"woocommerce_single":["https:\/\/babypillowwholesale.com\/wp-content\/uploads\/2025\/03\/1066-600x600.jpg",600,600,true],"woocommerce_gallery_thumbnail":["https:\/\/babypillowwholesale.com\/wp-content\/uploads\/2025\/03\/1066-100x100.jpg",100,100,true]},"uagb_author_info":{"display_name":"Etnen zhong","author_link":"https:\/\/babypillowwholesale.com\/sv\/author\/"},"uagb_comment_info":0,"uagb_excerpt":"The Obedient Bear Contour Pillow is an ideal choice for infants aged 0 - 12 months. Its design is inspired by an adorable bear, with cute ears, big eyes, and blushing cheeks, which makes it irresistibly charming. The pillow's contour design is not only visually appealing but also serves a practical purpose. It provides ergonomic&hellip;","jetpack_sharing_enabled":true,"_links":{"self":[{"href":"https:\/\/babypillowwholesale.com\/sv\/wp-json\/wp\/v2\/product\/3317","targetHints":{"allow":["GET"]}}],"collection":[{"href":"https:\/\/babypillowwholesale.com\/sv\/wp-json\/wp\/v2\/product"}],"about":[{"href":"https:\/\/babypillowwholesale.com\/sv\/wp-json\/wp\/v2\/types\/product"}],"replies":[{"embeddable":true,"href":"https:\/\/babypillowwholesale.com\/sv\/wp-json\/wp\/v2\/comments?post=3317"}],"wp:featuredmedia":[{"embeddable":true,"href":"https:\/\/babypillowwholesale.com\/sv\/wp-json\/wp\/v2\/media\/3318"}],"wp:attachment":[{"href":"https:\/\/babypillowwholesale.com\/sv\/wp-json\/wp\/v2\/media?parent=3317"}],"wp:term":[{"taxonomy":"product_brand","embeddable":true,"href":"https:\/\/babypillowwholesale.com\/sv\/wp-json\/wp\/v2\/product_brand?post=3317"},{"taxonomy":"product_cat","embeddable":true,"href":"https:\/\/babypillowwholesale.com\/sv\/wp-json\/wp\/v2\/product_cat?post=3317"},{"taxonomy":"product_tag","embeddable":true,"href":"https:\/\/babypillowwholesale.com\/sv\/wp-json\/wp\/v2\/product_tag?post=3317"}],"curies":[{"name":"wp","href":"https:\/\/api.w.org\/{rel}","templated":true}]}}