{"id":3313,"date":"2025-03-26T08:34:46","date_gmt":"2025-03-26T08:34:46","guid":{"rendered":"https:\/\/babypillowwholesale.com\/?post_type=product&#038;p=3313"},"modified":"2025-06-08T15:21:39","modified_gmt":"2025-06-08T15:21:39","slug":"little-raccoon-contour-pillow","status":"publish","type":"product","link":"https:\/\/babypillowwholesale.com\/sv\/product\/little-raccoon-contour-pillow\/","title":{"rendered":"Little Raccoon Contour-kudde"},"content":{"rendered":"<div class=\"auto-hide-last-sibling-br paragraph-qzbcQC paragraph-element br-paragraph-space\" data-immersive-translate-walked=\"8e61f2e7-6af2-46e5-9672-3b9e4f4033d9\" data-immersive-translate-paragraph=\"1\">\n<div class=\"auto-hide-last-sibling-br paragraph-qzbcQC paragraph-element br-paragraph-space\">\n<div class=\"auto-hide-last-sibling-br paragraph-qzbcQC paragraph-element br-paragraph-space\">\n<div class=\"auto-hide-last-sibling-br paragraph-qzbcQC paragraph-element br-paragraph-space\">\n<div class=\"auto-hide-last-sibling-br paragraph-qzbcQC paragraph-element br-paragraph-space\">Vi presenterar Little Raccoon Contour Pillow, en h\u00e4rlig blandning av bed\u00e5rande design och professionell v\u00e5rd, omsorgsfullt utformad f\u00f6r sp\u00e4dbarn i \u00e5ldern 0-12 m\u00e5nader. Den charmiga designen - en gosig tv\u00e4ttbj\u00f6rn med runda \u00f6ron och ett lugnt ansiktsuttryck - ger v\u00e4rme till det viktigaste f\u00f6r barnet. Kuddens konturerade struktur \u00e4r inte bara s\u00f6t, den ger ocks\u00e5 vetenskapligt, ergonomiskt st\u00f6d och vaggar \u00f6mt ditt barns huvud f\u00f6r att fr\u00e4mja en sund utveckling av huvudets form.<\/div>\n<p>&nbsp;<\/p>\n<div class=\"auto-hide-last-sibling-br paragraph-qzbcQC paragraph-element br-paragraph-space\">I det dagliga livet passar den s\u00f6ml\u00f6st in i olika milj\u00f6er. Hemma kan du placera den i spj\u00e4ls\u00e4ngen: n\u00e4r ditt barn somnar skapar kuddens mjuka konturer en lugn oas. Under utflykter utomhus - oavsett om det \u00e4r en parkpromenad eller ett bes\u00f6k hos familjen - passar den perfekt i barnvagnen och ger j\u00e4mn komfort. \u00c4ven under lekfulla stunder p\u00e5 en mjuk matta st\u00f6der kudden ditt barns huvud, vilket garanterar mysighet i varje aktivitet.<\/div>\n<p>&nbsp;<\/p>\n<div class=\"auto-hide-last-sibling-br paragraph-qzbcQC paragraph-element br-paragraph-space\">F\u00f6r\u00e4ldrar \u00e4lskar den h\u00e4r kudden. \"Min bebis ser s\u00e5 ombonad ut p\u00e5 Little Raccoon Contour Pillow! Den \u00e4r otroligt mjuk och jag \u00e4lskar hur den konturformade designen ger ett mjukt st\u00f6d \u00e5t huvudet. Den rosa f\u00e4rgen lyser ocks\u00e5 upp barnkammaren\", s\u00e4ger en glad mamma. En pappa tillade: \"Vi tar med oss den h\u00e4r kudden \u00f6verallt. Den \u00e4r slitstark, l\u00e4tt att reng\u00f6ra och den bl\u00e5 f\u00e4rgen matchar v\u00e5r bebis kl\u00e4der perfekt. Ett m\u00e5ste f\u00f6r b\u00e5de komfort och huvudformande f\u00f6rdelar!\"<\/div>\n<p>&nbsp;<\/p>\n<div class=\"auto-hide-last-sibling-br paragraph-qzbcQC paragraph-element br-paragraph-space\">Little Raccoon Contour Pillow finns i mjukt rosa eller lugnande bl\u00e5tt och \u00e4r mer \u00e4n bara en babytillbeh\u00f6r. Det \u00e4r en h\u00e4ngiven f\u00f6ljeslagare som f\u00f6renar f\u00f6rtjusande estetik med professionellt st\u00f6d f\u00f6r huvudformning, vilket s\u00e4kerst\u00e4ller att ditt barn njuter av komfort och omsorg under varje v\u00e4rdefull stund av sin tidiga tillv\u00e4xt.<\/div>\n<\/div>\n<\/div>\n<\/div>\n<\/div>","protected":false},"excerpt":{"rendered":"<p>Little Raccoon Contour Pillow, skr\u00e4ddarsydd f\u00f6r sp\u00e4dbarn i \u00e5ldern 0-12 m\u00e5nader, f\u00f6renar s\u00f6tma med professionell v\u00e5rd. Dess design, som \u00e4r inspirerad av en gosig liten tv\u00e4ttbj\u00f6rn med runda \u00f6ron och ett lugnt uttryck, ger en \u00e4lskv\u00e4rd touch till de viktigaste babyartiklarna. Kuddens konturstruktur ger vetenskapligt, ergonomiskt st\u00f6d och omfamnar f\u00f6rsiktigt barnets huvud f\u00f6r att fr\u00e4mja en sund utveckling av huvudformen. Storlek p\u00e5 29*.<em>21*<\/em>1,5 cm passar den s\u00f6ml\u00f6st i spj\u00e4ls\u00e4ngar f\u00f6r vilsamma tupplurar, barnvagnar under utflykter eller i hemmet f\u00f6r lekstunder. Kudden finns i mjukt rosa eller lugnande bl\u00e5tt och \u00e4r inte bara ett funktionellt huvudst\u00f6d - den \u00e4r en varm f\u00f6ljeslagare som garanterar komfort och charm under ditt barns v\u00e4rdefulla tidiga tillv\u00e4xtstadier.<\/p>","protected":false},"featured_media":3314,"comment_status":"open","ping_status":"closed","template":"","meta":{"_uag_custom_page_level_css":"","site-sidebar-layout":"default","site-content-layout":"","ast-site-content-layout":"default","site-content-style":"default","site-sidebar-style":"default","ast-global-header-display":"","ast-banner-title-visibility":"","ast-main-header-display":"","ast-hfb-above-header-display":"","ast-hfb-below-header-display":"","ast-hfb-mobile-header-display":"","site-post-title":"","ast-breadcrumbs-content":"","ast-featured-img":"","footer-sml-layout":"","ast-disable-related-posts":"","theme-transparent-header-meta":"default","adv-header-id-meta":"","stick-header-meta":"","header-above-stick-meta":"","header-main-stick-meta":"","header-below-stick-meta":"","astra-migrate-meta-layouts":"set","ast-page-background-enabled":"default","ast-page-background-meta":{"desktop":{"background-color":"","background-image":"","background-repeat":"repeat","background-position":"center center","background-size":"auto","background-attachment":"scroll","background-type":"","background-media":"","overlay-type":"","overlay-color":"","overlay-opacity":"","overlay-gradient":""},"tablet":{"background-color":"","background-image":"","background-repeat":"repeat","background-position":"center center","background-size":"auto","background-attachment":"scroll","background-type":"","background-media":"","overlay-type":"","overlay-color":"","overlay-opacity":"","overlay-gradient":""},"mobile":{"background-color":"","background-image":"","background-repeat":"repeat","background-position":"center center","background-size":"auto","background-attachment":"scroll","background-type":"","background-media":"","overlay-type":"","overlay-color":"","overlay-opacity":"","overlay-gradient":""}},"ast-content-background-meta":{"desktop":{"background-color":"var(--ast-global-color-5)","background-image":"","background-repeat":"repeat","background-position":"center center","background-size":"auto","background-attachment":"scroll","background-type":"","background-media":"","overlay-type":"","overlay-color":"","overlay-opacity":"","overlay-gradient":""},"tablet":{"background-color":"var(--ast-global-color-5)","background-image":"","background-repeat":"repeat","background-position":"center center","background-size":"auto","background-attachment":"scroll","background-type":"","background-media":"","overlay-type":"","overlay-color":"","overlay-opacity":"","overlay-gradient":""},"mobile":{"background-color":"var(--ast-global-color-5)","background-image":"","background-repeat":"repeat","background-position":"center center","background-size":"auto","background-attachment":"scroll","background-type":"","background-media":"","overlay-type":"","overlay-color":"","overlay-opacity":"","overlay-gradient":""}}},"product_brand":[],"product_cat":[55,42],"product_tag":[70,68,71,69],"class_list":{"0":"post-3313","1":"product","2":"type-product","3":"status-publish","4":"has-post-thumbnail","6":"product_cat-0-to-1-year","7":"product_cat-merchandise","8":"product_tag-babypillow","9":"product_tag-cuteanimalpillow","10":"product_tag-headshapesupport","11":"product_tag-kouniushapingpillow","12":"desktop-align-left","13":"tablet-align-left","14":"mobile-align-left","16":"first","17":"instock","18":"featured","19":"shipping-taxable","20":"product-type-simple"},"aioseo_notices":[],"uagb_featured_image_src":{"full":["https:\/\/babypillowwholesale.com\/wp-content\/uploads\/2025\/03\/1520.jpg",1000,1000,false],"thumbnail":["https:\/\/babypillowwholesale.com\/wp-content\/uploads\/2025\/03\/1520-150x150.jpg",150,150,true],"medium":["https:\/\/babypillowwholesale.com\/wp-content\/uploads\/2025\/03\/1520-300x300.jpg",300,300,true],"medium_large":["https:\/\/babypillowwholesale.com\/wp-content\/uploads\/2025\/03\/1520-768x768.jpg",768,768,true],"large":["https:\/\/babypillowwholesale.com\/wp-content\/uploads\/2025\/03\/1520.jpg",1000,1000,false],"1536x1536":["https:\/\/babypillowwholesale.com\/wp-content\/uploads\/2025\/03\/1520.jpg",1000,1000,false],"2048x2048":["https:\/\/babypillowwholesale.com\/wp-content\/uploads\/2025\/03\/1520.jpg",1000,1000,false],"trp-custom-language-flag":["https:\/\/babypillowwholesale.com\/wp-content\/uploads\/2025\/03\/1520.jpg",12,12,false],"woocommerce_thumbnail":["https:\/\/babypillowwholesale.com\/wp-content\/uploads\/2025\/03\/1520-300x300.jpg",300,300,true],"woocommerce_single":["https:\/\/babypillowwholesale.com\/wp-content\/uploads\/2025\/03\/1520-600x600.jpg",600,600,true],"woocommerce_gallery_thumbnail":["https:\/\/babypillowwholesale.com\/wp-content\/uploads\/2025\/03\/1520-100x100.jpg",100,100,true]},"uagb_author_info":{"display_name":"Etnen zhong","author_link":"https:\/\/babypillowwholesale.com\/sv\/author\/"},"uagb_comment_info":0,"uagb_excerpt":"The Little Raccoon Contour Pillow, tailored for infants aged 0\u201312 months, harmonizes cuteness with professional care. Its design, inspired by a cuddly little raccoon with round ears and a serene expression, adds an endearing touch to baby essentials. The pillow\u2019s contour structure offers scientific, ergonomic support, gently embracing the baby\u2019s head to nurture healthy head&hellip;","jetpack_sharing_enabled":true,"_links":{"self":[{"href":"https:\/\/babypillowwholesale.com\/sv\/wp-json\/wp\/v2\/product\/3313","targetHints":{"allow":["GET"]}}],"collection":[{"href":"https:\/\/babypillowwholesale.com\/sv\/wp-json\/wp\/v2\/product"}],"about":[{"href":"https:\/\/babypillowwholesale.com\/sv\/wp-json\/wp\/v2\/types\/product"}],"replies":[{"embeddable":true,"href":"https:\/\/babypillowwholesale.com\/sv\/wp-json\/wp\/v2\/comments?post=3313"}],"wp:featuredmedia":[{"embeddable":true,"href":"https:\/\/babypillowwholesale.com\/sv\/wp-json\/wp\/v2\/media\/3314"}],"wp:attachment":[{"href":"https:\/\/babypillowwholesale.com\/sv\/wp-json\/wp\/v2\/media?parent=3313"}],"wp:term":[{"taxonomy":"product_brand","embeddable":true,"href":"https:\/\/babypillowwholesale.com\/sv\/wp-json\/wp\/v2\/product_brand?post=3313"},{"taxonomy":"product_cat","embeddable":true,"href":"https:\/\/babypillowwholesale.com\/sv\/wp-json\/wp\/v2\/product_cat?post=3313"},{"taxonomy":"product_tag","embeddable":true,"href":"https:\/\/babypillowwholesale.com\/sv\/wp-json\/wp\/v2\/product_tag?post=3313"}],"curies":[{"name":"wp","href":"https:\/\/api.w.org\/{rel}","templated":true}]}}