{"id":3300,"date":"2025-03-22T02:53:38","date_gmt":"2025-03-22T02:53:38","guid":{"rendered":"https:\/\/babypillowwholesale.com\/?post_type=product&#038;p=3300"},"modified":"2025-06-08T15:41:34","modified_gmt":"2025-06-08T15:41:34","slug":"penguin-shaping-pillow","status":"publish","type":"product","link":"https:\/\/babypillowwholesale.com\/sv\/product\/penguin-shaping-pillow\/","title":{"rendered":"Kudde f\u00f6r pingvinformning"},"content":{"rendered":"<div class=\"auto-hide-last-sibling-br paragraph-qzbcQC paragraph-element br-paragraph-space\" data-immersive-translate-walked=\"8e61f2e7-6af2-46e5-9672-3b9e4f4033d9\" data-immersive-translate-paragraph=\"1\">\n<div class=\"auto-hide-last-sibling-br paragraph-qzbcQC paragraph-element br-paragraph-space\">Omfamna den rena charmen hos v\u00e5r Penguin Shaping Pillow, en k\u00e4rleksfullt utformad kudde som \u00e4r designad f\u00f6r de minsta \u00e4ventyrarna i \u00e5ldern 0 till 6 m\u00e5nader. Kudden p\u00e5minner om en \u00e4lskv\u00e4rd pingvin med sin fylliga kropp, fina simf\u00f6tter och s\u00f6ta lilla n\u00e4bb, och \u00e4r en visuell njutning som ger en omedelbar dos av gullighet till ditt barns v\u00e4rld. Funktionalitet m\u00f6ter stil med den h\u00e4r kudden. Den genomt\u00e4nkt konturerade centrala utsk\u00e4rningen ger ett mjukt, vagglande st\u00f6d till ditt barns k\u00e4nsliga huvud och leder det smidigt mot en perfekt form n\u00e4r de reser genom sina v\u00e4rdefulla tidiga dagar. Med en storlek p\u00e5 26,5*25*1,5 cm \u00e4r den otroligt anpassningsbar. Under de lugna hemmakv\u00e4llarna kan du placera den i spj\u00e4ls\u00e4ngen och se hur den skapar en mysig plats med pingvintema och vaggar in ditt barn i en fridfull s\u00f6mn. N\u00e4r ni \u00e4r ute p\u00e5 en vinterpromenad eller ett bes\u00f6k p\u00e5 zoo passar kudden s\u00f6ml\u00f6st i barnvagnen och ser till att ditt barn har det bekv\u00e4mt medan det omges av den f\u00f6rtjusande pingvindesignen. F\u00f6r\u00e4ldrarna \u00e4r helt f\u00f6r\u00e4lskade i den h\u00e4r kudden! En mamma sa: \"Min bebis kan inte f\u00e5 nog av pingvinkudden. Den \u00e4r s\u00e5 mjuk och designen \u00e4r alldeles f\u00f6r bed\u00e5rande. Dessutom har den varit till stor hj\u00e4lp f\u00f6r att h\u00e5lla deras huvud i en bra position.\" En pappa tillade: \"Den har blivit v\u00e5r favorit p\u00e5 alla utflykter. F\u00e4rgalternativen \u00e4r fantastiska och v\u00e5r bebis ser alltid s\u00e5 glad ut n\u00e4r han ser pingvinen. Rekommenderas varmt!\" Penguin Shaping Pillow finns i de charmiga rosa och bl\u00e5 nyanserna och \u00e4r mer \u00e4n bara en babytillbeh\u00f6r; det \u00e4r en k\u00e4r f\u00f6ljeslagare som lovar komfort, st\u00f6d och en hel del pingvininspirerad gl\u00e4dje under ditt barns f\u00f6rsta m\u00e5nader.<\/div>\n<\/div>","protected":false},"excerpt":{"rendered":"<p>Penguin Shaping Pillow \u00e4r en oemotst\u00e5ndligt s\u00f6t och praktisk produkt som \u00e4r skr\u00e4ddarsydd f\u00f6r sp\u00e4dbarn i \u00e5ldern 0 till 6 m\u00e5nader. Dess design, som \u00e4r modellerad efter en bed\u00e5rande pingvin med knubbig kropp, fenor och en s\u00f6t n\u00e4bb, kommer garanterat att vinna hj\u00e4rtan vid f\u00f6rsta anblicken. Kuddens centrala utsk\u00e4rning \u00e4r noggrant utformad f\u00f6r att ge ett mjukt och ergonomiskt st\u00f6d f\u00f6r barnets huvud, vilket bidrar till att bibeh\u00e5lla en korrekt huvudform under den viktiga tidiga utvecklingsfasen. M\u00e5tt 26,5*<em>25*<\/em>1,5 cm passar den perfekt i spj\u00e4ls\u00e4ngar, barnvagnar eller b\u00e4rselar och erbjuder en mysig och bekant viloplats f\u00f6r ditt barn var det \u00e4n befinner sig. Den finns i rosa och bl\u00e5tt och g\u00f6r det m\u00f6jligt f\u00f6r f\u00f6r\u00e4ldrar att v\u00e4lja en f\u00e4rg som passar deras preferenser eller inredning i barnkammaren, och kombinerar b\u00e5de charm och funktionalitet f\u00f6r att f\u00f6rb\u00e4ttra barnomsorgen.<\/p>","protected":false},"featured_media":3301,"comment_status":"open","ping_status":"closed","template":"","meta":{"_uag_custom_page_level_css":"","site-sidebar-layout":"default","site-content-layout":"","ast-site-content-layout":"default","site-content-style":"default","site-sidebar-style":"default","ast-global-header-display":"","ast-banner-title-visibility":"","ast-main-header-display":"","ast-hfb-above-header-display":"","ast-hfb-below-header-display":"","ast-hfb-mobile-header-display":"","site-post-title":"","ast-breadcrumbs-content":"","ast-featured-img":"","footer-sml-layout":"","ast-disable-related-posts":"","theme-transparent-header-meta":"default","adv-header-id-meta":"","stick-header-meta":"","header-above-stick-meta":"","header-main-stick-meta":"","header-below-stick-meta":"","astra-migrate-meta-layouts":"set","ast-page-background-enabled":"default","ast-page-background-meta":{"desktop":{"background-color":"","background-image":"","background-repeat":"repeat","background-position":"center center","background-size":"auto","background-attachment":"scroll","background-type":"","background-media":"","overlay-type":"","overlay-color":"","overlay-opacity":"","overlay-gradient":""},"tablet":{"background-color":"","background-image":"","background-repeat":"repeat","background-position":"center center","background-size":"auto","background-attachment":"scroll","background-type":"","background-media":"","overlay-type":"","overlay-color":"","overlay-opacity":"","overlay-gradient":""},"mobile":{"background-color":"","background-image":"","background-repeat":"repeat","background-position":"center center","background-size":"auto","background-attachment":"scroll","background-type":"","background-media":"","overlay-type":"","overlay-color":"","overlay-opacity":"","overlay-gradient":""}},"ast-content-background-meta":{"desktop":{"background-color":"var(--ast-global-color-5)","background-image":"","background-repeat":"repeat","background-position":"center center","background-size":"auto","background-attachment":"scroll","background-type":"","background-media":"","overlay-type":"","overlay-color":"","overlay-opacity":"","overlay-gradient":""},"tablet":{"background-color":"var(--ast-global-color-5)","background-image":"","background-repeat":"repeat","background-position":"center center","background-size":"auto","background-attachment":"scroll","background-type":"","background-media":"","overlay-type":"","overlay-color":"","overlay-opacity":"","overlay-gradient":""},"mobile":{"background-color":"var(--ast-global-color-5)","background-image":"","background-repeat":"repeat","background-position":"center center","background-size":"auto","background-attachment":"scroll","background-type":"","background-media":"","overlay-type":"","overlay-color":"","overlay-opacity":"","overlay-gradient":""}}},"product_brand":[],"product_cat":[54,42],"product_tag":[70,68,71,69],"class_list":{"0":"post-3300","1":"product","2":"type-product","3":"status-publish","4":"has-post-thumbnail","6":"product_cat-0-to-6months","7":"product_cat-merchandise","8":"product_tag-babypillow","9":"product_tag-cuteanimalpillow","10":"product_tag-headshapesupport","11":"product_tag-kouniushapingpillow","12":"desktop-align-left","13":"tablet-align-left","14":"mobile-align-left","16":"first","17":"instock","18":"shipping-taxable","19":"product-type-simple"},"aioseo_notices":[],"uagb_featured_image_src":{"full":["https:\/\/babypillowwholesale.com\/wp-content\/uploads\/2025\/03\/1511.jpg",1000,1000,false],"thumbnail":["https:\/\/babypillowwholesale.com\/wp-content\/uploads\/2025\/03\/1511-150x150.jpg",150,150,true],"medium":["https:\/\/babypillowwholesale.com\/wp-content\/uploads\/2025\/03\/1511-300x300.jpg",300,300,true],"medium_large":["https:\/\/babypillowwholesale.com\/wp-content\/uploads\/2025\/03\/1511-768x768.jpg",768,768,true],"large":["https:\/\/babypillowwholesale.com\/wp-content\/uploads\/2025\/03\/1511.jpg",1000,1000,false],"1536x1536":["https:\/\/babypillowwholesale.com\/wp-content\/uploads\/2025\/03\/1511.jpg",1000,1000,false],"2048x2048":["https:\/\/babypillowwholesale.com\/wp-content\/uploads\/2025\/03\/1511.jpg",1000,1000,false],"trp-custom-language-flag":["https:\/\/babypillowwholesale.com\/wp-content\/uploads\/2025\/03\/1511.jpg",12,12,false],"woocommerce_thumbnail":["https:\/\/babypillowwholesale.com\/wp-content\/uploads\/2025\/03\/1511-300x300.jpg",300,300,true],"woocommerce_single":["https:\/\/babypillowwholesale.com\/wp-content\/uploads\/2025\/03\/1511-600x600.jpg",600,600,true],"woocommerce_gallery_thumbnail":["https:\/\/babypillowwholesale.com\/wp-content\/uploads\/2025\/03\/1511-100x100.jpg",100,100,true]},"uagb_author_info":{"display_name":"Etnen zhong","author_link":"https:\/\/babypillowwholesale.com\/sv\/author\/"},"uagb_comment_info":0,"uagb_excerpt":"The Penguin Shaping Pillow is an irresistibly cute and practical product tailored for infants aged 0 to 6 months. Its design, modeled after an adorable penguin with a chubby body, flippers, and a sweet beak, is sure to win hearts at first sight. The central cut - out of the pillow is carefully engineered to&hellip;","jetpack_sharing_enabled":true,"_links":{"self":[{"href":"https:\/\/babypillowwholesale.com\/sv\/wp-json\/wp\/v2\/product\/3300","targetHints":{"allow":["GET"]}}],"collection":[{"href":"https:\/\/babypillowwholesale.com\/sv\/wp-json\/wp\/v2\/product"}],"about":[{"href":"https:\/\/babypillowwholesale.com\/sv\/wp-json\/wp\/v2\/types\/product"}],"replies":[{"embeddable":true,"href":"https:\/\/babypillowwholesale.com\/sv\/wp-json\/wp\/v2\/comments?post=3300"}],"wp:featuredmedia":[{"embeddable":true,"href":"https:\/\/babypillowwholesale.com\/sv\/wp-json\/wp\/v2\/media\/3301"}],"wp:attachment":[{"href":"https:\/\/babypillowwholesale.com\/sv\/wp-json\/wp\/v2\/media?parent=3300"}],"wp:term":[{"taxonomy":"product_brand","embeddable":true,"href":"https:\/\/babypillowwholesale.com\/sv\/wp-json\/wp\/v2\/product_brand?post=3300"},{"taxonomy":"product_cat","embeddable":true,"href":"https:\/\/babypillowwholesale.com\/sv\/wp-json\/wp\/v2\/product_cat?post=3300"},{"taxonomy":"product_tag","embeddable":true,"href":"https:\/\/babypillowwholesale.com\/sv\/wp-json\/wp\/v2\/product_tag?post=3300"}],"curies":[{"name":"wp","href":"https:\/\/api.w.org\/{rel}","templated":true}]}}