{"id":3297,"date":"2025-03-22T02:36:47","date_gmt":"2025-03-22T02:36:47","guid":{"rendered":"https:\/\/babypillowwholesale.com\/?post_type=product&#038;p=3297"},"modified":"2025-06-08T16:05:37","modified_gmt":"2025-06-08T16:05:37","slug":"snotty-elephant-shaping-pillow","status":"publish","type":"product","link":"https:\/\/babypillowwholesale.com\/sv\/product\/snotty-elephant-shaping-pillow\/","title":{"rendered":"Snotty Elephant formbar kudde"},"content":{"rendered":"<div class=\"auto-hide-last-sibling-br paragraph-qzbcQC paragraph-element br-paragraph-space\" data-immersive-translate-walked=\"8e61f2e7-6af2-46e5-9672-3b9e4f4033d9\" data-immersive-translate-paragraph=\"1\">\n<div class=\"auto-hide-last-sibling-br paragraph-qzbcQC paragraph-element br-paragraph-space\">Dyk in i en v\u00e4rld av komfort och s\u00f6tma med v\u00e5r Snotty Elephant Shaping Pillow, ett dr\u00f6mskt tillbeh\u00f6r som \u00e4r s\u00e4rskilt utformat f\u00f6r de allra minsta skatterna i \u00e5ldern 0 till 6 m\u00e5nader. Den f\u00f6rtrollande designen, inspirerad av den sn\u00e4lla Snotty-elefanten, har stora, h\u00e4ngande \u00f6ron och ett s\u00f6tt, minimalistiskt ansikte, vilket omedelbart ger ett st\u00e4nk av oceanisk charm till ditt barns barnkammare. Den h\u00e4r kudden har inte bara ett bed\u00e5rande utseende, den \u00e4r ocks\u00e5 ett kraftpaket av st\u00f6d. Den exakt konturerade centrala utsk\u00e4rningen ger en \u00f6m, lugnande omfamning av ditt barns k\u00e4nsliga huvud och leder det graci\u00f6st mot en perfekt form n\u00e4r det utforskar de f\u00f6rsta dagarnas underverk. Med m\u00e5tten 26,5*25*1,5 cm \u00e4r den otroligt m\u00e5ngsidig. Under de lugna eftermiddagarna hemma kan du placera den i barnets spj\u00e4ls\u00e4ng och se hur den f\u00f6rvandlar tuppluren till ett lugnt havs\u00e4ventyr. N\u00e4r ni \u00e4r ute p\u00e5 en familjeutflykt, oavsett om det \u00e4r en tur till stranden eller ett bes\u00f6k p\u00e5 akvariet, passar kudden perfekt i barnvagnen och ser till att ditt barn f\u00e5r en bekv\u00e4m resa omgiven av den snorkiga elefantens v\u00e4lbekanta charm. F\u00f6r\u00e4ldrarna \u00e4r f\u00f6rtjusta i den h\u00e4r kudden! \"Min bebis \u00e4lskar att krypa upp i kudden Snotty elephant. Den \u00e4r s\u00e5 mjuk och designen \u00e4r unik. Jag har ocks\u00e5 m\u00e4rkt att den \u00e4r bra f\u00f6r att bibeh\u00e5lla en bra huvudform\", s\u00e4ger en glad mamma. En pappa sa: \"Den har blivit ett m\u00e5ste f\u00f6r oss. Den \u00e4r l\u00e4tt att b\u00e4ra med sig och f\u00e4rgalternativen \u00e4r riktigt fina. V\u00e5r bebis verkar alltid s\u00e5 n\u00f6jd n\u00e4r han anv\u00e4nder den.\" Ocean Elephant Shaping Pillow finns i de charmiga nyanserna rosa och bl\u00e5tt och \u00e4r mer \u00e4n bara en babytillbeh\u00f6r; det \u00e4r en \u00e4lskad f\u00f6ljeslagare som lovar komfort, st\u00f6d och en hel del oceanisk charm under ditt barns v\u00e4rdefulla f\u00f6rsta m\u00e5nader.<\/div>\n<\/div>","protected":false},"excerpt":{"rendered":"<p>Snotty Elephant Shaping Pillow \u00e4r ett tilltalande och praktiskt val f\u00f6r sp\u00e4dbarn i \u00e5ldern 0 till 6 m\u00e5nader. Dess design, som \u00e4r modellerad efter en elefant med havstema, stora \u00f6ron och ett enkelt, s\u00f6tt ansikte, \u00e4r i\u00f6gonfallande. Kuddens centrala utsk\u00e4rning \u00e4r omsorgsfullt formad f\u00f6r att ge ett mjukt st\u00f6d \u00e5t barnets huvud, vilket bidrar till att bibeh\u00e5lla en korrekt huvudform under barnets tidiga utveckling. M\u00e5tt 26,5*<em>25*<\/em>1,5 cm, passar den bra i spj\u00e4ls\u00e4ngar, barnvagnar eller n\u00e4r barnet kopplar av p\u00e5 en lekmatta. Den finns i rosa och bl\u00e5tt och ger f\u00f6r\u00e4ldrar m\u00f6jlighet att v\u00e4lja en f\u00e4rg som passar deras smak eller inredning, och kombinerar b\u00e5de charm och funktionalitet f\u00f6r barnomsorg.<\/p>","protected":false},"featured_media":3298,"comment_status":"open","ping_status":"closed","template":"","meta":{"_uag_custom_page_level_css":"","site-sidebar-layout":"default","site-content-layout":"","ast-site-content-layout":"default","site-content-style":"default","site-sidebar-style":"default","ast-global-header-display":"","ast-banner-title-visibility":"","ast-main-header-display":"","ast-hfb-above-header-display":"","ast-hfb-below-header-display":"","ast-hfb-mobile-header-display":"","site-post-title":"","ast-breadcrumbs-content":"","ast-featured-img":"","footer-sml-layout":"","ast-disable-related-posts":"","theme-transparent-header-meta":"default","adv-header-id-meta":"","stick-header-meta":"","header-above-stick-meta":"","header-main-stick-meta":"","header-below-stick-meta":"","astra-migrate-meta-layouts":"set","ast-page-background-enabled":"default","ast-page-background-meta":{"desktop":{"background-color":"","background-image":"","background-repeat":"repeat","background-position":"center center","background-size":"auto","background-attachment":"scroll","background-type":"","background-media":"","overlay-type":"","overlay-color":"","overlay-opacity":"","overlay-gradient":""},"tablet":{"background-color":"","background-image":"","background-repeat":"repeat","background-position":"center center","background-size":"auto","background-attachment":"scroll","background-type":"","background-media":"","overlay-type":"","overlay-color":"","overlay-opacity":"","overlay-gradient":""},"mobile":{"background-color":"","background-image":"","background-repeat":"repeat","background-position":"center center","background-size":"auto","background-attachment":"scroll","background-type":"","background-media":"","overlay-type":"","overlay-color":"","overlay-opacity":"","overlay-gradient":""}},"ast-content-background-meta":{"desktop":{"background-color":"var(--ast-global-color-5)","background-image":"","background-repeat":"repeat","background-position":"center center","background-size":"auto","background-attachment":"scroll","background-type":"","background-media":"","overlay-type":"","overlay-color":"","overlay-opacity":"","overlay-gradient":""},"tablet":{"background-color":"var(--ast-global-color-5)","background-image":"","background-repeat":"repeat","background-position":"center center","background-size":"auto","background-attachment":"scroll","background-type":"","background-media":"","overlay-type":"","overlay-color":"","overlay-opacity":"","overlay-gradient":""},"mobile":{"background-color":"var(--ast-global-color-5)","background-image":"","background-repeat":"repeat","background-position":"center center","background-size":"auto","background-attachment":"scroll","background-type":"","background-media":"","overlay-type":"","overlay-color":"","overlay-opacity":"","overlay-gradient":""}}},"product_brand":[],"product_cat":[54,42],"product_tag":[70,68,71,69],"class_list":{"0":"post-3297","1":"product","2":"type-product","3":"status-publish","4":"has-post-thumbnail","6":"product_cat-0-to-6months","7":"product_cat-merchandise","8":"product_tag-babypillow","9":"product_tag-cuteanimalpillow","10":"product_tag-headshapesupport","11":"product_tag-kouniushapingpillow","12":"desktop-align-left","13":"tablet-align-left","14":"mobile-align-left","16":"first","17":"instock","18":"shipping-taxable","19":"product-type-simple"},"aioseo_notices":[],"uagb_featured_image_src":{"full":["https:\/\/babypillowwholesale.com\/wp-content\/uploads\/2025\/03\/1510.jpg",1000,1000,false],"thumbnail":["https:\/\/babypillowwholesale.com\/wp-content\/uploads\/2025\/03\/1510-150x150.jpg",150,150,true],"medium":["https:\/\/babypillowwholesale.com\/wp-content\/uploads\/2025\/03\/1510-300x300.jpg",300,300,true],"medium_large":["https:\/\/babypillowwholesale.com\/wp-content\/uploads\/2025\/03\/1510-768x768.jpg",768,768,true],"large":["https:\/\/babypillowwholesale.com\/wp-content\/uploads\/2025\/03\/1510.jpg",1000,1000,false],"1536x1536":["https:\/\/babypillowwholesale.com\/wp-content\/uploads\/2025\/03\/1510.jpg",1000,1000,false],"2048x2048":["https:\/\/babypillowwholesale.com\/wp-content\/uploads\/2025\/03\/1510.jpg",1000,1000,false],"trp-custom-language-flag":["https:\/\/babypillowwholesale.com\/wp-content\/uploads\/2025\/03\/1510.jpg",12,12,false],"woocommerce_thumbnail":["https:\/\/babypillowwholesale.com\/wp-content\/uploads\/2025\/03\/1510-300x300.jpg",300,300,true],"woocommerce_single":["https:\/\/babypillowwholesale.com\/wp-content\/uploads\/2025\/03\/1510-600x600.jpg",600,600,true],"woocommerce_gallery_thumbnail":["https:\/\/babypillowwholesale.com\/wp-content\/uploads\/2025\/03\/1510-100x100.jpg",100,100,true]},"uagb_author_info":{"display_name":"Etnen zhong","author_link":"https:\/\/babypillowwholesale.com\/sv\/author\/"},"uagb_comment_info":1,"uagb_excerpt":"The Snotty Elephant Shaping Pillow is an appealing and practical choice for infants aged 0 to 6 months. Its design, modeled after an ocean - themed elephant with large ears and a simple, cute face, is eye - catching. The central cut - out of the pillow is carefully shaped to provide gentle support for&hellip;","jetpack_sharing_enabled":true,"_links":{"self":[{"href":"https:\/\/babypillowwholesale.com\/sv\/wp-json\/wp\/v2\/product\/3297","targetHints":{"allow":["GET"]}}],"collection":[{"href":"https:\/\/babypillowwholesale.com\/sv\/wp-json\/wp\/v2\/product"}],"about":[{"href":"https:\/\/babypillowwholesale.com\/sv\/wp-json\/wp\/v2\/types\/product"}],"replies":[{"embeddable":true,"href":"https:\/\/babypillowwholesale.com\/sv\/wp-json\/wp\/v2\/comments?post=3297"}],"wp:featuredmedia":[{"embeddable":true,"href":"https:\/\/babypillowwholesale.com\/sv\/wp-json\/wp\/v2\/media\/3298"}],"wp:attachment":[{"href":"https:\/\/babypillowwholesale.com\/sv\/wp-json\/wp\/v2\/media?parent=3297"}],"wp:term":[{"taxonomy":"product_brand","embeddable":true,"href":"https:\/\/babypillowwholesale.com\/sv\/wp-json\/wp\/v2\/product_brand?post=3297"},{"taxonomy":"product_cat","embeddable":true,"href":"https:\/\/babypillowwholesale.com\/sv\/wp-json\/wp\/v2\/product_cat?post=3297"},{"taxonomy":"product_tag","embeddable":true,"href":"https:\/\/babypillowwholesale.com\/sv\/wp-json\/wp\/v2\/product_tag?post=3297"}],"curies":[{"name":"wp","href":"https:\/\/api.w.org\/{rel}","templated":true}]}}