{"id":3291,"date":"2025-03-22T01:54:48","date_gmt":"2025-03-22T01:54:48","guid":{"rendered":"https:\/\/babypillowwholesale.com\/?post_type=product&#038;p=3291"},"modified":"2025-06-08T16:08:25","modified_gmt":"2025-06-08T16:08:25","slug":"kitten-shaping-pillow","status":"publish","type":"product","link":"https:\/\/babypillowwholesale.com\/sv\/product\/kitten-shaping-pillow\/","title":{"rendered":"Kudde f\u00f6r formning av kattungar"},"content":{"rendered":"<div class=\"auto-hide-last-sibling-br paragraph-qzbcQC paragraph-element br-paragraph-space\" data-immersive-translate-walked=\"8e61f2e7-6af2-46e5-9672-3b9e4f4033d9\" data-immersive-translate-paragraph=\"1\">\n<div class=\"auto-hide-last-sibling-br paragraph-qzbcQC paragraph-element br-paragraph-space\">V\u00e4lkommen till den helt f\u00f6rtrollande Kitten Shaping Pillow, en oas av komfort skr\u00e4ddarsydd f\u00f6r de minsta gl\u00e4dje\u00e4mnena i \u00e5ldern 0 till 6 m\u00e5nader. Dess design, inspirerad av en bed\u00e5rande kattunge med pigga \u00f6ron och ett s\u00f6tt, \u00e4lskv\u00e4rt uttryck, \u00e4r en visuell njutning som ger en touch av kattcharm till ditt barns v\u00e4rld. Den h\u00e4r kudden \u00e4r inte bara en fr\u00f6jd f\u00f6r \u00f6gat, den \u00e4r ocks\u00e5 ett m\u00e4sterverk av funktionalitet. Den strategiskt placerade centrala utsk\u00e4rningen ger en mild, ergonomisk omfamning av ditt barns k\u00e4nsliga huvud och leder det elegant mot en perfekt form n\u00e4r de upplever magin under sina f\u00f6rsta dagar. Med m\u00e5tten 26,5*25*1,5 cm \u00e4r det en m\u00e5ngsidig f\u00f6ljeslagare f\u00f6r olika milj\u00f6er. Under de lata morgnarna hemma kan du placera den i barnets spj\u00e4ls\u00e4ng och se hur den f\u00f6rvandlar utrymmet till en mysig oas med kattunge-tema och vaggar in ditt barn i en fridfull s\u00f6mn. N\u00e4r ni \u00e4r ute p\u00e5 ett familje\u00e4ventyr, oavsett om det \u00e4r en tur till akvariet eller ett bes\u00f6k hos mor- eller farf\u00f6r\u00e4ldrarna, passar kudden perfekt i barnvagnen och ser till att barnet har det bekv\u00e4mt under hela resan. F\u00f6r\u00e4ldrarna \u00e4r \u00f6verlyckliga \u00f6ver den h\u00e4r kudden! En mamma sa: \"Min bebis lyser upp n\u00e4r han ser kattungekudden. Den \u00e4r supermjuk och designen \u00e4r alldeles f\u00f6r s\u00f6t. Dessutom har den varit bra f\u00f6r att h\u00e5lla huvudet i en bra position.\" En pappa tillade: \"Jag \u00e4lskar hur l\u00e4tt den \u00e4r att b\u00e4ra med sig. De olika f\u00e4rgalternativen \u00e4r ett stort plus. Den har blivit en viktig del av v\u00e5r bebis dagliga rutin.\" Kitten Shaping Pillow finns i de charmiga f\u00e4rgerna rosa, bl\u00e5 och m\u00f6rkgr\u00f6n och \u00e4r mer \u00e4n bara en babytillbeh\u00f6r; det \u00e4r en \u00e4lskad f\u00f6ljeslagare som lovar komfort, st\u00f6d och en hel del s\u00f6tma under ditt barns v\u00e4rdefulla f\u00f6rsta m\u00e5nader.<\/div>\n<\/div>","protected":false},"excerpt":{"rendered":"<p>Kitten Shaping Pillow \u00e4r en charmig och funktionell produkt som \u00e4r utformad f\u00f6r sp\u00e4dbarn i \u00e5ldern 0 till 6 m\u00e5nader. Den s\u00f6ta kattungeinspirerade designen, med pigga \u00f6ron och ett s\u00f6tt ansiktsuttryck, \u00e4r visuellt tilltalande och kommer s\u00e4kert att f\u00e5nga b\u00e5de f\u00f6r\u00e4ldrarnas och barnens hj\u00e4rtan. Kuddens centrala utsk\u00e4rning ger ett mjukt och ergonomiskt st\u00f6d f\u00f6r barnets huvud, vilket bidrar till att bibeh\u00e5lla en korrekt huvudform under det viktiga tidiga utvecklingsstadiet. M\u00e5tt 26,5*<em>25*<\/em>1.5CM, passar den bekv\u00e4mt i spj\u00e4ls\u00e4ngar, barnvagnar eller bilbarnstolar och erbjuder en mysig viloplats f\u00f6r din lilla var de \u00e4n \u00e4r. Den finns i rosa, bl\u00e5tt och m\u00f6rkgr\u00f6nt och ger f\u00f6r\u00e4ldrar m\u00f6jlighet att v\u00e4lja en f\u00e4rg som matchar deras preferenser eller inredning i barnkammaren, och kombinerar s\u00f6tma och funktionalitet f\u00f6r att f\u00f6rb\u00e4ttra barnomsorgen.<\/p>","protected":false},"featured_media":3292,"comment_status":"open","ping_status":"closed","template":"","meta":{"_uag_custom_page_level_css":"","site-sidebar-layout":"default","site-content-layout":"","ast-site-content-layout":"default","site-content-style":"default","site-sidebar-style":"default","ast-global-header-display":"","ast-banner-title-visibility":"","ast-main-header-display":"","ast-hfb-above-header-display":"","ast-hfb-below-header-display":"","ast-hfb-mobile-header-display":"","site-post-title":"","ast-breadcrumbs-content":"","ast-featured-img":"","footer-sml-layout":"","ast-disable-related-posts":"","theme-transparent-header-meta":"default","adv-header-id-meta":"","stick-header-meta":"","header-above-stick-meta":"","header-main-stick-meta":"","header-below-stick-meta":"","astra-migrate-meta-layouts":"set","ast-page-background-enabled":"default","ast-page-background-meta":{"desktop":{"background-color":"","background-image":"","background-repeat":"repeat","background-position":"center center","background-size":"auto","background-attachment":"scroll","background-type":"","background-media":"","overlay-type":"","overlay-color":"","overlay-opacity":"","overlay-gradient":""},"tablet":{"background-color":"","background-image":"","background-repeat":"repeat","background-position":"center center","background-size":"auto","background-attachment":"scroll","background-type":"","background-media":"","overlay-type":"","overlay-color":"","overlay-opacity":"","overlay-gradient":""},"mobile":{"background-color":"","background-image":"","background-repeat":"repeat","background-position":"center center","background-size":"auto","background-attachment":"scroll","background-type":"","background-media":"","overlay-type":"","overlay-color":"","overlay-opacity":"","overlay-gradient":""}},"ast-content-background-meta":{"desktop":{"background-color":"var(--ast-global-color-5)","background-image":"","background-repeat":"repeat","background-position":"center center","background-size":"auto","background-attachment":"scroll","background-type":"","background-media":"","overlay-type":"","overlay-color":"","overlay-opacity":"","overlay-gradient":""},"tablet":{"background-color":"var(--ast-global-color-5)","background-image":"","background-repeat":"repeat","background-position":"center center","background-size":"auto","background-attachment":"scroll","background-type":"","background-media":"","overlay-type":"","overlay-color":"","overlay-opacity":"","overlay-gradient":""},"mobile":{"background-color":"var(--ast-global-color-5)","background-image":"","background-repeat":"repeat","background-position":"center center","background-size":"auto","background-attachment":"scroll","background-type":"","background-media":"","overlay-type":"","overlay-color":"","overlay-opacity":"","overlay-gradient":""}}},"product_brand":[],"product_cat":[54,42],"product_tag":[70,68,71,69],"class_list":{"0":"post-3291","1":"product","2":"type-product","3":"status-publish","4":"has-post-thumbnail","6":"product_cat-0-to-6months","7":"product_cat-merchandise","8":"product_tag-babypillow","9":"product_tag-cuteanimalpillow","10":"product_tag-headshapesupport","11":"product_tag-kouniushapingpillow","12":"desktop-align-left","13":"tablet-align-left","14":"mobile-align-left","16":"first","17":"instock","18":"shipping-taxable","19":"product-type-simple"},"aioseo_notices":[],"uagb_featured_image_src":{"full":["https:\/\/babypillowwholesale.com\/wp-content\/uploads\/2025\/03\/1509.jpg",1000,1000,false],"thumbnail":["https:\/\/babypillowwholesale.com\/wp-content\/uploads\/2025\/03\/1509-150x150.jpg",150,150,true],"medium":["https:\/\/babypillowwholesale.com\/wp-content\/uploads\/2025\/03\/1509-300x300.jpg",300,300,true],"medium_large":["https:\/\/babypillowwholesale.com\/wp-content\/uploads\/2025\/03\/1509-768x768.jpg",768,768,true],"large":["https:\/\/babypillowwholesale.com\/wp-content\/uploads\/2025\/03\/1509.jpg",1000,1000,false],"1536x1536":["https:\/\/babypillowwholesale.com\/wp-content\/uploads\/2025\/03\/1509.jpg",1000,1000,false],"2048x2048":["https:\/\/babypillowwholesale.com\/wp-content\/uploads\/2025\/03\/1509.jpg",1000,1000,false],"trp-custom-language-flag":["https:\/\/babypillowwholesale.com\/wp-content\/uploads\/2025\/03\/1509.jpg",12,12,false],"woocommerce_thumbnail":["https:\/\/babypillowwholesale.com\/wp-content\/uploads\/2025\/03\/1509-300x300.jpg",300,300,true],"woocommerce_single":["https:\/\/babypillowwholesale.com\/wp-content\/uploads\/2025\/03\/1509-600x600.jpg",600,600,true],"woocommerce_gallery_thumbnail":["https:\/\/babypillowwholesale.com\/wp-content\/uploads\/2025\/03\/1509-100x100.jpg",100,100,true]},"uagb_author_info":{"display_name":"Etnen zhong","author_link":"https:\/\/babypillowwholesale.com\/sv\/author\/"},"uagb_comment_info":0,"uagb_excerpt":"The Kitten Shaping Pillow is a charming and functional product designed for infants aged 0 to 6 months. Its cute kitten - inspired design, with perky ears and a sweet - faced expression, is visually appealing and sure to capture the hearts of both parents and babies. The central cut - out of the pillow&hellip;","jetpack_sharing_enabled":true,"_links":{"self":[{"href":"https:\/\/babypillowwholesale.com\/sv\/wp-json\/wp\/v2\/product\/3291","targetHints":{"allow":["GET"]}}],"collection":[{"href":"https:\/\/babypillowwholesale.com\/sv\/wp-json\/wp\/v2\/product"}],"about":[{"href":"https:\/\/babypillowwholesale.com\/sv\/wp-json\/wp\/v2\/types\/product"}],"replies":[{"embeddable":true,"href":"https:\/\/babypillowwholesale.com\/sv\/wp-json\/wp\/v2\/comments?post=3291"}],"wp:featuredmedia":[{"embeddable":true,"href":"https:\/\/babypillowwholesale.com\/sv\/wp-json\/wp\/v2\/media\/3292"}],"wp:attachment":[{"href":"https:\/\/babypillowwholesale.com\/sv\/wp-json\/wp\/v2\/media?parent=3291"}],"wp:term":[{"taxonomy":"product_brand","embeddable":true,"href":"https:\/\/babypillowwholesale.com\/sv\/wp-json\/wp\/v2\/product_brand?post=3291"},{"taxonomy":"product_cat","embeddable":true,"href":"https:\/\/babypillowwholesale.com\/sv\/wp-json\/wp\/v2\/product_cat?post=3291"},{"taxonomy":"product_tag","embeddable":true,"href":"https:\/\/babypillowwholesale.com\/sv\/wp-json\/wp\/v2\/product_tag?post=3291"}],"curies":[{"name":"wp","href":"https:\/\/api.w.org\/{rel}","templated":true}]}}