{"id":3286,"date":"2025-03-18T15:34:57","date_gmt":"2025-03-18T15:34:57","guid":{"rendered":"https:\/\/babypillowwholesale.com\/?post_type=product&#038;p=3286"},"modified":"2025-06-08T16:11:21","modified_gmt":"2025-06-08T16:11:21","slug":"monster-shaping-pillow","status":"publish","type":"product","link":"https:\/\/babypillowwholesale.com\/sv\/product\/monster-shaping-pillow\/","title":{"rendered":"Kudde f\u00f6r monsterformning"},"content":{"rendered":"<div class=\"auto-hide-last-sibling-br paragraph-qzbcQC paragraph-element br-paragraph-space\" data-immersive-translate-walked=\"8e61f2e7-6af2-46e5-9672-3b9e4f4033d9\" data-immersive-translate-paragraph=\"1\">\n<div class=\"auto-hide-last-sibling-br paragraph-qzbcQC paragraph-element br-paragraph-space\">Kliv in i en v\u00e4rld av infall och komfort med v\u00e5r Monster Shaping Pillow, en absolut n\u00f6dv\u00e4ndighet f\u00f6r de minsta \u00e4ventyrarna i \u00e5ldern 0 till 6 m\u00e5nader. Dess \u00e4lskv\u00e4rda monsterinspirerade design, med stora, nyfikna runda \u00f6gon, en s\u00f6t liten n\u00e4sa och pigga \u00f6ron, \u00e4r ett lekfullt till\u00e4gg som omedelbart lyser upp alla barnrum. Den h\u00e4r kudden \u00e4r inte bara vacker att titta p\u00e5, den \u00e4r ocks\u00e5 en oas av st\u00f6d. Den noggrant konturerade centrala utsk\u00e4rningen erbjuder en mild, lugnande omfamning av ditt barns k\u00e4nsliga huvud och leder det graci\u00f6st mot en perfekt form n\u00e4r de utforskar de f\u00f6rsta dagarna i sitt liv. Med m\u00e5tten 26,5*25*1,5 cm \u00e4r den otroligt m\u00e5ngsidig. Under de lata s\u00f6ndagseftermiddagarna hemma kan du placera den i barnets spj\u00e4ls\u00e4ng och se hur den f\u00f6rvandlar tuppluren till en mysig, dr\u00f6mfylld upplevelse. N\u00e4r ni \u00e4r ute p\u00e5 en familjeutflykt, oavsett om det \u00e4r en tur till djurparken eller en picknick i parken, passar kudden perfekt i barnvagnen och ser till att ditt barn f\u00e5r en bekv\u00e4m resa. F\u00f6r\u00e4ldrarna \u00e4r lyriska \u00f6ver den h\u00e4r underbara kudden! En mamma s\u00e4ger: \"Min bebis \u00e4r helt besatt av den h\u00e4r monsterkudden. Den \u00e4r s\u00e5 mjuk och designen f\u00e5r dem alltid att fnissa. Dessutom har den varit bra f\u00f6r att h\u00e5lla huvudet i en bra position.\" En pappa sa: \"Jag \u00e4lskar hur l\u00e4tt den \u00e4r att b\u00e4ra med sig. Den har blivit en stapelvara p\u00e5 v\u00e5ra resor, och f\u00e4rgalternativen \u00e4r riktigt fina. Rekommenderar den varmt till andra f\u00f6r\u00e4ldrar.\" Monster Shaping Pillow finns i de charmiga rosa och bl\u00e5 nyanserna och \u00e4r mer \u00e4n bara en babytillbeh\u00f6r; det \u00e4r en \u00e4lskad f\u00f6ljeslagare som lovar komfort, st\u00f6d och en hel del kul under ditt barns v\u00e4rdefulla f\u00f6rsta dagar.<\/div>\n<\/div>","protected":false},"excerpt":{"rendered":"<p>Monster Shaping Pillow \u00e4r en engagerande och praktisk produkt som \u00e4r utformad f\u00f6r sp\u00e4dbarn i \u00e5ldern 0 till 6 m\u00e5nader. Dess s\u00f6ta monsterutseende med runda \u00f6gon, liten n\u00e4sa och sm\u00e5 \u00f6ron g\u00f6r den visuellt intressant. Kuddens unika centrala utsk\u00e4rning ger ett mjukt st\u00f6d f\u00f6r barnets huvud, vilket bidrar till att bibeh\u00e5lla en korrekt huvudform under den tidiga tillv\u00e4xten. M\u00e5tt 26,5<em>25<\/em>1,5 cm \u00e4r den l\u00e4mplig f\u00f6r anv\u00e4ndning i spj\u00e4ls\u00e4ngar, barnvagnar eller n\u00e4r barnet ligger p\u00e5 en lekmatta. Den finns i rosa och bl\u00e5tt och ger f\u00f6r\u00e4ldrar m\u00f6jlighet att v\u00e4lja en f\u00e4rg som passar deras preferenser eller inredning i barnkammaren, och kombinerar b\u00e5de kul och funktionalitet f\u00f6r barnomsorg.<\/p>","protected":false},"featured_media":3287,"comment_status":"open","ping_status":"closed","template":"","meta":{"_uag_custom_page_level_css":"","site-sidebar-layout":"default","site-content-layout":"","ast-site-content-layout":"default","site-content-style":"default","site-sidebar-style":"default","ast-global-header-display":"","ast-banner-title-visibility":"","ast-main-header-display":"","ast-hfb-above-header-display":"","ast-hfb-below-header-display":"","ast-hfb-mobile-header-display":"","site-post-title":"","ast-breadcrumbs-content":"","ast-featured-img":"","footer-sml-layout":"","ast-disable-related-posts":"","theme-transparent-header-meta":"default","adv-header-id-meta":"","stick-header-meta":"","header-above-stick-meta":"","header-main-stick-meta":"","header-below-stick-meta":"","astra-migrate-meta-layouts":"set","ast-page-background-enabled":"default","ast-page-background-meta":{"desktop":{"background-color":"","background-image":"","background-repeat":"repeat","background-position":"center center","background-size":"auto","background-attachment":"scroll","background-type":"","background-media":"","overlay-type":"","overlay-color":"","overlay-opacity":"","overlay-gradient":""},"tablet":{"background-color":"","background-image":"","background-repeat":"repeat","background-position":"center center","background-size":"auto","background-attachment":"scroll","background-type":"","background-media":"","overlay-type":"","overlay-color":"","overlay-opacity":"","overlay-gradient":""},"mobile":{"background-color":"","background-image":"","background-repeat":"repeat","background-position":"center center","background-size":"auto","background-attachment":"scroll","background-type":"","background-media":"","overlay-type":"","overlay-color":"","overlay-opacity":"","overlay-gradient":""}},"ast-content-background-meta":{"desktop":{"background-color":"var(--ast-global-color-5)","background-image":"","background-repeat":"repeat","background-position":"center center","background-size":"auto","background-attachment":"scroll","background-type":"","background-media":"","overlay-type":"","overlay-color":"","overlay-opacity":"","overlay-gradient":""},"tablet":{"background-color":"var(--ast-global-color-5)","background-image":"","background-repeat":"repeat","background-position":"center center","background-size":"auto","background-attachment":"scroll","background-type":"","background-media":"","overlay-type":"","overlay-color":"","overlay-opacity":"","overlay-gradient":""},"mobile":{"background-color":"var(--ast-global-color-5)","background-image":"","background-repeat":"repeat","background-position":"center center","background-size":"auto","background-attachment":"scroll","background-type":"","background-media":"","overlay-type":"","overlay-color":"","overlay-opacity":"","overlay-gradient":""}}},"product_brand":[],"product_cat":[54,42],"product_tag":[70,68,71,69],"class_list":{"0":"post-3286","1":"product","2":"type-product","3":"status-publish","4":"has-post-thumbnail","6":"product_cat-0-to-6months","7":"product_cat-merchandise","8":"product_tag-babypillow","9":"product_tag-cuteanimalpillow","10":"product_tag-headshapesupport","11":"product_tag-kouniushapingpillow","12":"desktop-align-left","13":"tablet-align-left","14":"mobile-align-left","16":"first","17":"instock","18":"shipping-taxable","19":"product-type-simple"},"aioseo_notices":[],"uagb_featured_image_src":{"full":["https:\/\/babypillowwholesale.com\/wp-content\/uploads\/2025\/03\/1507.jpg",1000,1000,false],"thumbnail":["https:\/\/babypillowwholesale.com\/wp-content\/uploads\/2025\/03\/1507-150x150.jpg",150,150,true],"medium":["https:\/\/babypillowwholesale.com\/wp-content\/uploads\/2025\/03\/1507-300x300.jpg",300,300,true],"medium_large":["https:\/\/babypillowwholesale.com\/wp-content\/uploads\/2025\/03\/1507-768x768.jpg",768,768,true],"large":["https:\/\/babypillowwholesale.com\/wp-content\/uploads\/2025\/03\/1507.jpg",1000,1000,false],"1536x1536":["https:\/\/babypillowwholesale.com\/wp-content\/uploads\/2025\/03\/1507.jpg",1000,1000,false],"2048x2048":["https:\/\/babypillowwholesale.com\/wp-content\/uploads\/2025\/03\/1507.jpg",1000,1000,false],"trp-custom-language-flag":["https:\/\/babypillowwholesale.com\/wp-content\/uploads\/2025\/03\/1507.jpg",12,12,false],"woocommerce_thumbnail":["https:\/\/babypillowwholesale.com\/wp-content\/uploads\/2025\/03\/1507-300x300.jpg",300,300,true],"woocommerce_single":["https:\/\/babypillowwholesale.com\/wp-content\/uploads\/2025\/03\/1507-600x600.jpg",600,600,true],"woocommerce_gallery_thumbnail":["https:\/\/babypillowwholesale.com\/wp-content\/uploads\/2025\/03\/1507-100x100.jpg",100,100,true]},"uagb_author_info":{"display_name":"Etnen zhong","author_link":"https:\/\/babypillowwholesale.com\/sv\/author\/"},"uagb_comment_info":0,"uagb_excerpt":"The Monster Shaping Pillow is an engaging and practical product designed for infants aged 0 to 6 months. Its cute monster - themed appearance, with round eyes, a small nose, and little ears, makes it visually interesting. The unique central cut - out of the pillow provides gentle support for a baby's head, helping to&hellip;","jetpack_sharing_enabled":true,"_links":{"self":[{"href":"https:\/\/babypillowwholesale.com\/sv\/wp-json\/wp\/v2\/product\/3286","targetHints":{"allow":["GET"]}}],"collection":[{"href":"https:\/\/babypillowwholesale.com\/sv\/wp-json\/wp\/v2\/product"}],"about":[{"href":"https:\/\/babypillowwholesale.com\/sv\/wp-json\/wp\/v2\/types\/product"}],"replies":[{"embeddable":true,"href":"https:\/\/babypillowwholesale.com\/sv\/wp-json\/wp\/v2\/comments?post=3286"}],"wp:featuredmedia":[{"embeddable":true,"href":"https:\/\/babypillowwholesale.com\/sv\/wp-json\/wp\/v2\/media\/3287"}],"wp:attachment":[{"href":"https:\/\/babypillowwholesale.com\/sv\/wp-json\/wp\/v2\/media?parent=3286"}],"wp:term":[{"taxonomy":"product_brand","embeddable":true,"href":"https:\/\/babypillowwholesale.com\/sv\/wp-json\/wp\/v2\/product_brand?post=3286"},{"taxonomy":"product_cat","embeddable":true,"href":"https:\/\/babypillowwholesale.com\/sv\/wp-json\/wp\/v2\/product_cat?post=3286"},{"taxonomy":"product_tag","embeddable":true,"href":"https:\/\/babypillowwholesale.com\/sv\/wp-json\/wp\/v2\/product_tag?post=3286"}],"curies":[{"name":"wp","href":"https:\/\/api.w.org\/{rel}","templated":true}]}}