{"id":3273,"date":"2025-03-18T07:02:19","date_gmt":"2025-03-18T07:02:19","guid":{"rendered":"https:\/\/babypillowwholesale.com\/?post_type=product&#038;p=3273"},"modified":"2025-06-08T16:12:27","modified_gmt":"2025-06-08T16:12:27","slug":"adorable-bunny-shaping-pillow","status":"publish","type":"product","link":"https:\/\/babypillowwholesale.com\/sv\/product\/adorable-bunny-shaping-pillow\/","title":{"rendered":"Formbar kudde med s\u00f6t kanin"},"content":{"rendered":"<div class=\"auto-hide-last-sibling-br paragraph-qzbcQC paragraph-element br-paragraph-space\" data-immersive-translate-walked=\"8e61f2e7-6af2-46e5-9672-3b9e4f4033d9\" data-immersive-translate-paragraph=\"1\">\n<div class=\"auto-hide-last-sibling-br paragraph-qzbcQC paragraph-element br-paragraph-space\">Sk\u00e4m bort ditt lilla barn i kn\u00e4t med v\u00e5r Adorable Bunny Shaping Pillow, ett m\u00e5ste f\u00f6r sp\u00e4dbarn i \u00e5ldern 0 till 6 m\u00e5nader. Kudden \u00e4r utformad f\u00f6r att efterlikna en kanin, komplett med h\u00e4ngande \u00f6ron och ett lugnt uttryck med halvt slutna \u00f6gon, och \u00e4r ett visuellt m\u00e4sterverk som ger en touch av sagoaktig charm till alla barnkammare. Den h\u00e4r kudden \u00e4r en f\u00f6rebild i fr\u00e5ga om funktionalitet. Den strategiskt placerade centrala utsk\u00e4rningen ger ett mjukt, vaggande st\u00f6d till ditt barns k\u00e4nsliga huvud och leder det elegant mot en perfekt form n\u00e4r det upplever de f\u00f6rsta m\u00e5nadernas underverk. Med en storlek p\u00e5 26,5*25*1,5 cm \u00e4r den otroligt m\u00e5ngsidig. Oavsett om den ligger i spj\u00e4ls\u00e4ngens mjuka famn och f\u00f6rvandlar tuppluren till en dr\u00f6mlik tillflyktsort, eller om den placeras i barnvagnen f\u00f6r en luftig promenad l\u00e4ngs stranden, ser den h\u00e4r kudden till att ditt lilla gl\u00e4dje\u00e4mne alltid har det bekv\u00e4mt. Den passar ocks\u00e5 perfekt i bilbarnstolar, s\u00e5 att l\u00e5nga bilresor blir en lugn historia f\u00f6r ditt barn. F\u00f6r\u00e4ldrarna \u00e4r f\u00f6r\u00e4lskade i den h\u00e4r kudden! \"S\u00e5 fort jag placerade den h\u00e4r Adorable Bunny Shaping Pillow i mitt barns spj\u00e4ls\u00e4ng visste jag att det var en vinnare. Den \u00e4r inte bara supermjuk utan har ocks\u00e5 gjort en m\u00e4rkbar skillnad i min babys huvudform\", utbrast en lycklig mamma. En pappa sa: \"Jag tar med mig den \u00f6verallt. De olika f\u00e4rgalternativen \u00e4r fantastiska, och kanindesignen f\u00e5r alltid min bebis att le. Det \u00e4r ett absolut m\u00e5ste f\u00f6r nyblivna f\u00f6r\u00e4ldrar.\" Adorable Bunny Shaping Pillow finns i de charmiga f\u00e4rgerna rosa, bl\u00e5tt och m\u00f6rkgr\u00f6nt och \u00e4r mer \u00e4n bara en babyaccessoar; det \u00e4r en \u00e4lskad f\u00f6ljeslagare som lovar komfort, st\u00f6d och en hel del gullighet under ditt barns f\u00f6rsta dagar.<\/div>\n<\/div>","protected":false},"excerpt":{"rendered":"<p>Adorable Bunny Shaping Pillow \u00e4r en underbar produkt som \u00e4r skr\u00e4ddarsydd f\u00f6r sp\u00e4dbarn i \u00e5ldern 0 till 6 m\u00e5nader. Dess design, som \u00e4r modellerad efter en bed\u00e5rande kanin med l\u00e5nga \u00f6ron och ett s\u00f6tt, s\u00f6mnigt \u00f6gonuttryck, \u00e4r visuellt tilltalande och kommer s\u00e4kert att charma b\u00e5de f\u00f6r\u00e4ldrar och barn. Kuddens centrala utsk\u00e4rning \u00e4r ergonomiskt utformad f\u00f6r att f\u00f6rsiktigt st\u00f6dja barnets huvud, vilket bidrar till att bibeh\u00e5lla en korrekt huvudform under den kritiska tidiga utvecklingsperioden. M\u00e5tt 26,5*<em>25*<\/em>1,5 cm passar den bekv\u00e4mt i spj\u00e4ls\u00e4ngar, barnvagnar eller bilbarnstolar och ger en mysig viloplats var ditt barn \u00e4n befinner sig. Med f\u00e4rgalternativ i rosa, bl\u00e5tt och m\u00f6rkgr\u00f6nt kan f\u00f6r\u00e4ldrar v\u00e4lja en nyans som passar deras preferenser eller inredning i barnkammaren, och kombinera s\u00f6tma och funktionalitet f\u00f6r optimal babyv\u00e5rd.<\/p>","protected":false},"featured_media":3285,"comment_status":"open","ping_status":"closed","template":"","meta":{"_uag_custom_page_level_css":"","site-sidebar-layout":"default","site-content-layout":"","ast-site-content-layout":"default","site-content-style":"default","site-sidebar-style":"default","ast-global-header-display":"","ast-banner-title-visibility":"","ast-main-header-display":"","ast-hfb-above-header-display":"","ast-hfb-below-header-display":"","ast-hfb-mobile-header-display":"","site-post-title":"","ast-breadcrumbs-content":"","ast-featured-img":"","footer-sml-layout":"","ast-disable-related-posts":"","theme-transparent-header-meta":"default","adv-header-id-meta":"","stick-header-meta":"","header-above-stick-meta":"","header-main-stick-meta":"","header-below-stick-meta":"","astra-migrate-meta-layouts":"set","ast-page-background-enabled":"default","ast-page-background-meta":{"desktop":{"background-color":"","background-image":"","background-repeat":"repeat","background-position":"center center","background-size":"auto","background-attachment":"scroll","background-type":"","background-media":"","overlay-type":"","overlay-color":"","overlay-opacity":"","overlay-gradient":""},"tablet":{"background-color":"","background-image":"","background-repeat":"repeat","background-position":"center center","background-size":"auto","background-attachment":"scroll","background-type":"","background-media":"","overlay-type":"","overlay-color":"","overlay-opacity":"","overlay-gradient":""},"mobile":{"background-color":"","background-image":"","background-repeat":"repeat","background-position":"center center","background-size":"auto","background-attachment":"scroll","background-type":"","background-media":"","overlay-type":"","overlay-color":"","overlay-opacity":"","overlay-gradient":""}},"ast-content-background-meta":{"desktop":{"background-color":"var(--ast-global-color-5)","background-image":"","background-repeat":"repeat","background-position":"center center","background-size":"auto","background-attachment":"scroll","background-type":"","background-media":"","overlay-type":"","overlay-color":"","overlay-opacity":"","overlay-gradient":""},"tablet":{"background-color":"var(--ast-global-color-5)","background-image":"","background-repeat":"repeat","background-position":"center center","background-size":"auto","background-attachment":"scroll","background-type":"","background-media":"","overlay-type":"","overlay-color":"","overlay-opacity":"","overlay-gradient":""},"mobile":{"background-color":"var(--ast-global-color-5)","background-image":"","background-repeat":"repeat","background-position":"center center","background-size":"auto","background-attachment":"scroll","background-type":"","background-media":"","overlay-type":"","overlay-color":"","overlay-opacity":"","overlay-gradient":""}}},"product_brand":[],"product_cat":[54,42],"product_tag":[70,68,71,69],"class_list":{"0":"post-3273","1":"product","2":"type-product","3":"status-publish","4":"has-post-thumbnail","6":"product_cat-0-to-6months","7":"product_cat-merchandise","8":"product_tag-babypillow","9":"product_tag-cuteanimalpillow","10":"product_tag-headshapesupport","11":"product_tag-kouniushapingpillow","12":"desktop-align-left","13":"tablet-align-left","14":"mobile-align-left","16":"first","17":"instock","18":"shipping-taxable","19":"product-type-simple"},"aioseo_notices":[],"uagb_featured_image_src":{"full":["https:\/\/babypillowwholesale.com\/wp-content\/uploads\/2025\/03\/1506-1.jpg",1000,1000,false],"thumbnail":["https:\/\/babypillowwholesale.com\/wp-content\/uploads\/2025\/03\/1506-1-150x150.jpg",150,150,true],"medium":["https:\/\/babypillowwholesale.com\/wp-content\/uploads\/2025\/03\/1506-1-300x300.jpg",300,300,true],"medium_large":["https:\/\/babypillowwholesale.com\/wp-content\/uploads\/2025\/03\/1506-1-768x768.jpg",768,768,true],"large":["https:\/\/babypillowwholesale.com\/wp-content\/uploads\/2025\/03\/1506-1.jpg",1000,1000,false],"1536x1536":["https:\/\/babypillowwholesale.com\/wp-content\/uploads\/2025\/03\/1506-1.jpg",1000,1000,false],"2048x2048":["https:\/\/babypillowwholesale.com\/wp-content\/uploads\/2025\/03\/1506-1.jpg",1000,1000,false],"trp-custom-language-flag":["https:\/\/babypillowwholesale.com\/wp-content\/uploads\/2025\/03\/1506-1.jpg",12,12,false],"woocommerce_thumbnail":["https:\/\/babypillowwholesale.com\/wp-content\/uploads\/2025\/03\/1506-1-300x300.jpg",300,300,true],"woocommerce_single":["https:\/\/babypillowwholesale.com\/wp-content\/uploads\/2025\/03\/1506-1-600x600.jpg",600,600,true],"woocommerce_gallery_thumbnail":["https:\/\/babypillowwholesale.com\/wp-content\/uploads\/2025\/03\/1506-1-100x100.jpg",100,100,true]},"uagb_author_info":{"display_name":"Etnen zhong","author_link":"https:\/\/babypillowwholesale.com\/sv\/author\/"},"uagb_comment_info":1,"uagb_excerpt":"The Adorable Bunny Shaping Pillow is a delightful product tailored for infants aged 0 to 6 months. Its design, modeled after an adorable bunny with long ears and a sweet, sleepy - eyed expression, is visually appealing and sure to charm both parents and babies. The central cut - out of the pillow is ergonomically&hellip;","jetpack_sharing_enabled":true,"_links":{"self":[{"href":"https:\/\/babypillowwholesale.com\/sv\/wp-json\/wp\/v2\/product\/3273","targetHints":{"allow":["GET"]}}],"collection":[{"href":"https:\/\/babypillowwholesale.com\/sv\/wp-json\/wp\/v2\/product"}],"about":[{"href":"https:\/\/babypillowwholesale.com\/sv\/wp-json\/wp\/v2\/types\/product"}],"replies":[{"embeddable":true,"href":"https:\/\/babypillowwholesale.com\/sv\/wp-json\/wp\/v2\/comments?post=3273"}],"wp:featuredmedia":[{"embeddable":true,"href":"https:\/\/babypillowwholesale.com\/sv\/wp-json\/wp\/v2\/media\/3285"}],"wp:attachment":[{"href":"https:\/\/babypillowwholesale.com\/sv\/wp-json\/wp\/v2\/media?parent=3273"}],"wp:term":[{"taxonomy":"product_brand","embeddable":true,"href":"https:\/\/babypillowwholesale.com\/sv\/wp-json\/wp\/v2\/product_brand?post=3273"},{"taxonomy":"product_cat","embeddable":true,"href":"https:\/\/babypillowwholesale.com\/sv\/wp-json\/wp\/v2\/product_cat?post=3273"},{"taxonomy":"product_tag","embeddable":true,"href":"https:\/\/babypillowwholesale.com\/sv\/wp-json\/wp\/v2\/product_tag?post=3273"}],"curies":[{"name":"wp","href":"https:\/\/api.w.org\/{rel}","templated":true}]}}