{"id":3271,"date":"2025-03-18T06:30:20","date_gmt":"2025-03-18T06:30:20","guid":{"rendered":"https:\/\/babypillowwholesale.com\/?post_type=product&#038;p=3271"},"modified":"2025-06-08T16:13:28","modified_gmt":"2025-06-08T16:13:28","slug":"cute-one-shaping-pillow","status":"publish","type":"product","link":"https:\/\/babypillowwholesale.com\/sv\/product\/cute-one-shaping-pillow\/","title":{"rendered":"Cute One Shaping Kudde"},"content":{"rendered":"<div class=\"auto-hide-last-sibling-br paragraph-qzbcQC paragraph-element br-paragraph-space\" data-immersive-translate-walked=\"8e61f2e7-6af2-46e5-9672-3b9e4f4033d9\" data-immersive-translate-paragraph=\"1\">\n<div class=\"auto-hide-last-sibling-br paragraph-qzbcQC paragraph-element br-paragraph-space\">Den helt charmiga Cute One Shaping Pillow, en dr\u00f6mmande n\u00f6dv\u00e4ndighet som \u00e4r noggrant utformad f\u00f6r de minsta av \u00e4lsklingar i \u00e5ldern 0 till 6 m\u00e5nader. Med sitt f\u00f6rtrollande ansikte prytt av bed\u00e5rande djurinspirerade \u00f6ron och ett s\u00f6tt, \u00e4lskv\u00e4rt ansikte \u00e4r det om\u00f6jligt att inte falla pladask f\u00f6r denna kudde vid f\u00f6rsta anblicken.<\/div>\n<div class=\"auto-hide-last-sibling-br paragraph-qzbcQC paragraph-element br-paragraph-space\">Ut\u00f6ver sitt f\u00e4ngslande yttre \u00e4r den h\u00e4r kudden en f\u00f6rebild i fr\u00e5ga om funktionalitet. Den genialt utformade centrala utsk\u00e4rningen ger en \u00f6msint och st\u00f6djande omfamning av ditt barns k\u00e4nsliga huvud och leder det f\u00f6rsiktigt mot en perfekt form under de f\u00f6rsta dagarna. M\u00e5tt 26,5*<em>25*<\/em>1,5 cm \u00e4r den perfekt dimensionerad f\u00f6r att passa s\u00f6ml\u00f6st in i en m\u00e4ngd olika milj\u00f6er.<\/div>\n<div class=\"auto-hide-last-sibling-br paragraph-qzbcQC paragraph-element br-paragraph-space\">Oavsett om den ligger i spj\u00e4ls\u00e4ngen och skapar en lugn oas f\u00f6r de l\u00e5nga, st\u00e4rkande tupplurarna, eller om den f\u00f6ljer med i barnvagnen under en lugn promenad i parken, garanterar den h\u00e4r kudden en orubblig komfort. Den \u00e4r ocks\u00e5 en idealisk f\u00f6ljeslagare under mysiga eftermiddagar hemma n\u00e4r ditt barn slappnar av p\u00e5 en mjuk filt, vilket ger en bekant och lugnande plats.<\/div>\n<div class=\"auto-hide-last-sibling-br paragraph-qzbcQC paragraph-element br-paragraph-space\">F\u00f6r\u00e4ldrar \u00e4r helt betagna av Cute One Shaping Pillow! En f\u00f6rtjust mamma delade med sig: \"Den h\u00e4r kudden \u00e4r inte bara otroligt s\u00f6t utan g\u00f6r ocks\u00e5 underverk f\u00f6r min bebis huvudform. Den \u00e4r s\u00e5 mjuk och min lilla verkar \u00e4lska att vila p\u00e5 den. Dessutom \u00e4r f\u00e4rgalternativen fantastiska - vi valde den bl\u00e5 och den ser fantastisk ut i barnkammaren.\" En annan pappa tillade: \"Den har blivit en stapelvara i v\u00e5r dagliga rutin. Den \u00e4r l\u00e4tt att b\u00e4ra med sig och f\u00e5r alltid min bebis att le. Rekommenderas varmt!\"<\/div>\n<div class=\"auto-hide-last-sibling-br paragraph-qzbcQC paragraph-element br-paragraph-space\">Cute One Shaping Pillow finns i de charmiga f\u00e4rgerna rosa, bl\u00e5 och m\u00f6rkgr\u00f6n och \u00e4r mer \u00e4n bara en babytillbeh\u00f6r; det \u00e4r en uppskattad f\u00f6ljeslagare som s\u00f6ml\u00f6st blandar s\u00f6tma, komfort och praktiska egenskaper f\u00f6r ditt barns v\u00e4rdefulla f\u00f6rsta m\u00e5nader.<\/div>\n<\/div>","protected":false},"excerpt":{"rendered":"<p>Cute One Shaping Pillow \u00e4r en f\u00f6rtjusande och funktionell produkt som \u00e4r utformad f\u00f6r sp\u00e4dbarn i \u00e5ldern 0 till 6 m\u00e5nader. Dess charmiga utseende, med s\u00f6ta djurliknande \u00f6ron och en s\u00f6t design, kommer garanterat att f\u00e5nga hj\u00e4rtan. Kuddens unika utsk\u00e4rning i mitten ger ett mjukt st\u00f6d f\u00f6r barnets huvud och bidrar till att bibeh\u00e5lla en h\u00e4lsosam huvudform under den viktiga tidiga utvecklingsfasen. Med en storlek p\u00e5 26,5*<em>25*<\/em>1,5 cm passar den bekv\u00e4mt i spj\u00e4ls\u00e4ngen, barnvagnen eller n\u00e4r barnet slappnar av p\u00e5 en filt. Den finns i rosa, bl\u00e5tt och m\u00f6rkgr\u00f6nt och erbjuder f\u00f6r\u00e4ldrar valm\u00f6jligheter f\u00f6r att matcha deras preferenser eller inredning i barnkammaren, och kombinerar b\u00e5de s\u00f6tma och praktiska egenskaper f\u00f6r barnomsorg.<\/p>","protected":false},"featured_media":3284,"comment_status":"open","ping_status":"closed","template":"","meta":{"_uag_custom_page_level_css":"","site-sidebar-layout":"default","site-content-layout":"","ast-site-content-layout":"default","site-content-style":"default","site-sidebar-style":"default","ast-global-header-display":"","ast-banner-title-visibility":"","ast-main-header-display":"","ast-hfb-above-header-display":"","ast-hfb-below-header-display":"","ast-hfb-mobile-header-display":"","site-post-title":"","ast-breadcrumbs-content":"","ast-featured-img":"","footer-sml-layout":"","ast-disable-related-posts":"","theme-transparent-header-meta":"default","adv-header-id-meta":"","stick-header-meta":"","header-above-stick-meta":"","header-main-stick-meta":"","header-below-stick-meta":"","astra-migrate-meta-layouts":"set","ast-page-background-enabled":"default","ast-page-background-meta":{"desktop":{"background-color":"","background-image":"","background-repeat":"repeat","background-position":"center center","background-size":"auto","background-attachment":"scroll","background-type":"","background-media":"","overlay-type":"","overlay-color":"","overlay-opacity":"","overlay-gradient":""},"tablet":{"background-color":"","background-image":"","background-repeat":"repeat","background-position":"center center","background-size":"auto","background-attachment":"scroll","background-type":"","background-media":"","overlay-type":"","overlay-color":"","overlay-opacity":"","overlay-gradient":""},"mobile":{"background-color":"","background-image":"","background-repeat":"repeat","background-position":"center center","background-size":"auto","background-attachment":"scroll","background-type":"","background-media":"","overlay-type":"","overlay-color":"","overlay-opacity":"","overlay-gradient":""}},"ast-content-background-meta":{"desktop":{"background-color":"var(--ast-global-color-5)","background-image":"","background-repeat":"repeat","background-position":"center center","background-size":"auto","background-attachment":"scroll","background-type":"","background-media":"","overlay-type":"","overlay-color":"","overlay-opacity":"","overlay-gradient":""},"tablet":{"background-color":"var(--ast-global-color-5)","background-image":"","background-repeat":"repeat","background-position":"center center","background-size":"auto","background-attachment":"scroll","background-type":"","background-media":"","overlay-type":"","overlay-color":"","overlay-opacity":"","overlay-gradient":""},"mobile":{"background-color":"var(--ast-global-color-5)","background-image":"","background-repeat":"repeat","background-position":"center center","background-size":"auto","background-attachment":"scroll","background-type":"","background-media":"","overlay-type":"","overlay-color":"","overlay-opacity":"","overlay-gradient":""}}},"product_brand":[],"product_cat":[54,42],"product_tag":[70,68,71,69],"class_list":{"0":"post-3271","1":"product","2":"type-product","3":"status-publish","4":"has-post-thumbnail","6":"product_cat-0-to-6months","7":"product_cat-merchandise","8":"product_tag-babypillow","9":"product_tag-cuteanimalpillow","10":"product_tag-headshapesupport","11":"product_tag-kouniushapingpillow","12":"desktop-align-left","13":"tablet-align-left","14":"mobile-align-left","16":"first","17":"instock","18":"shipping-taxable","19":"product-type-simple"},"aioseo_notices":[],"uagb_featured_image_src":{"full":["https:\/\/babypillowwholesale.com\/wp-content\/uploads\/2025\/03\/1167-1.jpg",1000,1000,false],"thumbnail":["https:\/\/babypillowwholesale.com\/wp-content\/uploads\/2025\/03\/1167-1-150x150.jpg",150,150,true],"medium":["https:\/\/babypillowwholesale.com\/wp-content\/uploads\/2025\/03\/1167-1-300x300.jpg",300,300,true],"medium_large":["https:\/\/babypillowwholesale.com\/wp-content\/uploads\/2025\/03\/1167-1-768x768.jpg",768,768,true],"large":["https:\/\/babypillowwholesale.com\/wp-content\/uploads\/2025\/03\/1167-1.jpg",1000,1000,false],"1536x1536":["https:\/\/babypillowwholesale.com\/wp-content\/uploads\/2025\/03\/1167-1.jpg",1000,1000,false],"2048x2048":["https:\/\/babypillowwholesale.com\/wp-content\/uploads\/2025\/03\/1167-1.jpg",1000,1000,false],"trp-custom-language-flag":["https:\/\/babypillowwholesale.com\/wp-content\/uploads\/2025\/03\/1167-1.jpg",12,12,false],"woocommerce_thumbnail":["https:\/\/babypillowwholesale.com\/wp-content\/uploads\/2025\/03\/1167-1-300x300.jpg",300,300,true],"woocommerce_single":["https:\/\/babypillowwholesale.com\/wp-content\/uploads\/2025\/03\/1167-1-600x600.jpg",600,600,true],"woocommerce_gallery_thumbnail":["https:\/\/babypillowwholesale.com\/wp-content\/uploads\/2025\/03\/1167-1-100x100.jpg",100,100,true]},"uagb_author_info":{"display_name":"Etnen zhong","author_link":"https:\/\/babypillowwholesale.com\/sv\/author\/"},"uagb_comment_info":0,"uagb_excerpt":"The Cute One Shaping Pillow is a delightful and functional product designed for infants aged 0 to 6 months. Its charming appearance, featuring cute animal - like ears and a sweet - faced design, is sure to capture hearts. The pillow's unique cut - out design in the middle provides gentle support for a baby's&hellip;","jetpack_sharing_enabled":true,"_links":{"self":[{"href":"https:\/\/babypillowwholesale.com\/sv\/wp-json\/wp\/v2\/product\/3271","targetHints":{"allow":["GET"]}}],"collection":[{"href":"https:\/\/babypillowwholesale.com\/sv\/wp-json\/wp\/v2\/product"}],"about":[{"href":"https:\/\/babypillowwholesale.com\/sv\/wp-json\/wp\/v2\/types\/product"}],"replies":[{"embeddable":true,"href":"https:\/\/babypillowwholesale.com\/sv\/wp-json\/wp\/v2\/comments?post=3271"}],"wp:featuredmedia":[{"embeddable":true,"href":"https:\/\/babypillowwholesale.com\/sv\/wp-json\/wp\/v2\/media\/3284"}],"wp:attachment":[{"href":"https:\/\/babypillowwholesale.com\/sv\/wp-json\/wp\/v2\/media?parent=3271"}],"wp:term":[{"taxonomy":"product_brand","embeddable":true,"href":"https:\/\/babypillowwholesale.com\/sv\/wp-json\/wp\/v2\/product_brand?post=3271"},{"taxonomy":"product_cat","embeddable":true,"href":"https:\/\/babypillowwholesale.com\/sv\/wp-json\/wp\/v2\/product_cat?post=3271"},{"taxonomy":"product_tag","embeddable":true,"href":"https:\/\/babypillowwholesale.com\/sv\/wp-json\/wp\/v2\/product_tag?post=3271"}],"curies":[{"name":"wp","href":"https:\/\/api.w.org\/{rel}","templated":true}]}}