{"id":3269,"date":"2025-03-17T15:47:20","date_gmt":"2025-03-17T15:47:20","guid":{"rendered":"https:\/\/babypillowwholesale.com\/?post_type=product&#038;p=3269"},"modified":"2025-06-08T16:14:39","modified_gmt":"2025-06-08T16:14:39","slug":"little-bear-crescent-pillow","status":"publish","type":"product","link":"https:\/\/babypillowwholesale.com\/sv\/product\/little-bear-crescent-pillow\/","title":{"rendered":"Little Bear Halvm\u00e5ne kudde"},"content":{"rendered":"<div class=\"auto-hide-last-sibling-br paragraph-qzbcQC paragraph-element br-paragraph-space\" data-immersive-translate-walked=\"8e61f2e7-6af2-46e5-9672-3b9e4f4033d9\" data-immersive-translate-paragraph=\"1\">M\u00f6t den f\u00f6rtrollande Little Bear Crescent Pillow, en perfekt blandning av charm och funktionalitet, skr\u00e4ddarsydd f\u00f6r de allra minsta i \u00e5ldern 0 till 6 m\u00e5nader. Den liknar en bed\u00e5rande liten bj\u00f6rn med sina pigga \u00f6ron och ett ansikte som utstr\u00e5lar v\u00e4rme, och den \u00e4r en omedelbar hj\u00e4rtekrossare som tillf\u00f6r en dos s\u00f6tma till ditt barns v\u00e4rld. Den h\u00e4r kudden \u00e4r inte bara en visuell fr\u00f6jd, den \u00e4r ocks\u00e5 en komforth\u00f6jare. Den noggrant konturerade halvm\u00e5neformen erbjuder en mild, ergonomisk omfamning av ditt barns k\u00e4nsliga huvud och leder det mot en vacker form n\u00e4r de reser genom sina v\u00e4rdefulla f\u00f6rsta m\u00e5nader. Med m\u00e5tten 23\/20,5*0\/5CM passar den perfekt i olika milj\u00f6er. Under de l\u00e5nga, lata eftermiddagarna hemma kan du placera den i barnets spj\u00e4ls\u00e4ng och se hur den f\u00f6rvandlar utrymmet till en mysig oas och vaggar in ditt barn i en fridfull s\u00f6mn. N\u00e4r du \u00e4r p\u00e5 resande fot, oavsett om det \u00e4r en snabb tur till mataff\u00e4ren eller en weekendresa, passar kudden perfekt i b\u00e4rselen och s\u00e4kerst\u00e4ller ditt barns komfort under hela resan. F\u00f6r\u00e4ldrarna \u00e4r lyriska \u00f6ver den h\u00e4r lilla p\u00e4rlan! En lycklig mamma ber\u00e4ttade: \"Min bebis har anv\u00e4nt den h\u00e4r kudden sedan han var n\u00e5gra veckor gammal. Den \u00e4r s\u00e5 mjuk och jag \u00e4lskar den s\u00f6ta designen. Dessutom verkar den verkligen hj\u00e4lpa till att h\u00e5lla huvudet i en bra position.\" En annan pappa fyllde i: \"De olika f\u00e4rgalternativen var ett stort plus. Vi k\u00f6pte den m\u00f6rkgr\u00f6na, och den ser fantastisk ut i barnkammaren. Den har blivit en viktig del av v\u00e5r bebis rutin.\" Little Bear Crescent Pillow finns i de charmiga nyanserna rosa, bl\u00e5 och m\u00f6rkgr\u00f6n och \u00e4r mer \u00e4n bara en babytillbeh\u00f6r; det \u00e4r en \u00e4lskad f\u00f6ljeslagare som lovar komfort, st\u00f6d och en hel del gullighet under ditt barns f\u00f6rsta dagar.<\/div>","protected":false},"excerpt":{"rendered":"<p>Halvm\u00e5nekudden Little Bear \u00e4r ett charmigt och praktiskt val f\u00f6r sp\u00e4dbarn i \u00e5ldern 0-6 m\u00e5nader. Kudden \u00e4r formad som en s\u00f6t liten bj\u00f6rn och har s\u00f6ta \u00f6ron och ett gulligt ansikte som g\u00f6r den visuellt tilltalande. Kuddens halvm\u00e5neformade design ger ett mjukt och ergonomiskt st\u00f6d f\u00f6r barnets huvud, vilket bidrar till att bibeh\u00e5lla en korrekt huvudform under den tidiga utvecklingen. Med sina m\u00e5tt p\u00e5 23\/20,5*0\/5CM \u00e4r den l\u00e4mplig att anv\u00e4nda i spj\u00e4ls\u00e4ngar, b\u00e4rselar eller n\u00e4r barnet ligger p\u00e5 en lekmatta. Den finns i rosa, bl\u00e5tt och m\u00f6rkgr\u00f6nt och g\u00f6r det m\u00f6jligt f\u00f6r f\u00f6r\u00e4ldrar att v\u00e4lja en f\u00e4rg som matchar deras smak eller inredning i barnkammaren, och kombinerar b\u00e5de funktionalitet och s\u00f6tma f\u00f6r att f\u00f6rb\u00e4ttra barnets komfort.<\/p>","protected":false},"featured_media":3283,"comment_status":"open","ping_status":"closed","template":"","meta":{"_uag_custom_page_level_css":"","site-sidebar-layout":"default","site-content-layout":"","ast-site-content-layout":"default","site-content-style":"default","site-sidebar-style":"default","ast-global-header-display":"","ast-banner-title-visibility":"","ast-main-header-display":"","ast-hfb-above-header-display":"","ast-hfb-below-header-display":"","ast-hfb-mobile-header-display":"","site-post-title":"","ast-breadcrumbs-content":"","ast-featured-img":"","footer-sml-layout":"","ast-disable-related-posts":"","theme-transparent-header-meta":"default","adv-header-id-meta":"","stick-header-meta":"","header-above-stick-meta":"","header-main-stick-meta":"","header-below-stick-meta":"","astra-migrate-meta-layouts":"set","ast-page-background-enabled":"default","ast-page-background-meta":{"desktop":{"background-color":"","background-image":"","background-repeat":"repeat","background-position":"center center","background-size":"auto","background-attachment":"scroll","background-type":"","background-media":"","overlay-type":"","overlay-color":"","overlay-opacity":"","overlay-gradient":""},"tablet":{"background-color":"","background-image":"","background-repeat":"repeat","background-position":"center center","background-size":"auto","background-attachment":"scroll","background-type":"","background-media":"","overlay-type":"","overlay-color":"","overlay-opacity":"","overlay-gradient":""},"mobile":{"background-color":"","background-image":"","background-repeat":"repeat","background-position":"center center","background-size":"auto","background-attachment":"scroll","background-type":"","background-media":"","overlay-type":"","overlay-color":"","overlay-opacity":"","overlay-gradient":""}},"ast-content-background-meta":{"desktop":{"background-color":"var(--ast-global-color-5)","background-image":"","background-repeat":"repeat","background-position":"center center","background-size":"auto","background-attachment":"scroll","background-type":"","background-media":"","overlay-type":"","overlay-color":"","overlay-opacity":"","overlay-gradient":""},"tablet":{"background-color":"var(--ast-global-color-5)","background-image":"","background-repeat":"repeat","background-position":"center center","background-size":"auto","background-attachment":"scroll","background-type":"","background-media":"","overlay-type":"","overlay-color":"","overlay-opacity":"","overlay-gradient":""},"mobile":{"background-color":"var(--ast-global-color-5)","background-image":"","background-repeat":"repeat","background-position":"center center","background-size":"auto","background-attachment":"scroll","background-type":"","background-media":"","overlay-type":"","overlay-color":"","overlay-opacity":"","overlay-gradient":""}}},"product_brand":[],"product_cat":[54,42],"product_tag":[70,68,71,69],"class_list":{"0":"post-3269","1":"product","2":"type-product","3":"status-publish","4":"has-post-thumbnail","6":"product_cat-0-to-6months","7":"product_cat-merchandise","8":"product_tag-babypillow","9":"product_tag-cuteanimalpillow","10":"product_tag-headshapesupport","11":"product_tag-kouniushapingpillow","12":"desktop-align-left","13":"tablet-align-left","14":"mobile-align-left","16":"first","17":"instock","18":"shipping-taxable","19":"product-type-simple"},"aioseo_notices":[],"uagb_featured_image_src":{"full":["https:\/\/babypillowwholesale.com\/wp-content\/uploads\/2025\/03\/1135-1.jpg",1000,1000,false],"thumbnail":["https:\/\/babypillowwholesale.com\/wp-content\/uploads\/2025\/03\/1135-1-150x150.jpg",150,150,true],"medium":["https:\/\/babypillowwholesale.com\/wp-content\/uploads\/2025\/03\/1135-1-300x300.jpg",300,300,true],"medium_large":["https:\/\/babypillowwholesale.com\/wp-content\/uploads\/2025\/03\/1135-1-768x768.jpg",768,768,true],"large":["https:\/\/babypillowwholesale.com\/wp-content\/uploads\/2025\/03\/1135-1.jpg",1000,1000,false],"1536x1536":["https:\/\/babypillowwholesale.com\/wp-content\/uploads\/2025\/03\/1135-1.jpg",1000,1000,false],"2048x2048":["https:\/\/babypillowwholesale.com\/wp-content\/uploads\/2025\/03\/1135-1.jpg",1000,1000,false],"trp-custom-language-flag":["https:\/\/babypillowwholesale.com\/wp-content\/uploads\/2025\/03\/1135-1.jpg",12,12,false],"woocommerce_thumbnail":["https:\/\/babypillowwholesale.com\/wp-content\/uploads\/2025\/03\/1135-1-300x300.jpg",300,300,true],"woocommerce_single":["https:\/\/babypillowwholesale.com\/wp-content\/uploads\/2025\/03\/1135-1-600x600.jpg",600,600,true],"woocommerce_gallery_thumbnail":["https:\/\/babypillowwholesale.com\/wp-content\/uploads\/2025\/03\/1135-1-100x100.jpg",100,100,true]},"uagb_author_info":{"display_name":"Etnen zhong","author_link":"https:\/\/babypillowwholesale.com\/sv\/author\/"},"uagb_comment_info":0,"uagb_excerpt":"The Little Bear Crescent Pillow is a charming and practical choice for infants aged 0 to 6 months. Shaped like an endearing little bear, it features cute ears and a sweet face, making it visually appealing. The crescent - shaped design of the pillow provides gentle and ergonomic support for a baby's head, helping to&hellip;","jetpack_sharing_enabled":true,"_links":{"self":[{"href":"https:\/\/babypillowwholesale.com\/sv\/wp-json\/wp\/v2\/product\/3269","targetHints":{"allow":["GET"]}}],"collection":[{"href":"https:\/\/babypillowwholesale.com\/sv\/wp-json\/wp\/v2\/product"}],"about":[{"href":"https:\/\/babypillowwholesale.com\/sv\/wp-json\/wp\/v2\/types\/product"}],"replies":[{"embeddable":true,"href":"https:\/\/babypillowwholesale.com\/sv\/wp-json\/wp\/v2\/comments?post=3269"}],"wp:featuredmedia":[{"embeddable":true,"href":"https:\/\/babypillowwholesale.com\/sv\/wp-json\/wp\/v2\/media\/3283"}],"wp:attachment":[{"href":"https:\/\/babypillowwholesale.com\/sv\/wp-json\/wp\/v2\/media?parent=3269"}],"wp:term":[{"taxonomy":"product_brand","embeddable":true,"href":"https:\/\/babypillowwholesale.com\/sv\/wp-json\/wp\/v2\/product_brand?post=3269"},{"taxonomy":"product_cat","embeddable":true,"href":"https:\/\/babypillowwholesale.com\/sv\/wp-json\/wp\/v2\/product_cat?post=3269"},{"taxonomy":"product_tag","embeddable":true,"href":"https:\/\/babypillowwholesale.com\/sv\/wp-json\/wp\/v2\/product_tag?post=3269"}],"curies":[{"name":"wp","href":"https:\/\/api.w.org\/{rel}","templated":true}]}}