{"id":3267,"date":"2025-03-17T15:38:34","date_gmt":"2025-03-17T15:38:34","guid":{"rendered":"https:\/\/babypillowwholesale.com\/?post_type=product&#038;p=3267"},"modified":"2025-06-08T16:15:31","modified_gmt":"2025-06-08T16:15:31","slug":"little-tiger-shaping-pillow","status":"publish","type":"product","link":"https:\/\/babypillowwholesale.com\/sv\/product\/little-tiger-shaping-pillow\/","title":{"rendered":"Little Tiger formbar kudde"},"content":{"rendered":"<div class=\"auto-hide-last-sibling-br paragraph-qzbcQC paragraph-element br-paragraph-space\" data-immersive-translate-walked=\"8e61f2e7-6af2-46e5-9672-3b9e4f4033d9\" data-immersive-translate-paragraph=\"1\">Little Tiger Shaping Pillow \u00e4r en f\u00e4ngslande blandning av charm och funktionalitet, omsorgsfullt utformad f\u00f6r de minsta skatterna i \u00e5ldern 0 till 6 m\u00e5nader. Dess bed\u00e5rande tigerinspirerade design med stora, oskyldiga runda \u00f6gon och signaturr\u00e4nder \u00e4r en absolut fr\u00f6jd och ger omedelbart en touch av vild nyckfullhet till ditt barns v\u00e4rld. Den h\u00e4r kudden \u00e4r inte bara vacker att titta p\u00e5, den \u00e4r ocks\u00e5 en oas av komfort och st\u00f6d. Den har en skicklig kontur och vaggar f\u00f6rsiktigt ditt barns k\u00e4nsliga huvud och styr det med omsorg f\u00f6r att s\u00e4kerst\u00e4lla en perfekt form n\u00e4r de p\u00e5b\u00f6rjar sin tidiga tillv\u00e4xtresa. Med m\u00e5tten 26*23*0\/3CM \u00e4r det den perfekta f\u00f6ljeslagaren i olika milj\u00f6er. Under de fridfulla tupplurarna i barnkammaren, inb\u00e4ddad i spj\u00e4ls\u00e4ngens mjukhet, skapar Little Tiger Shaping Pillow ett mysigt och s\u00e4kert utrymme f\u00f6r ditt barn. P\u00e5 familjeutflykter, oavsett om det \u00e4r en picknick i parken eller en dag p\u00e5 stranden, passar den perfekt i barnvagnen och erbjuder v\u00e4lbekant komfort n\u00e4r du \u00e4r p\u00e5 spr\u00e5ng. F\u00f6r\u00e4ldrarna \u00e4r \u00f6verlyckliga \u00f6ver den h\u00e4r produkten! En mamma sa: \"Min bebis \u00e4lskar att mysa med den h\u00e4r lilla tigerkudden. Den \u00e4r s\u00e5 mjuk och jag har m\u00e4rkt en stor f\u00f6rb\u00e4ttring av deras huvudform. Dessutom \u00e4r den bl\u00e5 f\u00e4rgen helt underbar.\" En annan pappa sa: \"Den har blivit ett m\u00e5ste p\u00e5 v\u00e5ra resor. Den \u00e4r l\u00e4tt att b\u00e4ra och f\u00e5r alltid mina barn att le n\u00e4r de ser den s\u00f6ta tigerdesignen.\" Little Tiger Shaping Pillow finns i de charmiga f\u00e4rgerna rosa och bl\u00e5tt och \u00e4r mer \u00e4n bara en babytillbeh\u00f6r; det \u00e4r en p\u00e5litlig v\u00e4n som kombinerar s\u00f6tma, komfort och funktionalitet f\u00f6r ditt barns v\u00e4rdefulla f\u00f6rsta dagar.<\/div>","protected":false},"excerpt":{"rendered":"<p>Little Tiger Shaping Pillow \u00e4r en charmig och funktionell produkt som \u00e4r utformad f\u00f6r sp\u00e4dbarn i \u00e5ldern 0 till 6 m\u00e5nader. Med sitt s\u00f6ta utseende med tigertema, stora runda \u00f6gon och distinkta r\u00e4nder, f\u00e5ngar den omedelbart blicken. Kuddens design \u00e4r noggrant utformad f\u00f6r att ge ett skonsamt st\u00f6d f\u00f6r barnets k\u00e4nsliga huvud, vilket bidrar till att fr\u00e4mja en korrekt huvudform under den viktiga tidiga utvecklingen. M\u00e5tt 26*<em data-immersive-translate-walked=\"af7bf617-a59f-4215-833d-5c6d97166ab5\">23*<\/em>0\/3CM, passar den bra i spj\u00e4ls\u00e4ngar, barnvagnar eller n\u00e4r ditt barn kopplar av p\u00e5 en filt. Den finns i b\u00e5de rosa och bl\u00e5tt och ger f\u00f6r\u00e4ldrar m\u00f6jlighet att v\u00e4lja en f\u00e4rg som passar deras preferenser eller inredning i barnkammaren, och kombinerar s\u00f6tma med praktiska egenskaper f\u00f6r babyv\u00e5rd.<\/p>","protected":false},"featured_media":3282,"comment_status":"open","ping_status":"closed","template":"","meta":{"_uag_custom_page_level_css":"","site-sidebar-layout":"default","site-content-layout":"","ast-site-content-layout":"default","site-content-style":"default","site-sidebar-style":"default","ast-global-header-display":"","ast-banner-title-visibility":"","ast-main-header-display":"","ast-hfb-above-header-display":"","ast-hfb-below-header-display":"","ast-hfb-mobile-header-display":"","site-post-title":"","ast-breadcrumbs-content":"","ast-featured-img":"","footer-sml-layout":"","ast-disable-related-posts":"","theme-transparent-header-meta":"default","adv-header-id-meta":"","stick-header-meta":"","header-above-stick-meta":"","header-main-stick-meta":"","header-below-stick-meta":"","astra-migrate-meta-layouts":"set","ast-page-background-enabled":"default","ast-page-background-meta":{"desktop":{"background-color":"","background-image":"","background-repeat":"repeat","background-position":"center center","background-size":"auto","background-attachment":"scroll","background-type":"","background-media":"","overlay-type":"","overlay-color":"","overlay-opacity":"","overlay-gradient":""},"tablet":{"background-color":"","background-image":"","background-repeat":"repeat","background-position":"center center","background-size":"auto","background-attachment":"scroll","background-type":"","background-media":"","overlay-type":"","overlay-color":"","overlay-opacity":"","overlay-gradient":""},"mobile":{"background-color":"","background-image":"","background-repeat":"repeat","background-position":"center center","background-size":"auto","background-attachment":"scroll","background-type":"","background-media":"","overlay-type":"","overlay-color":"","overlay-opacity":"","overlay-gradient":""}},"ast-content-background-meta":{"desktop":{"background-color":"var(--ast-global-color-5)","background-image":"","background-repeat":"repeat","background-position":"center center","background-size":"auto","background-attachment":"scroll","background-type":"","background-media":"","overlay-type":"","overlay-color":"","overlay-opacity":"","overlay-gradient":""},"tablet":{"background-color":"var(--ast-global-color-5)","background-image":"","background-repeat":"repeat","background-position":"center center","background-size":"auto","background-attachment":"scroll","background-type":"","background-media":"","overlay-type":"","overlay-color":"","overlay-opacity":"","overlay-gradient":""},"mobile":{"background-color":"var(--ast-global-color-5)","background-image":"","background-repeat":"repeat","background-position":"center center","background-size":"auto","background-attachment":"scroll","background-type":"","background-media":"","overlay-type":"","overlay-color":"","overlay-opacity":"","overlay-gradient":""}}},"product_brand":[],"product_cat":[54,42],"product_tag":[70,68,71,69],"class_list":{"0":"post-3267","1":"product","2":"type-product","3":"status-publish","4":"has-post-thumbnail","6":"product_cat-0-to-6months","7":"product_cat-merchandise","8":"product_tag-babypillow","9":"product_tag-cuteanimalpillow","10":"product_tag-headshapesupport","11":"product_tag-kouniushapingpillow","12":"desktop-align-left","13":"tablet-align-left","14":"mobile-align-left","16":"first","17":"instock","18":"shipping-taxable","19":"product-type-simple"},"aioseo_notices":[],"uagb_featured_image_src":{"full":["https:\/\/babypillowwholesale.com\/wp-content\/uploads\/2025\/03\/1131-1.jpg",1000,1000,false],"thumbnail":["https:\/\/babypillowwholesale.com\/wp-content\/uploads\/2025\/03\/1131-1-150x150.jpg",150,150,true],"medium":["https:\/\/babypillowwholesale.com\/wp-content\/uploads\/2025\/03\/1131-1-300x300.jpg",300,300,true],"medium_large":["https:\/\/babypillowwholesale.com\/wp-content\/uploads\/2025\/03\/1131-1-768x768.jpg",768,768,true],"large":["https:\/\/babypillowwholesale.com\/wp-content\/uploads\/2025\/03\/1131-1.jpg",1000,1000,false],"1536x1536":["https:\/\/babypillowwholesale.com\/wp-content\/uploads\/2025\/03\/1131-1.jpg",1000,1000,false],"2048x2048":["https:\/\/babypillowwholesale.com\/wp-content\/uploads\/2025\/03\/1131-1.jpg",1000,1000,false],"trp-custom-language-flag":["https:\/\/babypillowwholesale.com\/wp-content\/uploads\/2025\/03\/1131-1.jpg",12,12,false],"woocommerce_thumbnail":["https:\/\/babypillowwholesale.com\/wp-content\/uploads\/2025\/03\/1131-1-300x300.jpg",300,300,true],"woocommerce_single":["https:\/\/babypillowwholesale.com\/wp-content\/uploads\/2025\/03\/1131-1-600x600.jpg",600,600,true],"woocommerce_gallery_thumbnail":["https:\/\/babypillowwholesale.com\/wp-content\/uploads\/2025\/03\/1131-1-100x100.jpg",100,100,true]},"uagb_author_info":{"display_name":"Etnen zhong","author_link":"https:\/\/babypillowwholesale.com\/sv\/author\/"},"uagb_comment_info":0,"uagb_excerpt":"The Little Tiger Shaping Pillow is a charming and functional product designed for infants aged 0 to 6 months. With its cute tiger - themed appearance, featuring big round eyes and distinctive stripes, it instantly catches the eye. The pillow's design is carefully contoured to provide gentle support for a baby's delicate head, helping to&hellip;","jetpack_sharing_enabled":true,"_links":{"self":[{"href":"https:\/\/babypillowwholesale.com\/sv\/wp-json\/wp\/v2\/product\/3267","targetHints":{"allow":["GET"]}}],"collection":[{"href":"https:\/\/babypillowwholesale.com\/sv\/wp-json\/wp\/v2\/product"}],"about":[{"href":"https:\/\/babypillowwholesale.com\/sv\/wp-json\/wp\/v2\/types\/product"}],"replies":[{"embeddable":true,"href":"https:\/\/babypillowwholesale.com\/sv\/wp-json\/wp\/v2\/comments?post=3267"}],"wp:featuredmedia":[{"embeddable":true,"href":"https:\/\/babypillowwholesale.com\/sv\/wp-json\/wp\/v2\/media\/3282"}],"wp:attachment":[{"href":"https:\/\/babypillowwholesale.com\/sv\/wp-json\/wp\/v2\/media?parent=3267"}],"wp:term":[{"taxonomy":"product_brand","embeddable":true,"href":"https:\/\/babypillowwholesale.com\/sv\/wp-json\/wp\/v2\/product_brand?post=3267"},{"taxonomy":"product_cat","embeddable":true,"href":"https:\/\/babypillowwholesale.com\/sv\/wp-json\/wp\/v2\/product_cat?post=3267"},{"taxonomy":"product_tag","embeddable":true,"href":"https:\/\/babypillowwholesale.com\/sv\/wp-json\/wp\/v2\/product_tag?post=3267"}],"curies":[{"name":"wp","href":"https:\/\/api.w.org\/{rel}","templated":true}]}}