{"id":3265,"date":"2025-03-17T15:04:04","date_gmt":"2025-03-17T15:04:04","guid":{"rendered":"https:\/\/babypillowwholesale.com\/?post_type=product&#038;p=3265"},"modified":"2025-06-08T16:16:25","modified_gmt":"2025-06-08T16:16:25","slug":"naughty-bunny-shaping-pillow","status":"publish","type":"product","link":"https:\/\/babypillowwholesale.com\/sv\/product\/naughty-bunny-shaping-pillow\/","title":{"rendered":"Naughty Bunny formkudde"},"content":{"rendered":"<div class=\"auto-hide-last-sibling-br paragraph-qzbcQC paragraph-element br-paragraph-space\" data-immersive-translate-walked=\"8e61f2e7-6af2-46e5-9672-3b9e4f4033d9\" data-immersive-translate-paragraph=\"1\">V\u00e4lkommen till Naughty Bunny Shaping Pillow, en h\u00e4rlig oas av komfort som \u00e4r skr\u00e4ddarsydd f\u00f6r de minsta \u00e4ventyrarna i \u00e5ldern 0 till 6 m\u00e5nader. Dess f\u00f6rtrollande kanininspirerade design, komplett med sj\u00e4lfulla stora \u00f6gon, ett hj\u00e4rtsm\u00e4ltande leende och k\u00e4cka l\u00e5nga \u00f6ron, \u00e4r en omedelbar st\u00e4mningsh\u00f6jare som ger en gnutta magi till ditt barns v\u00e4rld. Den h\u00e4r kudden \u00e4r inte bara en visuell njutning, den \u00e4r ocks\u00e5 ett kraftpaket av funktionalitet. Dess unika form \u00e4r omsorgsfullt utformad och ger ett mjukt, vaggande st\u00f6d till ditt barns k\u00e4nsliga huvud och leder det mot en perfekt form under de v\u00e4rdefulla f\u00f6rsta m\u00e5naderna. Med m\u00e5tten 26*23*0\/3CM \u00e4r den idealisk f\u00f6r s\u00f6ml\u00f6s integrering i olika milj\u00f6er. Under de lata eftermiddagarna hemma kan du placera den i barnets spj\u00e4ls\u00e4ng och se hur de glider in i en fridfull s\u00f6mn, omslutna av dess mjuka omfamning. N\u00e4r ni \u00e4r ute och utforskar v\u00e4rlden, oavsett om det \u00e4r en tur till den lokala parken eller ett bes\u00f6k hos mor- eller farf\u00f6r\u00e4ldrarna, stoppar ni ner den i barnvagnen. Det garanterar att ditt barn f\u00e5r en bekv\u00e4m \u00e5ktur, omgiven av kaninens v\u00e4lbekanta charm. F\u00f6r\u00e4ldrarna lovordar den! En n\u00f6jd f\u00f6r\u00e4lder ber\u00e4ttar: \"Mitt barns ansikte lyser upp n\u00e4r de ser den h\u00e4r s\u00f6ta kaninkudden. Den \u00e4r inte bara supermjuk utan har ocks\u00e5 varit bra f\u00f6r att bibeh\u00e5lla en fin huvudform. Jag \u00e4lskar att den finns i tv\u00e5 h\u00e4rliga f\u00e4rger.\" En annan mamma fyllde i: \"Den \u00e4r s\u00e5 bekv\u00e4m att b\u00e4ra med sig. Oavsett om vi \u00e4r hemma eller p\u00e5 spr\u00e5ng har den blivit ett m\u00e5ste f\u00f6r min bebis komfort.\" Naughty Bunny Shaping Pillow finns i de charmiga nyanserna rosa och bl\u00e5tt och \u00e4r mer \u00e4n bara en babyaccessoar; det \u00e4r en uppskattad f\u00f6ljeslagare under ditt barns f\u00f6rsta tid.<\/div>","protected":false},"excerpt":{"rendered":"<p>Naughty Bunny Shaping Pillow \u00e4r en bed\u00e5rande och praktisk produkt avsedd f\u00f6r sp\u00e4dbarn i \u00e5ldern 0 till 6 m\u00e5nader. Dess s\u00f6ta kaninliknande utseende, med stora \u00f6gon, ett s\u00f6tt leende och l\u00e5nga \u00f6ron, \u00e4r extremt tilltalande. Kuddens speciella design ger ett mjukt st\u00f6d f\u00f6r barnets huvud, vilket bidrar till att fr\u00e4mja en h\u00e4lsosam huvudform under den viktiga tidiga tillv\u00e4xtfasen. Med en storlek p\u00e5 26<em>23<\/em>0\/3CM, \u00e4r den l\u00e4mplig att anv\u00e4nda i spj\u00e4ls\u00e4ngar, barnvagnar eller n\u00e4r barnet vilar p\u00e5 en lekmatta. Den finns i rosa och bl\u00e5tt och ger f\u00f6r\u00e4ldrar m\u00f6jlighet att matcha sina preferenser eller inredningen i barnets rum, och kombinerar b\u00e5de funktionalitet och charm f\u00f6r babyv\u00e5rd.<\/p>","protected":false},"featured_media":3281,"comment_status":"open","ping_status":"closed","template":"","meta":{"_uag_custom_page_level_css":"","site-sidebar-layout":"default","site-content-layout":"","ast-site-content-layout":"default","site-content-style":"default","site-sidebar-style":"default","ast-global-header-display":"","ast-banner-title-visibility":"","ast-main-header-display":"","ast-hfb-above-header-display":"","ast-hfb-below-header-display":"","ast-hfb-mobile-header-display":"","site-post-title":"","ast-breadcrumbs-content":"","ast-featured-img":"","footer-sml-layout":"","ast-disable-related-posts":"","theme-transparent-header-meta":"default","adv-header-id-meta":"","stick-header-meta":"","header-above-stick-meta":"","header-main-stick-meta":"","header-below-stick-meta":"","astra-migrate-meta-layouts":"set","ast-page-background-enabled":"default","ast-page-background-meta":{"desktop":{"background-color":"","background-image":"","background-repeat":"repeat","background-position":"center center","background-size":"auto","background-attachment":"scroll","background-type":"","background-media":"","overlay-type":"","overlay-color":"","overlay-opacity":"","overlay-gradient":""},"tablet":{"background-color":"","background-image":"","background-repeat":"repeat","background-position":"center center","background-size":"auto","background-attachment":"scroll","background-type":"","background-media":"","overlay-type":"","overlay-color":"","overlay-opacity":"","overlay-gradient":""},"mobile":{"background-color":"","background-image":"","background-repeat":"repeat","background-position":"center center","background-size":"auto","background-attachment":"scroll","background-type":"","background-media":"","overlay-type":"","overlay-color":"","overlay-opacity":"","overlay-gradient":""}},"ast-content-background-meta":{"desktop":{"background-color":"var(--ast-global-color-5)","background-image":"","background-repeat":"repeat","background-position":"center center","background-size":"auto","background-attachment":"scroll","background-type":"","background-media":"","overlay-type":"","overlay-color":"","overlay-opacity":"","overlay-gradient":""},"tablet":{"background-color":"var(--ast-global-color-5)","background-image":"","background-repeat":"repeat","background-position":"center center","background-size":"auto","background-attachment":"scroll","background-type":"","background-media":"","overlay-type":"","overlay-color":"","overlay-opacity":"","overlay-gradient":""},"mobile":{"background-color":"var(--ast-global-color-5)","background-image":"","background-repeat":"repeat","background-position":"center center","background-size":"auto","background-attachment":"scroll","background-type":"","background-media":"","overlay-type":"","overlay-color":"","overlay-opacity":"","overlay-gradient":""}}},"product_brand":[],"product_cat":[54,42],"product_tag":[70,68,71,69],"class_list":{"0":"post-3265","1":"product","2":"type-product","3":"status-publish","4":"has-post-thumbnail","6":"product_cat-0-to-6months","7":"product_cat-merchandise","8":"product_tag-babypillow","9":"product_tag-cuteanimalpillow","10":"product_tag-headshapesupport","11":"product_tag-kouniushapingpillow","12":"desktop-align-left","13":"tablet-align-left","14":"mobile-align-left","16":"first","17":"instock","18":"shipping-taxable","19":"product-type-simple"},"aioseo_notices":[],"uagb_featured_image_src":{"full":["https:\/\/babypillowwholesale.com\/wp-content\/uploads\/2025\/03\/1130-1.jpg",1000,1000,false],"thumbnail":["https:\/\/babypillowwholesale.com\/wp-content\/uploads\/2025\/03\/1130-1-150x150.jpg",150,150,true],"medium":["https:\/\/babypillowwholesale.com\/wp-content\/uploads\/2025\/03\/1130-1-300x300.jpg",300,300,true],"medium_large":["https:\/\/babypillowwholesale.com\/wp-content\/uploads\/2025\/03\/1130-1-768x768.jpg",768,768,true],"large":["https:\/\/babypillowwholesale.com\/wp-content\/uploads\/2025\/03\/1130-1.jpg",1000,1000,false],"1536x1536":["https:\/\/babypillowwholesale.com\/wp-content\/uploads\/2025\/03\/1130-1.jpg",1000,1000,false],"2048x2048":["https:\/\/babypillowwholesale.com\/wp-content\/uploads\/2025\/03\/1130-1.jpg",1000,1000,false],"trp-custom-language-flag":["https:\/\/babypillowwholesale.com\/wp-content\/uploads\/2025\/03\/1130-1.jpg",12,12,false],"woocommerce_thumbnail":["https:\/\/babypillowwholesale.com\/wp-content\/uploads\/2025\/03\/1130-1-300x300.jpg",300,300,true],"woocommerce_single":["https:\/\/babypillowwholesale.com\/wp-content\/uploads\/2025\/03\/1130-1-600x600.jpg",600,600,true],"woocommerce_gallery_thumbnail":["https:\/\/babypillowwholesale.com\/wp-content\/uploads\/2025\/03\/1130-1-100x100.jpg",100,100,true]},"uagb_author_info":{"display_name":"Etnen zhong","author_link":"https:\/\/babypillowwholesale.com\/sv\/author\/"},"uagb_comment_info":0,"uagb_excerpt":"The Naughty Bunny Shaping Pillow is an adorable and practical product designed for infants aged 0 to 6 months. Its cute bunny - like appearance, with big eyes, a sweet smile, and long ears, is extremely appealing. The special design of the pillow provides gentle support for the baby's head, helping to promote a healthy&hellip;","jetpack_sharing_enabled":true,"_links":{"self":[{"href":"https:\/\/babypillowwholesale.com\/sv\/wp-json\/wp\/v2\/product\/3265","targetHints":{"allow":["GET"]}}],"collection":[{"href":"https:\/\/babypillowwholesale.com\/sv\/wp-json\/wp\/v2\/product"}],"about":[{"href":"https:\/\/babypillowwholesale.com\/sv\/wp-json\/wp\/v2\/types\/product"}],"replies":[{"embeddable":true,"href":"https:\/\/babypillowwholesale.com\/sv\/wp-json\/wp\/v2\/comments?post=3265"}],"wp:featuredmedia":[{"embeddable":true,"href":"https:\/\/babypillowwholesale.com\/sv\/wp-json\/wp\/v2\/media\/3281"}],"wp:attachment":[{"href":"https:\/\/babypillowwholesale.com\/sv\/wp-json\/wp\/v2\/media?parent=3265"}],"wp:term":[{"taxonomy":"product_brand","embeddable":true,"href":"https:\/\/babypillowwholesale.com\/sv\/wp-json\/wp\/v2\/product_brand?post=3265"},{"taxonomy":"product_cat","embeddable":true,"href":"https:\/\/babypillowwholesale.com\/sv\/wp-json\/wp\/v2\/product_cat?post=3265"},{"taxonomy":"product_tag","embeddable":true,"href":"https:\/\/babypillowwholesale.com\/sv\/wp-json\/wp\/v2\/product_tag?post=3265"}],"curies":[{"name":"wp","href":"https:\/\/api.w.org\/{rel}","templated":true}]}}