{"id":3263,"date":"2025-03-17T03:51:27","date_gmt":"2025-03-17T03:51:27","guid":{"rendered":"https:\/\/babypillowwholesale.com\/?post_type=product&#038;p=3263"},"modified":"2025-06-08T16:17:17","modified_gmt":"2025-06-08T16:17:17","slug":"cloud-washable-shaping-pillow","status":"publish","type":"product","link":"https:\/\/babypillowwholesale.com\/sv\/product\/cloud-washable-shaping-pillow\/","title":{"rendered":"Moln tv\u00e4ttbar formkudde"},"content":{"rendered":"<div class=\"auto-hide-last-sibling-br paragraph-qzbcQC paragraph-element br-paragraph-space\" data-immersive-translate-walked=\"8e61f2e7-6af2-46e5-9672-3b9e4f4033d9\" data-immersive-translate-paragraph=\"1\">F\u00f6rflytta dig till en v\u00e4rld av komfort och s\u00f6tma med v\u00e5r molntv\u00e4ttbara formkudde Cloud, ett dr\u00f6mskt tillskott som \u00e4r s\u00e4rskilt utformat f\u00f6r de minsta dr\u00f6mmarna i \u00e5ldern 0 till 6 m\u00e5nader. Kudden liknar ett fluffigt moln direkt fr\u00e5n en saga och \u00e4r utsmyckad med underbara, slumpm\u00e4ssigt tryckta fiskmotiv som ger ett st\u00e4nk av nyckfullhet till ditt barns sovplats. Kuddens ergonomiska design \u00e4r en mild omfamning f\u00f6r ditt barns k\u00e4nsliga huvud, som vaggas med omsorg f\u00f6r att uppmuntra en perfekt huvudform n\u00e4r de snoozar genom sina v\u00e4rdefulla f\u00f6rsta dagar. Med m\u00e5tten 35*22*3\/1,5 cm erbjuder den gener\u00f6st st\u00f6d samtidigt som den passar perfekt i olika milj\u00f6er. Oavsett om den ligger i spj\u00e4ls\u00e4ngens mysiga djup och skapar en himmelsk oas f\u00f6r l\u00e5nga tupplurar, eller om den placeras i barnvagnen f\u00f6r en lugn promenad i parken, ser den h\u00e4r kudden till att ditt barn alltid \u00e4r bekv\u00e4mt. Den \u00e4r ocks\u00e5 ett utm\u00e4rkt reses\u00e4llskap f\u00f6r familjens bilresor, eftersom den erbjuder en bekant och lugnande plats d\u00e4r ditt barn kan vila under resan. F\u00f6r\u00e4ldrarna \u00e4r \u00f6verlyckliga \u00f6ver den h\u00e4r kudden! En n\u00f6jd mamma ber\u00e4ttade: \"Min bebis \u00e4lskar den h\u00e4r molnformade kudden. De slumpm\u00e4ssiga trycken \u00e4r en s\u00e5 rolig \u00f6verraskning, och den \u00e4r s\u00e5 l\u00e4tt att tv\u00e4tta n\u00e4r den blir lite smutsig. Den har blivit en stapelvara n\u00e4r v\u00e5r bebis ska sova.\" En annan pappa sa: \"Jag var orolig f\u00f6r min bebis huvudform, men den h\u00e4r kudden har f\u00f6r\u00e4ndrat allt. Den \u00e4r mjuk, ger st\u00f6d och ser bed\u00e5rande ut i barnkammaren.\" Cloud Washable Shaping Pillow finns i de charmiga nyanserna rosa och bl\u00e5tt, var och en med sitt eget unika slumpm\u00e4ssiga m\u00f6nster, och \u00e4r inte bara ett s\u00f6mntillbeh\u00f6r utan en k\u00e4lla till gl\u00e4dje och komfort f\u00f6r ditt barn.<\/div>","protected":false},"excerpt":{"rendered":"<p>Cloud Washable Shaping Pillow \u00e4r en underbar produkt avsedd f\u00f6r sp\u00e4dbarn i \u00e5ldern 0 till 6 m\u00e5nader. Kudden \u00e4r formad som ett mjukt moln och har ett tilltalande utseende, och de slumpm\u00e4ssiga trycken med fisktema ger en rolig touch. Den unika designen ger ett mjukt st\u00f6d f\u00f6r barnets huvud och bidrar till att bibeh\u00e5lla en bra huvudform. M\u00e4ter 35* cm<em data-immersive-translate-walked=\"f7f4678a-e6ea-41bf-8db0-071fdda90f71\">22*<\/em>3\/1,5 cm, \u00e4r den tillr\u00e4ckligt stor f\u00f6r att ge gott om st\u00f6d men \u00e4nd\u00e5 l\u00e4mplig f\u00f6r olika babyrelaterade inst\u00e4llningar. Dessutom \u00e4r den tv\u00e4ttbar, vilket g\u00f6r den l\u00e4tt att h\u00e5lla ren och hygienisk. Den finns i rosa och bl\u00e5tt med olika slumpm\u00e4ssiga m\u00f6nster och ger f\u00f6r\u00e4ldrarna en liten \u00f6verraskning samtidigt som den \u00e4r funktionell f\u00f6r de sm\u00e5.<\/p>","protected":false},"featured_media":3280,"comment_status":"open","ping_status":"closed","template":"","meta":{"_uag_custom_page_level_css":"","site-sidebar-layout":"default","site-content-layout":"","ast-site-content-layout":"default","site-content-style":"default","site-sidebar-style":"default","ast-global-header-display":"","ast-banner-title-visibility":"","ast-main-header-display":"","ast-hfb-above-header-display":"","ast-hfb-below-header-display":"","ast-hfb-mobile-header-display":"","site-post-title":"","ast-breadcrumbs-content":"","ast-featured-img":"","footer-sml-layout":"","ast-disable-related-posts":"","theme-transparent-header-meta":"default","adv-header-id-meta":"","stick-header-meta":"","header-above-stick-meta":"","header-main-stick-meta":"","header-below-stick-meta":"","astra-migrate-meta-layouts":"set","ast-page-background-enabled":"default","ast-page-background-meta":{"desktop":{"background-color":"","background-image":"","background-repeat":"repeat","background-position":"center center","background-size":"auto","background-attachment":"scroll","background-type":"","background-media":"","overlay-type":"","overlay-color":"","overlay-opacity":"","overlay-gradient":""},"tablet":{"background-color":"","background-image":"","background-repeat":"repeat","background-position":"center center","background-size":"auto","background-attachment":"scroll","background-type":"","background-media":"","overlay-type":"","overlay-color":"","overlay-opacity":"","overlay-gradient":""},"mobile":{"background-color":"","background-image":"","background-repeat":"repeat","background-position":"center center","background-size":"auto","background-attachment":"scroll","background-type":"","background-media":"","overlay-type":"","overlay-color":"","overlay-opacity":"","overlay-gradient":""}},"ast-content-background-meta":{"desktop":{"background-color":"var(--ast-global-color-5)","background-image":"","background-repeat":"repeat","background-position":"center center","background-size":"auto","background-attachment":"scroll","background-type":"","background-media":"","overlay-type":"","overlay-color":"","overlay-opacity":"","overlay-gradient":""},"tablet":{"background-color":"var(--ast-global-color-5)","background-image":"","background-repeat":"repeat","background-position":"center center","background-size":"auto","background-attachment":"scroll","background-type":"","background-media":"","overlay-type":"","overlay-color":"","overlay-opacity":"","overlay-gradient":""},"mobile":{"background-color":"var(--ast-global-color-5)","background-image":"","background-repeat":"repeat","background-position":"center center","background-size":"auto","background-attachment":"scroll","background-type":"","background-media":"","overlay-type":"","overlay-color":"","overlay-opacity":"","overlay-gradient":""}}},"product_brand":[],"product_cat":[54,42],"product_tag":[70,68,71,69],"class_list":{"0":"post-3263","1":"product","2":"type-product","3":"status-publish","4":"has-post-thumbnail","6":"product_cat-0-to-6months","7":"product_cat-merchandise","8":"product_tag-babypillow","9":"product_tag-cuteanimalpillow","10":"product_tag-headshapesupport","11":"product_tag-kouniushapingpillow","12":"desktop-align-left","13":"tablet-align-left","14":"mobile-align-left","16":"first","17":"instock","18":"shipping-taxable","19":"product-type-simple"},"aioseo_notices":[],"uagb_featured_image_src":{"full":["https:\/\/babypillowwholesale.com\/wp-content\/uploads\/2025\/03\/1129-1.jpg",1000,1000,false],"thumbnail":["https:\/\/babypillowwholesale.com\/wp-content\/uploads\/2025\/03\/1129-1-150x150.jpg",150,150,true],"medium":["https:\/\/babypillowwholesale.com\/wp-content\/uploads\/2025\/03\/1129-1-300x300.jpg",300,300,true],"medium_large":["https:\/\/babypillowwholesale.com\/wp-content\/uploads\/2025\/03\/1129-1-768x768.jpg",768,768,true],"large":["https:\/\/babypillowwholesale.com\/wp-content\/uploads\/2025\/03\/1129-1.jpg",1000,1000,false],"1536x1536":["https:\/\/babypillowwholesale.com\/wp-content\/uploads\/2025\/03\/1129-1.jpg",1000,1000,false],"2048x2048":["https:\/\/babypillowwholesale.com\/wp-content\/uploads\/2025\/03\/1129-1.jpg",1000,1000,false],"trp-custom-language-flag":["https:\/\/babypillowwholesale.com\/wp-content\/uploads\/2025\/03\/1129-1.jpg",12,12,false],"woocommerce_thumbnail":["https:\/\/babypillowwholesale.com\/wp-content\/uploads\/2025\/03\/1129-1-300x300.jpg",300,300,true],"woocommerce_single":["https:\/\/babypillowwholesale.com\/wp-content\/uploads\/2025\/03\/1129-1-600x600.jpg",600,600,true],"woocommerce_gallery_thumbnail":["https:\/\/babypillowwholesale.com\/wp-content\/uploads\/2025\/03\/1129-1-100x100.jpg",100,100,true]},"uagb_author_info":{"display_name":"Etnen zhong","author_link":"https:\/\/babypillowwholesale.com\/sv\/author\/"},"uagb_comment_info":0,"uagb_excerpt":"The Cloud Washable Shaping Pillow is a wonderful product designed for infants aged 0 to 6 months. Shaped like a soft cloud, it has an appealing look, and the random fish - themed prints add a touch of fun. Its unique design provides gentle support to the baby's head, helping to maintain a good head&hellip;","jetpack_sharing_enabled":true,"_links":{"self":[{"href":"https:\/\/babypillowwholesale.com\/sv\/wp-json\/wp\/v2\/product\/3263","targetHints":{"allow":["GET"]}}],"collection":[{"href":"https:\/\/babypillowwholesale.com\/sv\/wp-json\/wp\/v2\/product"}],"about":[{"href":"https:\/\/babypillowwholesale.com\/sv\/wp-json\/wp\/v2\/types\/product"}],"replies":[{"embeddable":true,"href":"https:\/\/babypillowwholesale.com\/sv\/wp-json\/wp\/v2\/comments?post=3263"}],"wp:featuredmedia":[{"embeddable":true,"href":"https:\/\/babypillowwholesale.com\/sv\/wp-json\/wp\/v2\/media\/3280"}],"wp:attachment":[{"href":"https:\/\/babypillowwholesale.com\/sv\/wp-json\/wp\/v2\/media?parent=3263"}],"wp:term":[{"taxonomy":"product_brand","embeddable":true,"href":"https:\/\/babypillowwholesale.com\/sv\/wp-json\/wp\/v2\/product_brand?post=3263"},{"taxonomy":"product_cat","embeddable":true,"href":"https:\/\/babypillowwholesale.com\/sv\/wp-json\/wp\/v2\/product_cat?post=3263"},{"taxonomy":"product_tag","embeddable":true,"href":"https:\/\/babypillowwholesale.com\/sv\/wp-json\/wp\/v2\/product_tag?post=3263"}],"curies":[{"name":"wp","href":"https:\/\/api.w.org\/{rel}","templated":true}]}}