{"id":3386,"date":"2025-04-11T08:03:37","date_gmt":"2025-04-11T08:03:37","guid":{"rendered":"https:\/\/babypillowwholesale.com\/?post_type=product&#038;p=3386"},"modified":"2025-06-08T08:05:40","modified_gmt":"2025-06-08T08:05:40","slug":"bear-ear-printed-shaping-pillow","status":"publish","type":"product","link":"https:\/\/babypillowwholesale.com\/sl\/product\/bear-ear-printed-shaping-pillow\/","title":{"rendered":"Medvedje uho natisnjen vzglavnik za oblikovanje"},"content":{"rendered":"<div class=\"auto-hide-last-sibling-br paragraph-qzbcQC paragraph-element br-paragraph-space\" data-immersive-translate-walked=\"8e61f2e7-6af2-46e5-9672-3b9e4f4033d9\" data-immersive-translate-paragraph=\"1\">\n<div class=\"auto-hide-last-sibling-br paragraph-qzbcQC paragraph-element br-paragraph-space\">\n<div class=\"auto-hide-last-sibling-br paragraph-qzbcQC paragraph-element br-paragraph-space\">\n<div class=\"auto-hide-last-sibling-br paragraph-qzbcQC paragraph-element br-paragraph-space\">\n<div class=\"auto-hide-last-sibling-br paragraph-qzbcQC paragraph-element br-paragraph-space\">Predstavljamo potiskano blazino za oblikovanje medvedjega u\u0161esa, \u010dudovit in nepogre\u0161ljiv pripomo\u010dek za spanje, prilagojen dojen\u010dkom v obdobju od 0 do 6 mesecev. Ta vzglavnik je simfonija ljubkosti in funkcionalnosti, saj se pona\u0161a z o\u010darljivo obliko z o\u010darljivimi konturami v obliki medvedjega u\u0161esa. Njegova povr\u0161ina je kot platno veselja, ki ga krasi \u010dudovita paleta naklju\u010dnih potiskov z motivi prikupnih medvedkov, domiselnih balonov in sladkega sadja, kar vse prispeva k vzdu\u0161ju \u010distega \u0161arma.<\/div>\n<p>&nbsp;<\/p>\n<div class=\"auto-hide-last-sibling-br paragraph-qzbcQC paragraph-element br-paragraph-space\">Izdelan je iz vrhunskih materialov in zagotavlja ne\u017een, a hkrati podporen objem. Ta vzglavnik je strokovno zasnovan tako, da se prilega otrokovi glavi in pomaga ohranjati zdravo obliko glave v prvih mesecih \u017eivljenja. Meri 28*<em>21*<\/em>1,5 cm, zato se popolnoma prilega otro\u0161ki posteljici in ustvarja udobno in varno zavetje za va\u0161ega mal\u010dka.<\/div>\n<p>&nbsp;<\/p>\n<div class=\"auto-hide-last-sibling-br paragraph-qzbcQC paragraph-element br-paragraph-space\">Predstavljajte si svojega dragocenega dojen\u010dka, ki le\u017ei v svoji posteljici in ima glavo udobno polo\u017eeno na tem vzglavniku. Med dnevnim spanjem zagotavlja mehko in vabljivo povr\u0161ino, pono\u010di pa postane vir udobja in varnosti ter va\u0161emu dojen\u010dku pomaga, da se prevesi v miren spanec. Slu\u017ei tudi kot \u010dudovit dekorativni element v otro\u0161ki sobi, ki doda pridih muhavosti dekoraciji prostora.<\/div>\n<p>&nbsp;<\/p>\n<div class=\"auto-hide-last-sibling-br paragraph-qzbcQC paragraph-element br-paragraph-space\">Star\u0161i so bili nad tem izdelkom navdu\u0161eni. \"Ta vzglavnik za oblikovanje z natisnjenim u\u0161esom medvedka je obvezen! Mojemu otroku je veliko bolj udobno, zaradi ljubkih potiskov pa se bo v otro\u0161ki sobi \u0161e posebej izkazal. V\u0161e\u010d mi je, da pomaga tudi pri oblikovanju glave,\" je navdu\u0161ena nova mamica. O\u010de je dodal: \"Res sva navdu\u0161ena nad kakovostjo. Je mehak, trpe\u017een, dizajn pa je naravnost \u010dudovit. Postal je nepogre\u0161ljiv del otrokove spalne opreme.\"<\/div>\n<p>&nbsp;<\/p>\n<div class=\"auto-hide-last-sibling-br paragraph-qzbcQC paragraph-element br-paragraph-space\">Natisnjen vzglavnik za oblikovanje medvedjega u\u0161esa je harmoni\u010dna me\u0161anica udobja, ljubkosti in prakti\u010dnosti. To ni le posteljni pripomo\u010dek, temve\u010d cenjen del zgodnjega \u017eivljenja va\u0161ega otroka, ki s svojo ne\u017eno podporo in o\u010darljivo prisotnostjo obogati vsak trenutek, poln spanja.<\/div>\n<\/div>\n<\/div>\n<\/div>\n<\/div>","protected":false},"excerpt":{"rendered":"<p>Blazina za oblikovanje s potiskanim medvedjim u\u0161esom je o\u010darljiv in prakti\u010den pripomo\u010dek za spanje za dojen\u010dke, stare od 0 do 6 mesecev. Njegova oblika ima prikupne oblike medvedjega u\u0161esa in je okra\u0161ena s \u010dudovitimi naklju\u010dnimi potiski prikupnih medvedjih motivov in drugih sladkih elementov. Izdelan je iz kakovostnih materialov in zagotavlja ne\u017eno oporo za ohranjanje oblike dojen\u010dkove glave. Meri 28*<em>21*<\/em>1,5 cm, se dobro prilega otro\u0161ki posteljici. Ta vzglavnik ne ponuja le mehkega in udobnega po\u010divali\u0161\u010da za dojen\u010dka, temve\u010d tudi doda pridih ljubkosti otro\u0161ki sobi in ustvari prijetno okolje za dojen\u010dkov spanec.<\/p>","protected":false},"featured_media":3387,"comment_status":"open","ping_status":"closed","template":"","meta":{"_uag_custom_page_level_css":"","site-sidebar-layout":"default","site-content-layout":"","ast-site-content-layout":"default","site-content-style":"default","site-sidebar-style":"default","ast-global-header-display":"","ast-banner-title-visibility":"","ast-main-header-display":"","ast-hfb-above-header-display":"","ast-hfb-below-header-display":"","ast-hfb-mobile-header-display":"","site-post-title":"","ast-breadcrumbs-content":"","ast-featured-img":"","footer-sml-layout":"","ast-disable-related-posts":"","theme-transparent-header-meta":"default","adv-header-id-meta":"","stick-header-meta":"","header-above-stick-meta":"","header-main-stick-meta":"","header-below-stick-meta":"","astra-migrate-meta-layouts":"set","ast-page-background-enabled":"default","ast-page-background-meta":{"desktop":{"background-color":"","background-image":"","background-repeat":"repeat","background-position":"center center","background-size":"auto","background-attachment":"scroll","background-type":"","background-media":"","overlay-type":"","overlay-color":"","overlay-opacity":"","overlay-gradient":""},"tablet":{"background-color":"","background-image":"","background-repeat":"repeat","background-position":"center center","background-size":"auto","background-attachment":"scroll","background-type":"","background-media":"","overlay-type":"","overlay-color":"","overlay-opacity":"","overlay-gradient":""},"mobile":{"background-color":"","background-image":"","background-repeat":"repeat","background-position":"center center","background-size":"auto","background-attachment":"scroll","background-type":"","background-media":"","overlay-type":"","overlay-color":"","overlay-opacity":"","overlay-gradient":""}},"ast-content-background-meta":{"desktop":{"background-color":"var(--ast-global-color-5)","background-image":"","background-repeat":"repeat","background-position":"center center","background-size":"auto","background-attachment":"scroll","background-type":"","background-media":"","overlay-type":"","overlay-color":"","overlay-opacity":"","overlay-gradient":""},"tablet":{"background-color":"var(--ast-global-color-5)","background-image":"","background-repeat":"repeat","background-position":"center center","background-size":"auto","background-attachment":"scroll","background-type":"","background-media":"","overlay-type":"","overlay-color":"","overlay-opacity":"","overlay-gradient":""},"mobile":{"background-color":"var(--ast-global-color-5)","background-image":"","background-repeat":"repeat","background-position":"center center","background-size":"auto","background-attachment":"scroll","background-type":"","background-media":"","overlay-type":"","overlay-color":"","overlay-opacity":"","overlay-gradient":""}}},"product_brand":[],"product_cat":[54,42],"product_tag":[70,68,71,69],"class_list":{"0":"post-3386","1":"product","2":"type-product","3":"status-publish","4":"has-post-thumbnail","6":"product_cat-0-to-6months","7":"product_cat-merchandise","8":"product_tag-babypillow","9":"product_tag-cuteanimalpillow","10":"product_tag-headshapesupport","11":"product_tag-kouniushapingpillow","12":"desktop-align-left","13":"tablet-align-left","14":"mobile-align-left","16":"first","17":"instock","18":"shipping-taxable","19":"product-type-simple"},"aioseo_notices":[],"uagb_featured_image_src":{"full":["https:\/\/babypillowwholesale.com\/wp-content\/uploads\/2025\/04\/1010.jpg",1000,1000,false],"thumbnail":["https:\/\/babypillowwholesale.com\/wp-content\/uploads\/2025\/04\/1010-150x150.jpg",150,150,true],"medium":["https:\/\/babypillowwholesale.com\/wp-content\/uploads\/2025\/04\/1010-300x300.jpg",300,300,true],"medium_large":["https:\/\/babypillowwholesale.com\/wp-content\/uploads\/2025\/04\/1010-768x768.jpg",768,768,true],"large":["https:\/\/babypillowwholesale.com\/wp-content\/uploads\/2025\/04\/1010.jpg",1000,1000,false],"1536x1536":["https:\/\/babypillowwholesale.com\/wp-content\/uploads\/2025\/04\/1010.jpg",1000,1000,false],"2048x2048":["https:\/\/babypillowwholesale.com\/wp-content\/uploads\/2025\/04\/1010.jpg",1000,1000,false],"trp-custom-language-flag":["https:\/\/babypillowwholesale.com\/wp-content\/uploads\/2025\/04\/1010.jpg",12,12,false],"woocommerce_thumbnail":["https:\/\/babypillowwholesale.com\/wp-content\/uploads\/2025\/04\/1010-300x300.jpg",300,300,true],"woocommerce_single":["https:\/\/babypillowwholesale.com\/wp-content\/uploads\/2025\/04\/1010-600x600.jpg",600,600,true],"woocommerce_gallery_thumbnail":["https:\/\/babypillowwholesale.com\/wp-content\/uploads\/2025\/04\/1010-100x100.jpg",100,100,true]},"uagb_author_info":{"display_name":"Etnen zhong","author_link":"https:\/\/babypillowwholesale.com\/sl\/author\/"},"uagb_comment_info":0,"uagb_excerpt":"The Bear Ear Printed Shaping Pillow is a charming and practical sleep aid for infants aged 0 - 6 months. Its design features cute bear ear - like shapes and is adorned with delightful random prints of adorable bear motifs and other sweet elements. Made with quality materials, it provides gentle support to help maintain&hellip;","jetpack_sharing_enabled":true,"_links":{"self":[{"href":"https:\/\/babypillowwholesale.com\/sl\/wp-json\/wp\/v2\/product\/3386","targetHints":{"allow":["GET"]}}],"collection":[{"href":"https:\/\/babypillowwholesale.com\/sl\/wp-json\/wp\/v2\/product"}],"about":[{"href":"https:\/\/babypillowwholesale.com\/sl\/wp-json\/wp\/v2\/types\/product"}],"replies":[{"embeddable":true,"href":"https:\/\/babypillowwholesale.com\/sl\/wp-json\/wp\/v2\/comments?post=3386"}],"wp:featuredmedia":[{"embeddable":true,"href":"https:\/\/babypillowwholesale.com\/sl\/wp-json\/wp\/v2\/media\/3387"}],"wp:attachment":[{"href":"https:\/\/babypillowwholesale.com\/sl\/wp-json\/wp\/v2\/media?parent=3386"}],"wp:term":[{"taxonomy":"product_brand","embeddable":true,"href":"https:\/\/babypillowwholesale.com\/sl\/wp-json\/wp\/v2\/product_brand?post=3386"},{"taxonomy":"product_cat","embeddable":true,"href":"https:\/\/babypillowwholesale.com\/sl\/wp-json\/wp\/v2\/product_cat?post=3386"},{"taxonomy":"product_tag","embeddable":true,"href":"https:\/\/babypillowwholesale.com\/sl\/wp-json\/wp\/v2\/product_tag?post=3386"}],"curies":[{"name":"wp","href":"https:\/\/api.w.org\/{rel}","templated":true}]}}