{"id":3383,"date":"2025-04-11T07:55:31","date_gmt":"2025-04-11T07:55:31","guid":{"rendered":"https:\/\/babypillowwholesale.com\/?post_type=product&#038;p=3383"},"modified":"2025-06-08T08:07:13","modified_gmt":"2025-06-08T08:07:13","slug":"little-apple-memory-pillow","status":"publish","type":"product","link":"https:\/\/babypillowwholesale.com\/sl\/product\/little-apple-memory-pillow\/","title":{"rendered":"Vzglavnik za spomin Little Apple"},"content":{"rendered":"<div class=\"auto-hide-last-sibling-br paragraph-qzbcQC paragraph-element br-paragraph-space\" data-immersive-translate-walked=\"8e61f2e7-6af2-46e5-9672-3b9e4f4033d9\" data-immersive-translate-paragraph=\"1\">\n<div class=\"auto-hide-last-sibling-br paragraph-qzbcQC paragraph-element br-paragraph-space\">\n<div class=\"auto-hide-last-sibling-br paragraph-qzbcQC paragraph-element br-paragraph-space\">\n<div class=\"auto-hide-last-sibling-br paragraph-qzbcQC paragraph-element br-paragraph-space\">Predstavljamo blazino Little Apple Memory Pillow, ljubkega in nepogre\u0161ljivega spremljevalca za spanje, ki je bil izdelan posebej za dojen\u010dke v ne\u017enem obdobju od 0 do 3 mesecev. Ta vzglavnik s svojo o\u010darljivo silhueto v obliki jabolka takoj pritegne pozornost, saj \u017ee od samega za\u010detka iz\u017eareva ob\u010dutek sladkosti in igrivosti.<\/div>\n<p>&nbsp;<\/p>\n<div class=\"auto-hide-last-sibling-br paragraph-qzbcQC paragraph-element br-paragraph-space\">Izdelan je iz vrhunske spominske pene in je zgled udobja. Ne\u017eno in gladko se oblikuje po edinstvenih obrisih otrokove glave ter zagotavlja prilagojeno raven podpore, ki je ne\u017ena in pomirjujo\u010da. Povr\u0161ina vzglavnika je o\u010darljivo platno, ki ga krasijo \u010dudoviti naklju\u010dni potiski, ki dodajo kan\u010dek muhavosti in topline. Vsak odtis je kot drobna zgodba, ki prispeva k splo\u0161ni \u010dudovitosti blazine.<\/div>\n<p>&nbsp;<\/p>\n<div class=\"auto-hide-last-sibling-br paragraph-qzbcQC paragraph-element br-paragraph-space\">Meri le 20*<em>22*<\/em>1,5 cm, zato se odli\u010dno prilega otro\u0161ki posteljici in ustvarja prijetno zavetje za va\u0161ega mal\u010dka. Predstavljajte si svojega dragocenega dojen\u010dka, ki le\u017ei v svoji posteljici in mu ta blazina v obliki jabolka ne\u017eno ziblje glavo. Postane mehko in varno mesto, kjer lahko mirno zaspi, obdan z ne\u017enim objemom spominske pene in prikupnimi potiski.<\/div>\n<p>&nbsp;<\/p>\n<div class=\"auto-hide-last-sibling-br paragraph-qzbcQC paragraph-element br-paragraph-space\">V prvih dneh, ko dojen\u010dek ve\u010dino \u010dasa spi, je blazina Little Apple Memory Pillow stalen vir udobja. Ne glede na to, ali gre za kratek dnevni spanec ali dalj\u0161i no\u010dni spanec, ta vzglavnik zagotavlja stalno in pomirjujo\u010do povr\u0161ino. Postane tudi osrednja to\u010dka v otro\u0161ki sobi in celotnemu dekorju doda pridih ljubkosti.<\/div>\n<p>&nbsp;<\/p>\n<div class=\"auto-hide-last-sibling-br paragraph-qzbcQC paragraph-element br-paragraph-space\">Star\u0161i so to \u010dudovito blazino zelo pohvalili. \"Zaljubljen sem v blazino Little Apple Memory Pillow! Je tako prikupen in moj novorojen\u010dek se zdi veliko bolj udoben. Spominska pena spremeni pravila igre,\" je navdu\u0161eno dejala nova mamica. O\u010de je dodal: \"V\u0161e\u010d nam je, da otro\u0161ki sobi dodaja nekaj \u0161arma. Dobro se je obdr\u017eala in res se zdi, da pomaga na\u0161emu otroku bolje spati.\"<\/div>\n<p>&nbsp;<\/p>\n<div class=\"auto-hide-last-sibling-br paragraph-qzbcQC paragraph-element br-paragraph-space\">Vzglavnik Little Apple Memory Pillow je harmoni\u010dna me\u0161anica udobja, ljubkosti in funkcionalnosti. To ni le posteljni pripomo\u010dek, temve\u010d cenjen del otrokovega zgodnjega \u017eivljenja, ki vsak trenutek, poln spanja, napolni z ob\u010dutkom miru in ne\u017enosti.<\/div>\n<\/div>\n<\/div>\n<\/div>","protected":false},"excerpt":{"rendered":"<p>Vzglavnik Little Apple Memory Pillow je sladek in prakti\u010den pripomo\u010dek za spanje, namenjen dojen\u010dkom, starim od 0 do 3 mesecev. Oblikovan je kot ljubko jabolko in s svojo prikupno obliko takoj pritegne pozornost. Narejen je iz spominske pene, zato se mehko prilagaja dojen\u010dkovi glavi ter zagotavlja ne\u017eno in prilagojeno podporo. Povr\u0161ina je okra\u0161ena z o\u010darljivimi naklju\u010dnimi potiski, ki dodajo pridih ljubkosti. Z majhno velikostjo 20*<em>22*<\/em>1,5 cm, se popolnoma prilega otro\u0161ki posteljici. Ta vzglavnik ne le pomaga ohranjati obliko otrokove glave, temve\u010d tudi nudi prijetno in udobno po\u010divali\u0161\u010de ter ustvarja mirno okolje za otrokov miren spanec.<\/p>","protected":false},"featured_media":3384,"comment_status":"open","ping_status":"closed","template":"","meta":{"_uag_custom_page_level_css":"","site-sidebar-layout":"default","site-content-layout":"","ast-site-content-layout":"default","site-content-style":"default","site-sidebar-style":"default","ast-global-header-display":"","ast-banner-title-visibility":"","ast-main-header-display":"","ast-hfb-above-header-display":"","ast-hfb-below-header-display":"","ast-hfb-mobile-header-display":"","site-post-title":"","ast-breadcrumbs-content":"","ast-featured-img":"","footer-sml-layout":"","ast-disable-related-posts":"","theme-transparent-header-meta":"default","adv-header-id-meta":"","stick-header-meta":"","header-above-stick-meta":"","header-main-stick-meta":"","header-below-stick-meta":"","astra-migrate-meta-layouts":"set","ast-page-background-enabled":"default","ast-page-background-meta":{"desktop":{"background-color":"","background-image":"","background-repeat":"repeat","background-position":"center center","background-size":"auto","background-attachment":"scroll","background-type":"","background-media":"","overlay-type":"","overlay-color":"","overlay-opacity":"","overlay-gradient":""},"tablet":{"background-color":"","background-image":"","background-repeat":"repeat","background-position":"center center","background-size":"auto","background-attachment":"scroll","background-type":"","background-media":"","overlay-type":"","overlay-color":"","overlay-opacity":"","overlay-gradient":""},"mobile":{"background-color":"","background-image":"","background-repeat":"repeat","background-position":"center center","background-size":"auto","background-attachment":"scroll","background-type":"","background-media":"","overlay-type":"","overlay-color":"","overlay-opacity":"","overlay-gradient":""}},"ast-content-background-meta":{"desktop":{"background-color":"var(--ast-global-color-5)","background-image":"","background-repeat":"repeat","background-position":"center center","background-size":"auto","background-attachment":"scroll","background-type":"","background-media":"","overlay-type":"","overlay-color":"","overlay-opacity":"","overlay-gradient":""},"tablet":{"background-color":"var(--ast-global-color-5)","background-image":"","background-repeat":"repeat","background-position":"center center","background-size":"auto","background-attachment":"scroll","background-type":"","background-media":"","overlay-type":"","overlay-color":"","overlay-opacity":"","overlay-gradient":""},"mobile":{"background-color":"var(--ast-global-color-5)","background-image":"","background-repeat":"repeat","background-position":"center center","background-size":"auto","background-attachment":"scroll","background-type":"","background-media":"","overlay-type":"","overlay-color":"","overlay-opacity":"","overlay-gradient":""}}},"product_brand":[],"product_cat":[54,42],"product_tag":[70,68,71,69],"class_list":{"0":"post-3383","1":"product","2":"type-product","3":"status-publish","4":"has-post-thumbnail","6":"product_cat-0-to-6months","7":"product_cat-merchandise","8":"product_tag-babypillow","9":"product_tag-cuteanimalpillow","10":"product_tag-headshapesupport","11":"product_tag-kouniushapingpillow","12":"desktop-align-left","13":"tablet-align-left","14":"mobile-align-left","16":"first","17":"instock","18":"shipping-taxable","19":"product-type-simple"},"aioseo_notices":[],"uagb_featured_image_src":{"full":["https:\/\/babypillowwholesale.com\/wp-content\/uploads\/2025\/04\/1003.jpg",1000,1000,false],"thumbnail":["https:\/\/babypillowwholesale.com\/wp-content\/uploads\/2025\/04\/1003-150x150.jpg",150,150,true],"medium":["https:\/\/babypillowwholesale.com\/wp-content\/uploads\/2025\/04\/1003-300x300.jpg",300,300,true],"medium_large":["https:\/\/babypillowwholesale.com\/wp-content\/uploads\/2025\/04\/1003-768x768.jpg",768,768,true],"large":["https:\/\/babypillowwholesale.com\/wp-content\/uploads\/2025\/04\/1003.jpg",1000,1000,false],"1536x1536":["https:\/\/babypillowwholesale.com\/wp-content\/uploads\/2025\/04\/1003.jpg",1000,1000,false],"2048x2048":["https:\/\/babypillowwholesale.com\/wp-content\/uploads\/2025\/04\/1003.jpg",1000,1000,false],"trp-custom-language-flag":["https:\/\/babypillowwholesale.com\/wp-content\/uploads\/2025\/04\/1003.jpg",12,12,false],"woocommerce_thumbnail":["https:\/\/babypillowwholesale.com\/wp-content\/uploads\/2025\/04\/1003-300x300.jpg",300,300,true],"woocommerce_single":["https:\/\/babypillowwholesale.com\/wp-content\/uploads\/2025\/04\/1003-600x600.jpg",600,600,true],"woocommerce_gallery_thumbnail":["https:\/\/babypillowwholesale.com\/wp-content\/uploads\/2025\/04\/1003-100x100.jpg",100,100,true]},"uagb_author_info":{"display_name":"Etnen zhong","author_link":"https:\/\/babypillowwholesale.com\/sl\/author\/"},"uagb_comment_info":0,"uagb_excerpt":"The Little Apple Memory Pillow is a sweet and practical sleep essential designed for infants aged 0 - 3 months. Shaped like a cute apple, it immediately catches the eye with its adorable form. Made of memory foam, it softly conforms to the baby's head, providing gentle and customized support. The surface is decorated with&hellip;","jetpack_sharing_enabled":true,"_links":{"self":[{"href":"https:\/\/babypillowwholesale.com\/sl\/wp-json\/wp\/v2\/product\/3383","targetHints":{"allow":["GET"]}}],"collection":[{"href":"https:\/\/babypillowwholesale.com\/sl\/wp-json\/wp\/v2\/product"}],"about":[{"href":"https:\/\/babypillowwholesale.com\/sl\/wp-json\/wp\/v2\/types\/product"}],"replies":[{"embeddable":true,"href":"https:\/\/babypillowwholesale.com\/sl\/wp-json\/wp\/v2\/comments?post=3383"}],"wp:featuredmedia":[{"embeddable":true,"href":"https:\/\/babypillowwholesale.com\/sl\/wp-json\/wp\/v2\/media\/3384"}],"wp:attachment":[{"href":"https:\/\/babypillowwholesale.com\/sl\/wp-json\/wp\/v2\/media?parent=3383"}],"wp:term":[{"taxonomy":"product_brand","embeddable":true,"href":"https:\/\/babypillowwholesale.com\/sl\/wp-json\/wp\/v2\/product_brand?post=3383"},{"taxonomy":"product_cat","embeddable":true,"href":"https:\/\/babypillowwholesale.com\/sl\/wp-json\/wp\/v2\/product_cat?post=3383"},{"taxonomy":"product_tag","embeddable":true,"href":"https:\/\/babypillowwholesale.com\/sl\/wp-json\/wp\/v2\/product_tag?post=3383"}],"curies":[{"name":"wp","href":"https:\/\/api.w.org\/{rel}","templated":true}]}}