{"id":3342,"date":"2025-04-05T07:59:35","date_gmt":"2025-04-05T07:59:35","guid":{"rendered":"https:\/\/babypillowwholesale.com\/?post_type=product&#038;p=3342"},"modified":"2025-06-08T11:47:59","modified_gmt":"2025-06-08T11:47:59","slug":"hydrophilic-sponge-infant-pillow","status":"publish","type":"product","link":"https:\/\/babypillowwholesale.com\/sl\/product\/hydrophilic-sponge-infant-pillow\/","title":{"rendered":"Hidrofilna goba za dojen\u010dke"},"content":{"rendered":"<div class=\"auto-hide-last-sibling-br paragraph-qzbcQC paragraph-element br-paragraph-space\" data-immersive-translate-walked=\"8e61f2e7-6af2-46e5-9672-3b9e4f4033d9\" data-immersive-translate-paragraph=\"1\">\n<div class=\"auto-hide-last-sibling-br paragraph-qzbcQC paragraph-element br-paragraph-space\">\n<div class=\"auto-hide-last-sibling-br paragraph-qzbcQC paragraph-element br-paragraph-space\">\n<div class=\"auto-hide-last-sibling-br paragraph-qzbcQC paragraph-element br-paragraph-space\">\n<div class=\"auto-hide-last-sibling-br paragraph-qzbcQC paragraph-element br-paragraph-space\">\n<div class=\"auto-hide-last-sibling-br paragraph-qzbcQC paragraph-element br-paragraph-space\">\n<div class=\"auto-hide-last-sibling-br paragraph-qzbcQC paragraph-element br-paragraph-space\">\n<div class=\"auto-hide-last-sibling-br paragraph-qzbcQC paragraph-element br-paragraph-space\">\n<div class=\"auto-hide-last-sibling-br paragraph-qzbcQC paragraph-element br-paragraph-space\">\n<div class=\"auto-hide-last-sibling-br paragraph-qzbcQC paragraph-element br-paragraph-space\">\n<div class=\"auto-hide-last-sibling-br paragraph-qzbcQC paragraph-element br-paragraph-space\">\n<div class=\"auto-hide-last-sibling-br paragraph-qzbcQC paragraph-element br-paragraph-space\">\n<div class=\"auto-hide-last-sibling-br paragraph-qzbcQC paragraph-element br-paragraph-space\">\n<div class=\"auto-hide-last-sibling-br paragraph-qzbcQC paragraph-element br-paragraph-space\">Predstavljamo blazino za dojen\u010dke s hidrofilno gobo, izvrstnega spremljevalca za spanje, prilagojenega otrokom v obdobju od 1 do 3 let. Izdelan je iz vrhunske hidrofilne gobice, ki je razko\u0161no mehka in \u017eametna na dotik ter ustvarja oazo udobja, ki va\u0161ega mal\u010dka zaziblje v miren spanec.<\/div>\n<p>&nbsp;<\/p>\n<div class=\"auto-hide-last-sibling-br paragraph-qzbcQC paragraph-element br-paragraph-space\">Oblika vzglavnika je o\u010darljiva me\u0161anica ljubkosti in domi\u0161ljije, saj je na njem prikupna panda z angelsko avreolo. Ta \u010dudoviti motiv ne le buri domi\u0161ljijo, ampak tudi dodaja kan\u010dek \u010darobnosti pred spanjem. Meri 40*<em>24*<\/em>3 cm, je popolnoma oblikovan, da zagotavlja ne\u017eno, a u\u010dinkovito podporo otrokovi glavi in vratu ter spodbuja zdravo in mirno dr\u017eo med spanjem.<\/div>\n<p>&nbsp;<\/p>\n<div class=\"auto-hide-last-sibling-br paragraph-qzbcQC paragraph-element br-paragraph-space\">Na voljo je v o\u010darljivih odtenkih Angel Pink Bear in Angel Blue Bear, zato brez te\u017eav dopolnjuje vsak dekor v otro\u0161ki sobi ter mu dodaja barvitost in \u010dar. Predstavljajte si svojega otroka, kako se pred spanjem stiska k temu \u010dudovitemu vzglavniku. Postane vir udobja in varnosti, portal v de\u017eelo sanj, polno puhastih oblakov in prijaznih pand. \u010cez dan je lahko prijatelj za igro, mehko pristajali\u0161\u010de za improviziran dreme\u017e na tleh dnevne sobe ali tola\u017eba v trenutkih nemira.<\/div>\n<p>&nbsp;<\/p>\n<div class=\"auto-hide-last-sibling-br paragraph-qzbcQC paragraph-element br-paragraph-space\">Star\u0161i ga hvalijo. \"Moj dveletnik je zaljubljen v ta vzglavnik! Mehak je neverjetno mehak, panda s halo pa je preprosto preve\u010d prikupna. Z njim je veliko la\u017eje hoditi spat,\" je povedala zadovoljna mama. O\u010de je dodal: \"V\u0161e\u010d nam je, da je vzglavnik v otrokovo sobo vnesel pridih muhavosti. Dobro se je obdr\u017eala med ne\u0161tetimi objemi in pranji. Vsekakor ga je treba imeti!\"<\/div>\n<p>&nbsp;<\/p>\n<div class=\"auto-hide-last-sibling-br paragraph-qzbcQC paragraph-element br-paragraph-space\">Hidrofilna goba za dojen\u010dke je ve\u010d kot le posteljni pripomo\u010dek. Je cenjen del otrokovega vsakdana, ki zdru\u017euje udobje, ljubkost in funkcionalnost ter ustvarja \u010darobne trenutke v njegovih zgodnjih letih.<\/div>\n<\/div>\n<\/div>\n<\/div>\n<\/div>\n<\/div>\n<\/div>\n<\/div>\n<\/div>\n<\/div>\n<\/div>\n<\/div>\n<\/div>\n<\/div>","protected":false},"excerpt":{"rendered":"<div class=\"container-QE4ayg\">\n<div class=\"item-jU10IN\">\n<div class=\"container-jODEnh chrome70-container\">\n<div class=\"inner-eE95c9 inner-item-aL3Ui_\" data-target-id=\"message-box-target-id\" data-testid=\"union_message\">\n<div class=\"message-block-container-liuetz\" data-testid=\"message-block-container\">\n<div class=\"message-box-ZWbBdF\" data-testid=\"receive_message\">\n<div class=\"message-box-content-wrapper-srHdUj\">\n<div class=\"message-content message-box-content-otxGGw receive-message-box-content-_lREFj samantha-message-box-content-Qjmpja\" data-testid=\"message_content\">\n<div class=\"container-hfX5E8 flow-markdown-body theme-samantha-yJEgBp\" dir=\"ltr\" data-testid=\"message_text_content\" data-show-indicator=\"false\">\n<div class=\"auto-hide-last-sibling-br paragraph-qzbcQC paragraph-element br-paragraph-space\">\n<div class=\"container-QE4ayg\">\n<div class=\"item-jU10IN\">\n<div class=\"container-jODEnh chrome70-container\">\n<div class=\"inner-eE95c9 inner-item-aL3Ui_\" data-target-id=\"message-box-target-id\" data-testid=\"union_message\">\n<div class=\"message-block-container-liuetz\" data-testid=\"message-block-container\">\n<div class=\"message-box-ZWbBdF\" data-testid=\"receive_message\">\n<div class=\"message-box-content-wrapper-srHdUj\">\n<div class=\"message-content message-box-content-otxGGw receive-message-box-content-_lREFj samantha-message-box-content-Qjmpja\" data-testid=\"message_content\">\n<div class=\"container-hfX5E8 flow-markdown-body theme-samantha-yJEgBp\" dir=\"ltr\" data-testid=\"message_text_content\" data-show-indicator=\"false\">\n<div class=\"auto-hide-last-sibling-br paragraph-qzbcQC paragraph-element br-paragraph-space\">Vzglavnik za dojen\u010dke iz hidrofilne gobe je odli\u010den pripomo\u010dek za spanje otrok, starih od 1 do 3 let. Narejen je iz hidrofilne gobice, zato je mehak in prijeten na dotik ter zagotavlja udobno spanje za va\u0161ega mal\u010dka. Njegovo obliko krasi prikupna panda z angelsko avreolo, ki dodaja muhast in o\u010darljiv element. Meri 40*<em>24*<\/em>3 cm, zagotavlja ustrezno podporo glavi in vratu. Na voljo je v dveh \u010dudovitih barvah - Angelski roza medvedek in Angelski modri medvedek, zato se zlahka ujema z razli\u010dnimi dekoracijami otro\u0161kih sob. Ta vzglavnik ne spodbuja le dobrega spanca, temve\u010d tudi dodaja pridih domi\u0161ljije in topline otrokovi rutini pred spanjem.<\/div>\n<\/div>\n<\/div>\n<\/div>\n<div class=\"answer-action-bar-uORVoB bottom-action-bar-wrapper-XE0wUd hide-SOehmu answer-action-bar\" data-testid=\"message_action_bar\"><\/div>\n<\/div>\n<\/div>\n<\/div>\n<\/div>\n<\/div>\n<\/div>\n<div class=\"container-QE4ayg\">\n<div class=\"item-jU10IN\">\n<div class=\"container-jODEnh chrome70-container\">\n<div class=\"inner-eE95c9 inner-item-aL3Ui_\" data-target-id=\"message-box-target-id\" data-testid=\"union_message\">\n<div class=\"message-block-container-liuetz\" data-testid=\"message-block-container\">\n<div class=\"message-box-ZWbBdF message-box__reverse-vkxp8L\" data-testid=\"send_message\">\n<div class=\"message-box-content-wrapper-srHdUj send-message-e0EUGT\">\n<div class=\"message-content message-box-content-otxGGw send-message-box-content-N1r3Gh samantha-message-box-content-Qjmpja\" data-testid=\"message_content\"><\/div>\n<\/div>\n<\/div>\n<\/div>\n<\/div>\n<\/div>\n<\/div>\n<\/div>\n<\/div>\n<\/div>\n<\/div>\n<\/div>\n<\/div>\n<\/div>\n<\/div>\n<\/div>\n<\/div>\n<\/div>","protected":false},"featured_media":3343,"comment_status":"open","ping_status":"closed","template":"","meta":{"_uag_custom_page_level_css":"","site-sidebar-layout":"default","site-content-layout":"","ast-site-content-layout":"default","site-content-style":"default","site-sidebar-style":"default","ast-global-header-display":"","ast-banner-title-visibility":"","ast-main-header-display":"","ast-hfb-above-header-display":"","ast-hfb-below-header-display":"","ast-hfb-mobile-header-display":"","site-post-title":"","ast-breadcrumbs-content":"","ast-featured-img":"","footer-sml-layout":"","ast-disable-related-posts":"","theme-transparent-header-meta":"default","adv-header-id-meta":"","stick-header-meta":"","header-above-stick-meta":"","header-main-stick-meta":"","header-below-stick-meta":"","astra-migrate-meta-layouts":"set","ast-page-background-enabled":"default","ast-page-background-meta":{"desktop":{"background-color":"","background-image":"","background-repeat":"repeat","background-position":"center center","background-size":"auto","background-attachment":"scroll","background-type":"","background-media":"","overlay-type":"","overlay-color":"","overlay-opacity":"","overlay-gradient":""},"tablet":{"background-color":"","background-image":"","background-repeat":"repeat","background-position":"center center","background-size":"auto","background-attachment":"scroll","background-type":"","background-media":"","overlay-type":"","overlay-color":"","overlay-opacity":"","overlay-gradient":""},"mobile":{"background-color":"","background-image":"","background-repeat":"repeat","background-position":"center center","background-size":"auto","background-attachment":"scroll","background-type":"","background-media":"","overlay-type":"","overlay-color":"","overlay-opacity":"","overlay-gradient":""}},"ast-content-background-meta":{"desktop":{"background-color":"var(--ast-global-color-5)","background-image":"","background-repeat":"repeat","background-position":"center center","background-size":"auto","background-attachment":"scroll","background-type":"","background-media":"","overlay-type":"","overlay-color":"","overlay-opacity":"","overlay-gradient":""},"tablet":{"background-color":"var(--ast-global-color-5)","background-image":"","background-repeat":"repeat","background-position":"center center","background-size":"auto","background-attachment":"scroll","background-type":"","background-media":"","overlay-type":"","overlay-color":"","overlay-opacity":"","overlay-gradient":""},"mobile":{"background-color":"var(--ast-global-color-5)","background-image":"","background-repeat":"repeat","background-position":"center center","background-size":"auto","background-attachment":"scroll","background-type":"","background-media":"","overlay-type":"","overlay-color":"","overlay-opacity":"","overlay-gradient":""}}},"product_brand":[],"product_cat":[56,42],"product_tag":[70,68,71,69],"class_list":{"0":"post-3342","1":"product","2":"type-product","3":"status-publish","4":"has-post-thumbnail","6":"product_cat-1-to-3-years","7":"product_cat-merchandise","8":"product_tag-babypillow","9":"product_tag-cuteanimalpillow","10":"product_tag-headshapesupport","11":"product_tag-kouniushapingpillow","12":"desktop-align-left","13":"tablet-align-left","14":"mobile-align-left","16":"first","17":"instock","18":"shipping-taxable","19":"product-type-simple"},"aioseo_notices":[],"uagb_featured_image_src":{"full":["https:\/\/babypillowwholesale.com\/wp-content\/uploads\/2025\/04\/1536.jpg",1000,1000,false],"thumbnail":["https:\/\/babypillowwholesale.com\/wp-content\/uploads\/2025\/04\/1536-150x150.jpg",150,150,true],"medium":["https:\/\/babypillowwholesale.com\/wp-content\/uploads\/2025\/04\/1536-300x300.jpg",300,300,true],"medium_large":["https:\/\/babypillowwholesale.com\/wp-content\/uploads\/2025\/04\/1536-768x768.jpg",768,768,true],"large":["https:\/\/babypillowwholesale.com\/wp-content\/uploads\/2025\/04\/1536.jpg",1000,1000,false],"1536x1536":["https:\/\/babypillowwholesale.com\/wp-content\/uploads\/2025\/04\/1536.jpg",1000,1000,false],"2048x2048":["https:\/\/babypillowwholesale.com\/wp-content\/uploads\/2025\/04\/1536.jpg",1000,1000,false],"trp-custom-language-flag":["https:\/\/babypillowwholesale.com\/wp-content\/uploads\/2025\/04\/1536.jpg",12,12,false],"woocommerce_thumbnail":["https:\/\/babypillowwholesale.com\/wp-content\/uploads\/2025\/04\/1536-300x300.jpg",300,300,true],"woocommerce_single":["https:\/\/babypillowwholesale.com\/wp-content\/uploads\/2025\/04\/1536-600x600.jpg",600,600,true],"woocommerce_gallery_thumbnail":["https:\/\/babypillowwholesale.com\/wp-content\/uploads\/2025\/04\/1536-100x100.jpg",100,100,true]},"uagb_author_info":{"display_name":"Etnen zhong","author_link":"https:\/\/babypillowwholesale.com\/sl\/author\/"},"uagb_comment_info":0,"uagb_excerpt":"The Hydrophilic Sponge Infant Pillow is a perfect sleep companion for children aged 1 - 3 years. Made from hydrophilic sponge, it offers a soft and comfortable touch, ensuring a cozy sleeping experience for your little one. Its design features an adorable panda with an angelic halo, adding a whimsical and charming element. Measuring 40*24*3CM,&hellip;","jetpack_sharing_enabled":true,"_links":{"self":[{"href":"https:\/\/babypillowwholesale.com\/sl\/wp-json\/wp\/v2\/product\/3342","targetHints":{"allow":["GET"]}}],"collection":[{"href":"https:\/\/babypillowwholesale.com\/sl\/wp-json\/wp\/v2\/product"}],"about":[{"href":"https:\/\/babypillowwholesale.com\/sl\/wp-json\/wp\/v2\/types\/product"}],"replies":[{"embeddable":true,"href":"https:\/\/babypillowwholesale.com\/sl\/wp-json\/wp\/v2\/comments?post=3342"}],"wp:featuredmedia":[{"embeddable":true,"href":"https:\/\/babypillowwholesale.com\/sl\/wp-json\/wp\/v2\/media\/3343"}],"wp:attachment":[{"href":"https:\/\/babypillowwholesale.com\/sl\/wp-json\/wp\/v2\/media?parent=3342"}],"wp:term":[{"taxonomy":"product_brand","embeddable":true,"href":"https:\/\/babypillowwholesale.com\/sl\/wp-json\/wp\/v2\/product_brand?post=3342"},{"taxonomy":"product_cat","embeddable":true,"href":"https:\/\/babypillowwholesale.com\/sl\/wp-json\/wp\/v2\/product_cat?post=3342"},{"taxonomy":"product_tag","embeddable":true,"href":"https:\/\/babypillowwholesale.com\/sl\/wp-json\/wp\/v2\/product_tag?post=3342"}],"curies":[{"name":"wp","href":"https:\/\/api.w.org\/{rel}","templated":true}]}}