{"id":3323,"date":"2025-04-02T16:47:01","date_gmt":"2025-04-02T16:47:01","guid":{"rendered":"https:\/\/babypillowwholesale.com\/?post_type=product&#038;p=3323"},"modified":"2025-06-08T15:14:33","modified_gmt":"2025-06-08T15:14:33","slug":"hydrophilic-sponge-soothing-cloud-shaped-pillow","status":"publish","type":"product","link":"https:\/\/babypillowwholesale.com\/sl\/product\/hydrophilic-sponge-soothing-cloud-shaped-pillow\/","title":{"rendered":"Hidrofilna goba za pomirjanje oblaka v obliki blazine"},"content":{"rendered":"<div class=\"auto-hide-last-sibling-br paragraph-qzbcQC paragraph-element br-paragraph-space\" data-immersive-translate-walked=\"8e61f2e7-6af2-46e5-9672-3b9e4f4033d9\" data-immersive-translate-paragraph=\"1\">\n<div class=\"auto-hide-last-sibling-br paragraph-qzbcQC paragraph-element br-paragraph-space\">\n<div class=\"auto-hide-last-sibling-br paragraph-qzbcQC paragraph-element br-paragraph-space\">\n<div class=\"auto-hide-last-sibling-br paragraph-qzbcQC paragraph-element br-paragraph-space\">\n<div class=\"auto-hide-last-sibling-br paragraph-qzbcQC paragraph-element br-paragraph-space\">\n<div class=\"auto-hide-last-sibling-br paragraph-qzbcQC paragraph-element br-paragraph-space\">\n<div class=\"auto-hide-last-sibling-br paragraph-qzbcQC paragraph-element br-paragraph-space\">\n<div class=\"auto-hide-last-sibling-br paragraph-qzbcQC paragraph-element br-paragraph-space\">Predstavljamo blazino v obliki obla\u010dka iz hidrofilne gobe, ki je ne\u017een objem za dojen\u010dke v prvem letu \u017eivljenja. Oblikovan je tako, da posnema mehko in tola\u017eilno obliko oblaka, zato va\u0161ega mal\u010dka takoj ovije v ob\u010dutek varnosti in topline. Vzglavnik je izdelan iz vrhunske hidrofilne gobice, ki je \u017eametno gladka na dotik in je izjemno ne\u017ena na dojen\u010dkovi ob\u010dutljivi ko\u017ei.<\/div>\n<p>&nbsp;<\/p>\n<div class=\"auto-hide-last-sibling-br paragraph-qzbcQC paragraph-element br-paragraph-space\">Ta vzglavnik, okra\u0161en z vrsto \u010dudovitih \u017eivalskih potiskov, ki so naklju\u010dno razporejeni po njegovi povr\u0161ini, je vizualni u\u017eitek, ki v otrokovem svetu vzbuja radovednost in veselje. Meri 45<em>28<\/em>1,5 cm, zagotavlja veliko prostora in udobno le\u017ei na glavi in telesu va\u0161ega otroka tako med spanjem kot med igro.<\/div>\n<p>&nbsp;<\/p>\n<div class=\"auto-hide-last-sibling-br paragraph-qzbcQC paragraph-element br-paragraph-space\">Predstavljajte si mirne trenutke spanja, ko se va\u0161 dojen\u010dek zlekne v blazino in odneha v de\u017eelo sanj, kot bi ga objemal mehak oblak. Ali pa si predstavljajte igrive trenutke, ko va\u0161 dojen\u010dek izteguje roke in se navdu\u0161uje nad prikupnimi \u017eivalskimi potiski. Vzglavnik je tudi odli\u010den pripomo\u010dek za pomiritev v \u010dasu, ko je vznemirjen, saj nudi znan in tola\u017eilen dotik.<\/div>\n<p>&nbsp;<\/p>\n<div class=\"auto-hide-last-sibling-br paragraph-qzbcQC paragraph-element br-paragraph-space\">Star\u0161i so zelo hvale\u017eni. \"Ta blazina v obliki oblaka je re\u0161ilna! Ko ga polo\u017eim nanj, se moj otrok skoraj takoj umiri. Mehkoba hidrofilne gobice in prikupni potiski so \u010dudoviti,\" je dejala zadovoljna mama. O\u010de je dodal: \"Postal je stalnica v otrokovi rutini. Ne glede na to, ali gre za hiter spanec ali le miren \u010das, je ta blazina vedno tam, kjer zagotavlja udobje in malo zabave.\"<\/div>\n<p>&nbsp;<\/p>\n<div class=\"auto-hide-last-sibling-br paragraph-qzbcQC paragraph-element br-paragraph-space\">V bistvu je hidrofilna goba za pomirjanje oblaka v obliki blazine ve\u010d kot le posteljni pripomo\u010dek. Je me\u0161anica funkcionalnosti, udobja in ljubkosti, nepogre\u0161ljiv spremljevalec, ki izbolj\u0161a vsak dragocen trenutek prvih dni va\u0161ega otroka.<\/div>\n<\/div>\n<\/div>\n<\/div>\n<\/div>\n<\/div>\n<\/div>\n<\/div>","protected":false},"excerpt":{"rendered":"<p>Blazina v obliki obla\u010dka iz hidrofilne gobice je \u010dudovit pripomo\u010dek za dojen\u010dke, stare od 0 do 1 leta. Oblikovan je v obliki mehkega oblaka, ki ustvarja ob\u010dutek varnosti in udobja. Izdelan je iz hidrofilne gobice, zato je ne\u017een in prijeten na dotik, kot nala\u0161\u010d za dojen\u010dkovo ob\u010dutljivo ko\u017eo. Vzglavnik krasijo ljubki \u017eivalski potiski, ki so naklju\u010dno razporejeni in dodajajo igriv in o\u010darljiv element. Specifikacija 45*<em>28*<\/em>1,5 cm zagotavlja dovolj prostora za otrokovo glavo in telo. Ta vzglavnik ni odli\u010den le za spanje, temve\u010d slu\u017ei tudi kot tola\u017eba med igro ali ko otrok potrebuje pomiritev. Zdru\u017euje funkcionalnost, mehkobo in prikupno estetiko, zato je nepogre\u0161ljiv pripomo\u010dek za zgodnje otrokove dni.<\/p>","protected":false},"featured_media":3324,"comment_status":"open","ping_status":"closed","template":"","meta":{"_uag_custom_page_level_css":"","site-sidebar-layout":"default","site-content-layout":"","ast-site-content-layout":"default","site-content-style":"default","site-sidebar-style":"default","ast-global-header-display":"","ast-banner-title-visibility":"","ast-main-header-display":"","ast-hfb-above-header-display":"","ast-hfb-below-header-display":"","ast-hfb-mobile-header-display":"","site-post-title":"","ast-breadcrumbs-content":"","ast-featured-img":"","footer-sml-layout":"","ast-disable-related-posts":"","theme-transparent-header-meta":"default","adv-header-id-meta":"","stick-header-meta":"","header-above-stick-meta":"","header-main-stick-meta":"","header-below-stick-meta":"","astra-migrate-meta-layouts":"set","ast-page-background-enabled":"default","ast-page-background-meta":{"desktop":{"background-color":"","background-image":"","background-repeat":"repeat","background-position":"center center","background-size":"auto","background-attachment":"scroll","background-type":"","background-media":"","overlay-type":"","overlay-color":"","overlay-opacity":"","overlay-gradient":""},"tablet":{"background-color":"","background-image":"","background-repeat":"repeat","background-position":"center center","background-size":"auto","background-attachment":"scroll","background-type":"","background-media":"","overlay-type":"","overlay-color":"","overlay-opacity":"","overlay-gradient":""},"mobile":{"background-color":"","background-image":"","background-repeat":"repeat","background-position":"center center","background-size":"auto","background-attachment":"scroll","background-type":"","background-media":"","overlay-type":"","overlay-color":"","overlay-opacity":"","overlay-gradient":""}},"ast-content-background-meta":{"desktop":{"background-color":"var(--ast-global-color-5)","background-image":"","background-repeat":"repeat","background-position":"center center","background-size":"auto","background-attachment":"scroll","background-type":"","background-media":"","overlay-type":"","overlay-color":"","overlay-opacity":"","overlay-gradient":""},"tablet":{"background-color":"var(--ast-global-color-5)","background-image":"","background-repeat":"repeat","background-position":"center center","background-size":"auto","background-attachment":"scroll","background-type":"","background-media":"","overlay-type":"","overlay-color":"","overlay-opacity":"","overlay-gradient":""},"mobile":{"background-color":"var(--ast-global-color-5)","background-image":"","background-repeat":"repeat","background-position":"center center","background-size":"auto","background-attachment":"scroll","background-type":"","background-media":"","overlay-type":"","overlay-color":"","overlay-opacity":"","overlay-gradient":""}}},"product_brand":[],"product_cat":[55,42],"product_tag":[70,68,71,69],"class_list":{"0":"post-3323","1":"product","2":"type-product","3":"status-publish","4":"has-post-thumbnail","6":"product_cat-0-to-1-year","7":"product_cat-merchandise","8":"product_tag-babypillow","9":"product_tag-cuteanimalpillow","10":"product_tag-headshapesupport","11":"product_tag-kouniushapingpillow","12":"desktop-align-left","13":"tablet-align-left","14":"mobile-align-left","16":"first","17":"instock","18":"shipping-taxable","19":"product-type-simple"},"aioseo_notices":[],"uagb_featured_image_src":{"full":["https:\/\/babypillowwholesale.com\/wp-content\/uploads\/2025\/04\/1026.jpg",1000,1000,false],"thumbnail":["https:\/\/babypillowwholesale.com\/wp-content\/uploads\/2025\/04\/1026-150x150.jpg",150,150,true],"medium":["https:\/\/babypillowwholesale.com\/wp-content\/uploads\/2025\/04\/1026-300x300.jpg",300,300,true],"medium_large":["https:\/\/babypillowwholesale.com\/wp-content\/uploads\/2025\/04\/1026-768x768.jpg",768,768,true],"large":["https:\/\/babypillowwholesale.com\/wp-content\/uploads\/2025\/04\/1026.jpg",1000,1000,false],"1536x1536":["https:\/\/babypillowwholesale.com\/wp-content\/uploads\/2025\/04\/1026.jpg",1000,1000,false],"2048x2048":["https:\/\/babypillowwholesale.com\/wp-content\/uploads\/2025\/04\/1026.jpg",1000,1000,false],"trp-custom-language-flag":["https:\/\/babypillowwholesale.com\/wp-content\/uploads\/2025\/04\/1026.jpg",12,12,false],"woocommerce_thumbnail":["https:\/\/babypillowwholesale.com\/wp-content\/uploads\/2025\/04\/1026-300x300.jpg",300,300,true],"woocommerce_single":["https:\/\/babypillowwholesale.com\/wp-content\/uploads\/2025\/04\/1026-600x600.jpg",600,600,true],"woocommerce_gallery_thumbnail":["https:\/\/babypillowwholesale.com\/wp-content\/uploads\/2025\/04\/1026-100x100.jpg",100,100,true]},"uagb_author_info":{"display_name":"Etnen zhong","author_link":"https:\/\/babypillowwholesale.com\/sl\/author\/"},"uagb_comment_info":0,"uagb_excerpt":"The Hydrophilic Sponge Soothing Cloud - Shaped Pillow is a wonderful companion for babies aged 0 - 1 year. Its design takes the form of a soft cloud, creating a sense of security and comfort. Made from hydrophilic sponge, it offers a gentle and pleasant touch, perfect for a baby's sensitive skin. The pillow is&hellip;","jetpack_sharing_enabled":true,"_links":{"self":[{"href":"https:\/\/babypillowwholesale.com\/sl\/wp-json\/wp\/v2\/product\/3323","targetHints":{"allow":["GET"]}}],"collection":[{"href":"https:\/\/babypillowwholesale.com\/sl\/wp-json\/wp\/v2\/product"}],"about":[{"href":"https:\/\/babypillowwholesale.com\/sl\/wp-json\/wp\/v2\/types\/product"}],"replies":[{"embeddable":true,"href":"https:\/\/babypillowwholesale.com\/sl\/wp-json\/wp\/v2\/comments?post=3323"}],"wp:featuredmedia":[{"embeddable":true,"href":"https:\/\/babypillowwholesale.com\/sl\/wp-json\/wp\/v2\/media\/3324"}],"wp:attachment":[{"href":"https:\/\/babypillowwholesale.com\/sl\/wp-json\/wp\/v2\/media?parent=3323"}],"wp:term":[{"taxonomy":"product_brand","embeddable":true,"href":"https:\/\/babypillowwholesale.com\/sl\/wp-json\/wp\/v2\/product_brand?post=3323"},{"taxonomy":"product_cat","embeddable":true,"href":"https:\/\/babypillowwholesale.com\/sl\/wp-json\/wp\/v2\/product_cat?post=3323"},{"taxonomy":"product_tag","embeddable":true,"href":"https:\/\/babypillowwholesale.com\/sl\/wp-json\/wp\/v2\/product_tag?post=3323"}],"curies":[{"name":"wp","href":"https:\/\/api.w.org\/{rel}","templated":true}]}}