{"id":3306,"date":"2025-03-24T15:28:09","date_gmt":"2025-03-24T15:28:09","guid":{"rendered":"https:\/\/babypillowwholesale.com\/?post_type=product&#038;p=3306"},"modified":"2025-06-08T15:34:36","modified_gmt":"2025-06-08T15:34:36","slug":"bear-shaping-pillow","status":"publish","type":"product","link":"https:\/\/babypillowwholesale.com\/sl\/product\/bear-shaping-pillow\/","title":{"rendered":"Vzglavnik za oblikovanje medveda"},"content":{"rendered":"<div class=\"auto-hide-last-sibling-br paragraph-qzbcQC paragraph-element br-paragraph-space\" data-immersive-translate-walked=\"8e61f2e7-6af2-46e5-9672-3b9e4f4033d9\" data-immersive-translate-paragraph=\"1\">\n<div class=\"auto-hide-last-sibling-br paragraph-qzbcQC paragraph-element br-paragraph-space\">\n<div class=\"auto-hide-last-sibling-br paragraph-qzbcQC paragraph-element br-paragraph-space\">Odkrijte blazino za oblikovanje medvedka, o\u010darljivo kombinacijo \u0161arma in prakti\u010dnosti, namenjeno dojen\u010dkom, starim od 0 do 6 mesecev. Njegova domiselna zasnova prikazuje ljubkega medvedka, ki dr\u017ei zvezdo, z ro\u017enatimi li\u010dki in sanjskim prizorom, kar v trenutku vzbudi veselje. Poleg \u010dudovitega videza je ta 25*<em>20*<\/em>Vzglavnik 1,5 cm ergonomsko podpira otrokovo glavo in ne\u017eno spodbuja zdrav razvoj glave v kriti\u010dnih zgodnjih obdobjih.<\/div>\n<p>&nbsp;<\/p>\n<div class=\"auto-hide-last-sibling-br paragraph-qzbcQC paragraph-element br-paragraph-space\">V vsakdanjem \u017eivljenju se brez te\u017eav prilega razli\u010dnim scenarijem: v otro\u0161ki posteljici ustvarja mirno zavetje za spanje doma, v vozi\u010dku za udobne izlete - bodisi na sprehodu po parku bodisi na obisku pri starih star\u0161ih - ali na igralni podlogi za prijetne trenutke med igro.<\/div>\n<p>&nbsp;<\/p>\n<div class=\"auto-hide-last-sibling-br paragraph-qzbcQC paragraph-element br-paragraph-space\">Star\u0161i ga brez zadr\u017ekov hvalijo. \"Moj otrok je navdu\u0161en nad prikupnim dizajnom medvedka! Vzglavnik je neverjetno mehak in opazila sem opazne izbolj\u0161ave pri oblikovanju glave. Barva malega dinozavra se odli\u010dno ujema z na\u0161o otro\u0161ko sobo,\" je navdu\u0161ena mama. O\u010de je dodal: \"Postal je nepogre\u0161ljiv na vsakem potovanju. Enostavno ga je prena\u0161ati, tematske barvne mo\u017enosti pa so \u0161e bolj zabavne. Ne moremo ga dovolj priporo\u010diti!\"<\/div>\n<div><\/div>\n<div class=\"auto-hide-last-sibling-br paragraph-qzbcQC paragraph-element br-paragraph-space\">Vzglavnik Bear Shaping Pillow v barvah, kot so Pink Rabbit, Little Dinosaur in Little Lion, zdru\u017euje funkcionalno podporo z domiselnim dizajnom. To je ve\u010d kot otro\u0161ki dodatek - je ne\u017een spremljevalec, ki bo va\u0161ega mal\u010dka v vsakem dragocenem trenutku njegovih prvih dni ovil v udobje, ljubkost in skrb.<\/div>\n<\/div>\n<\/div>","protected":false},"excerpt":{"rendered":"<p>Vzglavnik za oblikovanje medvedka je \u010dudovit pripomo\u010dek za dojen\u010dke, stare od 0 do 6 mesecev. Njegova zasnova prikazuje o\u010darljiv motiv medvedka, ki je prijeten s podrobnostmi, kot so dr\u017ea zvezdice, rde\u010da li\u010dka in \u010dudovita okolica. Meri 25*<em>20*<\/em>1,5 cm, vzglavnik ergonomsko podpira otrokovo glavo in ne\u017eno usmerja zdravo oblikovanje glave med zgodnjo rastjo. Blazina se brezhibno prilega razli\u010dnim scenarijem: lahko jo polo\u017eite v otro\u0161ke posteljice za miren spanec, polo\u017eite v vozi\u010dek med pustolov\u0161\u010dinami na prostem ali polo\u017eite na mehko podlogo doma. Z barvnimi mo\u017enostmi ro\u017enatega zaj\u010dka, dinozavra in lev\u010dka zdru\u017euje funkcionalnost in domi\u0161ljijo ter nudi ne\u017eno podporo, hkrati pa skrbi za dojen\u010dka doda igriv in prikupen pridih, s \u010dimer zadovolji tako prakti\u010dne potrebe kot estetske okuse.<\/p>","protected":false},"featured_media":3307,"comment_status":"open","ping_status":"closed","template":"","meta":{"_uag_custom_page_level_css":"","site-sidebar-layout":"default","site-content-layout":"","ast-site-content-layout":"default","site-content-style":"default","site-sidebar-style":"default","ast-global-header-display":"","ast-banner-title-visibility":"","ast-main-header-display":"","ast-hfb-above-header-display":"","ast-hfb-below-header-display":"","ast-hfb-mobile-header-display":"","site-post-title":"","ast-breadcrumbs-content":"","ast-featured-img":"","footer-sml-layout":"","ast-disable-related-posts":"","theme-transparent-header-meta":"default","adv-header-id-meta":"","stick-header-meta":"","header-above-stick-meta":"","header-main-stick-meta":"","header-below-stick-meta":"","astra-migrate-meta-layouts":"set","ast-page-background-enabled":"default","ast-page-background-meta":{"desktop":{"background-color":"","background-image":"","background-repeat":"repeat","background-position":"center center","background-size":"auto","background-attachment":"scroll","background-type":"","background-media":"","overlay-type":"","overlay-color":"","overlay-opacity":"","overlay-gradient":""},"tablet":{"background-color":"","background-image":"","background-repeat":"repeat","background-position":"center center","background-size":"auto","background-attachment":"scroll","background-type":"","background-media":"","overlay-type":"","overlay-color":"","overlay-opacity":"","overlay-gradient":""},"mobile":{"background-color":"","background-image":"","background-repeat":"repeat","background-position":"center center","background-size":"auto","background-attachment":"scroll","background-type":"","background-media":"","overlay-type":"","overlay-color":"","overlay-opacity":"","overlay-gradient":""}},"ast-content-background-meta":{"desktop":{"background-color":"var(--ast-global-color-5)","background-image":"","background-repeat":"repeat","background-position":"center center","background-size":"auto","background-attachment":"scroll","background-type":"","background-media":"","overlay-type":"","overlay-color":"","overlay-opacity":"","overlay-gradient":""},"tablet":{"background-color":"var(--ast-global-color-5)","background-image":"","background-repeat":"repeat","background-position":"center center","background-size":"auto","background-attachment":"scroll","background-type":"","background-media":"","overlay-type":"","overlay-color":"","overlay-opacity":"","overlay-gradient":""},"mobile":{"background-color":"var(--ast-global-color-5)","background-image":"","background-repeat":"repeat","background-position":"center center","background-size":"auto","background-attachment":"scroll","background-type":"","background-media":"","overlay-type":"","overlay-color":"","overlay-opacity":"","overlay-gradient":""}}},"product_brand":[],"product_cat":[54,42],"product_tag":[70,68,71,69],"class_list":{"0":"post-3306","1":"product","2":"type-product","3":"status-publish","4":"has-post-thumbnail","6":"product_cat-0-to-6months","7":"product_cat-merchandise","8":"product_tag-babypillow","9":"product_tag-cuteanimalpillow","10":"product_tag-headshapesupport","11":"product_tag-kouniushapingpillow","12":"desktop-align-left","13":"tablet-align-left","14":"mobile-align-left","16":"first","17":"instock","18":"shipping-taxable","19":"product-type-simple"},"aioseo_notices":[],"uagb_featured_image_src":{"full":["https:\/\/babypillowwholesale.com\/wp-content\/uploads\/2025\/03\/1137.jpg",1000,1000,false],"thumbnail":["https:\/\/babypillowwholesale.com\/wp-content\/uploads\/2025\/03\/1137-150x150.jpg",150,150,true],"medium":["https:\/\/babypillowwholesale.com\/wp-content\/uploads\/2025\/03\/1137-300x300.jpg",300,300,true],"medium_large":["https:\/\/babypillowwholesale.com\/wp-content\/uploads\/2025\/03\/1137-768x768.jpg",768,768,true],"large":["https:\/\/babypillowwholesale.com\/wp-content\/uploads\/2025\/03\/1137.jpg",1000,1000,false],"1536x1536":["https:\/\/babypillowwholesale.com\/wp-content\/uploads\/2025\/03\/1137.jpg",1000,1000,false],"2048x2048":["https:\/\/babypillowwholesale.com\/wp-content\/uploads\/2025\/03\/1137.jpg",1000,1000,false],"trp-custom-language-flag":["https:\/\/babypillowwholesale.com\/wp-content\/uploads\/2025\/03\/1137.jpg",12,12,false],"woocommerce_thumbnail":["https:\/\/babypillowwholesale.com\/wp-content\/uploads\/2025\/03\/1137-300x300.jpg",300,300,true],"woocommerce_single":["https:\/\/babypillowwholesale.com\/wp-content\/uploads\/2025\/03\/1137-600x600.jpg",600,600,true],"woocommerce_gallery_thumbnail":["https:\/\/babypillowwholesale.com\/wp-content\/uploads\/2025\/03\/1137-100x100.jpg",100,100,true]},"uagb_author_info":{"display_name":"Etnen zhong","author_link":"https:\/\/babypillowwholesale.com\/sl\/author\/"},"uagb_comment_info":0,"uagb_excerpt":"The Bear Shaping Pillow is a delightful essential for infants aged 0 to 6 months. Its design showcases a charming bear motif\u2014adorable with details like a star - wielding pose, blushing cheeks, and whimsical surroundings. Measuring 25*20*1.5CM, the pillow ergonomically supports a baby\u2019s head, gently guiding healthy head shaping during early growth. It fits seamlessly&hellip;","jetpack_sharing_enabled":true,"_links":{"self":[{"href":"https:\/\/babypillowwholesale.com\/sl\/wp-json\/wp\/v2\/product\/3306","targetHints":{"allow":["GET"]}}],"collection":[{"href":"https:\/\/babypillowwholesale.com\/sl\/wp-json\/wp\/v2\/product"}],"about":[{"href":"https:\/\/babypillowwholesale.com\/sl\/wp-json\/wp\/v2\/types\/product"}],"replies":[{"embeddable":true,"href":"https:\/\/babypillowwholesale.com\/sl\/wp-json\/wp\/v2\/comments?post=3306"}],"wp:featuredmedia":[{"embeddable":true,"href":"https:\/\/babypillowwholesale.com\/sl\/wp-json\/wp\/v2\/media\/3307"}],"wp:attachment":[{"href":"https:\/\/babypillowwholesale.com\/sl\/wp-json\/wp\/v2\/media?parent=3306"}],"wp:term":[{"taxonomy":"product_brand","embeddable":true,"href":"https:\/\/babypillowwholesale.com\/sl\/wp-json\/wp\/v2\/product_brand?post=3306"},{"taxonomy":"product_cat","embeddable":true,"href":"https:\/\/babypillowwholesale.com\/sl\/wp-json\/wp\/v2\/product_cat?post=3306"},{"taxonomy":"product_tag","embeddable":true,"href":"https:\/\/babypillowwholesale.com\/sl\/wp-json\/wp\/v2\/product_tag?post=3306"}],"curies":[{"name":"wp","href":"https:\/\/api.w.org\/{rel}","templated":true}]}}