{"id":3297,"date":"2025-03-22T02:36:47","date_gmt":"2025-03-22T02:36:47","guid":{"rendered":"https:\/\/babypillowwholesale.com\/?post_type=product&#038;p=3297"},"modified":"2025-06-08T16:05:37","modified_gmt":"2025-06-08T16:05:37","slug":"snotty-elephant-shaping-pillow","status":"publish","type":"product","link":"https:\/\/babypillowwholesale.com\/sl\/product\/snotty-elephant-shaping-pillow\/","title":{"rendered":"Vzglavnik za oblikovanje smrkavega slona"},"content":{"rendered":"<div class=\"auto-hide-last-sibling-br paragraph-qzbcQC paragraph-element br-paragraph-space\" data-immersive-translate-walked=\"8e61f2e7-6af2-46e5-9672-3b9e4f4033d9\" data-immersive-translate-paragraph=\"1\">\n<div class=\"auto-hide-last-sibling-br paragraph-qzbcQC paragraph-element br-paragraph-space\">Potopite se v svet udobja in prijetnosti z na\u0161im blazino za oblikovanje Smrkljatega slona, sanjskim pripomo\u010dkom, zasnovanim posebej za najmanj\u0161e zaklad\u010dke, stare od 0 do 6 mesecev. Njegovo o\u010darljivo obliko, ki jo je navdihnil ne\u017eni slon\u010dek Snotty, odlikujejo velika razmr\u0161ena u\u0161esa in ljubek minimalisti\u010den obraz, ki v otro\u0161ko sobo takoj vnese kan\u010dek oceanskega \u010dara. Ta vzglavnik ni le prikupnega videza, temve\u010d tudi mo\u010d podpore. Natan\u010dno oblikovan osrednji izrez nudi ne\u017een in pomirjujo\u010d objem ne\u017eni glavici va\u0161ega otroka, ki jo elegantno vodi k popolni obliki, medtem ko otrok raziskuje \u010dude\u017ee svojih zgodnjih dni. Meri 26,5*25*1,5 cm in je izjemno vsestranski. Med mirnimi popoldnevi doma ga postavite v otro\u0161ko posteljico in opazujte, kako \u010das spanja spremeni v mirno oceansko pustolov\u0161\u010dino. Ko se odpravite na dru\u017einski izlet, pa naj bo to izlet na pla\u017eo ali obisk akvarija, se blazina lepo prilega v vozi\u010dek in va\u0161emu mal\u010dku zagotavlja udobno potovanje, obkro\u017een z znanim \u0161armom slon\u010dka Smrkca. Star\u0161i so navdu\u0161eni nad tem vzglavnikom! \"Moj dojen\u010dek se zelo rad stiska k temu vzglavniku Snotty Slon. Je tako mehak, dizajn pa je edinstven. Opazila sem tudi, da je odli\u010den za ohranjanje dobre oblike glave,\" je povedala ena od navdu\u0161enih mamic. O\u010de je delil: \"Postal je na\u0161 obvezni pripomo\u010dek. Enostavno ga je prena\u0161ati naokoli, barvne mo\u017enosti pa so res lepe. Na\u0161 otrok je vedno zadovoljen, ko ga uporablja.\" Oblikovalni vzglavnik Ocean Elephant, ki je na voljo v o\u010darljivih ro\u017enatih in modrih odtenkih, je ve\u010d kot le pripomo\u010dek za dojen\u010dke; je ljubljen spremljevalec, ki obljublja udobje, podporo in veliko oceanskega \u010dara v dragocenih prvih mesecih \u017eivljenja va\u0161ega otroka.<\/div>\n<\/div>","protected":false},"excerpt":{"rendered":"<p>Vzglavnik za oblikovanje smrkavega slona je privla\u010dna in prakti\u010dna izbira za dojen\u010dke, stare od 0 do 6 mesecev. Njegova zasnova, ki je oblikovana po vzoru morskega slona z velikimi u\u0161esi in preprostim, prikupnim obrazom, pritegne pozornost. Osrednji izrez vzglavnika je skrbno oblikovan tako, da zagotavlja ne\u017eno oporo dojen\u010dkovi glavi in pomaga ohranjati pravilno obliko glave med zgodnjim razvojem. Meri 26,5*<em>25*<\/em>1,5 cm, zato se dobro prilega posteljicam, vozi\u010dkom ali ko se otrok spro\u0161\u010da na igralni podlogi. Na voljo je v roza in modri barvi, zato star\u0161em omogo\u010da, da izberejo barvo, ki ustreza njihovemu okusu ali dekoraciji otro\u0161ke sobe, ter zdru\u017euje \u010dar in funkcionalnost pri negi otroka.<\/p>","protected":false},"featured_media":3298,"comment_status":"open","ping_status":"closed","template":"","meta":{"_uag_custom_page_level_css":"","site-sidebar-layout":"default","site-content-layout":"","ast-site-content-layout":"default","site-content-style":"default","site-sidebar-style":"default","ast-global-header-display":"","ast-banner-title-visibility":"","ast-main-header-display":"","ast-hfb-above-header-display":"","ast-hfb-below-header-display":"","ast-hfb-mobile-header-display":"","site-post-title":"","ast-breadcrumbs-content":"","ast-featured-img":"","footer-sml-layout":"","ast-disable-related-posts":"","theme-transparent-header-meta":"default","adv-header-id-meta":"","stick-header-meta":"","header-above-stick-meta":"","header-main-stick-meta":"","header-below-stick-meta":"","astra-migrate-meta-layouts":"set","ast-page-background-enabled":"default","ast-page-background-meta":{"desktop":{"background-color":"","background-image":"","background-repeat":"repeat","background-position":"center center","background-size":"auto","background-attachment":"scroll","background-type":"","background-media":"","overlay-type":"","overlay-color":"","overlay-opacity":"","overlay-gradient":""},"tablet":{"background-color":"","background-image":"","background-repeat":"repeat","background-position":"center center","background-size":"auto","background-attachment":"scroll","background-type":"","background-media":"","overlay-type":"","overlay-color":"","overlay-opacity":"","overlay-gradient":""},"mobile":{"background-color":"","background-image":"","background-repeat":"repeat","background-position":"center center","background-size":"auto","background-attachment":"scroll","background-type":"","background-media":"","overlay-type":"","overlay-color":"","overlay-opacity":"","overlay-gradient":""}},"ast-content-background-meta":{"desktop":{"background-color":"var(--ast-global-color-5)","background-image":"","background-repeat":"repeat","background-position":"center center","background-size":"auto","background-attachment":"scroll","background-type":"","background-media":"","overlay-type":"","overlay-color":"","overlay-opacity":"","overlay-gradient":""},"tablet":{"background-color":"var(--ast-global-color-5)","background-image":"","background-repeat":"repeat","background-position":"center center","background-size":"auto","background-attachment":"scroll","background-type":"","background-media":"","overlay-type":"","overlay-color":"","overlay-opacity":"","overlay-gradient":""},"mobile":{"background-color":"var(--ast-global-color-5)","background-image":"","background-repeat":"repeat","background-position":"center center","background-size":"auto","background-attachment":"scroll","background-type":"","background-media":"","overlay-type":"","overlay-color":"","overlay-opacity":"","overlay-gradient":""}}},"product_brand":[],"product_cat":[54,42],"product_tag":[70,68,71,69],"class_list":{"0":"post-3297","1":"product","2":"type-product","3":"status-publish","4":"has-post-thumbnail","6":"product_cat-0-to-6months","7":"product_cat-merchandise","8":"product_tag-babypillow","9":"product_tag-cuteanimalpillow","10":"product_tag-headshapesupport","11":"product_tag-kouniushapingpillow","12":"desktop-align-left","13":"tablet-align-left","14":"mobile-align-left","16":"first","17":"instock","18":"shipping-taxable","19":"product-type-simple"},"aioseo_notices":[],"uagb_featured_image_src":{"full":["https:\/\/babypillowwholesale.com\/wp-content\/uploads\/2025\/03\/1510.jpg",1000,1000,false],"thumbnail":["https:\/\/babypillowwholesale.com\/wp-content\/uploads\/2025\/03\/1510-150x150.jpg",150,150,true],"medium":["https:\/\/babypillowwholesale.com\/wp-content\/uploads\/2025\/03\/1510-300x300.jpg",300,300,true],"medium_large":["https:\/\/babypillowwholesale.com\/wp-content\/uploads\/2025\/03\/1510-768x768.jpg",768,768,true],"large":["https:\/\/babypillowwholesale.com\/wp-content\/uploads\/2025\/03\/1510.jpg",1000,1000,false],"1536x1536":["https:\/\/babypillowwholesale.com\/wp-content\/uploads\/2025\/03\/1510.jpg",1000,1000,false],"2048x2048":["https:\/\/babypillowwholesale.com\/wp-content\/uploads\/2025\/03\/1510.jpg",1000,1000,false],"trp-custom-language-flag":["https:\/\/babypillowwholesale.com\/wp-content\/uploads\/2025\/03\/1510.jpg",12,12,false],"woocommerce_thumbnail":["https:\/\/babypillowwholesale.com\/wp-content\/uploads\/2025\/03\/1510-300x300.jpg",300,300,true],"woocommerce_single":["https:\/\/babypillowwholesale.com\/wp-content\/uploads\/2025\/03\/1510-600x600.jpg",600,600,true],"woocommerce_gallery_thumbnail":["https:\/\/babypillowwholesale.com\/wp-content\/uploads\/2025\/03\/1510-100x100.jpg",100,100,true]},"uagb_author_info":{"display_name":"Etnen zhong","author_link":"https:\/\/babypillowwholesale.com\/sl\/author\/"},"uagb_comment_info":1,"uagb_excerpt":"The Snotty Elephant Shaping Pillow is an appealing and practical choice for infants aged 0 to 6 months. Its design, modeled after an ocean - themed elephant with large ears and a simple, cute face, is eye - catching. The central cut - out of the pillow is carefully shaped to provide gentle support for&hellip;","jetpack_sharing_enabled":true,"_links":{"self":[{"href":"https:\/\/babypillowwholesale.com\/sl\/wp-json\/wp\/v2\/product\/3297","targetHints":{"allow":["GET"]}}],"collection":[{"href":"https:\/\/babypillowwholesale.com\/sl\/wp-json\/wp\/v2\/product"}],"about":[{"href":"https:\/\/babypillowwholesale.com\/sl\/wp-json\/wp\/v2\/types\/product"}],"replies":[{"embeddable":true,"href":"https:\/\/babypillowwholesale.com\/sl\/wp-json\/wp\/v2\/comments?post=3297"}],"wp:featuredmedia":[{"embeddable":true,"href":"https:\/\/babypillowwholesale.com\/sl\/wp-json\/wp\/v2\/media\/3298"}],"wp:attachment":[{"href":"https:\/\/babypillowwholesale.com\/sl\/wp-json\/wp\/v2\/media?parent=3297"}],"wp:term":[{"taxonomy":"product_brand","embeddable":true,"href":"https:\/\/babypillowwholesale.com\/sl\/wp-json\/wp\/v2\/product_brand?post=3297"},{"taxonomy":"product_cat","embeddable":true,"href":"https:\/\/babypillowwholesale.com\/sl\/wp-json\/wp\/v2\/product_cat?post=3297"},{"taxonomy":"product_tag","embeddable":true,"href":"https:\/\/babypillowwholesale.com\/sl\/wp-json\/wp\/v2\/product_tag?post=3297"}],"curies":[{"name":"wp","href":"https:\/\/api.w.org\/{rel}","templated":true}]}}