{"id":3291,"date":"2025-03-22T01:54:48","date_gmt":"2025-03-22T01:54:48","guid":{"rendered":"https:\/\/babypillowwholesale.com\/?post_type=product&#038;p=3291"},"modified":"2025-06-08T16:08:25","modified_gmt":"2025-06-08T16:08:25","slug":"kitten-shaping-pillow","status":"publish","type":"product","link":"https:\/\/babypillowwholesale.com\/sl\/product\/kitten-shaping-pillow\/","title":{"rendered":"Vzglavnik za oblikovanje ma\u010dk"},"content":{"rendered":"<div class=\"auto-hide-last-sibling-br paragraph-qzbcQC paragraph-element br-paragraph-space\" data-immersive-translate-walked=\"8e61f2e7-6af2-46e5-9672-3b9e4f4033d9\" data-immersive-translate-paragraph=\"1\">\n<div class=\"auto-hide-last-sibling-br paragraph-qzbcQC paragraph-element br-paragraph-space\">Dobrodo\u0161li v popolnoma o\u010darljivem vzglavniku Kitten Shaping Pillow, oazi udobja, izdelani po meri za najmanj\u0161e kup\u010dke veselja, stare od 0 do 6 mesecev. Njegova zasnova, ki jo je navdihnila prikupna ma\u010dica s \u010dvrstimi u\u0161esi in sladkim, o\u010darljivim izrazom, je vizualni u\u017eitek, ki v svet va\u0161ega dojen\u010dka vnese pridih ma\u010djega \u0161arma. Ta vzglavnik ni le pa\u0161a za o\u010di, temve\u010d tudi mojstrovina funkcionalnosti. Strate\u0161ko postavljen osrednji izrez nudi ne\u017een, ergonomski objem ne\u017eni glavici va\u0161ega dojen\u010dka, ki jo elegantno vodi k popolni obliki, medtem ko do\u017eivlja \u010darobnost svojih prvih dni. Z dimenzijami 26,5*25*1,5 cm je vsestranski spremljevalec za razli\u010dna okolja. Med lenobnimi jutri doma ga postavite v otro\u0161ko posteljico in opazujte, kako spreminja prostor v prijetno zato\u010di\u0161\u010de z motivom ma\u010dkona ter va\u0161ega mal\u010dka zaziblje v miren spanec. Ko se odpravite na dru\u017einsko pustolov\u0161\u010dino, naj bo to izlet v akvarij ali obisk starih star\u0161ev, se blazina lepo prilega v vozi\u010dek in poskrbi, da bo va\u0161emu dojen\u010dku med potjo udobno. Star\u0161i so nad tem vzglavnikom navdu\u0161eni! Ena od mamic je povedala: \"Moj otrok zasveti, kadarkoli vidi ta vzglavnik z ma\u010dkom. Je zelo mehak, dizajn pa je preprosto preve\u010d prikupen. Poleg tega odli\u010dno ohranja glavo v dobrem polo\u017eaju.\" O\u010de je dodal: \"V\u0161e\u010d mi je, kako enostavno ga je prena\u0161ati naokoli. Razli\u010dne barvne mo\u017enosti so velik plus. Postal je nepogre\u0161ljiv del otrokovega vsakdana.\" Vzglavnik Kitten Shaping Pillow, ki je na voljo v o\u010darljivih odtenkih ro\u017enate, modre in temno zelene barve, je ve\u010d kot le pripomo\u010dek za dojen\u010dke; je ljubljen spremljevalec, ki obljublja udobje, oporo in veliko prijetnosti za dragocene prve mesece \u017eivljenja va\u0161ega otroka.<\/div>\n<\/div>","protected":false},"excerpt":{"rendered":"<p>Vzglavnik za oblikovanje ma\u010dkona je o\u010darljiv in funkcionalen izdelek, namenjen dojen\u010dkom, starim od 0 do 6 mesecev. Njegova simpati\u010dna oblika, ki jo navdihuje ma\u010dica, s \u010dvrstimi u\u0161esi in sladkim izrazom, je vizualno privla\u010dna in bo zagotovo osvojila srca star\u0161ev in dojen\u010dkov. Osrednji izrez vzglavnika zagotavlja ne\u017eno in ergonomsko podporo otrokovi glavi ter pomaga ohranjati pravilno obliko glave v klju\u010dnem obdobju zgodnjega razvoja. Meri 26,5*<em>25*<\/em>1,5 cm, zato se udobno prilega posteljicam, vozi\u010dkom ali otro\u0161kim avtomobilskim sede\u017eem in nudi udobno po\u010divali\u0161\u010de za va\u0161ega mal\u010dka, kjer koli \u017ee je. Na voljo je v roza, modri in temno zeleni barvi, zato lahko star\u0161i izberejo barvo, ki se ujema z njihovimi \u017eeljami ali dekoracijo otro\u0161ke sobe, ter zdru\u017euje prikupnost in prakti\u010dnost za izbolj\u0161anje nege otroka.<\/p>","protected":false},"featured_media":3292,"comment_status":"open","ping_status":"closed","template":"","meta":{"_uag_custom_page_level_css":"","site-sidebar-layout":"default","site-content-layout":"","ast-site-content-layout":"default","site-content-style":"default","site-sidebar-style":"default","ast-global-header-display":"","ast-banner-title-visibility":"","ast-main-header-display":"","ast-hfb-above-header-display":"","ast-hfb-below-header-display":"","ast-hfb-mobile-header-display":"","site-post-title":"","ast-breadcrumbs-content":"","ast-featured-img":"","footer-sml-layout":"","ast-disable-related-posts":"","theme-transparent-header-meta":"default","adv-header-id-meta":"","stick-header-meta":"","header-above-stick-meta":"","header-main-stick-meta":"","header-below-stick-meta":"","astra-migrate-meta-layouts":"set","ast-page-background-enabled":"default","ast-page-background-meta":{"desktop":{"background-color":"","background-image":"","background-repeat":"repeat","background-position":"center center","background-size":"auto","background-attachment":"scroll","background-type":"","background-media":"","overlay-type":"","overlay-color":"","overlay-opacity":"","overlay-gradient":""},"tablet":{"background-color":"","background-image":"","background-repeat":"repeat","background-position":"center center","background-size":"auto","background-attachment":"scroll","background-type":"","background-media":"","overlay-type":"","overlay-color":"","overlay-opacity":"","overlay-gradient":""},"mobile":{"background-color":"","background-image":"","background-repeat":"repeat","background-position":"center center","background-size":"auto","background-attachment":"scroll","background-type":"","background-media":"","overlay-type":"","overlay-color":"","overlay-opacity":"","overlay-gradient":""}},"ast-content-background-meta":{"desktop":{"background-color":"var(--ast-global-color-5)","background-image":"","background-repeat":"repeat","background-position":"center center","background-size":"auto","background-attachment":"scroll","background-type":"","background-media":"","overlay-type":"","overlay-color":"","overlay-opacity":"","overlay-gradient":""},"tablet":{"background-color":"var(--ast-global-color-5)","background-image":"","background-repeat":"repeat","background-position":"center center","background-size":"auto","background-attachment":"scroll","background-type":"","background-media":"","overlay-type":"","overlay-color":"","overlay-opacity":"","overlay-gradient":""},"mobile":{"background-color":"var(--ast-global-color-5)","background-image":"","background-repeat":"repeat","background-position":"center center","background-size":"auto","background-attachment":"scroll","background-type":"","background-media":"","overlay-type":"","overlay-color":"","overlay-opacity":"","overlay-gradient":""}}},"product_brand":[],"product_cat":[54,42],"product_tag":[70,68,71,69],"class_list":{"0":"post-3291","1":"product","2":"type-product","3":"status-publish","4":"has-post-thumbnail","6":"product_cat-0-to-6months","7":"product_cat-merchandise","8":"product_tag-babypillow","9":"product_tag-cuteanimalpillow","10":"product_tag-headshapesupport","11":"product_tag-kouniushapingpillow","12":"desktop-align-left","13":"tablet-align-left","14":"mobile-align-left","16":"first","17":"instock","18":"shipping-taxable","19":"product-type-simple"},"aioseo_notices":[],"uagb_featured_image_src":{"full":["https:\/\/babypillowwholesale.com\/wp-content\/uploads\/2025\/03\/1509.jpg",1000,1000,false],"thumbnail":["https:\/\/babypillowwholesale.com\/wp-content\/uploads\/2025\/03\/1509-150x150.jpg",150,150,true],"medium":["https:\/\/babypillowwholesale.com\/wp-content\/uploads\/2025\/03\/1509-300x300.jpg",300,300,true],"medium_large":["https:\/\/babypillowwholesale.com\/wp-content\/uploads\/2025\/03\/1509-768x768.jpg",768,768,true],"large":["https:\/\/babypillowwholesale.com\/wp-content\/uploads\/2025\/03\/1509.jpg",1000,1000,false],"1536x1536":["https:\/\/babypillowwholesale.com\/wp-content\/uploads\/2025\/03\/1509.jpg",1000,1000,false],"2048x2048":["https:\/\/babypillowwholesale.com\/wp-content\/uploads\/2025\/03\/1509.jpg",1000,1000,false],"trp-custom-language-flag":["https:\/\/babypillowwholesale.com\/wp-content\/uploads\/2025\/03\/1509.jpg",12,12,false],"woocommerce_thumbnail":["https:\/\/babypillowwholesale.com\/wp-content\/uploads\/2025\/03\/1509-300x300.jpg",300,300,true],"woocommerce_single":["https:\/\/babypillowwholesale.com\/wp-content\/uploads\/2025\/03\/1509-600x600.jpg",600,600,true],"woocommerce_gallery_thumbnail":["https:\/\/babypillowwholesale.com\/wp-content\/uploads\/2025\/03\/1509-100x100.jpg",100,100,true]},"uagb_author_info":{"display_name":"Etnen zhong","author_link":"https:\/\/babypillowwholesale.com\/sl\/author\/"},"uagb_comment_info":0,"uagb_excerpt":"The Kitten Shaping Pillow is a charming and functional product designed for infants aged 0 to 6 months. Its cute kitten - inspired design, with perky ears and a sweet - faced expression, is visually appealing and sure to capture the hearts of both parents and babies. The central cut - out of the pillow&hellip;","jetpack_sharing_enabled":true,"_links":{"self":[{"href":"https:\/\/babypillowwholesale.com\/sl\/wp-json\/wp\/v2\/product\/3291","targetHints":{"allow":["GET"]}}],"collection":[{"href":"https:\/\/babypillowwholesale.com\/sl\/wp-json\/wp\/v2\/product"}],"about":[{"href":"https:\/\/babypillowwholesale.com\/sl\/wp-json\/wp\/v2\/types\/product"}],"replies":[{"embeddable":true,"href":"https:\/\/babypillowwholesale.com\/sl\/wp-json\/wp\/v2\/comments?post=3291"}],"wp:featuredmedia":[{"embeddable":true,"href":"https:\/\/babypillowwholesale.com\/sl\/wp-json\/wp\/v2\/media\/3292"}],"wp:attachment":[{"href":"https:\/\/babypillowwholesale.com\/sl\/wp-json\/wp\/v2\/media?parent=3291"}],"wp:term":[{"taxonomy":"product_brand","embeddable":true,"href":"https:\/\/babypillowwholesale.com\/sl\/wp-json\/wp\/v2\/product_brand?post=3291"},{"taxonomy":"product_cat","embeddable":true,"href":"https:\/\/babypillowwholesale.com\/sl\/wp-json\/wp\/v2\/product_cat?post=3291"},{"taxonomy":"product_tag","embeddable":true,"href":"https:\/\/babypillowwholesale.com\/sl\/wp-json\/wp\/v2\/product_tag?post=3291"}],"curies":[{"name":"wp","href":"https:\/\/api.w.org\/{rel}","templated":true}]}}