{"id":3289,"date":"2025-03-20T08:23:07","date_gmt":"2025-03-20T08:23:07","guid":{"rendered":"https:\/\/babypillowwholesale.com\/?post_type=product&#038;p=3289"},"modified":"2025-06-08T16:10:06","modified_gmt":"2025-06-08T16:10:06","slug":"crown-shaping-pillow","status":"publish","type":"product","link":"https:\/\/babypillowwholesale.com\/sl\/product\/crown-shaping-pillow\/","title":{"rendered":"Vzglavnik za oblikovanje krone"},"content":{"rendered":"<div class=\"auto-hide-last-sibling-br paragraph-qzbcQC paragraph-element br-paragraph-space\" data-immersive-translate-walked=\"8e61f2e7-6af2-46e5-9672-3b9e4f4033d9\" data-immersive-translate-paragraph=\"1\">\n<div class=\"auto-hide-last-sibling-br paragraph-qzbcQC paragraph-element br-paragraph-space\">Predstavljamo blazino za oblikovanje krone, popolno kombinacijo elegance in funkcionalnosti, ki je skrbno izdelana za najmanj\u0161e kraljeve otroke, stare od 0 do 6 mesecev. Njegova zna\u010dilna oblika, ki jo na vrhu krasi ne\u017ena krona, mu daje kraljevski \u010dar, zato ni le vzglavnik, temve\u010d tudi poseben kos v vsaki otro\u0161ki sobi. Ta vzglavnik je sveti\u0161\u010de udobja in opore. Natan\u010dno oblikovan osrednji izrez ne\u017eno ziblje ne\u017eno otro\u0161ko glavico in jo elegantno usmerja k popolni obliki, medtem ko se otrok pretaka skozi svoje dragocene prve dni. Z dimenzijami 26,5*25*1,5 cm je idealen za razli\u010dne prostore. Ta vzglavnik zagotavlja neomajno udobje, ne glede na to, ali je name\u0161\u010den v razko\u0161no mehkobo otro\u0161ke posteljice, kjer ustvarja udoben prestol za miren spanec, ali pa ga spremlja v vozi\u010dku med son\u010dnim sprehodom po soseski. Prav tako se dobro prilega nosilkam za otroke, tako da so izleti lahkotni, va\u0161 mal\u010dek pa ima udobno oporo. Star\u0161i so navdu\u0161eni nad tem vzglavnikom! Ena od navdu\u0161enih mamic je povedala: \"Moj otrok je videti kot mali princ\/princeska, ki po\u010diva na tem vzglavniku s krono. Je neverjetno mehak in opazila sem, da se je njegova oblika glave zelo izbolj\u0161ala. Modra barva, ki smo jo izbrali, je v otro\u0161ki sobi naravnost osupljiva.\" O\u010de je dodal: \"Tako priro\u010den je, da ga lahko povsod vzamemo s seboj. Oblika je edinstvena in zdi se, da je mojemu otroku v\u0161e\u010d. To je odli\u010den dodatek k na\u0161im potreb\u0161\u010dinam za dojen\u010dka.\" Vzglavnik za oblikovanje krone, ki je na voljo v o\u010darljivih odtenkih ro\u017enate in modre barve, je ve\u010d kot le pripomo\u010dek za dojen\u010dke; je cenjen spremljevalec, ki obljublja udobje, oporo in kan\u010dek kraljevskega \u010dara za dragocene prve mesece \u017eivljenja va\u0161ega otroka.<\/div>\n<\/div>","protected":false},"excerpt":{"rendered":"<p>Blazina za oblikovanje krone je o\u010darljiv in prakti\u010den izdelek, namenjen dojen\u010dkom, starim od 0 do 6 mesecev. Njegova edinstvena oblika s prikupno krono na vrhu mu daje kraljevski in o\u010darljiv videz. Osrednji izrez vzglavnika je skrbno izdelan tako, da zagotavlja ne\u017eno podporo dojen\u010dkovi glavi in pomaga ohranjati pravilno obliko glave v klju\u010dnem obdobju zgodnjega razvoja. Meri 26,5<em>25<\/em>1,5 cm, zato se udobno prilega posteljicam, vozi\u010dkom ali ko se otrok spro\u0161\u010da na odeji. Na voljo je v roza in modri barvi, zato lahko star\u0161i izberejo barvo, ki ustreza njihovemu okusu ali dekoraciji otro\u0161ke sobe, ter zdru\u017euje slog in funkcionalnost za optimalno nego otroka.<\/p>","protected":false},"featured_media":3290,"comment_status":"open","ping_status":"closed","template":"","meta":{"_uag_custom_page_level_css":"","site-sidebar-layout":"default","site-content-layout":"","ast-site-content-layout":"default","site-content-style":"default","site-sidebar-style":"default","ast-global-header-display":"","ast-banner-title-visibility":"","ast-main-header-display":"","ast-hfb-above-header-display":"","ast-hfb-below-header-display":"","ast-hfb-mobile-header-display":"","site-post-title":"","ast-breadcrumbs-content":"","ast-featured-img":"","footer-sml-layout":"","ast-disable-related-posts":"","theme-transparent-header-meta":"default","adv-header-id-meta":"","stick-header-meta":"","header-above-stick-meta":"","header-main-stick-meta":"","header-below-stick-meta":"","astra-migrate-meta-layouts":"set","ast-page-background-enabled":"default","ast-page-background-meta":{"desktop":{"background-color":"","background-image":"","background-repeat":"repeat","background-position":"center center","background-size":"auto","background-attachment":"scroll","background-type":"","background-media":"","overlay-type":"","overlay-color":"","overlay-opacity":"","overlay-gradient":""},"tablet":{"background-color":"","background-image":"","background-repeat":"repeat","background-position":"center center","background-size":"auto","background-attachment":"scroll","background-type":"","background-media":"","overlay-type":"","overlay-color":"","overlay-opacity":"","overlay-gradient":""},"mobile":{"background-color":"","background-image":"","background-repeat":"repeat","background-position":"center center","background-size":"auto","background-attachment":"scroll","background-type":"","background-media":"","overlay-type":"","overlay-color":"","overlay-opacity":"","overlay-gradient":""}},"ast-content-background-meta":{"desktop":{"background-color":"var(--ast-global-color-5)","background-image":"","background-repeat":"repeat","background-position":"center center","background-size":"auto","background-attachment":"scroll","background-type":"","background-media":"","overlay-type":"","overlay-color":"","overlay-opacity":"","overlay-gradient":""},"tablet":{"background-color":"var(--ast-global-color-5)","background-image":"","background-repeat":"repeat","background-position":"center center","background-size":"auto","background-attachment":"scroll","background-type":"","background-media":"","overlay-type":"","overlay-color":"","overlay-opacity":"","overlay-gradient":""},"mobile":{"background-color":"var(--ast-global-color-5)","background-image":"","background-repeat":"repeat","background-position":"center center","background-size":"auto","background-attachment":"scroll","background-type":"","background-media":"","overlay-type":"","overlay-color":"","overlay-opacity":"","overlay-gradient":""}}},"product_brand":[],"product_cat":[54,42],"product_tag":[70,68,71,69],"class_list":{"0":"post-3289","1":"product","2":"type-product","3":"status-publish","4":"has-post-thumbnail","6":"product_cat-0-to-6months","7":"product_cat-merchandise","8":"product_tag-babypillow","9":"product_tag-cuteanimalpillow","10":"product_tag-headshapesupport","11":"product_tag-kouniushapingpillow","12":"desktop-align-left","13":"tablet-align-left","14":"mobile-align-left","16":"first","17":"instock","18":"shipping-taxable","19":"product-type-simple"},"aioseo_notices":[],"uagb_featured_image_src":{"full":["https:\/\/babypillowwholesale.com\/wp-content\/uploads\/2025\/03\/1508.jpg",1000,1000,false],"thumbnail":["https:\/\/babypillowwholesale.com\/wp-content\/uploads\/2025\/03\/1508-150x150.jpg",150,150,true],"medium":["https:\/\/babypillowwholesale.com\/wp-content\/uploads\/2025\/03\/1508-300x300.jpg",300,300,true],"medium_large":["https:\/\/babypillowwholesale.com\/wp-content\/uploads\/2025\/03\/1508-768x768.jpg",768,768,true],"large":["https:\/\/babypillowwholesale.com\/wp-content\/uploads\/2025\/03\/1508.jpg",1000,1000,false],"1536x1536":["https:\/\/babypillowwholesale.com\/wp-content\/uploads\/2025\/03\/1508.jpg",1000,1000,false],"2048x2048":["https:\/\/babypillowwholesale.com\/wp-content\/uploads\/2025\/03\/1508.jpg",1000,1000,false],"trp-custom-language-flag":["https:\/\/babypillowwholesale.com\/wp-content\/uploads\/2025\/03\/1508.jpg",12,12,false],"woocommerce_thumbnail":["https:\/\/babypillowwholesale.com\/wp-content\/uploads\/2025\/03\/1508-300x300.jpg",300,300,true],"woocommerce_single":["https:\/\/babypillowwholesale.com\/wp-content\/uploads\/2025\/03\/1508-600x600.jpg",600,600,true],"woocommerce_gallery_thumbnail":["https:\/\/babypillowwholesale.com\/wp-content\/uploads\/2025\/03\/1508-100x100.jpg",100,100,true]},"uagb_author_info":{"display_name":"yangli","author_link":"https:\/\/babypillowwholesale.com\/sl\/author\/"},"uagb_comment_info":0,"uagb_excerpt":"The Crown Shaping Pillow is a charming and practical product designed for infants aged 0 to 6 months. Its unique design, featuring a cute crown on top, gives it a regal and adorable look. The central cut - out of the pillow is carefully crafted to provide gentle support for a baby's head, helping to&hellip;","jetpack_sharing_enabled":true,"_links":{"self":[{"href":"https:\/\/babypillowwholesale.com\/sl\/wp-json\/wp\/v2\/product\/3289","targetHints":{"allow":["GET"]}}],"collection":[{"href":"https:\/\/babypillowwholesale.com\/sl\/wp-json\/wp\/v2\/product"}],"about":[{"href":"https:\/\/babypillowwholesale.com\/sl\/wp-json\/wp\/v2\/types\/product"}],"replies":[{"embeddable":true,"href":"https:\/\/babypillowwholesale.com\/sl\/wp-json\/wp\/v2\/comments?post=3289"}],"wp:featuredmedia":[{"embeddable":true,"href":"https:\/\/babypillowwholesale.com\/sl\/wp-json\/wp\/v2\/media\/3290"}],"wp:attachment":[{"href":"https:\/\/babypillowwholesale.com\/sl\/wp-json\/wp\/v2\/media?parent=3289"}],"wp:term":[{"taxonomy":"product_brand","embeddable":true,"href":"https:\/\/babypillowwholesale.com\/sl\/wp-json\/wp\/v2\/product_brand?post=3289"},{"taxonomy":"product_cat","embeddable":true,"href":"https:\/\/babypillowwholesale.com\/sl\/wp-json\/wp\/v2\/product_cat?post=3289"},{"taxonomy":"product_tag","embeddable":true,"href":"https:\/\/babypillowwholesale.com\/sl\/wp-json\/wp\/v2\/product_tag?post=3289"}],"curies":[{"name":"wp","href":"https:\/\/api.w.org\/{rel}","templated":true}]}}