{"id":3286,"date":"2025-03-18T15:34:57","date_gmt":"2025-03-18T15:34:57","guid":{"rendered":"https:\/\/babypillowwholesale.com\/?post_type=product&#038;p=3286"},"modified":"2025-06-08T16:11:21","modified_gmt":"2025-06-08T16:11:21","slug":"monster-shaping-pillow","status":"publish","type":"product","link":"https:\/\/babypillowwholesale.com\/sl\/product\/monster-shaping-pillow\/","title":{"rendered":"Vzglavnik za oblikovanje po\u0161asti"},"content":{"rendered":"<div class=\"auto-hide-last-sibling-br paragraph-qzbcQC paragraph-element br-paragraph-space\" data-immersive-translate-walked=\"8e61f2e7-6af2-46e5-9672-3b9e4f4033d9\" data-immersive-translate-paragraph=\"1\">\n<div class=\"auto-hide-last-sibling-br paragraph-qzbcQC paragraph-element br-paragraph-space\">Z na\u0161im blazino za oblikovanje po\u0161asti, ki je nepogre\u0161ljiv pripomo\u010dek za najmanj\u0161e pustolovce, stare od 0 do 6 mesecev, vstopite v svet domislic in udobja. Njegova o\u010darljiva oblika, ki jo je navdihnila po\u0161ast, z velikimi, radovednimi okroglimi o\u010dmi, prikupnim noskom in u\u0161esi, je igriv dodatek, ki takoj polep\u0161a vsako otro\u0161ko sobo. Ta vzglavnik ni le o\u010darljivega videza, temve\u010d tudi oaza opore. Skrbno oblikovan osrednji izrez ne\u017eno in pomirjujo\u010de objame ob\u010dutljivo glavico va\u0161ega dojen\u010dka in jo elegantno vodi k popolni obliki, medtem ko otrok raziskuje prve dni svojega \u017eivljenja. Z dimenzijami 26,5*25*1,5 cm je neverjetno vsestranski. Med lenobnimi nedeljskimi popoldnevi doma ga postavite v otro\u0161ko posteljico in opazujte, kako bo \u010das spanja spremenil v prijetno, sanjsko izku\u0161njo. Ko se odpravite na dru\u017einski izlet, pa naj bo to izlet v \u017eivalski vrt ali piknik v parku, se vzglavnik lepo prilega vozi\u010dku in va\u0161emu mal\u010dku zagotavlja udobno potovanje. Star\u0161i so navdu\u0161eni nad tem \u010dudovitim vzglavnikom! Ena od mamic je navdu\u0161eno dejala: \"Moj otrok je obseden s to po\u0161astno blazino. Je tako mehak, zaradi njegovega dizajna pa se vedno hihitajo. Poleg tega odli\u010dno ohranja glavo v dobrem polo\u017eaju.\" O\u010de je povedal: \"V\u0161e\u010d mi je, kako enostavno ga je prena\u0161ati naokoli. Postal je osnovni pripomo\u010dek na na\u0161ih potovanjih, barvne mo\u017enosti pa so res lepe. Zelo ga priporo\u010dam drugim star\u0161em.\" Vzglavnik Monster Shaping Pillow, ki je na voljo v o\u010darljivih ro\u017enatih in modrih odtenkih, je ve\u010d kot le pripomo\u010dek za dojen\u010dke; je ljubljen spremljevalec, ki obljublja udobje, oporo in veliko zabave v dragocenih prvih dneh \u017eivljenja va\u0161ega otroka.<\/div>\n<\/div>","protected":false},"excerpt":{"rendered":"<p>Vzglavnik za oblikovanje po\u0161asti je zanimiv in prakti\u010den izdelek, namenjen dojen\u010dkom, starim od 0 do 6 mesecev. Njegov prikupen videz s po\u0161asti z okroglimi o\u010dmi, majhnim nosom in u\u0161esi ga naredi vizualno zanimivega. Edinstven osrednji izrez vzglavnika zagotavlja ne\u017eno oporo dojen\u010dkovi glavi in pomaga ohranjati pravilno obliko glave med zgodnjo rastjo. Meri 26,5<em>25<\/em>1,5 cm, primeren za uporabo v otro\u0161kih posteljicah, vozi\u010dkih ali ko otrok le\u017ei na igralni podlogi. Na voljo je v roza in modri barvi, zato star\u0161em omogo\u010da, da izberejo barvo, ki ustreza njihovim \u017eeljam ali dekorju otro\u0161ke sobe, ter zdru\u017euje zabavo in funkcionalnost pri negi otroka.<\/p>","protected":false},"featured_media":3287,"comment_status":"open","ping_status":"closed","template":"","meta":{"_uag_custom_page_level_css":"","site-sidebar-layout":"default","site-content-layout":"","ast-site-content-layout":"default","site-content-style":"default","site-sidebar-style":"default","ast-global-header-display":"","ast-banner-title-visibility":"","ast-main-header-display":"","ast-hfb-above-header-display":"","ast-hfb-below-header-display":"","ast-hfb-mobile-header-display":"","site-post-title":"","ast-breadcrumbs-content":"","ast-featured-img":"","footer-sml-layout":"","ast-disable-related-posts":"","theme-transparent-header-meta":"default","adv-header-id-meta":"","stick-header-meta":"","header-above-stick-meta":"","header-main-stick-meta":"","header-below-stick-meta":"","astra-migrate-meta-layouts":"set","ast-page-background-enabled":"default","ast-page-background-meta":{"desktop":{"background-color":"","background-image":"","background-repeat":"repeat","background-position":"center center","background-size":"auto","background-attachment":"scroll","background-type":"","background-media":"","overlay-type":"","overlay-color":"","overlay-opacity":"","overlay-gradient":""},"tablet":{"background-color":"","background-image":"","background-repeat":"repeat","background-position":"center center","background-size":"auto","background-attachment":"scroll","background-type":"","background-media":"","overlay-type":"","overlay-color":"","overlay-opacity":"","overlay-gradient":""},"mobile":{"background-color":"","background-image":"","background-repeat":"repeat","background-position":"center center","background-size":"auto","background-attachment":"scroll","background-type":"","background-media":"","overlay-type":"","overlay-color":"","overlay-opacity":"","overlay-gradient":""}},"ast-content-background-meta":{"desktop":{"background-color":"var(--ast-global-color-5)","background-image":"","background-repeat":"repeat","background-position":"center center","background-size":"auto","background-attachment":"scroll","background-type":"","background-media":"","overlay-type":"","overlay-color":"","overlay-opacity":"","overlay-gradient":""},"tablet":{"background-color":"var(--ast-global-color-5)","background-image":"","background-repeat":"repeat","background-position":"center center","background-size":"auto","background-attachment":"scroll","background-type":"","background-media":"","overlay-type":"","overlay-color":"","overlay-opacity":"","overlay-gradient":""},"mobile":{"background-color":"var(--ast-global-color-5)","background-image":"","background-repeat":"repeat","background-position":"center center","background-size":"auto","background-attachment":"scroll","background-type":"","background-media":"","overlay-type":"","overlay-color":"","overlay-opacity":"","overlay-gradient":""}}},"product_brand":[],"product_cat":[54,42],"product_tag":[70,68,71,69],"class_list":{"0":"post-3286","1":"product","2":"type-product","3":"status-publish","4":"has-post-thumbnail","6":"product_cat-0-to-6months","7":"product_cat-merchandise","8":"product_tag-babypillow","9":"product_tag-cuteanimalpillow","10":"product_tag-headshapesupport","11":"product_tag-kouniushapingpillow","12":"desktop-align-left","13":"tablet-align-left","14":"mobile-align-left","16":"first","17":"instock","18":"shipping-taxable","19":"product-type-simple"},"aioseo_notices":[],"uagb_featured_image_src":{"full":["https:\/\/babypillowwholesale.com\/wp-content\/uploads\/2025\/03\/1507.jpg",1000,1000,false],"thumbnail":["https:\/\/babypillowwholesale.com\/wp-content\/uploads\/2025\/03\/1507-150x150.jpg",150,150,true],"medium":["https:\/\/babypillowwholesale.com\/wp-content\/uploads\/2025\/03\/1507-300x300.jpg",300,300,true],"medium_large":["https:\/\/babypillowwholesale.com\/wp-content\/uploads\/2025\/03\/1507-768x768.jpg",768,768,true],"large":["https:\/\/babypillowwholesale.com\/wp-content\/uploads\/2025\/03\/1507.jpg",1000,1000,false],"1536x1536":["https:\/\/babypillowwholesale.com\/wp-content\/uploads\/2025\/03\/1507.jpg",1000,1000,false],"2048x2048":["https:\/\/babypillowwholesale.com\/wp-content\/uploads\/2025\/03\/1507.jpg",1000,1000,false],"trp-custom-language-flag":["https:\/\/babypillowwholesale.com\/wp-content\/uploads\/2025\/03\/1507.jpg",12,12,false],"woocommerce_thumbnail":["https:\/\/babypillowwholesale.com\/wp-content\/uploads\/2025\/03\/1507-300x300.jpg",300,300,true],"woocommerce_single":["https:\/\/babypillowwholesale.com\/wp-content\/uploads\/2025\/03\/1507-600x600.jpg",600,600,true],"woocommerce_gallery_thumbnail":["https:\/\/babypillowwholesale.com\/wp-content\/uploads\/2025\/03\/1507-100x100.jpg",100,100,true]},"uagb_author_info":{"display_name":"Etnen zhong","author_link":"https:\/\/babypillowwholesale.com\/sl\/author\/"},"uagb_comment_info":0,"uagb_excerpt":"The Monster Shaping Pillow is an engaging and practical product designed for infants aged 0 to 6 months. Its cute monster - themed appearance, with round eyes, a small nose, and little ears, makes it visually interesting. The unique central cut - out of the pillow provides gentle support for a baby's head, helping to&hellip;","jetpack_sharing_enabled":true,"_links":{"self":[{"href":"https:\/\/babypillowwholesale.com\/sl\/wp-json\/wp\/v2\/product\/3286","targetHints":{"allow":["GET"]}}],"collection":[{"href":"https:\/\/babypillowwholesale.com\/sl\/wp-json\/wp\/v2\/product"}],"about":[{"href":"https:\/\/babypillowwholesale.com\/sl\/wp-json\/wp\/v2\/types\/product"}],"replies":[{"embeddable":true,"href":"https:\/\/babypillowwholesale.com\/sl\/wp-json\/wp\/v2\/comments?post=3286"}],"wp:featuredmedia":[{"embeddable":true,"href":"https:\/\/babypillowwholesale.com\/sl\/wp-json\/wp\/v2\/media\/3287"}],"wp:attachment":[{"href":"https:\/\/babypillowwholesale.com\/sl\/wp-json\/wp\/v2\/media?parent=3286"}],"wp:term":[{"taxonomy":"product_brand","embeddable":true,"href":"https:\/\/babypillowwholesale.com\/sl\/wp-json\/wp\/v2\/product_brand?post=3286"},{"taxonomy":"product_cat","embeddable":true,"href":"https:\/\/babypillowwholesale.com\/sl\/wp-json\/wp\/v2\/product_cat?post=3286"},{"taxonomy":"product_tag","embeddable":true,"href":"https:\/\/babypillowwholesale.com\/sl\/wp-json\/wp\/v2\/product_tag?post=3286"}],"curies":[{"name":"wp","href":"https:\/\/api.w.org\/{rel}","templated":true}]}}