{"id":3273,"date":"2025-03-18T07:02:19","date_gmt":"2025-03-18T07:02:19","guid":{"rendered":"https:\/\/babypillowwholesale.com\/?post_type=product&#038;p=3273"},"modified":"2025-06-08T16:12:27","modified_gmt":"2025-06-08T16:12:27","slug":"adorable-bunny-shaping-pillow","status":"publish","type":"product","link":"https:\/\/babypillowwholesale.com\/sl\/product\/adorable-bunny-shaping-pillow\/","title":{"rendered":"\u010cudovit zaj\u010dek za oblikovanje blazine"},"content":{"rendered":"<div class=\"auto-hide-last-sibling-br paragraph-qzbcQC paragraph-element br-paragraph-space\" data-immersive-translate-walked=\"8e61f2e7-6af2-46e5-9672-3b9e4f4033d9\" data-immersive-translate-paragraph=\"1\">\n<div class=\"auto-hide-last-sibling-br paragraph-qzbcQC paragraph-element br-paragraph-space\">Privo\u0161\u010dite svojemu mal\u010dku udobje z blazino za oblikovanje prikupnega zaj\u010dka, ki je obvezna oprema za dojen\u010dke, stare od 0 do 6 mesecev. Vzglavnik je izdelan kot podoba ljubkega zaj\u010dka z razmr\u0161enimi u\u0161esi in mirnim, napol zaprtimi o\u010dmi ter je vizualna mojstrovina, ki vsaki otro\u0161ki sobi doda pridih pravlji\u010dnega \u010dara. Ta vzglavnik je vzor funkcionalnosti. Strate\u0161ko name\u0161\u010den osrednji izrez nudi ne\u017eno, blagodejno oporo ne\u017eni glavici va\u0161ega dojen\u010dka in jo elegantno usmerja k popolni obliki, ko dojen\u010dek do\u017eivlja \u010dude\u017ee prvih mesecev \u017eivljenja. Velikost 26,5*25*1,5 cm je neverjetno vsestranska. Naj bo v mehkem objemu otro\u0161ke posteljice, kjer se \u010das spanja spremeni v sanjski pobeg, ali v vozi\u010dku, kjer se sprehajate po pla\u017ei, ta vzglavnik zagotavlja, da bo va\u0161emu malemu snopi\u010du veselja vedno udobno. Prilega se tudi otro\u0161kim avtomobilskim sede\u017eem, tako da bodo dolge vo\u017enje z avtomobilom za va\u0161ega otroka mirne. Star\u0161i so zaljubljeni v ta vzglavnik! \"V trenutku, ko sem v otro\u0161ko posteljico postavila ta vzglavnik Adorable Bunny Shaping Pillow, sem vedela, da je zmagovalec. Ni le izjemno mehak, ampak je tudi opazno spremenil obliko glave mojega otroka,\" je vzkliknila ena od zadovoljnih mamic. Neki o\u010de je povedal: \"Vzamem jo s seboj povsod, kamor gremo. Razli\u010dne barvne mo\u017enosti so odli\u010dne, dizajn zaj\u010dka pa mojega otroka vedno nasmeji. To je zagotovo obvezen nakup za nove star\u0161e.\" Oblikovalni vzglavnik Adorable Bunny, ki je na voljo v o\u010darljivih odtenkih ro\u017enate, modre in temno zelene barve, je ve\u010d kot le pripomo\u010dek za dojen\u010dke; je ljubljen spremljevalec, ki obljublja udobje, oporo in veliko prijetnosti v prvih dneh \u017eivljenja va\u0161ega otroka.<\/div>\n<\/div>","protected":false},"excerpt":{"rendered":"<p>Oblikovalni vzglavnik Adorable Bunny je \u010dudovit izdelek, prilagojen dojen\u010dkom, starim od 0 do 6 mesecev. Njegova oblika, ki je oblikovana po vzoru prikupnega zaj\u010dka z dolgimi u\u0161esi in sladkim, zaspanim izrazom, je vizualno privla\u010dna in bo zagotovo o\u010darala tako star\u0161e kot dojen\u010dke. Osrednji izrez vzglavnika je ergonomsko oblikovan tako, da ne\u017eno podpira otrokovo glavo in pomaga ohranjati pravilno obliko glave v kriti\u010dnem obdobju zgodnjega razvoja. Meri 26,5*<em>25*<\/em>1,5 cm, zato se udobno prilega posteljicam, vozi\u010dkom ali otro\u0161kim avtomobilskim sede\u017eem in zagotavlja udobno po\u010divali\u0161\u010de, kjer koli je va\u0161 otrok. Z barvnimi mo\u017enostmi ro\u017enate, modre in temno zelene barve star\u0161em omogo\u010da, da izberejo odtenek, ki ustreza njihovim \u017eeljam ali dekoraciji otro\u0161ke sobe, ter zdru\u017euje ljubkost in prakti\u010dnost za optimalno nego otroka.<\/p>","protected":false},"featured_media":3285,"comment_status":"open","ping_status":"closed","template":"","meta":{"_uag_custom_page_level_css":"","site-sidebar-layout":"default","site-content-layout":"","ast-site-content-layout":"default","site-content-style":"default","site-sidebar-style":"default","ast-global-header-display":"","ast-banner-title-visibility":"","ast-main-header-display":"","ast-hfb-above-header-display":"","ast-hfb-below-header-display":"","ast-hfb-mobile-header-display":"","site-post-title":"","ast-breadcrumbs-content":"","ast-featured-img":"","footer-sml-layout":"","ast-disable-related-posts":"","theme-transparent-header-meta":"default","adv-header-id-meta":"","stick-header-meta":"","header-above-stick-meta":"","header-main-stick-meta":"","header-below-stick-meta":"","astra-migrate-meta-layouts":"set","ast-page-background-enabled":"default","ast-page-background-meta":{"desktop":{"background-color":"","background-image":"","background-repeat":"repeat","background-position":"center center","background-size":"auto","background-attachment":"scroll","background-type":"","background-media":"","overlay-type":"","overlay-color":"","overlay-opacity":"","overlay-gradient":""},"tablet":{"background-color":"","background-image":"","background-repeat":"repeat","background-position":"center center","background-size":"auto","background-attachment":"scroll","background-type":"","background-media":"","overlay-type":"","overlay-color":"","overlay-opacity":"","overlay-gradient":""},"mobile":{"background-color":"","background-image":"","background-repeat":"repeat","background-position":"center center","background-size":"auto","background-attachment":"scroll","background-type":"","background-media":"","overlay-type":"","overlay-color":"","overlay-opacity":"","overlay-gradient":""}},"ast-content-background-meta":{"desktop":{"background-color":"var(--ast-global-color-5)","background-image":"","background-repeat":"repeat","background-position":"center center","background-size":"auto","background-attachment":"scroll","background-type":"","background-media":"","overlay-type":"","overlay-color":"","overlay-opacity":"","overlay-gradient":""},"tablet":{"background-color":"var(--ast-global-color-5)","background-image":"","background-repeat":"repeat","background-position":"center center","background-size":"auto","background-attachment":"scroll","background-type":"","background-media":"","overlay-type":"","overlay-color":"","overlay-opacity":"","overlay-gradient":""},"mobile":{"background-color":"var(--ast-global-color-5)","background-image":"","background-repeat":"repeat","background-position":"center center","background-size":"auto","background-attachment":"scroll","background-type":"","background-media":"","overlay-type":"","overlay-color":"","overlay-opacity":"","overlay-gradient":""}}},"product_brand":[],"product_cat":[54,42],"product_tag":[70,68,71,69],"class_list":{"0":"post-3273","1":"product","2":"type-product","3":"status-publish","4":"has-post-thumbnail","6":"product_cat-0-to-6months","7":"product_cat-merchandise","8":"product_tag-babypillow","9":"product_tag-cuteanimalpillow","10":"product_tag-headshapesupport","11":"product_tag-kouniushapingpillow","12":"desktop-align-left","13":"tablet-align-left","14":"mobile-align-left","16":"first","17":"instock","18":"shipping-taxable","19":"product-type-simple"},"aioseo_notices":[],"uagb_featured_image_src":{"full":["https:\/\/babypillowwholesale.com\/wp-content\/uploads\/2025\/03\/1506-1.jpg",1000,1000,false],"thumbnail":["https:\/\/babypillowwholesale.com\/wp-content\/uploads\/2025\/03\/1506-1-150x150.jpg",150,150,true],"medium":["https:\/\/babypillowwholesale.com\/wp-content\/uploads\/2025\/03\/1506-1-300x300.jpg",300,300,true],"medium_large":["https:\/\/babypillowwholesale.com\/wp-content\/uploads\/2025\/03\/1506-1-768x768.jpg",768,768,true],"large":["https:\/\/babypillowwholesale.com\/wp-content\/uploads\/2025\/03\/1506-1.jpg",1000,1000,false],"1536x1536":["https:\/\/babypillowwholesale.com\/wp-content\/uploads\/2025\/03\/1506-1.jpg",1000,1000,false],"2048x2048":["https:\/\/babypillowwholesale.com\/wp-content\/uploads\/2025\/03\/1506-1.jpg",1000,1000,false],"trp-custom-language-flag":["https:\/\/babypillowwholesale.com\/wp-content\/uploads\/2025\/03\/1506-1.jpg",12,12,false],"woocommerce_thumbnail":["https:\/\/babypillowwholesale.com\/wp-content\/uploads\/2025\/03\/1506-1-300x300.jpg",300,300,true],"woocommerce_single":["https:\/\/babypillowwholesale.com\/wp-content\/uploads\/2025\/03\/1506-1-600x600.jpg",600,600,true],"woocommerce_gallery_thumbnail":["https:\/\/babypillowwholesale.com\/wp-content\/uploads\/2025\/03\/1506-1-100x100.jpg",100,100,true]},"uagb_author_info":{"display_name":"Etnen zhong","author_link":"https:\/\/babypillowwholesale.com\/sl\/author\/"},"uagb_comment_info":1,"uagb_excerpt":"The Adorable Bunny Shaping Pillow is a delightful product tailored for infants aged 0 to 6 months. Its design, modeled after an adorable bunny with long ears and a sweet, sleepy - eyed expression, is visually appealing and sure to charm both parents and babies. The central cut - out of the pillow is ergonomically&hellip;","jetpack_sharing_enabled":true,"_links":{"self":[{"href":"https:\/\/babypillowwholesale.com\/sl\/wp-json\/wp\/v2\/product\/3273","targetHints":{"allow":["GET"]}}],"collection":[{"href":"https:\/\/babypillowwholesale.com\/sl\/wp-json\/wp\/v2\/product"}],"about":[{"href":"https:\/\/babypillowwholesale.com\/sl\/wp-json\/wp\/v2\/types\/product"}],"replies":[{"embeddable":true,"href":"https:\/\/babypillowwholesale.com\/sl\/wp-json\/wp\/v2\/comments?post=3273"}],"wp:featuredmedia":[{"embeddable":true,"href":"https:\/\/babypillowwholesale.com\/sl\/wp-json\/wp\/v2\/media\/3285"}],"wp:attachment":[{"href":"https:\/\/babypillowwholesale.com\/sl\/wp-json\/wp\/v2\/media?parent=3273"}],"wp:term":[{"taxonomy":"product_brand","embeddable":true,"href":"https:\/\/babypillowwholesale.com\/sl\/wp-json\/wp\/v2\/product_brand?post=3273"},{"taxonomy":"product_cat","embeddable":true,"href":"https:\/\/babypillowwholesale.com\/sl\/wp-json\/wp\/v2\/product_cat?post=3273"},{"taxonomy":"product_tag","embeddable":true,"href":"https:\/\/babypillowwholesale.com\/sl\/wp-json\/wp\/v2\/product_tag?post=3273"}],"curies":[{"name":"wp","href":"https:\/\/api.w.org\/{rel}","templated":true}]}}