{"id":3271,"date":"2025-03-18T06:30:20","date_gmt":"2025-03-18T06:30:20","guid":{"rendered":"https:\/\/babypillowwholesale.com\/?post_type=product&#038;p=3271"},"modified":"2025-06-08T16:13:28","modified_gmt":"2025-06-08T16:13:28","slug":"cute-one-shaping-pillow","status":"publish","type":"product","link":"https:\/\/babypillowwholesale.com\/sl\/product\/cute-one-shaping-pillow\/","title":{"rendered":"Sr\u010dkan en blazina za oblikovanje"},"content":{"rendered":"<div class=\"auto-hide-last-sibling-br paragraph-qzbcQC paragraph-element br-paragraph-space\" data-immersive-translate-walked=\"8e61f2e7-6af2-46e5-9672-3b9e4f4033d9\" data-immersive-translate-paragraph=\"1\">\n<div class=\"auto-hide-last-sibling-br paragraph-qzbcQC paragraph-element br-paragraph-space\">Izjemno o\u010darljiva blazina Cute One Shaping Pillow, sanjski pripomo\u010dek, ki je skrbno izdelan za najmlaj\u0161e, stare od 0 do 6 mesecev. O\u010darljivo podobo krasijo prikupna \u017eivalska u\u0161esa in sladek, o\u010darljiv obraz, zato je nemogo\u010de, da se v ta vzglavnik ne bi zaljubili \u017ee na prvi pogled.<\/div>\n<div class=\"auto-hide-last-sibling-br paragraph-qzbcQC paragraph-element br-paragraph-space\">Poleg o\u010darljive zunanjosti je ta vzglavnik tudi vzor funkcionalnosti. Domiselno zasnovan osrednji izrez nudi ne\u017een in podporen objem ne\u017eni otro\u0161ki glavici, ki jo ne\u017eno usmerja k popolni obliki na poti skozi dragocene prve dni \u017eivljenja. Meri 26,5*<em>25*<\/em>1,5 cm, je popolne velikosti, da se brez te\u017eav prilega razli\u010dnim nastavitvam.<\/div>\n<div class=\"auto-hide-last-sibling-br paragraph-qzbcQC paragraph-element br-paragraph-space\">Ta vzglavnik zagotavlja neomajno udobje, ne glede na to, ali je name\u0161\u010den v pli\u0161asti otro\u0161ki posteljici, ustvarja zavetje miru za dolge, krep\u010dilne dreme\u017ee ali pa spremlja va\u0161ega mal\u010dka v vozi\u010dku med spro\u0161\u010denim sprehodom po parku. Je tudi idealen spremljevalec za prijetne popoldneve doma, ko se va\u0161 dojen\u010dek spro\u0161\u010da na mehki odeji, saj zagotavlja znano in pomirjujo\u010de mesto.<\/div>\n<div class=\"auto-hide-last-sibling-br paragraph-qzbcQC paragraph-element br-paragraph-space\">Star\u0161i so popolnoma navdu\u0161eni nad blazino Cute One Shaping Pillow! Ena od navdu\u0161enih mamic je povedala: \"Ta vzglavnik ni le neverjetno prikupen, ampak tudi dela \u010dude\u017ee glede na obliko glave mojega otroka. Je tako mehak in zdi se, da moj mal\u010dek zelo rad po\u010diva na njem. Poleg tega so barvne mo\u017enosti odli\u010dne - izbrala sva modro in v otro\u0161ki sobi je videti \u010dudovito.\" Drug o\u010de je dodal: \"Postal je osnovni del na\u0161ega vsakdana. Enostavno ga je prena\u0161ati naokoli, mojemu otroku pa vedno nari\u0161e nasmeh na obraz. Zelo priporo\u010dljivo!\"<\/div>\n<div class=\"auto-hide-last-sibling-br paragraph-qzbcQC paragraph-element br-paragraph-space\">Oblikovalni vzglavnik Cute One, ki je na voljo v o\u010darljivih odtenkih ro\u017enate, modre in temno zelene barve, je ve\u010d kot le pripomo\u010dek za dojen\u010dke; je cenjen spremljevalec, ki brezhibno zdru\u017euje ljubkost, udobje in prakti\u010dnost za dragocene prve mesece \u017eivljenja va\u0161ega otroka.<\/div>\n<\/div>","protected":false},"excerpt":{"rendered":"<p>Oblikovalni vzglavnik Cute One je \u010dudovit in funkcionalen izdelek, namenjen dojen\u010dkom, starim od 0 do 6 mesecev. Njegov o\u010darljiv videz s prikupnimi u\u0161esi, podobnimi \u017eivalim, in sladko oblikovanim obrazom bo zagotovo osvojil srca. Edinstvena oblika izreza na sredini blazine zagotavlja ne\u017eno podporo dojen\u010dkovi glavi in pomaga ohranjati zdravo obliko glave v klju\u010dnem obdobju zgodnjega razvoja. Z velikostjo 26,5*<em>25*<\/em>1,5 cm, zato se udobno prilega otro\u0161ki posteljici, vozi\u010dku ali ko se otrok spro\u0161\u010da na odeji. Na voljo je v roza, modri in temno zeleni barvi, zato star\u0161em ponuja izbiro, ki se ujema z njihovimi \u017eeljami ali dekoracijo otro\u0161ke sobe ter zdru\u017euje prikupnost in prakti\u010dnost pri negi otroka.<\/p>","protected":false},"featured_media":3284,"comment_status":"open","ping_status":"closed","template":"","meta":{"_uag_custom_page_level_css":"","site-sidebar-layout":"default","site-content-layout":"","ast-site-content-layout":"default","site-content-style":"default","site-sidebar-style":"default","ast-global-header-display":"","ast-banner-title-visibility":"","ast-main-header-display":"","ast-hfb-above-header-display":"","ast-hfb-below-header-display":"","ast-hfb-mobile-header-display":"","site-post-title":"","ast-breadcrumbs-content":"","ast-featured-img":"","footer-sml-layout":"","ast-disable-related-posts":"","theme-transparent-header-meta":"default","adv-header-id-meta":"","stick-header-meta":"","header-above-stick-meta":"","header-main-stick-meta":"","header-below-stick-meta":"","astra-migrate-meta-layouts":"set","ast-page-background-enabled":"default","ast-page-background-meta":{"desktop":{"background-color":"","background-image":"","background-repeat":"repeat","background-position":"center center","background-size":"auto","background-attachment":"scroll","background-type":"","background-media":"","overlay-type":"","overlay-color":"","overlay-opacity":"","overlay-gradient":""},"tablet":{"background-color":"","background-image":"","background-repeat":"repeat","background-position":"center center","background-size":"auto","background-attachment":"scroll","background-type":"","background-media":"","overlay-type":"","overlay-color":"","overlay-opacity":"","overlay-gradient":""},"mobile":{"background-color":"","background-image":"","background-repeat":"repeat","background-position":"center center","background-size":"auto","background-attachment":"scroll","background-type":"","background-media":"","overlay-type":"","overlay-color":"","overlay-opacity":"","overlay-gradient":""}},"ast-content-background-meta":{"desktop":{"background-color":"var(--ast-global-color-5)","background-image":"","background-repeat":"repeat","background-position":"center center","background-size":"auto","background-attachment":"scroll","background-type":"","background-media":"","overlay-type":"","overlay-color":"","overlay-opacity":"","overlay-gradient":""},"tablet":{"background-color":"var(--ast-global-color-5)","background-image":"","background-repeat":"repeat","background-position":"center center","background-size":"auto","background-attachment":"scroll","background-type":"","background-media":"","overlay-type":"","overlay-color":"","overlay-opacity":"","overlay-gradient":""},"mobile":{"background-color":"var(--ast-global-color-5)","background-image":"","background-repeat":"repeat","background-position":"center center","background-size":"auto","background-attachment":"scroll","background-type":"","background-media":"","overlay-type":"","overlay-color":"","overlay-opacity":"","overlay-gradient":""}}},"product_brand":[],"product_cat":[54,42],"product_tag":[70,68,71,69],"class_list":{"0":"post-3271","1":"product","2":"type-product","3":"status-publish","4":"has-post-thumbnail","6":"product_cat-0-to-6months","7":"product_cat-merchandise","8":"product_tag-babypillow","9":"product_tag-cuteanimalpillow","10":"product_tag-headshapesupport","11":"product_tag-kouniushapingpillow","12":"desktop-align-left","13":"tablet-align-left","14":"mobile-align-left","16":"first","17":"instock","18":"shipping-taxable","19":"product-type-simple"},"aioseo_notices":[],"uagb_featured_image_src":{"full":["https:\/\/babypillowwholesale.com\/wp-content\/uploads\/2025\/03\/1167-1.jpg",1000,1000,false],"thumbnail":["https:\/\/babypillowwholesale.com\/wp-content\/uploads\/2025\/03\/1167-1-150x150.jpg",150,150,true],"medium":["https:\/\/babypillowwholesale.com\/wp-content\/uploads\/2025\/03\/1167-1-300x300.jpg",300,300,true],"medium_large":["https:\/\/babypillowwholesale.com\/wp-content\/uploads\/2025\/03\/1167-1-768x768.jpg",768,768,true],"large":["https:\/\/babypillowwholesale.com\/wp-content\/uploads\/2025\/03\/1167-1.jpg",1000,1000,false],"1536x1536":["https:\/\/babypillowwholesale.com\/wp-content\/uploads\/2025\/03\/1167-1.jpg",1000,1000,false],"2048x2048":["https:\/\/babypillowwholesale.com\/wp-content\/uploads\/2025\/03\/1167-1.jpg",1000,1000,false],"trp-custom-language-flag":["https:\/\/babypillowwholesale.com\/wp-content\/uploads\/2025\/03\/1167-1.jpg",12,12,false],"woocommerce_thumbnail":["https:\/\/babypillowwholesale.com\/wp-content\/uploads\/2025\/03\/1167-1-300x300.jpg",300,300,true],"woocommerce_single":["https:\/\/babypillowwholesale.com\/wp-content\/uploads\/2025\/03\/1167-1-600x600.jpg",600,600,true],"woocommerce_gallery_thumbnail":["https:\/\/babypillowwholesale.com\/wp-content\/uploads\/2025\/03\/1167-1-100x100.jpg",100,100,true]},"uagb_author_info":{"display_name":"Etnen zhong","author_link":"https:\/\/babypillowwholesale.com\/sl\/author\/"},"uagb_comment_info":0,"uagb_excerpt":"The Cute One Shaping Pillow is a delightful and functional product designed for infants aged 0 to 6 months. Its charming appearance, featuring cute animal - like ears and a sweet - faced design, is sure to capture hearts. The pillow's unique cut - out design in the middle provides gentle support for a baby's&hellip;","jetpack_sharing_enabled":true,"_links":{"self":[{"href":"https:\/\/babypillowwholesale.com\/sl\/wp-json\/wp\/v2\/product\/3271","targetHints":{"allow":["GET"]}}],"collection":[{"href":"https:\/\/babypillowwholesale.com\/sl\/wp-json\/wp\/v2\/product"}],"about":[{"href":"https:\/\/babypillowwholesale.com\/sl\/wp-json\/wp\/v2\/types\/product"}],"replies":[{"embeddable":true,"href":"https:\/\/babypillowwholesale.com\/sl\/wp-json\/wp\/v2\/comments?post=3271"}],"wp:featuredmedia":[{"embeddable":true,"href":"https:\/\/babypillowwholesale.com\/sl\/wp-json\/wp\/v2\/media\/3284"}],"wp:attachment":[{"href":"https:\/\/babypillowwholesale.com\/sl\/wp-json\/wp\/v2\/media?parent=3271"}],"wp:term":[{"taxonomy":"product_brand","embeddable":true,"href":"https:\/\/babypillowwholesale.com\/sl\/wp-json\/wp\/v2\/product_brand?post=3271"},{"taxonomy":"product_cat","embeddable":true,"href":"https:\/\/babypillowwholesale.com\/sl\/wp-json\/wp\/v2\/product_cat?post=3271"},{"taxonomy":"product_tag","embeddable":true,"href":"https:\/\/babypillowwholesale.com\/sl\/wp-json\/wp\/v2\/product_tag?post=3271"}],"curies":[{"name":"wp","href":"https:\/\/api.w.org\/{rel}","templated":true}]}}