{"id":3269,"date":"2025-03-17T15:47:20","date_gmt":"2025-03-17T15:47:20","guid":{"rendered":"https:\/\/babypillowwholesale.com\/?post_type=product&#038;p=3269"},"modified":"2025-06-08T16:14:39","modified_gmt":"2025-06-08T16:14:39","slug":"little-bear-crescent-pillow","status":"publish","type":"product","link":"https:\/\/babypillowwholesale.com\/sl\/product\/little-bear-crescent-pillow\/","title":{"rendered":"Mali medved polmese\u010dni vzglavnik"},"content":{"rendered":"<div class=\"auto-hide-last-sibling-br paragraph-qzbcQC paragraph-element br-paragraph-space\" data-immersive-translate-walked=\"8e61f2e7-6af2-46e5-9672-3b9e4f4033d9\" data-immersive-translate-paragraph=\"1\">Spoznajte o\u010darljivo blazino Little Bear Crescent, ki je popolna me\u0161anica \u0161arma in funkcionalnosti, izdelana po meri za najmanj\u0161e spalce, stare od 0 do 6 mesecev. Vzglavnik, ki spominja na prikupnega medvedka, z u\u0161esi in obrazom, ki iz\u017eareva toplino, takoj ukrade srce in v svet va\u0161ega dojen\u010dka vnese dozo ljubkosti. Ta vzglavnik ni le vizualni u\u017eitek, temve\u010d tudi vir udobja. Skrbno oblikovan polmesec ne\u017eno in ergonomsko objame ob\u010dutljivo glavico va\u0161ega dojen\u010dka in jo usmerja v \u010dudovito obliko, ko se bo podal na pot skozi dragocene prve mesece \u017eivljenja. Meri 23\/20,5*0\/5 cm in je idealen za razli\u010dna okolja. Med dolgimi, lenobnimi popoldnevi doma ga postavite v otro\u0161ko posteljico in opazujte, kako spreminja prostor v prijetno zato\u010di\u0161\u010de in va\u0161ega mal\u010dka uspava v miren spanec. Ko ste na poti, pa naj gre za hiter izlet v trgovino ali izlet za konec tedna, se blazina dobro prilega nosilki za otroke in zagotavlja udobje va\u0161ega otroka na celotnem potovanju. Star\u0161i so navdu\u0161eni nad tem malim draguljem! Ena od zadovoljnih mamic je povedala: \"Moj otrok uporablja ta vzglavnik z medvedkom \u017ee od svojega nekajtedenskega otro\u0161tva. Je tako mehak, v\u0161e\u010d pa mi je tudi njegov simpati\u010den dizajn. Poleg tega se zdi, da resni\u010dno pomaga pri ohranjanju glave v dobrem polo\u017eaju.\" Drug o\u010de je dodal: \"Razli\u010dne barve so velik plus. Dobila sva temno zeleno in v otro\u0161ki sobi je videti \u010dudovito. Postal je nepogre\u0161ljiv del otrokove rutine.\" Vzglavnik Little Bear Crescent je na voljo v o\u010darljivih odtenkih ro\u017enate, modre in temno zelene barve, zato je ve\u010d kot le otro\u0161ki dodatek; je ljubljen spremljevalec, ki obljublja udobje, oporo in veliko prijetnosti v prvih dneh \u017eivljenja va\u0161ega otroka.<\/div>","protected":false},"excerpt":{"rendered":"<p>Vzglavnik Little Bear Crescent je o\u010darljiva in prakti\u010dna izbira za dojen\u010dke, stare od 0 do 6 mesecev. Oblikovan je kot ljubek medvedek, ima prikupna u\u0161esa in ljubek obraz, zato je vizualno privla\u010den. Vzglavnik v obliki polmeseca zagotavlja ne\u017eno in ergonomsko podporo dojen\u010dkovi glavi ter pomaga ohranjati pravilno obliko glave v zgodnjem razvoju. Z dimenzijami 23\/20,5*0\/5 cm je primeren za uporabo v otro\u0161kih posteljicah, nosilkah ali ko otrok le\u017ei na igralni podlogi. Na voljo je v roza, modri in temno zeleni barvi, zato lahko star\u0161i izberejo barvo, ki ustreza njihovemu okusu ali dekoraciji otro\u0161ke sobe, ter zdru\u017euje funkcionalnost in prikupnost za pove\u010danje otrokovega udobja.<\/p>","protected":false},"featured_media":3283,"comment_status":"open","ping_status":"closed","template":"","meta":{"_uag_custom_page_level_css":"","site-sidebar-layout":"default","site-content-layout":"","ast-site-content-layout":"default","site-content-style":"default","site-sidebar-style":"default","ast-global-header-display":"","ast-banner-title-visibility":"","ast-main-header-display":"","ast-hfb-above-header-display":"","ast-hfb-below-header-display":"","ast-hfb-mobile-header-display":"","site-post-title":"","ast-breadcrumbs-content":"","ast-featured-img":"","footer-sml-layout":"","ast-disable-related-posts":"","theme-transparent-header-meta":"default","adv-header-id-meta":"","stick-header-meta":"","header-above-stick-meta":"","header-main-stick-meta":"","header-below-stick-meta":"","astra-migrate-meta-layouts":"set","ast-page-background-enabled":"default","ast-page-background-meta":{"desktop":{"background-color":"","background-image":"","background-repeat":"repeat","background-position":"center center","background-size":"auto","background-attachment":"scroll","background-type":"","background-media":"","overlay-type":"","overlay-color":"","overlay-opacity":"","overlay-gradient":""},"tablet":{"background-color":"","background-image":"","background-repeat":"repeat","background-position":"center center","background-size":"auto","background-attachment":"scroll","background-type":"","background-media":"","overlay-type":"","overlay-color":"","overlay-opacity":"","overlay-gradient":""},"mobile":{"background-color":"","background-image":"","background-repeat":"repeat","background-position":"center center","background-size":"auto","background-attachment":"scroll","background-type":"","background-media":"","overlay-type":"","overlay-color":"","overlay-opacity":"","overlay-gradient":""}},"ast-content-background-meta":{"desktop":{"background-color":"var(--ast-global-color-5)","background-image":"","background-repeat":"repeat","background-position":"center center","background-size":"auto","background-attachment":"scroll","background-type":"","background-media":"","overlay-type":"","overlay-color":"","overlay-opacity":"","overlay-gradient":""},"tablet":{"background-color":"var(--ast-global-color-5)","background-image":"","background-repeat":"repeat","background-position":"center center","background-size":"auto","background-attachment":"scroll","background-type":"","background-media":"","overlay-type":"","overlay-color":"","overlay-opacity":"","overlay-gradient":""},"mobile":{"background-color":"var(--ast-global-color-5)","background-image":"","background-repeat":"repeat","background-position":"center center","background-size":"auto","background-attachment":"scroll","background-type":"","background-media":"","overlay-type":"","overlay-color":"","overlay-opacity":"","overlay-gradient":""}}},"product_brand":[],"product_cat":[54,42],"product_tag":[70,68,71,69],"class_list":{"0":"post-3269","1":"product","2":"type-product","3":"status-publish","4":"has-post-thumbnail","6":"product_cat-0-to-6months","7":"product_cat-merchandise","8":"product_tag-babypillow","9":"product_tag-cuteanimalpillow","10":"product_tag-headshapesupport","11":"product_tag-kouniushapingpillow","12":"desktop-align-left","13":"tablet-align-left","14":"mobile-align-left","16":"first","17":"instock","18":"shipping-taxable","19":"product-type-simple"},"aioseo_notices":[],"uagb_featured_image_src":{"full":["https:\/\/babypillowwholesale.com\/wp-content\/uploads\/2025\/03\/1135-1.jpg",1000,1000,false],"thumbnail":["https:\/\/babypillowwholesale.com\/wp-content\/uploads\/2025\/03\/1135-1-150x150.jpg",150,150,true],"medium":["https:\/\/babypillowwholesale.com\/wp-content\/uploads\/2025\/03\/1135-1-300x300.jpg",300,300,true],"medium_large":["https:\/\/babypillowwholesale.com\/wp-content\/uploads\/2025\/03\/1135-1-768x768.jpg",768,768,true],"large":["https:\/\/babypillowwholesale.com\/wp-content\/uploads\/2025\/03\/1135-1.jpg",1000,1000,false],"1536x1536":["https:\/\/babypillowwholesale.com\/wp-content\/uploads\/2025\/03\/1135-1.jpg",1000,1000,false],"2048x2048":["https:\/\/babypillowwholesale.com\/wp-content\/uploads\/2025\/03\/1135-1.jpg",1000,1000,false],"trp-custom-language-flag":["https:\/\/babypillowwholesale.com\/wp-content\/uploads\/2025\/03\/1135-1.jpg",12,12,false],"woocommerce_thumbnail":["https:\/\/babypillowwholesale.com\/wp-content\/uploads\/2025\/03\/1135-1-300x300.jpg",300,300,true],"woocommerce_single":["https:\/\/babypillowwholesale.com\/wp-content\/uploads\/2025\/03\/1135-1-600x600.jpg",600,600,true],"woocommerce_gallery_thumbnail":["https:\/\/babypillowwholesale.com\/wp-content\/uploads\/2025\/03\/1135-1-100x100.jpg",100,100,true]},"uagb_author_info":{"display_name":"Etnen zhong","author_link":"https:\/\/babypillowwholesale.com\/sl\/author\/"},"uagb_comment_info":0,"uagb_excerpt":"The Little Bear Crescent Pillow is a charming and practical choice for infants aged 0 to 6 months. Shaped like an endearing little bear, it features cute ears and a sweet face, making it visually appealing. The crescent - shaped design of the pillow provides gentle and ergonomic support for a baby's head, helping to&hellip;","jetpack_sharing_enabled":true,"_links":{"self":[{"href":"https:\/\/babypillowwholesale.com\/sl\/wp-json\/wp\/v2\/product\/3269","targetHints":{"allow":["GET"]}}],"collection":[{"href":"https:\/\/babypillowwholesale.com\/sl\/wp-json\/wp\/v2\/product"}],"about":[{"href":"https:\/\/babypillowwholesale.com\/sl\/wp-json\/wp\/v2\/types\/product"}],"replies":[{"embeddable":true,"href":"https:\/\/babypillowwholesale.com\/sl\/wp-json\/wp\/v2\/comments?post=3269"}],"wp:featuredmedia":[{"embeddable":true,"href":"https:\/\/babypillowwholesale.com\/sl\/wp-json\/wp\/v2\/media\/3283"}],"wp:attachment":[{"href":"https:\/\/babypillowwholesale.com\/sl\/wp-json\/wp\/v2\/media?parent=3269"}],"wp:term":[{"taxonomy":"product_brand","embeddable":true,"href":"https:\/\/babypillowwholesale.com\/sl\/wp-json\/wp\/v2\/product_brand?post=3269"},{"taxonomy":"product_cat","embeddable":true,"href":"https:\/\/babypillowwholesale.com\/sl\/wp-json\/wp\/v2\/product_cat?post=3269"},{"taxonomy":"product_tag","embeddable":true,"href":"https:\/\/babypillowwholesale.com\/sl\/wp-json\/wp\/v2\/product_tag?post=3269"}],"curies":[{"name":"wp","href":"https:\/\/api.w.org\/{rel}","templated":true}]}}