{"id":3267,"date":"2025-03-17T15:38:34","date_gmt":"2025-03-17T15:38:34","guid":{"rendered":"https:\/\/babypillowwholesale.com\/?post_type=product&#038;p=3267"},"modified":"2025-06-08T16:15:31","modified_gmt":"2025-06-08T16:15:31","slug":"little-tiger-shaping-pillow","status":"publish","type":"product","link":"https:\/\/babypillowwholesale.com\/sl\/product\/little-tiger-shaping-pillow\/","title":{"rendered":"Vzglavnik za oblikovanje Little Tiger"},"content":{"rendered":"<div class=\"auto-hide-last-sibling-br paragraph-qzbcQC paragraph-element br-paragraph-space\" data-immersive-translate-walked=\"8e61f2e7-6af2-46e5-9672-3b9e4f4033d9\" data-immersive-translate-paragraph=\"1\">Vzglavnik Little Tiger Shaping Pillow je o\u010darljiva me\u0161anica \u0161arma in funkcionalnosti, skrbno izdelana za najmanj\u0161e zaklade, stare od 0 do 6 mesecev. Njegova \u010dudovita oblika, ki jo navdihuje tiger z velikimi nedol\u017enimi okroglimi o\u010dmi in zna\u010dilnimi \u010drtami, je popolni u\u017eitek in v otrokov svet takoj vnese pridih divje domi\u0161ljije. Ta vzglavnik ni le o\u010darljivega videza, temve\u010d tudi oaza udobja in opore. Spretno oblikovan blazina ne\u017eno ziblje ne\u017eno glavico va\u0161ega otroka in jo skrbno vodi, da zagotovi popolno obliko, ko se otrok poda na pot svoje zgodnje rasti. Meri 26*23*0\/3 cm in je idealen spremljevalec za razli\u010dna okolja. Med mirnimi dreme\u017ei v vrtcu, ujet v mehkobo otro\u0161ke posteljice, oblikujo\u010di vzglavnik Little Tiger ustvari prijeten in varen prostor za va\u0161ega mal\u010dka. Na dru\u017einskih izletih, naj bo to piknik v parku ali dan na pla\u017ei, se tesno prilega vozi\u010dku in zagotavlja znano udobje na poti. Star\u0161i so nad tem izdelkom navdu\u0161eni! Ena od mamic je povedala: \"Moj dojen\u010dek se zelo rad stiska k tej blazinici s tigrom. Je tako mehak in opazila sem, da se je njegova oblika glave zelo izbolj\u0161ala. Poleg tega je modra barva \u010dudovita.\" Drug o\u010de je omenil: \"Postal je nepogre\u0161ljiv na na\u0161ih potovanjih. Je enostaven za prena\u0161anje in vedno nari\u0161e nasmeh na obraz mojega otroka, ko vidi ta prikupni dizajn tigra.\" Oblikovalni vzglavnik Little Tiger, ki je na voljo v o\u010darljivih odtenkih ro\u017enate in modre barve, je ve\u010d kot le otro\u0161ki pripomo\u010dek; je zanesljiv prijatelj, ki zdru\u017euje ljubkost, udobje in funkcionalnost za dragocene zgodnje dni va\u0161ega otroka.<\/div>","protected":false},"excerpt":{"rendered":"<p>Oblikovalni vzglavnik Little Tiger je o\u010darljiv in funkcionalen izdelek, namenjen dojen\u010dkom, starim od 0 do 6 mesecev. S svojim prikupnim videzom s tigrom, velikimi okroglimi o\u010dmi in zna\u010dilnimi \u010drtami takoj pritegne pozornost. Vzglavnik je skrbno oblikovan, da zagotavlja ne\u017eno oporo ob\u010dutljivi glavici dojen\u010dka in pomaga pri spodbujanju pravilne oblike glave v klju\u010dnem obdobju zgodnjega razvoja. Meri 26*<em data-immersive-translate-walked=\"af7bf617-a59f-4215-833d-5c6d97166ab5\">23*<\/em>0\/3 cm, zato se dobro prilega otro\u0161kim posteljicam, vozi\u010dkom ali ko se va\u0161 otrok spro\u0161\u010da na odeji. Na voljo je v roza in modri barvi, zato lahko star\u0161i izberejo barvo, ki ustreza njihovim \u017eeljam ali dekoraciji otro\u0161ke sobe, ter zdru\u017euje ljubkost s prakti\u010dnostjo pri negi otroka.<\/p>","protected":false},"featured_media":3282,"comment_status":"open","ping_status":"closed","template":"","meta":{"_uag_custom_page_level_css":"","site-sidebar-layout":"default","site-content-layout":"","ast-site-content-layout":"default","site-content-style":"default","site-sidebar-style":"default","ast-global-header-display":"","ast-banner-title-visibility":"","ast-main-header-display":"","ast-hfb-above-header-display":"","ast-hfb-below-header-display":"","ast-hfb-mobile-header-display":"","site-post-title":"","ast-breadcrumbs-content":"","ast-featured-img":"","footer-sml-layout":"","ast-disable-related-posts":"","theme-transparent-header-meta":"default","adv-header-id-meta":"","stick-header-meta":"","header-above-stick-meta":"","header-main-stick-meta":"","header-below-stick-meta":"","astra-migrate-meta-layouts":"set","ast-page-background-enabled":"default","ast-page-background-meta":{"desktop":{"background-color":"","background-image":"","background-repeat":"repeat","background-position":"center center","background-size":"auto","background-attachment":"scroll","background-type":"","background-media":"","overlay-type":"","overlay-color":"","overlay-opacity":"","overlay-gradient":""},"tablet":{"background-color":"","background-image":"","background-repeat":"repeat","background-position":"center center","background-size":"auto","background-attachment":"scroll","background-type":"","background-media":"","overlay-type":"","overlay-color":"","overlay-opacity":"","overlay-gradient":""},"mobile":{"background-color":"","background-image":"","background-repeat":"repeat","background-position":"center center","background-size":"auto","background-attachment":"scroll","background-type":"","background-media":"","overlay-type":"","overlay-color":"","overlay-opacity":"","overlay-gradient":""}},"ast-content-background-meta":{"desktop":{"background-color":"var(--ast-global-color-5)","background-image":"","background-repeat":"repeat","background-position":"center center","background-size":"auto","background-attachment":"scroll","background-type":"","background-media":"","overlay-type":"","overlay-color":"","overlay-opacity":"","overlay-gradient":""},"tablet":{"background-color":"var(--ast-global-color-5)","background-image":"","background-repeat":"repeat","background-position":"center center","background-size":"auto","background-attachment":"scroll","background-type":"","background-media":"","overlay-type":"","overlay-color":"","overlay-opacity":"","overlay-gradient":""},"mobile":{"background-color":"var(--ast-global-color-5)","background-image":"","background-repeat":"repeat","background-position":"center center","background-size":"auto","background-attachment":"scroll","background-type":"","background-media":"","overlay-type":"","overlay-color":"","overlay-opacity":"","overlay-gradient":""}}},"product_brand":[],"product_cat":[54,42],"product_tag":[70,68,71,69],"class_list":{"0":"post-3267","1":"product","2":"type-product","3":"status-publish","4":"has-post-thumbnail","6":"product_cat-0-to-6months","7":"product_cat-merchandise","8":"product_tag-babypillow","9":"product_tag-cuteanimalpillow","10":"product_tag-headshapesupport","11":"product_tag-kouniushapingpillow","12":"desktop-align-left","13":"tablet-align-left","14":"mobile-align-left","16":"first","17":"instock","18":"shipping-taxable","19":"product-type-simple"},"aioseo_notices":[],"uagb_featured_image_src":{"full":["https:\/\/babypillowwholesale.com\/wp-content\/uploads\/2025\/03\/1131-1.jpg",1000,1000,false],"thumbnail":["https:\/\/babypillowwholesale.com\/wp-content\/uploads\/2025\/03\/1131-1-150x150.jpg",150,150,true],"medium":["https:\/\/babypillowwholesale.com\/wp-content\/uploads\/2025\/03\/1131-1-300x300.jpg",300,300,true],"medium_large":["https:\/\/babypillowwholesale.com\/wp-content\/uploads\/2025\/03\/1131-1-768x768.jpg",768,768,true],"large":["https:\/\/babypillowwholesale.com\/wp-content\/uploads\/2025\/03\/1131-1.jpg",1000,1000,false],"1536x1536":["https:\/\/babypillowwholesale.com\/wp-content\/uploads\/2025\/03\/1131-1.jpg",1000,1000,false],"2048x2048":["https:\/\/babypillowwholesale.com\/wp-content\/uploads\/2025\/03\/1131-1.jpg",1000,1000,false],"trp-custom-language-flag":["https:\/\/babypillowwholesale.com\/wp-content\/uploads\/2025\/03\/1131-1.jpg",12,12,false],"woocommerce_thumbnail":["https:\/\/babypillowwholesale.com\/wp-content\/uploads\/2025\/03\/1131-1-300x300.jpg",300,300,true],"woocommerce_single":["https:\/\/babypillowwholesale.com\/wp-content\/uploads\/2025\/03\/1131-1-600x600.jpg",600,600,true],"woocommerce_gallery_thumbnail":["https:\/\/babypillowwholesale.com\/wp-content\/uploads\/2025\/03\/1131-1-100x100.jpg",100,100,true]},"uagb_author_info":{"display_name":"Etnen zhong","author_link":"https:\/\/babypillowwholesale.com\/sl\/author\/"},"uagb_comment_info":0,"uagb_excerpt":"The Little Tiger Shaping Pillow is a charming and functional product designed for infants aged 0 to 6 months. With its cute tiger - themed appearance, featuring big round eyes and distinctive stripes, it instantly catches the eye. The pillow's design is carefully contoured to provide gentle support for a baby's delicate head, helping to&hellip;","jetpack_sharing_enabled":true,"_links":{"self":[{"href":"https:\/\/babypillowwholesale.com\/sl\/wp-json\/wp\/v2\/product\/3267","targetHints":{"allow":["GET"]}}],"collection":[{"href":"https:\/\/babypillowwholesale.com\/sl\/wp-json\/wp\/v2\/product"}],"about":[{"href":"https:\/\/babypillowwholesale.com\/sl\/wp-json\/wp\/v2\/types\/product"}],"replies":[{"embeddable":true,"href":"https:\/\/babypillowwholesale.com\/sl\/wp-json\/wp\/v2\/comments?post=3267"}],"wp:featuredmedia":[{"embeddable":true,"href":"https:\/\/babypillowwholesale.com\/sl\/wp-json\/wp\/v2\/media\/3282"}],"wp:attachment":[{"href":"https:\/\/babypillowwholesale.com\/sl\/wp-json\/wp\/v2\/media?parent=3267"}],"wp:term":[{"taxonomy":"product_brand","embeddable":true,"href":"https:\/\/babypillowwholesale.com\/sl\/wp-json\/wp\/v2\/product_brand?post=3267"},{"taxonomy":"product_cat","embeddable":true,"href":"https:\/\/babypillowwholesale.com\/sl\/wp-json\/wp\/v2\/product_cat?post=3267"},{"taxonomy":"product_tag","embeddable":true,"href":"https:\/\/babypillowwholesale.com\/sl\/wp-json\/wp\/v2\/product_tag?post=3267"}],"curies":[{"name":"wp","href":"https:\/\/api.w.org\/{rel}","templated":true}]}}