{"id":3263,"date":"2025-03-17T03:51:27","date_gmt":"2025-03-17T03:51:27","guid":{"rendered":"https:\/\/babypillowwholesale.com\/?post_type=product&#038;p=3263"},"modified":"2025-06-08T16:17:17","modified_gmt":"2025-06-08T16:17:17","slug":"cloud-washable-shaping-pillow","status":"publish","type":"product","link":"https:\/\/babypillowwholesale.com\/sl\/product\/cloud-washable-shaping-pillow\/","title":{"rendered":"Obla\u010dni pralni vzglavnik za oblikovanje"},"content":{"rendered":"<div class=\"auto-hide-last-sibling-br paragraph-qzbcQC paragraph-element br-paragraph-space\" data-immersive-translate-walked=\"8e61f2e7-6af2-46e5-9672-3b9e4f4033d9\" data-immersive-translate-paragraph=\"1\">Odpravite se v svet udobja in ljubkosti z na\u0161im blazino za oblikovanje, ki jo je mogo\u010de prati v oblaku, sanjskim dodatkom, izdelanim posebej za najmanj\u0161e sanja\u010de, stare od 0 do 6 mesecev. Vzglavnik, ki spominja na puhast oblak iz pravljice, krasijo \u010dudoviti, naklju\u010dno natisnjeni motivi ribic, ki v spalni prostor va\u0161ega dojen\u010dka vnesejo pridih muhavosti. Ergonomska zasnova vzglavnika je ne\u017een objem za ob\u010dutljivo glavico va\u0161ega dojen\u010dka, ki jo skrbno objame in spodbuja popolno obliko glavice, medtem ko dremlje v svojih dragocenih zgodnjih dneh. Z dimenzijami 35*22*3\/1,5 cm nudi izdatno oporo in se brez te\u017eav prilega razli\u010dnim nastavitvam. Ta vzglavnik zagotavlja, da bo va\u0161emu mal\u010dku vedno udobno, ne glede na to, ali ga boste namestili v udobno globino otro\u0161ke posteljice, kjer bo ustvaril nebe\u0161ko zavetje za dolge dreme\u017ee, ali pa ga boste namestili v vozi\u010dek za spro\u0161\u010den sprehod po parku. Je tudi odli\u010den spremljevalec na dru\u017einskih potovanjih, saj va\u0161emu dojen\u010dku med potjo nudi znano in pomirjujo\u010de mesto za po\u010ditek. Star\u0161i so nad tem vzglavnikom navdu\u0161eni! Ena od zadovoljnih mamic je povedala: \"Moj otrok obo\u017euje ta vzglavnik v obliki obla\u010dka. Naklju\u010dni potiski so tako zabavno presene\u010denje, poleg tega pa ga je tako enostavno oprati, ko se malo uma\u017ee. Postal je osnovni pripomo\u010dek za spanje na\u0161ega otroka.\" Drug o\u010de je omenil: \"Skrbelo me je, kak\u0161na bo oblika glave mojega otroka, vendar je ta vzglavnik spremenil pravila igre. Je mehak, podporen in v otro\u0161ki sobi je videti \u010dudovito.\" Vzglavnik Cloud Washable Shaping Pillow, ki je na voljo v o\u010darljivih odtenkih ro\u017enate in modre barve, vsak s svojim edinstvenim naklju\u010dnim vzorcem, ni le pripomo\u010dek za spanje, temve\u010d vir veselja in udobja za va\u0161ega otroka.<\/div>","protected":false},"excerpt":{"rendered":"<p>Obla\u010dna pralna blazina za oblikovanje je \u010dudovit izdelek, namenjen dojen\u010dkom, starim od 0 do 6 mesecev. Oblikovan je kot mehak oblak in je privla\u010dnega videza, naklju\u010dni potiski z motivom rib pa mu dodajo pridih zabave. Njegova edinstvena zasnova zagotavlja ne\u017eno podporo dojen\u010dkovi glavi in pomaga ohranjati dobro obliko glave. Meri 35*<em data-immersive-translate-walked=\"f7f4678a-e6ea-41bf-8db0-071fdda90f71\">22*<\/em>3\/1,5 cm, je dovolj velik, da nudi zadostno oporo, vendar je \u0161e vedno primeren za razli\u010dne nastavitve, povezane z dojen\u010dkom. Poleg tega ga je mogo\u010de prati, zato ga je enostavno vzdr\u017eevati \u010distega in higieni\u010dnega. Na voljo je v roza in modri barvi z razli\u010dnimi naklju\u010dnimi vzorci, zato star\u0161e nekoliko preseneti, hkrati pa zagotavlja funkcionalnost za njihove mal\u010dke.<\/p>","protected":false},"featured_media":3280,"comment_status":"open","ping_status":"closed","template":"","meta":{"_uag_custom_page_level_css":"","site-sidebar-layout":"default","site-content-layout":"","ast-site-content-layout":"default","site-content-style":"default","site-sidebar-style":"default","ast-global-header-display":"","ast-banner-title-visibility":"","ast-main-header-display":"","ast-hfb-above-header-display":"","ast-hfb-below-header-display":"","ast-hfb-mobile-header-display":"","site-post-title":"","ast-breadcrumbs-content":"","ast-featured-img":"","footer-sml-layout":"","ast-disable-related-posts":"","theme-transparent-header-meta":"default","adv-header-id-meta":"","stick-header-meta":"","header-above-stick-meta":"","header-main-stick-meta":"","header-below-stick-meta":"","astra-migrate-meta-layouts":"set","ast-page-background-enabled":"default","ast-page-background-meta":{"desktop":{"background-color":"","background-image":"","background-repeat":"repeat","background-position":"center center","background-size":"auto","background-attachment":"scroll","background-type":"","background-media":"","overlay-type":"","overlay-color":"","overlay-opacity":"","overlay-gradient":""},"tablet":{"background-color":"","background-image":"","background-repeat":"repeat","background-position":"center center","background-size":"auto","background-attachment":"scroll","background-type":"","background-media":"","overlay-type":"","overlay-color":"","overlay-opacity":"","overlay-gradient":""},"mobile":{"background-color":"","background-image":"","background-repeat":"repeat","background-position":"center center","background-size":"auto","background-attachment":"scroll","background-type":"","background-media":"","overlay-type":"","overlay-color":"","overlay-opacity":"","overlay-gradient":""}},"ast-content-background-meta":{"desktop":{"background-color":"var(--ast-global-color-5)","background-image":"","background-repeat":"repeat","background-position":"center center","background-size":"auto","background-attachment":"scroll","background-type":"","background-media":"","overlay-type":"","overlay-color":"","overlay-opacity":"","overlay-gradient":""},"tablet":{"background-color":"var(--ast-global-color-5)","background-image":"","background-repeat":"repeat","background-position":"center center","background-size":"auto","background-attachment":"scroll","background-type":"","background-media":"","overlay-type":"","overlay-color":"","overlay-opacity":"","overlay-gradient":""},"mobile":{"background-color":"var(--ast-global-color-5)","background-image":"","background-repeat":"repeat","background-position":"center center","background-size":"auto","background-attachment":"scroll","background-type":"","background-media":"","overlay-type":"","overlay-color":"","overlay-opacity":"","overlay-gradient":""}}},"product_brand":[],"product_cat":[54,42],"product_tag":[70,68,71,69],"class_list":{"0":"post-3263","1":"product","2":"type-product","3":"status-publish","4":"has-post-thumbnail","6":"product_cat-0-to-6months","7":"product_cat-merchandise","8":"product_tag-babypillow","9":"product_tag-cuteanimalpillow","10":"product_tag-headshapesupport","11":"product_tag-kouniushapingpillow","12":"desktop-align-left","13":"tablet-align-left","14":"mobile-align-left","16":"first","17":"instock","18":"shipping-taxable","19":"product-type-simple"},"aioseo_notices":[],"uagb_featured_image_src":{"full":["https:\/\/babypillowwholesale.com\/wp-content\/uploads\/2025\/03\/1129-1.jpg",1000,1000,false],"thumbnail":["https:\/\/babypillowwholesale.com\/wp-content\/uploads\/2025\/03\/1129-1-150x150.jpg",150,150,true],"medium":["https:\/\/babypillowwholesale.com\/wp-content\/uploads\/2025\/03\/1129-1-300x300.jpg",300,300,true],"medium_large":["https:\/\/babypillowwholesale.com\/wp-content\/uploads\/2025\/03\/1129-1-768x768.jpg",768,768,true],"large":["https:\/\/babypillowwholesale.com\/wp-content\/uploads\/2025\/03\/1129-1.jpg",1000,1000,false],"1536x1536":["https:\/\/babypillowwholesale.com\/wp-content\/uploads\/2025\/03\/1129-1.jpg",1000,1000,false],"2048x2048":["https:\/\/babypillowwholesale.com\/wp-content\/uploads\/2025\/03\/1129-1.jpg",1000,1000,false],"trp-custom-language-flag":["https:\/\/babypillowwholesale.com\/wp-content\/uploads\/2025\/03\/1129-1.jpg",12,12,false],"woocommerce_thumbnail":["https:\/\/babypillowwholesale.com\/wp-content\/uploads\/2025\/03\/1129-1-300x300.jpg",300,300,true],"woocommerce_single":["https:\/\/babypillowwholesale.com\/wp-content\/uploads\/2025\/03\/1129-1-600x600.jpg",600,600,true],"woocommerce_gallery_thumbnail":["https:\/\/babypillowwholesale.com\/wp-content\/uploads\/2025\/03\/1129-1-100x100.jpg",100,100,true]},"uagb_author_info":{"display_name":"Etnen zhong","author_link":"https:\/\/babypillowwholesale.com\/sl\/author\/"},"uagb_comment_info":0,"uagb_excerpt":"The Cloud Washable Shaping Pillow is a wonderful product designed for infants aged 0 to 6 months. Shaped like a soft cloud, it has an appealing look, and the random fish - themed prints add a touch of fun. Its unique design provides gentle support to the baby's head, helping to maintain a good head&hellip;","jetpack_sharing_enabled":true,"_links":{"self":[{"href":"https:\/\/babypillowwholesale.com\/sl\/wp-json\/wp\/v2\/product\/3263","targetHints":{"allow":["GET"]}}],"collection":[{"href":"https:\/\/babypillowwholesale.com\/sl\/wp-json\/wp\/v2\/product"}],"about":[{"href":"https:\/\/babypillowwholesale.com\/sl\/wp-json\/wp\/v2\/types\/product"}],"replies":[{"embeddable":true,"href":"https:\/\/babypillowwholesale.com\/sl\/wp-json\/wp\/v2\/comments?post=3263"}],"wp:featuredmedia":[{"embeddable":true,"href":"https:\/\/babypillowwholesale.com\/sl\/wp-json\/wp\/v2\/media\/3280"}],"wp:attachment":[{"href":"https:\/\/babypillowwholesale.com\/sl\/wp-json\/wp\/v2\/media?parent=3263"}],"wp:term":[{"taxonomy":"product_brand","embeddable":true,"href":"https:\/\/babypillowwholesale.com\/sl\/wp-json\/wp\/v2\/product_brand?post=3263"},{"taxonomy":"product_cat","embeddable":true,"href":"https:\/\/babypillowwholesale.com\/sl\/wp-json\/wp\/v2\/product_cat?post=3263"},{"taxonomy":"product_tag","embeddable":true,"href":"https:\/\/babypillowwholesale.com\/sl\/wp-json\/wp\/v2\/product_tag?post=3263"}],"curies":[{"name":"wp","href":"https:\/\/api.w.org\/{rel}","templated":true}]}}