{"id":3259,"date":"2025-03-17T03:01:05","date_gmt":"2025-03-17T03:01:05","guid":{"rendered":"https:\/\/babypillowwholesale.com\/?post_type=product&#038;p=3259"},"modified":"2025-06-08T16:19:14","modified_gmt":"2025-06-08T16:19:14","slug":"hydrophilic-cotton-shaping-pillow","status":"publish","type":"product","link":"https:\/\/babypillowwholesale.com\/sl\/product\/hydrophilic-cotton-shaping-pillow\/","title":{"rendered":"Hidrofilni bomba\u017eni vzglavnik za oblikovanje"},"content":{"rendered":"<div class=\"auto-hide-last-sibling-br paragraph-qzbcQC paragraph-element br-paragraph-space\" data-immersive-translate-walked=\"8e61f2e7-6af2-46e5-9672-3b9e4f4033d9\" data-immersive-translate-paragraph=\"1\">Predstavljamo blazino za oblikovanje iz hidrofilnega bomba\u017ea, \u010dudovito me\u0161anico \u0161arma in funkcionalnosti, prilagojeno izklju\u010dno za najmanj\u0161e spalnike, stare od 0 do 6 mesecev. Ta vzglavnik, okra\u0161en z ljubkimi u\u0161esi in ne\u017enim lokom, je vizualna mojstrovina, ki takoj polep\u0161a vsako otro\u0161ko sobo.<br \/>\nNjegova edinstvena oblika, izdelana z izjemno natan\u010dnostjo, ne\u017eno objame ob\u010dutljivo glavico va\u0161ega otroka in jo ne\u017eno usmerja k popolni obliki, ko se otrok podaja na pot zgodnje rasti. Meri 26230\/3 cm in je idealne velikosti za nemoteno vklju\u010devanje v razli\u010dne prostore.<br \/>\nTa vzglavnik zagotavlja stalno udobje, ne glede na to, ali je name\u0161\u010den v pli\u0161asti posteljici va\u0161ega otroka, ali predstavlja udobno oazo za njegovo spanje sredi dneva, ali pa ga spremlja v nosilki med dru\u017einskim izletom v \u017eivalski vrt. Je tudi odli\u010den spremljevalec na dolgih letih, saj va\u0161emu mal\u010dku nudi znano in pomirjujo\u010de mesto za po\u010ditek sredi vrve\u017ea.<br \/>\nNa voljo so v o\u010darljivih odtenkih ne\u017ene ro\u017enate in bogate temno zelene barve, zato lahko izberete odtenek, ki najbolj ustreza va\u0161im estetskim ob\u010dutkom ali temi vrtca. S hidrofilnim blazino za oblikovanje iz bomba\u017ea izbolj\u0161ajte otrokovo izku\u0161njo spanja, saj je vsak spanec korak k lepo oblikovani glavi in sladkim sanjam.<\/div>","protected":false},"excerpt":{"rendered":"<p>Blazina za oblikovanje iz hidrofilnega bomba\u017ea je privla\u010den in prakti\u010den izdelek, namenjen dojen\u010dkom, starim od 0 do 6 mesecev. Z o\u010darljivim videzom s prikupnimi u\u0161esi in \u010dudovitim lokom je vizualno privla\u010den. Oblika blazine je skrbno izdelana tako, da zagotavlja ne\u017eno podporo dojen\u010dkovi glavi in pomaga ohranjati pravilno obliko v \u010dasu zgodnjega razvoja. Vzglavnik meri 26230\/3 cm in se dobro prilega otro\u0161kim posteljicam ali nosilkam. Na voljo je v sladko ro\u017enati in elegantni temno zeleni barvi, zato star\u0161em omogo\u010da, da se prilagodijo svojim \u017eeljam ali dekoraciji otro\u0161ke sobe, pri \u010demer zdru\u017euje funkcionalnost s pridihom ljubkosti za nego otroka.<\/p>","protected":false},"featured_media":3278,"comment_status":"open","ping_status":"closed","template":"","meta":{"_uag_custom_page_level_css":"","site-sidebar-layout":"default","site-content-layout":"","ast-site-content-layout":"default","site-content-style":"default","site-sidebar-style":"default","ast-global-header-display":"","ast-banner-title-visibility":"","ast-main-header-display":"","ast-hfb-above-header-display":"","ast-hfb-below-header-display":"","ast-hfb-mobile-header-display":"","site-post-title":"","ast-breadcrumbs-content":"","ast-featured-img":"","footer-sml-layout":"","ast-disable-related-posts":"","theme-transparent-header-meta":"default","adv-header-id-meta":"","stick-header-meta":"","header-above-stick-meta":"","header-main-stick-meta":"","header-below-stick-meta":"","astra-migrate-meta-layouts":"set","ast-page-background-enabled":"default","ast-page-background-meta":{"desktop":{"background-color":"","background-image":"","background-repeat":"repeat","background-position":"center center","background-size":"auto","background-attachment":"scroll","background-type":"","background-media":"","overlay-type":"","overlay-color":"","overlay-opacity":"","overlay-gradient":""},"tablet":{"background-color":"","background-image":"","background-repeat":"repeat","background-position":"center center","background-size":"auto","background-attachment":"scroll","background-type":"","background-media":"","overlay-type":"","overlay-color":"","overlay-opacity":"","overlay-gradient":""},"mobile":{"background-color":"","background-image":"","background-repeat":"repeat","background-position":"center center","background-size":"auto","background-attachment":"scroll","background-type":"","background-media":"","overlay-type":"","overlay-color":"","overlay-opacity":"","overlay-gradient":""}},"ast-content-background-meta":{"desktop":{"background-color":"var(--ast-global-color-5)","background-image":"","background-repeat":"repeat","background-position":"center center","background-size":"auto","background-attachment":"scroll","background-type":"","background-media":"","overlay-type":"","overlay-color":"","overlay-opacity":"","overlay-gradient":""},"tablet":{"background-color":"var(--ast-global-color-5)","background-image":"","background-repeat":"repeat","background-position":"center center","background-size":"auto","background-attachment":"scroll","background-type":"","background-media":"","overlay-type":"","overlay-color":"","overlay-opacity":"","overlay-gradient":""},"mobile":{"background-color":"var(--ast-global-color-5)","background-image":"","background-repeat":"repeat","background-position":"center center","background-size":"auto","background-attachment":"scroll","background-type":"","background-media":"","overlay-type":"","overlay-color":"","overlay-opacity":"","overlay-gradient":""}}},"product_brand":[],"product_cat":[54,42],"product_tag":[70,68,71,69],"class_list":{"0":"post-3259","1":"product","2":"type-product","3":"status-publish","4":"has-post-thumbnail","6":"product_cat-0-to-6months","7":"product_cat-merchandise","8":"product_tag-babypillow","9":"product_tag-cuteanimalpillow","10":"product_tag-headshapesupport","11":"product_tag-kouniushapingpillow","12":"desktop-align-left","13":"tablet-align-left","14":"mobile-align-left","16":"first","17":"instock","18":"shipping-taxable","19":"product-type-simple"},"aioseo_notices":[],"uagb_featured_image_src":{"full":["https:\/\/babypillowwholesale.com\/wp-content\/uploads\/2025\/03\/1125-1.jpg",1000,1000,false],"thumbnail":["https:\/\/babypillowwholesale.com\/wp-content\/uploads\/2025\/03\/1125-1-150x150.jpg",150,150,true],"medium":["https:\/\/babypillowwholesale.com\/wp-content\/uploads\/2025\/03\/1125-1-300x300.jpg",300,300,true],"medium_large":["https:\/\/babypillowwholesale.com\/wp-content\/uploads\/2025\/03\/1125-1-768x768.jpg",768,768,true],"large":["https:\/\/babypillowwholesale.com\/wp-content\/uploads\/2025\/03\/1125-1.jpg",1000,1000,false],"1536x1536":["https:\/\/babypillowwholesale.com\/wp-content\/uploads\/2025\/03\/1125-1.jpg",1000,1000,false],"2048x2048":["https:\/\/babypillowwholesale.com\/wp-content\/uploads\/2025\/03\/1125-1.jpg",1000,1000,false],"trp-custom-language-flag":["https:\/\/babypillowwholesale.com\/wp-content\/uploads\/2025\/03\/1125-1.jpg",12,12,false],"woocommerce_thumbnail":["https:\/\/babypillowwholesale.com\/wp-content\/uploads\/2025\/03\/1125-1-300x300.jpg",300,300,true],"woocommerce_single":["https:\/\/babypillowwholesale.com\/wp-content\/uploads\/2025\/03\/1125-1-600x600.jpg",600,600,true],"woocommerce_gallery_thumbnail":["https:\/\/babypillowwholesale.com\/wp-content\/uploads\/2025\/03\/1125-1-100x100.jpg",100,100,true]},"uagb_author_info":{"display_name":"Etnen zhong","author_link":"https:\/\/babypillowwholesale.com\/sl\/author\/"},"uagb_comment_info":0,"uagb_excerpt":"The Hydrophilic cotton Shaping Pillow is an appealing and practical product designed for infants between 0 and 6 months old. With a charming appearance featuring cute ears and a lovely bow, it's visually attractive. The pillow's design is carefully crafted to provide gentle support for a baby's head, helping to maintain a proper shape during&hellip;","jetpack_sharing_enabled":true,"_links":{"self":[{"href":"https:\/\/babypillowwholesale.com\/sl\/wp-json\/wp\/v2\/product\/3259","targetHints":{"allow":["GET"]}}],"collection":[{"href":"https:\/\/babypillowwholesale.com\/sl\/wp-json\/wp\/v2\/product"}],"about":[{"href":"https:\/\/babypillowwholesale.com\/sl\/wp-json\/wp\/v2\/types\/product"}],"replies":[{"embeddable":true,"href":"https:\/\/babypillowwholesale.com\/sl\/wp-json\/wp\/v2\/comments?post=3259"}],"wp:featuredmedia":[{"embeddable":true,"href":"https:\/\/babypillowwholesale.com\/sl\/wp-json\/wp\/v2\/media\/3278"}],"wp:attachment":[{"href":"https:\/\/babypillowwholesale.com\/sl\/wp-json\/wp\/v2\/media?parent=3259"}],"wp:term":[{"taxonomy":"product_brand","embeddable":true,"href":"https:\/\/babypillowwholesale.com\/sl\/wp-json\/wp\/v2\/product_brand?post=3259"},{"taxonomy":"product_cat","embeddable":true,"href":"https:\/\/babypillowwholesale.com\/sl\/wp-json\/wp\/v2\/product_cat?post=3259"},{"taxonomy":"product_tag","embeddable":true,"href":"https:\/\/babypillowwholesale.com\/sl\/wp-json\/wp\/v2\/product_tag?post=3259"}],"curies":[{"name":"wp","href":"https:\/\/api.w.org\/{rel}","templated":true}]}}