{"id":3256,"date":"2025-03-15T07:30:39","date_gmt":"2025-03-15T07:30:39","guid":{"rendered":"https:\/\/babypillowwholesale.com\/?post_type=product&#038;p=3256"},"modified":"2025-06-08T16:20:33","modified_gmt":"2025-06-08T16:20:33","slug":"cute-bunny-shaping-pillow","status":"publish","type":"product","link":"https:\/\/babypillowwholesale.com\/sl\/product\/cute-bunny-shaping-pillow\/","title":{"rendered":"Sr\u010dkan zaj\u010dek za oblikovanje blazine"},"content":{"rendered":"<div class=\"auto-hide-last-sibling-br paragraph-qzbcQC paragraph-element br-paragraph-space\" data-immersive-translate-walked=\"8e61f2e7-6af2-46e5-9672-3b9e4f4033d9\" data-immersive-translate-paragraph=\"1\">Prepustite svojega mal\u010dka v svet udobja z na\u0161im o\u010darljivim vzglavnikom Cute Bunny Shaping Pillow, ki je nujno potreben za dojen\u010dke, stare od 0 do 6 mesecev. Ta vzglavnik, ki ga krasijo u\u0161esca zaj\u010dka in sladka oblika, ni le pripomo\u010dek za spanje, temve\u010d o\u010darljiv kos, ki v prostor va\u0161ega dojen\u010dka vnese pridih muhavosti.<\/div>\n<div class=\"auto-hide-last-sibling-br paragraph-qzbcQC paragraph-element br-paragraph-space\" data-immersive-translate-walked=\"8e61f2e7-6af2-46e5-9672-3b9e4f4033d9\" data-immersive-translate-paragraph=\"1\">Njegova edinstvena oblika je natan\u010dno zasnovana in zagotavlja ne\u017eno, a trdno oporo ne\u017eni glavici va\u0161ega dojen\u010dka, kar pripomore k popolni obliki glavice v prvih mesecih njegovega \u017eivljenja. Priro\u010dna velikost 26<em data-immersive-translate-walked=\"8e61f2e7-6af2-46e5-9672-3b9e4f4033d9\">23<\/em>0\/3CM je vsestranski spremljevalec, ki se odli\u010dno prilega razli\u010dnim nastavitvam.<\/div>\n<div class=\"auto-hide-last-sibling-br paragraph-qzbcQC paragraph-element br-paragraph-space\" data-immersive-translate-walked=\"8e61f2e7-6af2-46e5-9672-3b9e4f4033d9\" data-immersive-translate-paragraph=\"1\">Ta vzglavnik zagotavlja udobje va\u0161ega otroka na poti, ne glede na to, ali je name\u0161\u010den v sredi\u0161\u010du otro\u0161ke posteljice in ustvarja sanjsko zavetje za dolgo pri\u010dakovani dreme\u017e ali pa je spravljen v vozi\u010dku med son\u010dnim popoldanskim sprehodom v parku. Tudi med preno\u010devanjem pri babici ga je mogo\u010de preprosto spakirati in tako ustvariti znano in prijetno spalno okolje.<\/div>\n<div class=\"auto-hide-last-sibling-br paragraph-qzbcQC paragraph-element br-paragraph-space\" data-immersive-translate-walked=\"8e61f2e7-6af2-46e5-9672-3b9e4f4033d9\" data-immersive-translate-paragraph=\"1\">Na voljo sta o\u010darljiva odtenka ne\u017eno ro\u017enate in mirno modre barve, zato lahko izberete barvo, ki najbolje dopolnjuje dekoracijo otro\u0161ke sobe ali preprosto ustreza va\u0161im osebnim \u017eeljam. Izbolj\u0161ajte otrokov spanec s tem blazino za oblikovanje prikupnega zaj\u010dka, kjer se funkcionalnost na najbolj \u010dudovit na\u010din sre\u010da z ljubkostjo.<\/div>","protected":false},"excerpt":{"rendered":"<p>Oblikovalni vzglavnik Cute Bunny je \u010dudovit in funkcionalen pripomo\u010dek za dojen\u010dke, stare od 0 do 6 mesecev. Oblikovan je kot o\u010darljiv zaj\u010dek s prikupnimi u\u0161esi in sladkim obrazom, zato takoj pritegne pozornost. Njegova posebna zasnova je oblikovana tako, da ne\u017eno podpira dojen\u010dkovo glavo in pomaga ohranjati zdravo obliko glave v klju\u010dnih prvih mesecih. Meri 26<em data-immersive-translate-walked=\"8e61f2e7-6af2-46e5-9672-3b9e4f4033d9\">23<\/em>0\/3CM je popolne velikosti, da se udobno prilega otro\u0161ki posteljici ali vozi\u010dku. Na voljo je v ne\u017eni roza in pomirjujo\u010di modri barvi, tako da ustreza razli\u010dnim estetskim \u017eeljam, hkrati pa zagotavlja mehak in udoben koti\u010dek za po\u010ditek va\u0161ega mal\u010dka.<\/p>","protected":false},"featured_media":3277,"comment_status":"open","ping_status":"closed","template":"","meta":{"_uag_custom_page_level_css":"","site-sidebar-layout":"default","site-content-layout":"","ast-site-content-layout":"default","site-content-style":"default","site-sidebar-style":"default","ast-global-header-display":"","ast-banner-title-visibility":"","ast-main-header-display":"","ast-hfb-above-header-display":"","ast-hfb-below-header-display":"","ast-hfb-mobile-header-display":"","site-post-title":"","ast-breadcrumbs-content":"","ast-featured-img":"","footer-sml-layout":"","ast-disable-related-posts":"","theme-transparent-header-meta":"default","adv-header-id-meta":"","stick-header-meta":"","header-above-stick-meta":"","header-main-stick-meta":"","header-below-stick-meta":"","astra-migrate-meta-layouts":"set","ast-page-background-enabled":"default","ast-page-background-meta":{"desktop":{"background-color":"","background-image":"","background-repeat":"repeat","background-position":"center center","background-size":"auto","background-attachment":"scroll","background-type":"","background-media":"","overlay-type":"","overlay-color":"","overlay-opacity":"","overlay-gradient":""},"tablet":{"background-color":"","background-image":"","background-repeat":"repeat","background-position":"center center","background-size":"auto","background-attachment":"scroll","background-type":"","background-media":"","overlay-type":"","overlay-color":"","overlay-opacity":"","overlay-gradient":""},"mobile":{"background-color":"","background-image":"","background-repeat":"repeat","background-position":"center center","background-size":"auto","background-attachment":"scroll","background-type":"","background-media":"","overlay-type":"","overlay-color":"","overlay-opacity":"","overlay-gradient":""}},"ast-content-background-meta":{"desktop":{"background-color":"var(--ast-global-color-5)","background-image":"","background-repeat":"repeat","background-position":"center center","background-size":"auto","background-attachment":"scroll","background-type":"","background-media":"","overlay-type":"","overlay-color":"","overlay-opacity":"","overlay-gradient":""},"tablet":{"background-color":"var(--ast-global-color-5)","background-image":"","background-repeat":"repeat","background-position":"center center","background-size":"auto","background-attachment":"scroll","background-type":"","background-media":"","overlay-type":"","overlay-color":"","overlay-opacity":"","overlay-gradient":""},"mobile":{"background-color":"var(--ast-global-color-5)","background-image":"","background-repeat":"repeat","background-position":"center center","background-size":"auto","background-attachment":"scroll","background-type":"","background-media":"","overlay-type":"","overlay-color":"","overlay-opacity":"","overlay-gradient":""}}},"product_brand":[],"product_cat":[54,42],"product_tag":[70,68,71,69],"class_list":{"0":"post-3256","1":"product","2":"type-product","3":"status-publish","4":"has-post-thumbnail","6":"product_cat-0-to-6months","7":"product_cat-merchandise","8":"product_tag-babypillow","9":"product_tag-cuteanimalpillow","10":"product_tag-headshapesupport","11":"product_tag-kouniushapingpillow","12":"desktop-align-left","13":"tablet-align-left","14":"mobile-align-left","16":"first","17":"instock","18":"featured","19":"shipping-taxable","20":"product-type-simple"},"aioseo_notices":[],"uagb_featured_image_src":{"full":["https:\/\/babypillowwholesale.com\/wp-content\/uploads\/2025\/03\/1123.jpg",1000,1000,false],"thumbnail":["https:\/\/babypillowwholesale.com\/wp-content\/uploads\/2025\/03\/1123-150x150.jpg",150,150,true],"medium":["https:\/\/babypillowwholesale.com\/wp-content\/uploads\/2025\/03\/1123-300x300.jpg",300,300,true],"medium_large":["https:\/\/babypillowwholesale.com\/wp-content\/uploads\/2025\/03\/1123-768x768.jpg",768,768,true],"large":["https:\/\/babypillowwholesale.com\/wp-content\/uploads\/2025\/03\/1123.jpg",1000,1000,false],"1536x1536":["https:\/\/babypillowwholesale.com\/wp-content\/uploads\/2025\/03\/1123.jpg",1000,1000,false],"2048x2048":["https:\/\/babypillowwholesale.com\/wp-content\/uploads\/2025\/03\/1123.jpg",1000,1000,false],"trp-custom-language-flag":["https:\/\/babypillowwholesale.com\/wp-content\/uploads\/2025\/03\/1123.jpg",12,12,false],"woocommerce_thumbnail":["https:\/\/babypillowwholesale.com\/wp-content\/uploads\/2025\/03\/1123-300x300.jpg",300,300,true],"woocommerce_single":["https:\/\/babypillowwholesale.com\/wp-content\/uploads\/2025\/03\/1123-600x600.jpg",600,600,true],"woocommerce_gallery_thumbnail":["https:\/\/babypillowwholesale.com\/wp-content\/uploads\/2025\/03\/1123-100x100.jpg",100,100,true]},"uagb_author_info":{"display_name":"Etnen zhong","author_link":"https:\/\/babypillowwholesale.com\/sl\/author\/"},"uagb_comment_info":0,"uagb_excerpt":"The Cute Bunny Shaping Pillow is an adorable and functional accessory for infants aged 0 to 6 months. Shaped like a charming bunny with cute ears and a sweet face, it immediately catches the eye. Its specialized design is crafted to gently support a baby's head, helping to maintain a healthy head shape during the&hellip;","jetpack_sharing_enabled":true,"_links":{"self":[{"href":"https:\/\/babypillowwholesale.com\/sl\/wp-json\/wp\/v2\/product\/3256","targetHints":{"allow":["GET"]}}],"collection":[{"href":"https:\/\/babypillowwholesale.com\/sl\/wp-json\/wp\/v2\/product"}],"about":[{"href":"https:\/\/babypillowwholesale.com\/sl\/wp-json\/wp\/v2\/types\/product"}],"replies":[{"embeddable":true,"href":"https:\/\/babypillowwholesale.com\/sl\/wp-json\/wp\/v2\/comments?post=3256"}],"wp:featuredmedia":[{"embeddable":true,"href":"https:\/\/babypillowwholesale.com\/sl\/wp-json\/wp\/v2\/media\/3277"}],"wp:attachment":[{"href":"https:\/\/babypillowwholesale.com\/sl\/wp-json\/wp\/v2\/media?parent=3256"}],"wp:term":[{"taxonomy":"product_brand","embeddable":true,"href":"https:\/\/babypillowwholesale.com\/sl\/wp-json\/wp\/v2\/product_brand?post=3256"},{"taxonomy":"product_cat","embeddable":true,"href":"https:\/\/babypillowwholesale.com\/sl\/wp-json\/wp\/v2\/product_cat?post=3256"},{"taxonomy":"product_tag","embeddable":true,"href":"https:\/\/babypillowwholesale.com\/sl\/wp-json\/wp\/v2\/product_tag?post=3256"}],"curies":[{"name":"wp","href":"https:\/\/api.w.org\/{rel}","templated":true}]}}