{"id":3497,"date":"2025-04-19T12:47:24","date_gmt":"2025-04-19T12:47:24","guid":{"rendered":"https:\/\/babypillowwholesale.com\/?post_type=product&#038;p=3497"},"modified":"2025-06-05T13:57:14","modified_gmt":"2025-06-05T13:57:14","slug":"memory-foam-pillow-heart-shaped-pillow-core","status":"publish","type":"product","link":"https:\/\/babypillowwholesale.com\/sk\/product\/memory-foam-pillow-heart-shaped-pillow-core\/","title":{"rendered":"Vank\u00fa\u0161 z pam\u00e4\u0165ovej peny - jadro vank\u00fa\u0161a v tvare srdca"},"content":{"rendered":"<div class=\"auto-hide-last-sibling-br paragraph-qzbcQC paragraph-element br-paragraph-space\">\n<div class=\"auto-hide-last-sibling-br paragraph-qzbcQC paragraph-element br-paragraph-space\">\n<div class=\"auto-hide-last-sibling-br paragraph-qzbcQC paragraph-element br-paragraph-space\">\n<div class=\"auto-hide-last-sibling-br paragraph-qzbcQC paragraph-element br-paragraph-space\">\n<div class=\"inter-wlTS5w\" data-immersive-translate-walked=\"d12d8f94-b8ff-4d99-b7de-4fecb356978f\">\n<div class=\"container-QE4ayg\">\n<div class=\"item-jU10IN\">\n<div class=\"container-jODEnh chrome70-container\">\n<div class=\"inner-eE95c9 inner-item-aL3Ui_\" data-target-id=\"message-box-target-id\" data-testid=\"union_message\">\n<div class=\"message-block-container-liuetz\" data-testid=\"message-block-container\">\n<div class=\"message-box-ZWbBdF\" data-testid=\"receive_message\" data-message-id=\"3380063449561346\">\n<div class=\"message-box-content-wrapper-srHdUj\">\n<div class=\"message-content message-box-content-otxGGw receive-message-box-content-_lREFj samantha-message-box-content-Qjmpja\" data-testid=\"message_content\">\n<div class=\"container-hfX5E8 flow-markdown-body theme-samantha-yJEgBp\" dir=\"ltr\" data-testid=\"message_text_content\" data-show-indicator=\"false\">\n<div class=\"auto-hide-last-sibling-br paragraph-qzbcQC paragraph-element br-paragraph-space\">\n<div class=\"auto-hide-last-sibling-br paragraph-qzbcQC paragraph-element br-paragraph-space\">Tento vank\u00fa\u0161 z pam\u00e4\u0165ovej peny s jadrom v tvare srdca, ktor\u00fd je ur\u010den\u00fd v\u00fdlu\u010dne pre deti vo veku 0 - 6 mesiacov, je d\u00f4kazom personalizovan\u00e9ho luxusu. Sme hrd\u00ed na to, \u017ee toto u\u017e aj tak o\u010daruj\u00face jadro v tvare srdca dok\u00e1\u017eeme premeni\u0165 na umeleck\u00e9 dielo na mieru, ktor\u00e9 je prisp\u00f4soben\u00e9 aj tomu najn\u00e1ro\u010dnej\u0161iemu vkusu.<\/div>\n<p>&nbsp;<\/p>\n<div class=\"auto-hide-last-sibling-br paragraph-qzbcQC paragraph-element br-paragraph-space\">Pre t\u00fdch, ktor\u00ed sn\u00edvaj\u00fa rozmarne, si predstavte s\u00fahvezdie blikaj\u00facich hviezd a usmievav\u00fd polmesiac, jemne vytla\u010den\u00e9 cez srdce. Ka\u017ed\u00e1 hviezda akoby v sebe ukr\u00fdvala vesm\u00edr snov a vytv\u00e1rala nebesk\u00e9 \u00fato\u010disko, ktor\u00e9 upokojuje a podma\u0148uje. Ak uprednost\u0148ujete kr\u00e1su pr\u00edrody, predstavte si svie\u017ee, zelen\u00e9 listy prel\u00ednaj\u00face sa s jemn\u00fdmi, rozkvitnut\u00fdmi kvetmi. Okvetn\u00e9 l\u00edstky vykreslen\u00e9 v jemn\u00fdch, upokojuj\u00facich odtie\u0148och prin\u00e1\u0161aj\u00fa na vank\u00fa\u0161 svie\u017eos\u0165 jarnej z\u00e1hrady a pon\u00fakaj\u00fa pokojn\u00e9 a osvie\u017euj\u00face vizu\u00e1lne objatie.<\/div>\n<p>&nbsp;<\/p>\n<div class=\"auto-hide-last-sibling-br paragraph-qzbcQC paragraph-element br-paragraph-space\">Pre moderne zm\u00fd\u0161\u013eaj\u00facich \u013eud\u00ed sa daj\u00fa bez probl\u00e9mov integrova\u0165 \u010dist\u00e9, minimalistick\u00e9 l\u00ednie a geometrick\u00e9 vzory. Ostr\u00e9 uhly a hladk\u00e9 krivky sa pret\u00ednaj\u00fa v tanci modern\u00e9ho dizajnu a vytv\u00e1raj\u00fa vzh\u013ead, ktor\u00fd je \u0161t\u00fdlov\u00fd aj hrejiv\u00fd. Tieto vzory nie s\u00fa len dekor\u00e1ciami, s\u00fa to vyhl\u00e1senia, ktor\u00e9 odr\u00e1\u017eaj\u00fa jedine\u010dn\u00fa osobnos\u0165 a vkus detskej izby.<\/div>\n<p>&nbsp;<\/p>\n<div class=\"auto-hide-last-sibling-br paragraph-qzbcQC paragraph-element br-paragraph-space\">Ka\u017ed\u00fd vzor navrhnut\u00fd na mieru je vyhotoven\u00fd s maxim\u00e1lnou prec\u00edznos\u0165ou a starostlivos\u0165ou, pri\u010dom sa pou\u017e\u00edvaj\u00fa len tie najbezpe\u010dnej\u0161ie, netoxick\u00e9 farby. V\u010faka tomu je ka\u017ed\u00e9 jadro vank\u00fa\u0161a nielen vizu\u00e1lnym majstrovsk\u00fdm dielom, ale aj bezpe\u010dn\u00fdm a pohodln\u00fdm \u00fato\u010diskom pre va\u0161e die\u0165atko.<\/div>\n<p>&nbsp;<\/p>\n<div class=\"auto-hide-last-sibling-br paragraph-qzbcQC paragraph-element br-paragraph-space\">Ponukou tak\u00e9ho \u0161irok\u00e9ho spektra prisp\u00f4sobenia v\u00e1m umo\u017en\u00edme uspokoji\u0165 v\u0161etky estetick\u00e9 preferencie. \u010ci u\u017e ide o rozmarn\u00fa krajinu z\u00e1zrakov, pr\u00edrodn\u00e9 \u00fato\u010disko alebo modern\u00fa minimalistick\u00fa o\u00e1zu, toto jadro vank\u00fa\u0161a v tvare srdca sa d\u00e1 premeni\u0165 tak, aby splnilo a prekonalo o\u010dak\u00e1vania. Na trhu pres\u00fdtenom v\u0161eobecn\u00fdmi v\u00fdrobkami na\u0161e prisp\u00f4soben\u00e9 n\u00e1vrhy zabezpe\u010dia, \u017ee va\u0161a ponuka vynikne, up\u00fata pozornos\u0165 a z\u00edska si srdcia. T\u00e1to \u00farove\u0148 personaliz\u00e1cie nielen\u017ee zvy\u0161uje predaj, ale vytv\u00e1ra hlb\u0161ie spojenie s va\u0161imi z\u00e1kazn\u00edkmi a pon\u00faka im produkt, ktor\u00fd je rovnako jedine\u010dn\u00fd ako ich die\u0165atko.<\/div>\n<p>&nbsp;<\/p>\n<div class=\"auto-hide-last-sibling-br paragraph-qzbcQC paragraph-element br-paragraph-space\">Pozdvihnite svoj produktov\u00fd rad s na\u0161\u00edm vank\u00fa\u0161om z pam\u00e4\u0165ovej peny - jadrom v tvare srdca, kde sa prisp\u00f4sobenie stret\u00e1va s luxusom a ka\u017ed\u00fd vank\u00fa\u0161 rozpr\u00e1va jedine\u010dn\u00fd pr\u00edbeh.<\/div>\n<\/div>\n<\/div>\n<\/div>\n<\/div>\n<\/div>\n<\/div>\n<\/div>\n<\/div>\n<\/div>\n<\/div>\n<\/div>\n<\/div>\n<\/div>\n<\/div>\n<\/div>","protected":false},"excerpt":{"rendered":"<div class=\"auto-hide-last-sibling-br paragraph-qzbcQC paragraph-element br-paragraph-space\">Tento vank\u00fa\u0161 z pam\u00e4\u0165ovej peny - jadro v tvare srdca, ur\u010den\u00fd pre deti vo veku 0 - 6 mesiacov, pon\u00faka v\u00fdrazn\u00fa v\u00fdhodu prisp\u00f4sobenia. Dok\u00e1\u017eeme vytvori\u0165 n\u00e1dhern\u00e9, na mieru \u0161it\u00e9 vzory, ktor\u00e9 bud\u00fa sp\u013a\u0148a\u0165 va\u0161e \u0161pecifick\u00e9 potreby. Ak napr\u00edklad va\u0161i z\u00e1kazn\u00edci zbo\u017e\u0148uj\u00fa roztomil\u00e9 \u0161t\u00fdly, m\u00f4\u017eeme vytla\u010di\u0165 p\u00f4vabn\u00e9 kreslen\u00e9 postavi\u010dky alebo jemn\u00e9 kvetinov\u00e9 mot\u00edvy. Uprednost\u0148ujete elegantn\u00fd n\u00e1dych? M\u00f4\u017eeme pou\u017ei\u0165 jednoduch\u00e9, ale \u0161t\u00fdlov\u00e9 geometrick\u00e9 vzory alebo jemn\u00e9 pastelov\u00e9 gradienty. Tieto prisp\u00f4soben\u00e9 vzory nielen\u017ee zvy\u0161uj\u00fa vizu\u00e1lnu pr\u00ed\u0165a\u017elivos\u0165 v\u00fdrobku, ale z\u00e1rove\u0148 ho robia v\u00fdnimo\u010dn\u00fdm na trhu, \u010d\u00edm pri\u0165ahuj\u00fa viac kupuj\u00facich a zvy\u0161uj\u00fa predaj. Prisp\u00f4soben\u00edm sa r\u00f4znym dizajnov\u00fdm preferenci\u00e1m m\u00f4\u017eete pon\u00faknu\u0165 v\u00fdrobok, ktor\u00fd dokonale zodpoved\u00e1 estetike r\u00f4znych spotrebite\u013eov, \u010d\u00edm si zabezpe\u010d\u00edte konkuren\u010dn\u00fa v\u00fdhodu.<\/div>","protected":false},"featured_media":3498,"comment_status":"open","ping_status":"closed","template":"","meta":{"_uag_custom_page_level_css":"","site-sidebar-layout":"default","site-content-layout":"","ast-site-content-layout":"default","site-content-style":"default","site-sidebar-style":"default","ast-global-header-display":"","ast-banner-title-visibility":"","ast-main-header-display":"","ast-hfb-above-header-display":"","ast-hfb-below-header-display":"","ast-hfb-mobile-header-display":"","site-post-title":"","ast-breadcrumbs-content":"","ast-featured-img":"","footer-sml-layout":"","ast-disable-related-posts":"","theme-transparent-header-meta":"default","adv-header-id-meta":"","stick-header-meta":"","header-above-stick-meta":"","header-main-stick-meta":"","header-below-stick-meta":"","astra-migrate-meta-layouts":"set","ast-page-background-enabled":"default","ast-page-background-meta":{"desktop":{"background-color":"","background-image":"","background-repeat":"repeat","background-position":"center center","background-size":"auto","background-attachment":"scroll","background-type":"","background-media":"","overlay-type":"","overlay-color":"","overlay-opacity":"","overlay-gradient":""},"tablet":{"background-color":"","background-image":"","background-repeat":"repeat","background-position":"center center","background-size":"auto","background-attachment":"scroll","background-type":"","background-media":"","overlay-type":"","overlay-color":"","overlay-opacity":"","overlay-gradient":""},"mobile":{"background-color":"","background-image":"","background-repeat":"repeat","background-position":"center center","background-size":"auto","background-attachment":"scroll","background-type":"","background-media":"","overlay-type":"","overlay-color":"","overlay-opacity":"","overlay-gradient":""}},"ast-content-background-meta":{"desktop":{"background-color":"var(--ast-global-color-5)","background-image":"","background-repeat":"repeat","background-position":"center center","background-size":"auto","background-attachment":"scroll","background-type":"","background-media":"","overlay-type":"","overlay-color":"","overlay-opacity":"","overlay-gradient":""},"tablet":{"background-color":"var(--ast-global-color-5)","background-image":"","background-repeat":"repeat","background-position":"center center","background-size":"auto","background-attachment":"scroll","background-type":"","background-media":"","overlay-type":"","overlay-color":"","overlay-opacity":"","overlay-gradient":""},"mobile":{"background-color":"var(--ast-global-color-5)","background-image":"","background-repeat":"repeat","background-position":"center center","background-size":"auto","background-attachment":"scroll","background-type":"","background-media":"","overlay-type":"","overlay-color":"","overlay-opacity":"","overlay-gradient":""}}},"product_brand":[],"product_cat":[65,32],"product_tag":[70,68,71,69],"class_list":{"0":"post-3497","1":"product","2":"type-product","3":"status-publish","4":"has-post-thumbnail","6":"product_cat-0-to-6months-oem","7":"product_cat-customize","8":"product_tag-babypillow","9":"product_tag-cuteanimalpillow","10":"product_tag-headshapesupport","11":"product_tag-kouniushapingpillow","12":"desktop-align-left","13":"tablet-align-left","14":"mobile-align-left","16":"first","17":"instock","18":"shipping-taxable","19":"product-type-simple"},"aioseo_notices":[],"uagb_featured_image_src":{"full":["https:\/\/babypillowwholesale.com\/wp-content\/uploads\/2025\/04\/0020.jpg",1000,1000,false],"thumbnail":["https:\/\/babypillowwholesale.com\/wp-content\/uploads\/2025\/04\/0020-150x150.jpg",150,150,true],"medium":["https:\/\/babypillowwholesale.com\/wp-content\/uploads\/2025\/04\/0020-300x300.jpg",300,300,true],"medium_large":["https:\/\/babypillowwholesale.com\/wp-content\/uploads\/2025\/04\/0020-768x768.jpg",768,768,true],"large":["https:\/\/babypillowwholesale.com\/wp-content\/uploads\/2025\/04\/0020.jpg",1000,1000,false],"1536x1536":["https:\/\/babypillowwholesale.com\/wp-content\/uploads\/2025\/04\/0020.jpg",1000,1000,false],"2048x2048":["https:\/\/babypillowwholesale.com\/wp-content\/uploads\/2025\/04\/0020.jpg",1000,1000,false],"trp-custom-language-flag":["https:\/\/babypillowwholesale.com\/wp-content\/uploads\/2025\/04\/0020.jpg",12,12,false],"woocommerce_thumbnail":["https:\/\/babypillowwholesale.com\/wp-content\/uploads\/2025\/04\/0020-300x300.jpg",300,300,true],"woocommerce_single":["https:\/\/babypillowwholesale.com\/wp-content\/uploads\/2025\/04\/0020-600x600.jpg",600,600,true],"woocommerce_gallery_thumbnail":["https:\/\/babypillowwholesale.com\/wp-content\/uploads\/2025\/04\/0020-100x100.jpg",100,100,true]},"uagb_author_info":{"display_name":"Etnen zhong","author_link":"https:\/\/babypillowwholesale.com\/sk\/author\/"},"uagb_comment_info":0,"uagb_excerpt":"This Memory Foam Pillow - Heart - shaped Pillow Core, designed for babies aged 0 - 6 months, offers a powerful customization advantage. We can craft exquisite, tailored patterns to meet your specific needs. For example, if your customers adore cute styles, we can print charming cartoon characters or dainty floral motifs. Prefer an elegant&hellip;","jetpack_sharing_enabled":true,"_links":{"self":[{"href":"https:\/\/babypillowwholesale.com\/sk\/wp-json\/wp\/v2\/product\/3497","targetHints":{"allow":["GET"]}}],"collection":[{"href":"https:\/\/babypillowwholesale.com\/sk\/wp-json\/wp\/v2\/product"}],"about":[{"href":"https:\/\/babypillowwholesale.com\/sk\/wp-json\/wp\/v2\/types\/product"}],"replies":[{"embeddable":true,"href":"https:\/\/babypillowwholesale.com\/sk\/wp-json\/wp\/v2\/comments?post=3497"}],"wp:featuredmedia":[{"embeddable":true,"href":"https:\/\/babypillowwholesale.com\/sk\/wp-json\/wp\/v2\/media\/3498"}],"wp:attachment":[{"href":"https:\/\/babypillowwholesale.com\/sk\/wp-json\/wp\/v2\/media?parent=3497"}],"wp:term":[{"taxonomy":"product_brand","embeddable":true,"href":"https:\/\/babypillowwholesale.com\/sk\/wp-json\/wp\/v2\/product_brand?post=3497"},{"taxonomy":"product_cat","embeddable":true,"href":"https:\/\/babypillowwholesale.com\/sk\/wp-json\/wp\/v2\/product_cat?post=3497"},{"taxonomy":"product_tag","embeddable":true,"href":"https:\/\/babypillowwholesale.com\/sk\/wp-json\/wp\/v2\/product_tag?post=3497"}],"curies":[{"name":"wp","href":"https:\/\/api.w.org\/{rel}","templated":true}]}}