{"id":3495,"date":"2025-04-19T12:29:32","date_gmt":"2025-04-19T12:29:32","guid":{"rendered":"https:\/\/babypillowwholesale.com\/?post_type=product&#038;p=3495"},"modified":"2025-06-05T14:31:06","modified_gmt":"2025-06-05T14:31:06","slug":"memory-foam-pillow-ingot-shaped-pillow-core","status":"publish","type":"product","link":"https:\/\/babypillowwholesale.com\/sk\/product\/memory-foam-pillow-ingot-shaped-pillow-core\/","title":{"rendered":"Vank\u00fa\u0161 z pam\u00e4\u0165ovej peny - Ingot - tvarovan\u00e9 jadro vank\u00fa\u0161a"},"content":{"rendered":"<div class=\"auto-hide-last-sibling-br paragraph-qzbcQC paragraph-element br-paragraph-space\">\n<div class=\"auto-hide-last-sibling-br paragraph-qzbcQC paragraph-element br-paragraph-space\">\n<div class=\"auto-hide-last-sibling-br paragraph-qzbcQC paragraph-element br-paragraph-space\">\n<div class=\"auto-hide-last-sibling-br paragraph-qzbcQC paragraph-element br-paragraph-space\">\n<div class=\"inter-wlTS5w\" data-immersive-translate-walked=\"d12d8f94-b8ff-4d99-b7de-4fecb356978f\">\n<div class=\"container-QE4ayg\">\n<div class=\"item-jU10IN\">\n<div class=\"container-jODEnh chrome70-container\">\n<div class=\"inner-eE95c9 inner-item-aL3Ui_\" data-target-id=\"message-box-target-id\" data-testid=\"union_message\">\n<div class=\"message-block-container-liuetz\" data-testid=\"message-block-container\">\n<div class=\"message-box-ZWbBdF\" data-testid=\"receive_message\" data-message-id=\"3380063449561346\">\n<div class=\"message-box-content-wrapper-srHdUj\">\n<div class=\"message-content message-box-content-otxGGw receive-message-box-content-_lREFj samantha-message-box-content-Qjmpja\" data-testid=\"message_content\">\n<div class=\"container-hfX5E8 flow-markdown-body theme-samantha-yJEgBp\" dir=\"ltr\" data-testid=\"message_text_content\" data-show-indicator=\"false\">\n<div class=\"auto-hide-last-sibling-br paragraph-qzbcQC paragraph-element br-paragraph-space\">Tento vank\u00fa\u0161 z pam\u00e4\u0165ovej peny - ingot - v tvare jadra vank\u00fa\u0161a, starostlivo navrhnut\u00fd pre deti vo veku 0 - 6 mesiacov, predstavuje jedine\u010dn\u00fa mo\u017enos\u0165 prisp\u00f4sobenia. \u0160pecializujeme sa na vytv\u00e1ranie exkluz\u00edvnych, p\u00fatav\u00fdch vzorov \u0161it\u00fdch na mieru presne pod\u013ea va\u0161ich po\u017eiadaviek. Ak si napr\u00edklad \u017eel\u00e1te mot\u00edv \"z\u00e1hradnej v\u00edly\", m\u00f4\u017eeme vytvori\u0165 jemn\u00e9 postavi\u010dky v\u00edl, ktor\u00e9 poletuj\u00fa medzi rozkvitnut\u00fdmi ru\u017eami a sedmokr\u00e1skami, pri\u010dom \u017eivos\u0165 im dodaj\u00fa mal\u00e9 beru\u0161ky a \u010dmeliaky. Alebo si predstavte roztomil\u00e9 raketov\u00e9 lode, ktor\u00e9 sa vzn\u00e1\u0161aj\u00fa okolo blikaj\u00facich hviezd a usmievav\u00fdch mesiacov a podnecuj\u00fa detsk\u00fa predstavivos\u0165. Tieto personalizovan\u00e9, n\u00e1dherne spracovan\u00e9 vzory nielen\u017ee zvy\u0161uj\u00fa vizu\u00e1lny p\u00f4vab - ale premie\u0148aj\u00fa jadro vank\u00fa\u0161a na jedine\u010dn\u00e9 majstrovsk\u00e9 dielo. V\u010faka tak\u00fdmto v\u00fdrazn\u00fdm vzorom sa v\u00e1\u0161 v\u00fdrobok stane v\u00fdnimo\u010dn\u00fdm na trhu, zaujme z\u00e1kazn\u00edkov a v\u00fdrazne zv\u00fd\u0161i predaj. S na\u0161imi slu\u017ebami nepon\u00fakate len v\u00fdrobok, ale jedine\u010dn\u00fd poklad, ktor\u00fd oslov\u00ed rodi\u010dov, ktor\u00ed h\u013eadaj\u00fa \u0161pi\u010dkov\u00fa kvalitu aj estetick\u00fd p\u00f4vab.<\/div>\n<\/div>\n<\/div>\n<\/div>\n<\/div>\n<\/div>\n<\/div>\n<\/div>\n<\/div>\n<\/div>\n<\/div>\n<\/div>\n<\/div>\n<\/div>\n<\/div>","protected":false},"excerpt":{"rendered":"<div class=\"auto-hide-last-sibling-br paragraph-qzbcQC paragraph-element br-paragraph-space\">Tento vank\u00fa\u0161 z pam\u00e4\u0165ovej peny - ingot - v tvare jadra, ur\u010den\u00fd pre deti vo veku 0 - 6 mesiacov, pon\u00faka fantastick\u00fa mo\u017enos\u0165 prisp\u00f4sobenia. M\u00f4\u017eeme vytvori\u0165 n\u00e1dhern\u00e9, p\u00fatav\u00e9 vzory prisp\u00f4soben\u00e9 va\u0161im \u0161pecifick\u00fdm potreb\u00e1m. \u010ci u\u017e ide o rozko\u0161n\u00e9 zvieracie mot\u00edvy, elegantn\u00e9 kvetinov\u00e9 vzory alebo ak\u00e9ko\u013evek in\u00e9 kreat\u00edvne koncepty, ktor\u00e9 si predstavujete, tieto personalizovan\u00e9 vzory pozdvihn\u00fa vizu\u00e1lnu pr\u00ed\u0165a\u017elivos\u0165 jadra vank\u00fa\u0161a. Tak\u00e9to jedine\u010dn\u00e9 vzory pom\u00f4\u017eu v\u00e1\u0161mu v\u00fdrobku vynikn\u00fa\u0165 na trhu, pril\u00e1kaj\u00fa viac z\u00e1kazn\u00edkov a v\u00fdrazne zv\u00fd\u0161ia v\u00e1\u0161 predaj. V\u010faka na\u0161ej slu\u017ebe prisp\u00f4sobenia m\u00f4\u017eete pon\u00faknu\u0165 osobit\u00fd a o\u010daruj\u00faci v\u00fdrobok, ktor\u00fd oslov\u00ed rodi\u010dov h\u013eadaj\u00facich kvalitu aj estetick\u00fd vzh\u013ead.<\/div>","protected":false},"featured_media":3502,"comment_status":"open","ping_status":"closed","template":"","meta":{"_uag_custom_page_level_css":"","site-sidebar-layout":"default","site-content-layout":"","ast-site-content-layout":"default","site-content-style":"default","site-sidebar-style":"default","ast-global-header-display":"","ast-banner-title-visibility":"","ast-main-header-display":"","ast-hfb-above-header-display":"","ast-hfb-below-header-display":"","ast-hfb-mobile-header-display":"","site-post-title":"","ast-breadcrumbs-content":"","ast-featured-img":"","footer-sml-layout":"","ast-disable-related-posts":"","theme-transparent-header-meta":"default","adv-header-id-meta":"","stick-header-meta":"","header-above-stick-meta":"","header-main-stick-meta":"","header-below-stick-meta":"","astra-migrate-meta-layouts":"set","ast-page-background-enabled":"default","ast-page-background-meta":{"desktop":{"background-color":"","background-image":"","background-repeat":"repeat","background-position":"center center","background-size":"auto","background-attachment":"scroll","background-type":"","background-media":"","overlay-type":"","overlay-color":"","overlay-opacity":"","overlay-gradient":""},"tablet":{"background-color":"","background-image":"","background-repeat":"repeat","background-position":"center center","background-size":"auto","background-attachment":"scroll","background-type":"","background-media":"","overlay-type":"","overlay-color":"","overlay-opacity":"","overlay-gradient":""},"mobile":{"background-color":"","background-image":"","background-repeat":"repeat","background-position":"center center","background-size":"auto","background-attachment":"scroll","background-type":"","background-media":"","overlay-type":"","overlay-color":"","overlay-opacity":"","overlay-gradient":""}},"ast-content-background-meta":{"desktop":{"background-color":"var(--ast-global-color-5)","background-image":"","background-repeat":"repeat","background-position":"center center","background-size":"auto","background-attachment":"scroll","background-type":"","background-media":"","overlay-type":"","overlay-color":"","overlay-opacity":"","overlay-gradient":""},"tablet":{"background-color":"var(--ast-global-color-5)","background-image":"","background-repeat":"repeat","background-position":"center center","background-size":"auto","background-attachment":"scroll","background-type":"","background-media":"","overlay-type":"","overlay-color":"","overlay-opacity":"","overlay-gradient":""},"mobile":{"background-color":"var(--ast-global-color-5)","background-image":"","background-repeat":"repeat","background-position":"center center","background-size":"auto","background-attachment":"scroll","background-type":"","background-media":"","overlay-type":"","overlay-color":"","overlay-opacity":"","overlay-gradient":""}}},"product_brand":[],"product_cat":[65,32],"product_tag":[70,68,71,69],"class_list":{"0":"post-3495","1":"product","2":"type-product","3":"status-publish","4":"has-post-thumbnail","6":"product_cat-0-to-6months-oem","7":"product_cat-customize","8":"product_tag-babypillow","9":"product_tag-cuteanimalpillow","10":"product_tag-headshapesupport","11":"product_tag-kouniushapingpillow","12":"desktop-align-left","13":"tablet-align-left","14":"mobile-align-left","16":"first","17":"instock","18":"shipping-taxable","19":"product-type-simple"},"aioseo_notices":[],"uagb_featured_image_src":{"full":["https:\/\/babypillowwholesale.com\/wp-content\/uploads\/2025\/04\/0007.jpg",1000,1000,false],"thumbnail":["https:\/\/babypillowwholesale.com\/wp-content\/uploads\/2025\/04\/0007-150x150.jpg",150,150,true],"medium":["https:\/\/babypillowwholesale.com\/wp-content\/uploads\/2025\/04\/0007-300x300.jpg",300,300,true],"medium_large":["https:\/\/babypillowwholesale.com\/wp-content\/uploads\/2025\/04\/0007-768x768.jpg",768,768,true],"large":["https:\/\/babypillowwholesale.com\/wp-content\/uploads\/2025\/04\/0007.jpg",1000,1000,false],"1536x1536":["https:\/\/babypillowwholesale.com\/wp-content\/uploads\/2025\/04\/0007.jpg",1000,1000,false],"2048x2048":["https:\/\/babypillowwholesale.com\/wp-content\/uploads\/2025\/04\/0007.jpg",1000,1000,false],"trp-custom-language-flag":["https:\/\/babypillowwholesale.com\/wp-content\/uploads\/2025\/04\/0007.jpg",12,12,false],"woocommerce_thumbnail":["https:\/\/babypillowwholesale.com\/wp-content\/uploads\/2025\/04\/0007-300x300.jpg",300,300,true],"woocommerce_single":["https:\/\/babypillowwholesale.com\/wp-content\/uploads\/2025\/04\/0007-600x600.jpg",600,600,true],"woocommerce_gallery_thumbnail":["https:\/\/babypillowwholesale.com\/wp-content\/uploads\/2025\/04\/0007-100x100.jpg",100,100,true]},"uagb_author_info":{"display_name":"Etnen zhong","author_link":"https:\/\/babypillowwholesale.com\/sk\/author\/"},"uagb_comment_info":0,"uagb_excerpt":"This Memory Foam Pillow - Ingot - shaped Pillow Core, designed for babies aged 0 - 6 months, offers a fantastic opportunity for customization. We can craft exquisite, eye - catching patterns tailored to your specific needs. Whether it\u2019s adorable animal motifs, elegant floral designs, or any other creative concepts you envision, these personalized patterns&hellip;","jetpack_sharing_enabled":true,"_links":{"self":[{"href":"https:\/\/babypillowwholesale.com\/sk\/wp-json\/wp\/v2\/product\/3495","targetHints":{"allow":["GET"]}}],"collection":[{"href":"https:\/\/babypillowwholesale.com\/sk\/wp-json\/wp\/v2\/product"}],"about":[{"href":"https:\/\/babypillowwholesale.com\/sk\/wp-json\/wp\/v2\/types\/product"}],"replies":[{"embeddable":true,"href":"https:\/\/babypillowwholesale.com\/sk\/wp-json\/wp\/v2\/comments?post=3495"}],"wp:featuredmedia":[{"embeddable":true,"href":"https:\/\/babypillowwholesale.com\/sk\/wp-json\/wp\/v2\/media\/3502"}],"wp:attachment":[{"href":"https:\/\/babypillowwholesale.com\/sk\/wp-json\/wp\/v2\/media?parent=3495"}],"wp:term":[{"taxonomy":"product_brand","embeddable":true,"href":"https:\/\/babypillowwholesale.com\/sk\/wp-json\/wp\/v2\/product_brand?post=3495"},{"taxonomy":"product_cat","embeddable":true,"href":"https:\/\/babypillowwholesale.com\/sk\/wp-json\/wp\/v2\/product_cat?post=3495"},{"taxonomy":"product_tag","embeddable":true,"href":"https:\/\/babypillowwholesale.com\/sk\/wp-json\/wp\/v2\/product_tag?post=3495"}],"curies":[{"name":"wp","href":"https:\/\/api.w.org\/{rel}","templated":true}]}}