{"id":3491,"date":"2025-04-19T09:25:10","date_gmt":"2025-04-19T09:25:10","guid":{"rendered":"https:\/\/babypillowwholesale.com\/?post_type=product&#038;p=3491"},"modified":"2025-06-05T14:43:03","modified_gmt":"2025-06-05T14:43:03","slug":"memory-foam-pillow-small-apple-shaped-pillow-core","status":"publish","type":"product","link":"https:\/\/babypillowwholesale.com\/sk\/product\/memory-foam-pillow-small-apple-shaped-pillow-core\/","title":{"rendered":"Vank\u00fa\u0161 z pam\u00e4\u0165ovej peny - mal\u00e9 jablko - tvarovan\u00e9 jadro vank\u00fa\u0161a"},"content":{"rendered":"<div class=\"auto-hide-last-sibling-br paragraph-qzbcQC paragraph-element br-paragraph-space\">\n<div class=\"auto-hide-last-sibling-br paragraph-qzbcQC paragraph-element br-paragraph-space\">\n<div class=\"auto-hide-last-sibling-br paragraph-qzbcQC paragraph-element br-paragraph-space\">\n<div class=\"auto-hide-last-sibling-br paragraph-qzbcQC paragraph-element br-paragraph-space\">Predstavujeme vank\u00fa\u0161 z pam\u00e4\u0165ovej peny - mal\u00e9 jablko - v tvare jadra, n\u00e1dhern\u00fd z\u00e1kladn\u00fd vank\u00fa\u0161 na spanie prisp\u00f4soben\u00fd pre najmen\u0161\u00edch sn\u00edlkov vo veku 0 - 6 mesiacov. Jeho p\u00f4vabn\u00e1 silueta in\u0161pirovan\u00e1 jablkom nie je len vizu\u00e1lnym pote\u0161en\u00edm, ale aj vstupnou br\u00e1nou do r\u00ed\u0161e bezkonkuren\u010dn\u00e9ho prisp\u00f4sobenia.<\/div>\n<p>&nbsp;<\/p>\n<div class=\"auto-hide-last-sibling-br paragraph-qzbcQC paragraph-element br-paragraph-space\">Uvedomujeme si, \u017ee ka\u017ed\u00e9 die\u0165a je jedine\u010dn\u00e9, a tak by malo by\u0165 aj jeho pohodlie. Preto pon\u00fakame mo\u017enos\u0165 jemn\u00e9ho nastavenia hustoty hydrofilnej peny. \u010ci u\u017e va\u0161e die\u0165atko uprednost\u0148uje ply\u0161ov\u00fa m\u00e4kkos\u0165 obl\u00e1\u010dikov\u00e9ho objatia alebo upokojuj\u00facu pevnos\u0165, ktor\u00e1 poskytuje jemn\u00fa oporu, dok\u00e1\u017eeme vytvori\u0165 dokonal\u00fd dotykov\u00fd z\u00e1\u017eitok.<\/div>\n<p>&nbsp;<\/p>\n<div class=\"auto-hide-last-sibling-br paragraph-qzbcQC paragraph-element br-paragraph-space\">Povrch tohto z\u00e1zraku v tvare jablka je pr\u00e1zdnym pl\u00e1tnom pre kreativitu. Pou\u017eit\u00edm len t\u00fdch najbezpe\u010dnej\u0161\u00edch, netoxick\u00fdch farieb ho m\u00f4\u017eeme ozdobi\u0165 o\u010daruj\u00facimi v\u00fdtla\u010dkami. Predstavte si s\u00fahvezdie jemn\u00fdch jab\u013a\u010dkov\u00fdch kvetov, ktor\u00fdch okvetn\u00e9 l\u00edstky sa zdanlivo chvej\u00fa v jemnom v\u00e1nku, alebo hrav\u00fd sprievod beru\u0161iek, ktor\u00e9 akoby mali za \u00falohu prinies\u0165 \u00fasmev do sp\u00e1nku v\u00e1\u0161ho die\u0165a\u0165a. Tieto v\u00fdtla\u010dky nie s\u00fa len dekor\u00e1ciami, s\u00fa to pr\u00edbehy, ktor\u00e9 \u010dakaj\u00fa na svoje vyrozpr\u00e1vanie a ka\u017ed\u00e9mu sp\u00e1nku dodaj\u00fa k\u00fazlo.<\/div>\n<p>&nbsp;<\/p>\n<div class=\"auto-hide-last-sibling-br paragraph-qzbcQC paragraph-element br-paragraph-space\">T\u00fdm sa v\u0161ak prisp\u00f4sobenie nekon\u010d\u00ed. Centr\u00e1lny z\u00e1rez, ktor\u00fd je k\u013e\u00fa\u010dov\u00fdm prvkom pre pohodlie v\u00e1\u0161ho die\u0165a\u0165a, sa d\u00e1 d\u00f4kladne nastavi\u0165. M\u00f4\u017eeme presne upravi\u0165 jeho ve\u013ekos\u0165 a zakrivenie, \u010d\u00edm zabezpe\u010d\u00edme, \u017ee bude kol\u00edsa\u0165 hlavi\u010dku v\u00e1\u0161ho die\u0165a\u0165a ako v l\u00e1skyplnom objat\u00ed. Pr\u00e1ve t\u00e1to pozornos\u0165 venovan\u00e1 detailom, t\u00e1to snaha o jedine\u010dnos\u0165, rob\u00ed z n\u00e1\u0161ho vank\u00fa\u0161a z pam\u00e4\u0165ovej peny - mal\u00e9 jablko - v tvare jadra vank\u00fa\u0161a nielen v\u00fdrobok, ale aj cenn\u00fa pamiatku, jedin\u00fa - svojho druhu usp\u00e1vanku pre sp\u00e1nok v\u00e1\u0161ho die\u0165atka.<\/div>\n<\/div>\n<\/div>\n<\/div>","protected":false},"excerpt":{"rendered":"<div class=\"auto-hide-last-sibling-br paragraph-qzbcQC paragraph-element br-paragraph-space\">Tento vank\u00fa\u0161 z pam\u00e4\u0165ovej peny - mal\u00e9 jablko - v tvare jadra vank\u00fa\u0161a, vhodn\u00fd pre deti vo veku 0 - 6 mesiacov, pon\u00faka pozoruhodn\u00fd potenci\u00e1l prisp\u00f4sobenia a dizajnu. Jeho roztomil\u00fd tvar pripom\u00ednaj\u00faci jablko je len v\u00fdchodiskov\u00fdm bodom. Hustotu hydrofilnej peny m\u00f4\u017eeme upravi\u0165 tak, aby vyhovovala \u0161pecifick\u00fdm po\u017eiadavk\u00e1m na pohodlie v\u00e1\u0161ho die\u0165a\u0165a, \u010di u\u017e ide o m\u00e4k\u0161\u00ed pocit pre v\u00e4\u010d\u0161iu \u00fatulnos\u0165 alebo pevnej\u0161iu \u0161trukt\u00faru pre lep\u0161iu oporu. povrch je mo\u017en\u00e9 prisp\u00f4sobi\u0165 detsky bezpe\u010dn\u00fdmi, netoxick\u00fdmi potla\u010dami. Predstavte si jemn\u00e9 vzory jab\u013a\u010dkov\u00fdch kvetov alebo drobn\u00e9 mot\u00edvy beru\u0161iek, ktor\u00e9 dodaj\u00fa rozmarn\u00fd n\u00e1dych. Okrem toho je mo\u017en\u00e9 presne nastavi\u0165 ve\u013ekos\u0165 a zakrivenie centr\u00e1lneho z\u00e1rezu, aby sa dokonale prisp\u00f4sobil hlavi\u010dke v\u00e1\u0161ho die\u0165a\u0165a, \u010d\u00edm sa zabezpe\u010d\u00ed optim\u00e1lne pohodlie a podpora. V\u010faka tomu si m\u00f4\u017eete vytvori\u0165 skuto\u010dne jedine\u010dn\u00e9 jadro vank\u00fa\u0161a, ktor\u00e9 vyhovie potreb\u00e1m v\u00e1\u0161ho die\u0165a\u0165a aj va\u0161im estetick\u00fdm preferenci\u00e1m.<\/div>","protected":false},"featured_media":3492,"comment_status":"open","ping_status":"closed","template":"","meta":{"_uag_custom_page_level_css":"","site-sidebar-layout":"default","site-content-layout":"","ast-site-content-layout":"default","site-content-style":"default","site-sidebar-style":"default","ast-global-header-display":"","ast-banner-title-visibility":"","ast-main-header-display":"","ast-hfb-above-header-display":"","ast-hfb-below-header-display":"","ast-hfb-mobile-header-display":"","site-post-title":"","ast-breadcrumbs-content":"","ast-featured-img":"","footer-sml-layout":"","ast-disable-related-posts":"","theme-transparent-header-meta":"default","adv-header-id-meta":"","stick-header-meta":"","header-above-stick-meta":"","header-main-stick-meta":"","header-below-stick-meta":"","astra-migrate-meta-layouts":"set","ast-page-background-enabled":"default","ast-page-background-meta":{"desktop":{"background-color":"","background-image":"","background-repeat":"repeat","background-position":"center center","background-size":"auto","background-attachment":"scroll","background-type":"","background-media":"","overlay-type":"","overlay-color":"","overlay-opacity":"","overlay-gradient":""},"tablet":{"background-color":"","background-image":"","background-repeat":"repeat","background-position":"center center","background-size":"auto","background-attachment":"scroll","background-type":"","background-media":"","overlay-type":"","overlay-color":"","overlay-opacity":"","overlay-gradient":""},"mobile":{"background-color":"","background-image":"","background-repeat":"repeat","background-position":"center center","background-size":"auto","background-attachment":"scroll","background-type":"","background-media":"","overlay-type":"","overlay-color":"","overlay-opacity":"","overlay-gradient":""}},"ast-content-background-meta":{"desktop":{"background-color":"var(--ast-global-color-5)","background-image":"","background-repeat":"repeat","background-position":"center center","background-size":"auto","background-attachment":"scroll","background-type":"","background-media":"","overlay-type":"","overlay-color":"","overlay-opacity":"","overlay-gradient":""},"tablet":{"background-color":"var(--ast-global-color-5)","background-image":"","background-repeat":"repeat","background-position":"center center","background-size":"auto","background-attachment":"scroll","background-type":"","background-media":"","overlay-type":"","overlay-color":"","overlay-opacity":"","overlay-gradient":""},"mobile":{"background-color":"var(--ast-global-color-5)","background-image":"","background-repeat":"repeat","background-position":"center center","background-size":"auto","background-attachment":"scroll","background-type":"","background-media":"","overlay-type":"","overlay-color":"","overlay-opacity":"","overlay-gradient":""}}},"product_brand":[],"product_cat":[65,32],"product_tag":[70,68,71,69],"class_list":{"0":"post-3491","1":"product","2":"type-product","3":"status-publish","4":"has-post-thumbnail","6":"product_cat-0-to-6months-oem","7":"product_cat-customize","8":"product_tag-babypillow","9":"product_tag-cuteanimalpillow","10":"product_tag-headshapesupport","11":"product_tag-kouniushapingpillow","12":"desktop-align-left","13":"tablet-align-left","14":"mobile-align-left","16":"first","17":"instock","18":"shipping-taxable","19":"product-type-simple"},"aioseo_notices":[],"uagb_featured_image_src":{"full":["https:\/\/babypillowwholesale.com\/wp-content\/uploads\/2025\/04\/0004.jpg",1000,1000,false],"thumbnail":["https:\/\/babypillowwholesale.com\/wp-content\/uploads\/2025\/04\/0004-150x150.jpg",150,150,true],"medium":["https:\/\/babypillowwholesale.com\/wp-content\/uploads\/2025\/04\/0004-300x300.jpg",300,300,true],"medium_large":["https:\/\/babypillowwholesale.com\/wp-content\/uploads\/2025\/04\/0004-768x768.jpg",768,768,true],"large":["https:\/\/babypillowwholesale.com\/wp-content\/uploads\/2025\/04\/0004.jpg",1000,1000,false],"1536x1536":["https:\/\/babypillowwholesale.com\/wp-content\/uploads\/2025\/04\/0004.jpg",1000,1000,false],"2048x2048":["https:\/\/babypillowwholesale.com\/wp-content\/uploads\/2025\/04\/0004.jpg",1000,1000,false],"trp-custom-language-flag":["https:\/\/babypillowwholesale.com\/wp-content\/uploads\/2025\/04\/0004.jpg",12,12,false],"woocommerce_thumbnail":["https:\/\/babypillowwholesale.com\/wp-content\/uploads\/2025\/04\/0004-300x300.jpg",300,300,true],"woocommerce_single":["https:\/\/babypillowwholesale.com\/wp-content\/uploads\/2025\/04\/0004-600x600.jpg",600,600,true],"woocommerce_gallery_thumbnail":["https:\/\/babypillowwholesale.com\/wp-content\/uploads\/2025\/04\/0004-100x100.jpg",100,100,true]},"uagb_author_info":{"display_name":"Etnen zhong","author_link":"https:\/\/babypillowwholesale.com\/sk\/author\/"},"uagb_comment_info":0,"uagb_excerpt":"This Memory Foam Pillow - Small Apple - shaped Pillow Core, suitable for babies aged 0 - 6 months, offers remarkable customization and design potential. Its cute apple - like shape is just the starting point. We can modify the density of the hydrophilic foam to suit your baby's specific comfort requirements, whether it's a&hellip;","jetpack_sharing_enabled":true,"_links":{"self":[{"href":"https:\/\/babypillowwholesale.com\/sk\/wp-json\/wp\/v2\/product\/3491","targetHints":{"allow":["GET"]}}],"collection":[{"href":"https:\/\/babypillowwholesale.com\/sk\/wp-json\/wp\/v2\/product"}],"about":[{"href":"https:\/\/babypillowwholesale.com\/sk\/wp-json\/wp\/v2\/types\/product"}],"replies":[{"embeddable":true,"href":"https:\/\/babypillowwholesale.com\/sk\/wp-json\/wp\/v2\/comments?post=3491"}],"wp:featuredmedia":[{"embeddable":true,"href":"https:\/\/babypillowwholesale.com\/sk\/wp-json\/wp\/v2\/media\/3492"}],"wp:attachment":[{"href":"https:\/\/babypillowwholesale.com\/sk\/wp-json\/wp\/v2\/media?parent=3491"}],"wp:term":[{"taxonomy":"product_brand","embeddable":true,"href":"https:\/\/babypillowwholesale.com\/sk\/wp-json\/wp\/v2\/product_brand?post=3491"},{"taxonomy":"product_cat","embeddable":true,"href":"https:\/\/babypillowwholesale.com\/sk\/wp-json\/wp\/v2\/product_cat?post=3491"},{"taxonomy":"product_tag","embeddable":true,"href":"https:\/\/babypillowwholesale.com\/sk\/wp-json\/wp\/v2\/product_tag?post=3491"}],"curies":[{"name":"wp","href":"https:\/\/api.w.org\/{rel}","templated":true}]}}