{"id":3488,"date":"2025-04-19T02:55:35","date_gmt":"2025-04-19T02:55:35","guid":{"rendered":"https:\/\/babypillowwholesale.com\/?post_type=product&#038;p=3488"},"modified":"2025-06-05T14:47:34","modified_gmt":"2025-06-05T14:47:34","slug":"memory-foam-pillow-thin-bear-shaped-pillow-core","status":"publish","type":"product","link":"https:\/\/babypillowwholesale.com\/sk\/product\/memory-foam-pillow-thin-bear-shaped-pillow-core\/","title":{"rendered":"Vank\u00fa\u0161 z pam\u00e4\u0165ovej peny - tenk\u00fd medve\u010f - tvarovan\u00e9 jadro vank\u00fa\u0161a"},"content":{"rendered":"<div class=\"auto-hide-last-sibling-br paragraph-qzbcQC paragraph-element br-paragraph-space\">\n<div class=\"auto-hide-last-sibling-br paragraph-qzbcQC paragraph-element br-paragraph-space\">\n<div class=\"auto-hide-last-sibling-br paragraph-qzbcQC paragraph-element br-paragraph-space\">Pozrite sa na vank\u00fa\u0161 z pam\u00e4\u0165ovej peny - tenk\u00fd medved\u00edk - v tvare jadra, majstrovsk\u00e9 dielo vytvoren\u00e9 \u0161peci\u00e1lne pre najmen\u0161\u00edch sp\u00e1\u010dov vo veku 0 - 6 mesiacov. Jeho zvodn\u00e1 silueta v tvare medve\u010fa nie je len estetickou vo\u013ebou, ale aj port\u00e1lom do vesm\u00edru mo\u017enost\u00ed \u0161it\u00fdch na mieru.<\/div>\n<p>&nbsp;<\/p>\n<div class=\"auto-hide-last-sibling-br paragraph-qzbcQC paragraph-element br-paragraph-space\">Ch\u00e1peme, \u017ee pohodlie je rovnako individu\u00e1lne ako sladk\u00fd \u00fasmev v\u00e1\u0161ho die\u0165a\u0165a. Preto pon\u00fakame mo\u017enos\u0165 jemn\u00e9ho doladenia m\u00e4kkosti hydrofilnej peny. \u010ci u\u017e si \u017eel\u00e1te m\u00e4kkos\u0165 ako obl\u00e1\u010dik pre tie najjemnej\u0161ie hlavi\u010dky, alebo trochu v\u00e4\u010d\u0161iu tvrdos\u0165 pre v\u00e4\u010d\u0161iu oporu, m\u00e1me pre v\u00e1s rie\u0161enie. Je to \u00farove\u0148 prisp\u00f4sobenia, ktor\u00e1 men\u00ed toto jadro vank\u00fa\u0161a z oby\u010dajn\u00e9ho pr\u00edslu\u0161enstva na personalizovan\u00fa o\u00e1zu odpo\u010dinku.<\/div>\n<p>&nbsp;<\/p>\n<div class=\"auto-hide-last-sibling-br paragraph-qzbcQC paragraph-element br-paragraph-space\">Povrch tohto z\u00e1zraku v tvare medve\u010fa je pr\u00e1zdnym pl\u00e1tnom, ktor\u00e9 \u010dak\u00e1 na umeleck\u00e9 vyjadrenie. Pou\u017eit\u00edm len t\u00fdch najbezpe\u010dnej\u0161\u00edch, netoxick\u00fdch farieb ho m\u00f4\u017eeme ozdobi\u0165 o\u010daruj\u00facimi v\u00fdtla\u010dkami. Predstavte si s\u00fahvezdie jemn\u00fdch sedmokr\u00e1sok, ktor\u00fdch okvetn\u00e9 l\u00edstky sa zdanlivo kol\u00ed\u0161u v jemnom v\u00e1nku, alebo stopu rozko\u0161n\u00fdch zaja\u010d\u00edch st\u00f4p, ktor\u00e9 akoby viedli va\u0161e die\u0165a do sveta snov. Tieto odtla\u010dky nie s\u00fa len dekor\u00e1ciami, ale aj pr\u00edbehmi, ktor\u00e9 \u010dakaj\u00fa na svoje vyrozpr\u00e1vanie, a ka\u017ed\u00e9mu sp\u00e1nku dodaj\u00fa vrstvu k\u00fazla.<\/div>\n<p>&nbsp;<\/p>\n<div class=\"auto-hide-last-sibling-br paragraph-qzbcQC paragraph-element br-paragraph-space\">A potom je tu stredov\u00fd z\u00e1rez, k\u013e\u00fa\u010dov\u00fd prvok prepracovan\u00fd pre pohodlie v\u00e1\u0161ho die\u0165a\u0165a. Jeho ve\u013ekos\u0165 a h\u013abku m\u00f4\u017eeme nastavi\u0165 s chirurgickou presnos\u0165ou, aby sa hlavi\u010dka v\u00e1\u0161ho die\u0165a\u0165a dr\u017eala ako v l\u00e1skyplnom objat\u00ed. Pr\u00e1ve t\u00e1to pozornos\u0165 venovan\u00e1 detailom, tento z\u00e1v\u00e4zok k jedine\u010dnosti, rob\u00ed z n\u00e1\u0161ho vank\u00fa\u0161a z pam\u00e4\u0165ovej peny - tenk\u00e9ho medved\u00edka - v tvare jadra vank\u00fa\u0161a nielen v\u00fdrobok, ale aj cenn\u00fa pamiatku, jedin\u00fa - svojho druhu usp\u00e1vanku pre sp\u00e1nok v\u00e1\u0161ho die\u0165atka.<\/div>\n<\/div>\n<\/div>","protected":false},"excerpt":{"rendered":"<p>Tento vank\u00fa\u0161 z pam\u00e4\u0165ovej peny - tenk\u00e9 jadro v tvare medved\u00edka, ur\u010den\u00fd pre deti vo veku 0 - 6 mesiacov, pon\u00faka svet mo\u017enost\u00ed prisp\u00f4sobenia a dizajnu. Jeho roztomil\u00fd tvar v tvare medved\u00edka je dokonal\u00fdm pl\u00e1tnom pre kreativitu. \u00darove\u0148 m\u00e4kkosti hydrofilnej peny m\u00f4\u017eeme prisp\u00f4sobi\u0165 pod\u013ea va\u0161ich preferenci\u00ed, \u010d\u00edm zaist\u00edme ide\u00e1lne pohodlie pre va\u0161e die\u0165atko. Povrch mo\u017eno ozdobi\u0165 netoxick\u00fdmi, pre die\u0165a bezpe\u010dn\u00fdmi potla\u010dami, ako s\u00fa drobn\u00e9 kvetinov\u00e9 vzory alebo roztomil\u00e9 odtla\u010dky zvieratiek, ktor\u00e9 dodaj\u00fa jedine\u010dn\u00fd a o\u010daruj\u00faci n\u00e1dych. Okrem toho je mo\u017en\u00e9 upravi\u0165 ve\u013ekos\u0165 a h\u013abku stredovej priehlbiny, aby lep\u0161ie podporovala tvar hlavy die\u0165a\u0165a. To v\u00e1m umo\u017en\u00ed vytvori\u0165 skuto\u010dne personalizovan\u00e9 jadro vank\u00fa\u0161a, ktor\u00e9 nielen\u017ee sp\u013a\u0148a potreby pohodlia v\u00e1\u0161ho die\u0165a\u0165a, ale z\u00e1rove\u0148 vynik\u00e1 ako \u0161peci\u00e1lny, jedine\u010dn\u00fd predmet svojho druhu.<\/p>","protected":false},"featured_media":3489,"comment_status":"open","ping_status":"closed","template":"","meta":{"_uag_custom_page_level_css":"","site-sidebar-layout":"default","site-content-layout":"","ast-site-content-layout":"default","site-content-style":"default","site-sidebar-style":"default","ast-global-header-display":"","ast-banner-title-visibility":"","ast-main-header-display":"","ast-hfb-above-header-display":"","ast-hfb-below-header-display":"","ast-hfb-mobile-header-display":"","site-post-title":"","ast-breadcrumbs-content":"","ast-featured-img":"","footer-sml-layout":"","ast-disable-related-posts":"","theme-transparent-header-meta":"default","adv-header-id-meta":"","stick-header-meta":"","header-above-stick-meta":"","header-main-stick-meta":"","header-below-stick-meta":"","astra-migrate-meta-layouts":"set","ast-page-background-enabled":"default","ast-page-background-meta":{"desktop":{"background-color":"","background-image":"","background-repeat":"repeat","background-position":"center center","background-size":"auto","background-attachment":"scroll","background-type":"","background-media":"","overlay-type":"","overlay-color":"","overlay-opacity":"","overlay-gradient":""},"tablet":{"background-color":"","background-image":"","background-repeat":"repeat","background-position":"center center","background-size":"auto","background-attachment":"scroll","background-type":"","background-media":"","overlay-type":"","overlay-color":"","overlay-opacity":"","overlay-gradient":""},"mobile":{"background-color":"","background-image":"","background-repeat":"repeat","background-position":"center center","background-size":"auto","background-attachment":"scroll","background-type":"","background-media":"","overlay-type":"","overlay-color":"","overlay-opacity":"","overlay-gradient":""}},"ast-content-background-meta":{"desktop":{"background-color":"var(--ast-global-color-5)","background-image":"","background-repeat":"repeat","background-position":"center center","background-size":"auto","background-attachment":"scroll","background-type":"","background-media":"","overlay-type":"","overlay-color":"","overlay-opacity":"","overlay-gradient":""},"tablet":{"background-color":"var(--ast-global-color-5)","background-image":"","background-repeat":"repeat","background-position":"center center","background-size":"auto","background-attachment":"scroll","background-type":"","background-media":"","overlay-type":"","overlay-color":"","overlay-opacity":"","overlay-gradient":""},"mobile":{"background-color":"var(--ast-global-color-5)","background-image":"","background-repeat":"repeat","background-position":"center center","background-size":"auto","background-attachment":"scroll","background-type":"","background-media":"","overlay-type":"","overlay-color":"","overlay-opacity":"","overlay-gradient":""}}},"product_brand":[],"product_cat":[65,32],"product_tag":[70,68,71,69],"class_list":{"0":"post-3488","1":"product","2":"type-product","3":"status-publish","4":"has-post-thumbnail","6":"product_cat-0-to-6months-oem","7":"product_cat-customize","8":"product_tag-babypillow","9":"product_tag-cuteanimalpillow","10":"product_tag-headshapesupport","11":"product_tag-kouniushapingpillow","12":"desktop-align-left","13":"tablet-align-left","14":"mobile-align-left","16":"first","17":"instock","18":"shipping-taxable","19":"product-type-simple"},"aioseo_notices":[],"uagb_featured_image_src":{"full":["https:\/\/babypillowwholesale.com\/wp-content\/uploads\/2025\/04\/0003.jpg",1000,1000,false],"thumbnail":["https:\/\/babypillowwholesale.com\/wp-content\/uploads\/2025\/04\/0003-150x150.jpg",150,150,true],"medium":["https:\/\/babypillowwholesale.com\/wp-content\/uploads\/2025\/04\/0003-300x300.jpg",300,300,true],"medium_large":["https:\/\/babypillowwholesale.com\/wp-content\/uploads\/2025\/04\/0003-768x768.jpg",768,768,true],"large":["https:\/\/babypillowwholesale.com\/wp-content\/uploads\/2025\/04\/0003.jpg",1000,1000,false],"1536x1536":["https:\/\/babypillowwholesale.com\/wp-content\/uploads\/2025\/04\/0003.jpg",1000,1000,false],"2048x2048":["https:\/\/babypillowwholesale.com\/wp-content\/uploads\/2025\/04\/0003.jpg",1000,1000,false],"trp-custom-language-flag":["https:\/\/babypillowwholesale.com\/wp-content\/uploads\/2025\/04\/0003.jpg",12,12,false],"woocommerce_thumbnail":["https:\/\/babypillowwholesale.com\/wp-content\/uploads\/2025\/04\/0003-300x300.jpg",300,300,true],"woocommerce_single":["https:\/\/babypillowwholesale.com\/wp-content\/uploads\/2025\/04\/0003-600x600.jpg",600,600,true],"woocommerce_gallery_thumbnail":["https:\/\/babypillowwholesale.com\/wp-content\/uploads\/2025\/04\/0003-100x100.jpg",100,100,true]},"uagb_author_info":{"display_name":"Etnen zhong","author_link":"https:\/\/babypillowwholesale.com\/sk\/author\/"},"uagb_comment_info":0,"uagb_excerpt":"This Memory Foam Pillow - Thin Bear - shaped Pillow Core, designed for babies aged 0 - 6 months, offers a world of customization and design opportunities. Its endearing bear - shaped form is the perfect canvas for creativity. We can customize the softness level of the hydrophilic foam according to your preference, ensuring the&hellip;","jetpack_sharing_enabled":true,"_links":{"self":[{"href":"https:\/\/babypillowwholesale.com\/sk\/wp-json\/wp\/v2\/product\/3488","targetHints":{"allow":["GET"]}}],"collection":[{"href":"https:\/\/babypillowwholesale.com\/sk\/wp-json\/wp\/v2\/product"}],"about":[{"href":"https:\/\/babypillowwholesale.com\/sk\/wp-json\/wp\/v2\/types\/product"}],"replies":[{"embeddable":true,"href":"https:\/\/babypillowwholesale.com\/sk\/wp-json\/wp\/v2\/comments?post=3488"}],"wp:featuredmedia":[{"embeddable":true,"href":"https:\/\/babypillowwholesale.com\/sk\/wp-json\/wp\/v2\/media\/3489"}],"wp:attachment":[{"href":"https:\/\/babypillowwholesale.com\/sk\/wp-json\/wp\/v2\/media?parent=3488"}],"wp:term":[{"taxonomy":"product_brand","embeddable":true,"href":"https:\/\/babypillowwholesale.com\/sk\/wp-json\/wp\/v2\/product_brand?post=3488"},{"taxonomy":"product_cat","embeddable":true,"href":"https:\/\/babypillowwholesale.com\/sk\/wp-json\/wp\/v2\/product_cat?post=3488"},{"taxonomy":"product_tag","embeddable":true,"href":"https:\/\/babypillowwholesale.com\/sk\/wp-json\/wp\/v2\/product_tag?post=3488"}],"curies":[{"name":"wp","href":"https:\/\/api.w.org\/{rel}","templated":true}]}}