{"id":3485,"date":"2025-04-19T02:35:27","date_gmt":"2025-04-19T02:35:27","guid":{"rendered":"https:\/\/babypillowwholesale.com\/?post_type=product&#038;p=3485"},"modified":"2025-06-05T14:53:09","modified_gmt":"2025-06-05T14:53:09","slug":"memory-foam-pillow-thick-bear-shaped-pillow-core","status":"publish","type":"product","link":"https:\/\/babypillowwholesale.com\/sk\/product\/memory-foam-pillow-thick-bear-shaped-pillow-core\/","title":{"rendered":"Vank\u00fa\u0161 z pam\u00e4\u0165ovej peny - hrub\u00fd medve\u010f - tvarovan\u00e9 jadro vank\u00fa\u0161a"},"content":{"rendered":"<div class=\"auto-hide-last-sibling-br paragraph-qzbcQC paragraph-element br-paragraph-space\">\n<div class=\"auto-hide-last-sibling-br paragraph-qzbcQC paragraph-element br-paragraph-space\">Tento vank\u00fa\u0161 z pam\u00e4\u0165ovej peny - hrub\u00fd medve\u010f - v tvare jadra vank\u00fa\u0161a, vytvoren\u00fd \u0161peci\u00e1lne pre deti vo veku 0 - 6 mesiacov, je vzorom jedine\u010dnosti a mo\u017enosti prisp\u00f4sobenia. Jeho prirodzene p\u00f4vabn\u00e1 silueta medve\u010fa nie je len roztomilou vo\u013ebou dizajnu; je to v\u00fdchodiskov\u00fd bod na vytvorenie jedine\u010dn\u00e9ho detsk\u00e9ho nevyhnutn\u00e9ho v\u00fdrobku.<\/div>\n<p>&nbsp;<\/p>\n<div class=\"auto-hide-last-sibling-br paragraph-qzbcQC paragraph-element br-paragraph-space\">Ventila\u010dn\u00e9 otvory, ktor\u00e9 s\u00fa k\u013e\u00fa\u010dov\u00fdm funk\u010dn\u00fdm prvkom, nie s\u00fa pevne stanoven\u00e9. Ich po\u010det a rozmery m\u00f4\u017eeme starostlivo upravi\u0165 a doladi\u0165 tak priedu\u0161nos\u0165 jadra vank\u00fa\u0161a tak, aby vyhovovali \u0161pecifick\u00fdm potreb\u00e1m pohodlia v\u00e1\u0161ho die\u0165a\u0165a. Je to \u00farove\u0148 prisp\u00f4sobenia, ktor\u00e1 presahuje r\u00e1mec be\u017en\u00fdch mo\u017enost\u00ed a zabezpe\u010duje optim\u00e1lnu cirkul\u00e1ciu vzduchu pre pokojn\u00fd sp\u00e1nok v\u00e1\u0161ho die\u0165atka.<\/div>\n<p>&nbsp;<\/p>\n<div class=\"auto-hide-last-sibling-br paragraph-qzbcQC paragraph-element br-paragraph-space\">Pokia\u013e ide o vzh\u013ead, mo\u017enosti s\u00fa tak neobmedzen\u00e9 ako va\u0161a fant\u00e1zia. Pou\u017eit\u00edm len t\u00fdch najbezpe\u010dnej\u0161\u00edch, netoxick\u00fdch pigmentov m\u00f4\u017eeme premeni\u0165 medvediu \"srs\u0165\" na h\u00fdriv\u00e9 farby. Predstavte si medve\u010fa so srs\u0165ou v najjemnej\u0161\u00edch pastelov\u00fdch farb\u00e1ch, ktor\u00e1 navodzuje pocit pokoja, alebo medve\u010fa zdoben\u00e9ho jasn\u00fdmi, vesel\u00fdmi odtie\u0148mi, ktor\u00e9 vzbudia zvedavos\u0165 v\u00e1\u0161ho die\u0165a\u0165a. Nejde len o estetiku, ale o vytvorenie vizu\u00e1lneho z\u00e1\u017eitku, ktor\u00fd rovnakou mierou upokojuje a stimuluje.<\/div>\n<p>&nbsp;<\/p>\n<div class=\"auto-hide-last-sibling-br paragraph-qzbcQC paragraph-element br-paragraph-space\">T\u00fdm sa v\u0161ak prisp\u00f4sobenie nekon\u010d\u00ed. M\u00f4\u017eeme prida\u0165 n\u00e1dhern\u00e9 ozdoby, ako s\u00fa ru\u010dne vy\u0161\u00edvan\u00e9 o\u010di, ktor\u00e9 akoby hrejivo \u017emurkaj\u00fa, alebo na\u0161it\u00fd nos, ktor\u00fd dod\u00e1va medve\u010fovi n\u00e1dych realistick\u00e9ho k\u00fazla. Tieto drobn\u00e9 detaily nie s\u00fa len dekorat\u00edvne; premenia jadro vank\u00fa\u0161a z jednoduch\u00e9ho doplnku na milovan\u00e9ho spolo\u010dn\u00edka v\u00e1\u0161ho die\u0165a\u0165a.<\/div>\n<p>&nbsp;<\/p>\n<div class=\"auto-hide-last-sibling-br paragraph-qzbcQC paragraph-element br-paragraph-space\">S t\u00fdmto vank\u00fa\u0161om z pam\u00e4\u0165ovej peny - hrub\u00fdm medved\u00edkom - v tvare jadra vank\u00fa\u0161a nez\u00edskavate len v\u00fdrobok, ale vytv\u00e1rate si personalizovan\u00e9 \u00fato\u010disko pohodlia a roztomilosti, pamiatku, ktor\u00e1 bude ma\u0165 osobitn\u00e9 miesto v prv\u00fdch spomienkach v\u00e1\u0161ho die\u0165a\u0165a.<\/div>\n<\/div>","protected":false},"excerpt":{"rendered":"<p>Tento vank\u00fa\u0161 z pam\u00e4\u0165ovej peny - hrub\u00e9 jadro v tvare medve\u010fa, ur\u010den\u00fd pre deti vo veku 0 - 6 mesiacov, pon\u00faka rozsiahle mo\u017enosti prisp\u00f4sobenia a dizajnu. Jeho rozko\u0161n\u00fd tvar pripom\u00ednaj\u00faci medve\u010fa sl\u00fa\u017ei ako o\u010daruj\u00faci z\u00e1klad na \u010fal\u0161iu personaliz\u00e1ciu. Po\u010det a ve\u013ekos\u0165 vetrac\u00edch otvorov mo\u017eno upravi\u0165 pod\u013ea konkr\u00e9tnych potrieb, \u010d\u00edm sa optimalizuje priedu\u0161nos\u0165. Pokia\u013e ide o vzh\u013ead, na ma\u013eovanie \"ko\u017eu\u0161iny\" medved\u00edka mo\u017eno pou\u017ei\u0165 netoxick\u00e9, pre deti bezpe\u010dn\u00e9 farby, \u010d\u00edm sa vytvoria r\u00f4zne roztomil\u00e9 farebn\u00e9 sch\u00e9my, napr\u00edklad jemn\u00fd pastelov\u00fd medved\u00edk pre ne\u017en\u00fd vzh\u013ead alebo \u017eiv\u0161\u00ed pre hrav\u00fd n\u00e1dych. Okrem toho mo\u017eno prida\u0165 mal\u00e9 ozdoby, ako s\u00fa vy\u0161\u00edvan\u00e9 o\u010di alebo vy\u0161it\u00fd nos, aby bol tvar medve\u010fa \u017eiv\u0161\u00ed a rozko\u0161nej\u0161\u00ed. Toto prisp\u00f4sobenie umo\u017e\u0148uje rodi\u010dom vytvori\u0165 jedine\u010dn\u00e9 a \u0161peci\u00e1lne jadro vank\u00fa\u0161a, ktor\u00e9 nielen sp\u013a\u0148a funk\u010dn\u00e9 po\u017eiadavky, ale stane sa aj milovanou pamiatkou pre ich najmen\u0161\u00edch.<\/p>","protected":false},"featured_media":3486,"comment_status":"open","ping_status":"closed","template":"","meta":{"_uag_custom_page_level_css":"","site-sidebar-layout":"default","site-content-layout":"","ast-site-content-layout":"default","site-content-style":"default","site-sidebar-style":"default","ast-global-header-display":"","ast-banner-title-visibility":"","ast-main-header-display":"","ast-hfb-above-header-display":"","ast-hfb-below-header-display":"","ast-hfb-mobile-header-display":"","site-post-title":"","ast-breadcrumbs-content":"","ast-featured-img":"","footer-sml-layout":"","ast-disable-related-posts":"","theme-transparent-header-meta":"default","adv-header-id-meta":"","stick-header-meta":"","header-above-stick-meta":"","header-main-stick-meta":"","header-below-stick-meta":"","astra-migrate-meta-layouts":"set","ast-page-background-enabled":"default","ast-page-background-meta":{"desktop":{"background-color":"","background-image":"","background-repeat":"repeat","background-position":"center center","background-size":"auto","background-attachment":"scroll","background-type":"","background-media":"","overlay-type":"","overlay-color":"","overlay-opacity":"","overlay-gradient":""},"tablet":{"background-color":"","background-image":"","background-repeat":"repeat","background-position":"center center","background-size":"auto","background-attachment":"scroll","background-type":"","background-media":"","overlay-type":"","overlay-color":"","overlay-opacity":"","overlay-gradient":""},"mobile":{"background-color":"","background-image":"","background-repeat":"repeat","background-position":"center center","background-size":"auto","background-attachment":"scroll","background-type":"","background-media":"","overlay-type":"","overlay-color":"","overlay-opacity":"","overlay-gradient":""}},"ast-content-background-meta":{"desktop":{"background-color":"var(--ast-global-color-5)","background-image":"","background-repeat":"repeat","background-position":"center center","background-size":"auto","background-attachment":"scroll","background-type":"","background-media":"","overlay-type":"","overlay-color":"","overlay-opacity":"","overlay-gradient":""},"tablet":{"background-color":"var(--ast-global-color-5)","background-image":"","background-repeat":"repeat","background-position":"center center","background-size":"auto","background-attachment":"scroll","background-type":"","background-media":"","overlay-type":"","overlay-color":"","overlay-opacity":"","overlay-gradient":""},"mobile":{"background-color":"var(--ast-global-color-5)","background-image":"","background-repeat":"repeat","background-position":"center center","background-size":"auto","background-attachment":"scroll","background-type":"","background-media":"","overlay-type":"","overlay-color":"","overlay-opacity":"","overlay-gradient":""}}},"product_brand":[],"product_cat":[65,32],"product_tag":[70,68,71,69],"class_list":{"0":"post-3485","1":"product","2":"type-product","3":"status-publish","4":"has-post-thumbnail","6":"product_cat-0-to-6months-oem","7":"product_cat-customize","8":"product_tag-babypillow","9":"product_tag-cuteanimalpillow","10":"product_tag-headshapesupport","11":"product_tag-kouniushapingpillow","12":"desktop-align-left","13":"tablet-align-left","14":"mobile-align-left","16":"first","17":"instock","18":"shipping-taxable","19":"product-type-simple"},"aioseo_notices":[],"uagb_featured_image_src":{"full":["https:\/\/babypillowwholesale.com\/wp-content\/uploads\/2025\/04\/0002.jpg",1000,1000,false],"thumbnail":["https:\/\/babypillowwholesale.com\/wp-content\/uploads\/2025\/04\/0002-150x150.jpg",150,150,true],"medium":["https:\/\/babypillowwholesale.com\/wp-content\/uploads\/2025\/04\/0002-300x300.jpg",300,300,true],"medium_large":["https:\/\/babypillowwholesale.com\/wp-content\/uploads\/2025\/04\/0002-768x768.jpg",768,768,true],"large":["https:\/\/babypillowwholesale.com\/wp-content\/uploads\/2025\/04\/0002.jpg",1000,1000,false],"1536x1536":["https:\/\/babypillowwholesale.com\/wp-content\/uploads\/2025\/04\/0002.jpg",1000,1000,false],"2048x2048":["https:\/\/babypillowwholesale.com\/wp-content\/uploads\/2025\/04\/0002.jpg",1000,1000,false],"trp-custom-language-flag":["https:\/\/babypillowwholesale.com\/wp-content\/uploads\/2025\/04\/0002.jpg",12,12,false],"woocommerce_thumbnail":["https:\/\/babypillowwholesale.com\/wp-content\/uploads\/2025\/04\/0002-300x300.jpg",300,300,true],"woocommerce_single":["https:\/\/babypillowwholesale.com\/wp-content\/uploads\/2025\/04\/0002-600x600.jpg",600,600,true],"woocommerce_gallery_thumbnail":["https:\/\/babypillowwholesale.com\/wp-content\/uploads\/2025\/04\/0002-100x100.jpg",100,100,true]},"uagb_author_info":{"display_name":"Etnen zhong","author_link":"https:\/\/babypillowwholesale.com\/sk\/author\/"},"uagb_comment_info":0,"uagb_excerpt":"This Memory Foam Pillow - Thick Bear - shaped Pillow Core, designed for babies aged 0 - 6 months, offers extensive customization and design potential. Its adorable bear - like form serves as a charming base for further personalization. The number and size of the ventilation holes can be adjusted according to specific needs, optimizing&hellip;","jetpack_sharing_enabled":true,"_links":{"self":[{"href":"https:\/\/babypillowwholesale.com\/sk\/wp-json\/wp\/v2\/product\/3485","targetHints":{"allow":["GET"]}}],"collection":[{"href":"https:\/\/babypillowwholesale.com\/sk\/wp-json\/wp\/v2\/product"}],"about":[{"href":"https:\/\/babypillowwholesale.com\/sk\/wp-json\/wp\/v2\/types\/product"}],"replies":[{"embeddable":true,"href":"https:\/\/babypillowwholesale.com\/sk\/wp-json\/wp\/v2\/comments?post=3485"}],"wp:featuredmedia":[{"embeddable":true,"href":"https:\/\/babypillowwholesale.com\/sk\/wp-json\/wp\/v2\/media\/3486"}],"wp:attachment":[{"href":"https:\/\/babypillowwholesale.com\/sk\/wp-json\/wp\/v2\/media?parent=3485"}],"wp:term":[{"taxonomy":"product_brand","embeddable":true,"href":"https:\/\/babypillowwholesale.com\/sk\/wp-json\/wp\/v2\/product_brand?post=3485"},{"taxonomy":"product_cat","embeddable":true,"href":"https:\/\/babypillowwholesale.com\/sk\/wp-json\/wp\/v2\/product_cat?post=3485"},{"taxonomy":"product_tag","embeddable":true,"href":"https:\/\/babypillowwholesale.com\/sk\/wp-json\/wp\/v2\/product_tag?post=3485"}],"curies":[{"name":"wp","href":"https:\/\/api.w.org\/{rel}","templated":true}]}}