{"id":3472,"date":"2025-04-18T15:52:31","date_gmt":"2025-04-18T15:52:31","guid":{"rendered":"https:\/\/babypillowwholesale.com\/?post_type=product&#038;p=3472"},"modified":"2026-03-23T07:55:41","modified_gmt":"2026-03-23T07:55:41","slug":"anti-reflux-pillow-for-baby-co-sleeper","status":"publish","type":"product","link":"https:\/\/babypillowwholesale.com\/sk\/product\/anti-reflux-pillow-for-baby-co-sleeper\/","title":{"rendered":"Vank\u00fa\u0161 proti refluxu pre die\u0165a na spanie"},"content":{"rendered":"<div class=\"auto-hide-last-sibling-br paragraph-qzbcQC paragraph-element br-paragraph-space\" data-immersive-translate-walked=\"8e61f2e7-6af2-46e5-9672-3b9e4f4033d9\" data-immersive-translate-paragraph=\"1\">\n<div class=\"auto-hide-last-sibling-br paragraph-qzbcQC paragraph-element br-paragraph-space\">\n<div class=\"auto-hide-last-sibling-br paragraph-qzbcQC paragraph-element br-paragraph-space\">\n<div class=\"auto-hide-last-sibling-br paragraph-qzbcQC paragraph-element br-paragraph-space\">\n<div class=\"auto-hide-last-sibling-br paragraph-qzbcQC paragraph-element br-paragraph-space\">\n<div class=\"auto-hide-last-sibling-br paragraph-qzbcQC paragraph-element br-paragraph-space\">\n<div class=\"inter-wlTS5w\">\n<div class=\"container-QE4ayg\">\n<div class=\"item-jU10IN\">\n<div class=\"container-jODEnh chrome70-container\">\n<div class=\"inner-eE95c9 inner-item-aL3Ui_\" data-target-id=\"message-box-target-id\" data-testid=\"union_message\">\n<div class=\"message-block-container-liuetz\" data-testid=\"message-block-container\">\n<div class=\"message-box-ZWbBdF\" data-testid=\"receive_message\">\n<div class=\"message-box-content-wrapper-srHdUj\">\n<div class=\"message-content message-box-content-otxGGw receive-message-box-content-_lREFj samantha-message-box-content-Qjmpja\" data-testid=\"message_content\">\n<div class=\"container-hfX5E8 flow-markdown-body theme-samantha-yJEgBp\" dir=\"ltr\" data-testid=\"message_text_content\" data-show-indicator=\"false\">\n<div class=\"auto-hide-last-sibling-br paragraph-qzbcQC paragraph-element br-paragraph-space\">\n<div class=\"auto-hide-last-sibling-br paragraph-qzbcQC paragraph-element br-paragraph-space\">\n<div class=\"auto-hide-last-sibling-br paragraph-qzbcQC paragraph-element br-paragraph-space\">\n<div class=\"auto-hide-last-sibling-br paragraph-qzbcQC paragraph-element br-paragraph-space\">\n<div class=\"message-box-content-wrapper-srHdUj\">\n<div class=\"message-content message-box-content-otxGGw receive-message-box-content-_lREFj samantha-message-box-content-Qjmpja\" data-testid=\"message_content\">\n<div class=\"container-hfX5E8 flow-markdown-body theme-samantha-yJEgBp\" dir=\"ltr\" data-testid=\"message_text_content\" data-show-indicator=\"false\">\n<div class=\"auto-hide-last-sibling-br paragraph-qzbcQC paragraph-element br-paragraph-space\">\n<div class=\"auto-hide-last-sibling-br paragraph-qzbcQC paragraph-element br-paragraph-space\">\n<div class=\"auto-hide-last-sibling-br paragraph-qzbcQC paragraph-element br-paragraph-space\">\n<div class=\"auto-hide-last-sibling-br paragraph-qzbcQC paragraph-element br-paragraph-space\">Predstavujeme antirefluxn\u00fd vank\u00fa\u0161 pre b\u00e1b\u00e4tk\u00e1 Co - Sleeper, nevyhnutn\u00fd doplnok k potreb\u00e1m pre sp\u00e1nok v\u00e1\u0161ho b\u00e1b\u00e4tka, vyroben\u00fd na mieru pre deti vo veku 0 - 6 mesiacov. Tento inovat\u00edvny vank\u00fa\u0161 je o\u00e1zou pohodlia a bezpe\u010dnosti, starostlivo navrhnut\u00fd na rie\u0161enie jednej z naj\u010dastej\u0161\u00edch ob\u00e1v nov\u00fdch rodi\u010dov: refluxu.<\/div>\n<p>&nbsp;<\/p>\n<div class=\"auto-hide-last-sibling-br paragraph-qzbcQC paragraph-element br-paragraph-space\">Vn\u00fatorn\u00e9 jadro, harmonick\u00e1 zmes m\u00e4kk\u00e9ho strieborn\u00e9ho vl\u00e1kna a pam\u00e4\u0165ovej peny, poskytuje jemn\u00fa, kol\u00edsav\u00fa oporu, ktor\u00e1 sa prisp\u00f4sob\u00ed jemnej postave v\u00e1\u0161ho die\u0165a\u0165a. Prisp\u00f4sobuje sa ich telu, poskytuje spr\u00e1vnu mieru odpru\u017eenia a stability, \u010d\u00edm zabezpe\u010duje pokojn\u00fd sp\u00e1nok.<\/div>\n<p>&nbsp;<\/p>\n<div class=\"auto-hide-last-sibling-br paragraph-qzbcQC paragraph-element br-paragraph-space\">Vonkaj\u0161ie materi\u00e1ly, kombin\u00e1cia priedu\u0161nej 3D sie\u0165oviny a m\u00e4kkej bavlnenej tkaniny, vytv\u00e1raj\u00fa chladn\u00e9 a \u00fatuln\u00e9 mikroprostredie. V\u010faka tomu sa va\u0161e die\u0165a nielen c\u00edti pohodlne, ale pom\u00e1ha aj regulova\u0165 jeho telesn\u00fa teplotu, \u010d\u00edm zabra\u0148uje prehriatiu po\u010das dlh\u00e9ho sp\u00e1nku alebo no\u010dn\u00e9ho sp\u00e1nku.<\/div>\n<p>&nbsp;<\/p>\n<div class=\"auto-hide-last-sibling-br paragraph-qzbcQC paragraph-element br-paragraph-space\">S ve\u013ekos\u0165ou l\u00f4\u017eka 90*<em>50*<\/em>11 cm, vank\u00fa\u0161 na nohu s ve\u013ekos\u0165ou 42*<em>16 cm a sklon dosky 31*<\/em>31*5 cm, pon\u00faka komplexn\u00fa podporu. Po\u010das k\u0155menia pom\u00e1ha sklonen\u00e1 doska udr\u017ea\u0165 die\u0165a v optim\u00e1lnej polohe, \u010d\u00edm zni\u017euje pravdepodobnos\u0165 refluxu. Na spanie poskytuje cel\u00e1 zostava bezpe\u010dn\u00fd a \u00fatuln\u00fd priestor, ktor\u00fd napodob\u0148uje pohodlie maternice.<\/div>\n<p>&nbsp;<\/p>\n<div class=\"auto-hide-last-sibling-br paragraph-qzbcQC paragraph-element br-paragraph-space\">Rodi\u010dia ho ve\u013emi chv\u00e1lili. \"Tento vank\u00fa\u0161 bol z\u00e1chranou! Moje die\u0165a z\u00e1pasilo s refluxom, ale odkedy sme ho za\u010dali pou\u017e\u00edva\u0165, tieto probl\u00e9my sa v\u00fdrazne zmiernili. Je tak\u00fd m\u00e4kk\u00fd a dobre navrhnut\u00fd,\" podelila sa s nami jedna z mami\u010diek. \u010eal\u0161\u00ed rodi\u010d sa rozpl\u00fdval: \"P\u00e1\u010di sa mi, ako d\u00e1va m\u00f4jmu die\u0165a\u0165u pocit bezpe\u010dia. Je to ako mal\u00e9 hniezdo a kvalita je \u0161pi\u010dkov\u00e1. Ur\u010dite ho mus\u00ed ma\u0165 ka\u017ed\u00fd nov\u00fd rodi\u010d.\"<\/div>\n<p>&nbsp;<\/p>\n<div class=\"auto-hide-last-sibling-br paragraph-qzbcQC paragraph-element br-paragraph-space\">Vank\u00fa\u0161 proti refluxu pre b\u00e1b\u00e4tk\u00e1 je v podstate viac ako len vank\u00fa\u0161; je to vstupenka do pokojn\u00fdch noc\u00ed a bezstarostn\u00e9ho rodi\u010dovstva, ktor\u00e1 zabezpe\u010d\u00ed v\u00e1\u0161mu die\u0165atku pokojn\u00fd a pohodln\u00fd sp\u00e1nok.<\/div>\n<\/div>\n<\/div>\n<\/div>\n<\/div>\n<\/div>\n<\/div>\n<\/div>\n<\/div>\n<\/div>\n<\/div>\n<\/div>\n<\/div>\n<\/div>\n<\/div>\n<\/div>\n<\/div>\n<\/div>\n<\/div>\n<\/div>\n<\/div>\n<\/div>\n<\/div>\n<\/div>\n<\/div>\n<\/div>\n<\/div>","protected":false},"excerpt":{"rendered":"<p>Vank\u00fa\u0161 proti refluxu pre b\u00e1b\u00e4tk\u00e1 je nevyhnutnou s\u00fa\u010das\u0165ou v\u00fdbavy pre deti vo veku 0 - 6 mesiacov. Jeho dizajn sa zameriava na prevenciu refluxu a zabezpe\u010denie bezpe\u010dn\u00e9ho a pohodln\u00e9ho sp\u00e1nku. Vn\u00fatorn\u00e9 jadro, kombin\u00e1cia m\u00e4kk\u00e9ho strieborn\u00e9ho vl\u00e1kna a pam\u00e4\u0165ovej peny, poskytuje jemn\u00fa oporu a prisp\u00f4sobuje sa tvaru tela die\u0165a\u0165a. Vonkaj\u0161ie materi\u00e1ly, 3D sie\u0165ovina a bavlnen\u00e1 tkanina, s\u00fa priedu\u0161n\u00e9 a m\u00e4kk\u00e9, \u010do pom\u00e1ha udr\u017ea\u0165 die\u0165a v chlade a pohodl\u00ed. S ve\u013ekos\u0165ou l\u00f4\u017eka 90*<em>50*<\/em>11 cm, vank\u00fa\u0161 na nohu s ve\u013ekos\u0165ou 42*<em>16 cm a sklon dosky 31*<\/em>31*5 cm, poskytuje komplexn\u00fa podporu. \u010ci u\u017e ide o sp\u00e1nok alebo no\u010dn\u00fd sp\u00e1nok, tento vank\u00fa\u0161 pom\u00e1ha zni\u017eova\u0165 riziko refluxu, v\u010faka \u010domu maj\u00fa rodi\u010dia pokoj a deti m\u00f4\u017eu pokojne spa\u0165.<\/p>","protected":false},"featured_media":3596,"comment_status":"open","ping_status":"closed","template":"","meta":{"_uag_custom_page_level_css":"","site-sidebar-layout":"default","site-content-layout":"","ast-site-content-layout":"default","site-content-style":"default","site-sidebar-style":"default","ast-global-header-display":"","ast-banner-title-visibility":"","ast-main-header-display":"","ast-hfb-above-header-display":"","ast-hfb-below-header-display":"","ast-hfb-mobile-header-display":"","site-post-title":"","ast-breadcrumbs-content":"","ast-featured-img":"","footer-sml-layout":"","ast-disable-related-posts":"","theme-transparent-header-meta":"default","adv-header-id-meta":"","stick-header-meta":"","header-above-stick-meta":"","header-main-stick-meta":"","header-below-stick-meta":"","astra-migrate-meta-layouts":"set","ast-page-background-enabled":"default","ast-page-background-meta":{"desktop":{"background-color":"","background-image":"","background-repeat":"repeat","background-position":"center center","background-size":"auto","background-attachment":"scroll","background-type":"","background-media":"","overlay-type":"","overlay-color":"","overlay-opacity":"","overlay-gradient":""},"tablet":{"background-color":"","background-image":"","background-repeat":"repeat","background-position":"center center","background-size":"auto","background-attachment":"scroll","background-type":"","background-media":"","overlay-type":"","overlay-color":"","overlay-opacity":"","overlay-gradient":""},"mobile":{"background-color":"","background-image":"","background-repeat":"repeat","background-position":"center center","background-size":"auto","background-attachment":"scroll","background-type":"","background-media":"","overlay-type":"","overlay-color":"","overlay-opacity":"","overlay-gradient":""}},"ast-content-background-meta":{"desktop":{"background-color":"var(--ast-global-color-5)","background-image":"","background-repeat":"repeat","background-position":"center center","background-size":"auto","background-attachment":"scroll","background-type":"","background-media":"","overlay-type":"","overlay-color":"","overlay-opacity":"","overlay-gradient":""},"tablet":{"background-color":"var(--ast-global-color-5)","background-image":"","background-repeat":"repeat","background-position":"center center","background-size":"auto","background-attachment":"scroll","background-type":"","background-media":"","overlay-type":"","overlay-color":"","overlay-opacity":"","overlay-gradient":""},"mobile":{"background-color":"var(--ast-global-color-5)","background-image":"","background-repeat":"repeat","background-position":"center center","background-size":"auto","background-attachment":"scroll","background-type":"","background-media":"","overlay-type":"","overlay-color":"","overlay-opacity":"","overlay-gradient":""}}},"product_brand":[],"product_cat":[21],"product_tag":[70,68,71,69],"class_list":{"0":"post-3472","1":"product","2":"type-product","3":"status-publish","4":"has-post-thumbnail","6":"product_cat-others","7":"product_tag-babypillow","8":"product_tag-cuteanimalpillow","9":"product_tag-headshapesupport","10":"product_tag-kouniushapingpillow","11":"desktop-align-left","12":"tablet-align-left","13":"mobile-align-left","15":"first","16":"instock","17":"shipping-taxable","18":"product-type-simple"},"aioseo_notices":[],"uagb_featured_image_src":{"full":["https:\/\/babypillowwholesale.com\/wp-content\/uploads\/2025\/04\/\u4ea7\u54c1\u4e3b\u56fe.jpg",1000,1000,false],"thumbnail":["https:\/\/babypillowwholesale.com\/wp-content\/uploads\/2025\/04\/\u4ea7\u54c1\u4e3b\u56fe-150x150.jpg",150,150,true],"medium":["https:\/\/babypillowwholesale.com\/wp-content\/uploads\/2025\/04\/\u4ea7\u54c1\u4e3b\u56fe-300x300.jpg",300,300,true],"medium_large":["https:\/\/babypillowwholesale.com\/wp-content\/uploads\/2025\/04\/\u4ea7\u54c1\u4e3b\u56fe-768x768.jpg",768,768,true],"large":["https:\/\/babypillowwholesale.com\/wp-content\/uploads\/2025\/04\/\u4ea7\u54c1\u4e3b\u56fe.jpg",1000,1000,false],"1536x1536":["https:\/\/babypillowwholesale.com\/wp-content\/uploads\/2025\/04\/\u4ea7\u54c1\u4e3b\u56fe.jpg",1000,1000,false],"2048x2048":["https:\/\/babypillowwholesale.com\/wp-content\/uploads\/2025\/04\/\u4ea7\u54c1\u4e3b\u56fe.jpg",1000,1000,false],"trp-custom-language-flag":["https:\/\/babypillowwholesale.com\/wp-content\/uploads\/2025\/04\/\u4ea7\u54c1\u4e3b\u56fe.jpg",12,12,false],"woocommerce_thumbnail":["https:\/\/babypillowwholesale.com\/wp-content\/uploads\/2025\/04\/\u4ea7\u54c1\u4e3b\u56fe-300x300.jpg",300,300,true],"woocommerce_single":["https:\/\/babypillowwholesale.com\/wp-content\/uploads\/2025\/04\/\u4ea7\u54c1\u4e3b\u56fe-600x600.jpg",600,600,true],"woocommerce_gallery_thumbnail":["https:\/\/babypillowwholesale.com\/wp-content\/uploads\/2025\/04\/\u4ea7\u54c1\u4e3b\u56fe-100x100.jpg",100,100,true]},"uagb_author_info":{"display_name":"Etnen zhong","author_link":"https:\/\/babypillowwholesale.com\/sk\/author\/"},"uagb_comment_info":1,"uagb_excerpt":"The Anti - reflux Pillow for Baby Co - sleeper is a must - have for infants aged 0 - 6 months. Its design focuses on preventing reflux and ensuring a safe, comfortable sleep environment. The inner core, a combination of soft silver fiber and memory foam, offers gentle support and adapts to the baby's&hellip;","jetpack_sharing_enabled":true,"_links":{"self":[{"href":"https:\/\/babypillowwholesale.com\/sk\/wp-json\/wp\/v2\/product\/3472","targetHints":{"allow":["GET"]}}],"collection":[{"href":"https:\/\/babypillowwholesale.com\/sk\/wp-json\/wp\/v2\/product"}],"about":[{"href":"https:\/\/babypillowwholesale.com\/sk\/wp-json\/wp\/v2\/types\/product"}],"replies":[{"embeddable":true,"href":"https:\/\/babypillowwholesale.com\/sk\/wp-json\/wp\/v2\/comments?post=3472"}],"wp:featuredmedia":[{"embeddable":true,"href":"https:\/\/babypillowwholesale.com\/sk\/wp-json\/wp\/v2\/media\/3596"}],"wp:attachment":[{"href":"https:\/\/babypillowwholesale.com\/sk\/wp-json\/wp\/v2\/media?parent=3472"}],"wp:term":[{"taxonomy":"product_brand","embeddable":true,"href":"https:\/\/babypillowwholesale.com\/sk\/wp-json\/wp\/v2\/product_brand?post=3472"},{"taxonomy":"product_cat","embeddable":true,"href":"https:\/\/babypillowwholesale.com\/sk\/wp-json\/wp\/v2\/product_cat?post=3472"},{"taxonomy":"product_tag","embeddable":true,"href":"https:\/\/babypillowwholesale.com\/sk\/wp-json\/wp\/v2\/product_tag?post=3472"}],"curies":[{"name":"wp","href":"https:\/\/api.w.org\/{rel}","templated":true}]}}