{"id":3451,"date":"2025-04-17T15:57:48","date_gmt":"2025-04-17T15:57:48","guid":{"rendered":"https:\/\/babypillowwholesale.com\/?post_type=product&#038;p=3451"},"modified":"2025-06-08T02:16:42","modified_gmt":"2025-06-08T02:16:42","slug":"foldable-travel-pillow","status":"publish","type":"product","link":"https:\/\/babypillowwholesale.com\/sk\/product\/foldable-travel-pillow\/","title":{"rendered":"Skladac\u00ed cestovn\u00fd vank\u00fa\u0161"},"content":{"rendered":"<div class=\"auto-hide-last-sibling-br paragraph-qzbcQC paragraph-element br-paragraph-space\" data-immersive-translate-walked=\"8e61f2e7-6af2-46e5-9672-3b9e4f4033d9\" data-immersive-translate-paragraph=\"1\">\n<div class=\"auto-hide-last-sibling-br paragraph-qzbcQC paragraph-element br-paragraph-space\">\n<div class=\"auto-hide-last-sibling-br paragraph-qzbcQC paragraph-element br-paragraph-space\">\n<div class=\"auto-hide-last-sibling-br paragraph-qzbcQC paragraph-element br-paragraph-space\">\n<div class=\"auto-hide-last-sibling-br paragraph-qzbcQC paragraph-element br-paragraph-space\">\n<div class=\"auto-hide-last-sibling-br paragraph-qzbcQC paragraph-element br-paragraph-space\">\n<div class=\"inter-wlTS5w\">\n<div class=\"container-QE4ayg\">\n<div class=\"item-jU10IN\">\n<div class=\"container-jODEnh chrome70-container\">\n<div class=\"inner-eE95c9 inner-item-aL3Ui_\" data-target-id=\"message-box-target-id\" data-testid=\"union_message\">\n<div class=\"message-block-container-liuetz\" data-testid=\"message-block-container\">\n<div class=\"message-box-ZWbBdF\" data-testid=\"receive_message\">\n<div class=\"message-box-content-wrapper-srHdUj\">\n<div class=\"message-content message-box-content-otxGGw receive-message-box-content-_lREFj samantha-message-box-content-Qjmpja\" data-testid=\"message_content\">\n<div class=\"container-hfX5E8 flow-markdown-body theme-samantha-yJEgBp\" dir=\"ltr\" data-testid=\"message_text_content\" data-show-indicator=\"false\">\n<div class=\"auto-hide-last-sibling-br paragraph-qzbcQC paragraph-element br-paragraph-space\">\n<div class=\"auto-hide-last-sibling-br paragraph-qzbcQC paragraph-element br-paragraph-space\">\n<div class=\"auto-hide-last-sibling-br paragraph-qzbcQC paragraph-element br-paragraph-space\">\n<div class=\"auto-hide-last-sibling-br paragraph-qzbcQC paragraph-element br-paragraph-space\">\n<div class=\"message-box-content-wrapper-srHdUj\">\n<div class=\"message-content message-box-content-otxGGw receive-message-box-content-_lREFj samantha-message-box-content-Qjmpja\" data-testid=\"message_content\">\n<div class=\"container-hfX5E8 flow-markdown-body theme-samantha-yJEgBp\" dir=\"ltr\" data-testid=\"message_text_content\" data-show-indicator=\"false\">\n<div class=\"auto-hide-last-sibling-br paragraph-qzbcQC paragraph-element br-paragraph-space\">\n<div class=\"auto-hide-last-sibling-br paragraph-qzbcQC paragraph-element br-paragraph-space\">Doprajte si pohodlie na cest\u00e1ch s na\u0161\u00edm skladac\u00edm cestovn\u00fdm vank\u00fa\u0161om, ktor\u00fd je nevyhnutn\u00fdm doplnkom starostlivo navrhnut\u00fdm pre dospel\u00fdch. Rozmery 26*<em>24*<\/em>7,5 cm ergonomick\u00fd tvar p\u00edsmena U jemne obop\u00edna krk a poskytuje oporu po\u010das va\u0161ich ciest. Tento vank\u00fa\u0161 je va\u0161\u00edm spo\u013eahliv\u00fdm spojencom proti \u00fanave a nepohodliu krku, \u010di u\u017e sa vzn\u00e1\u0161ate na oblohe po\u010das dia\u013ekov\u00e9ho letu, cestujete vlakom cez cel\u00fa krajinu, alebo jednoducho tr\u00e1vite \u010das v ru\u0161nej letiskovej hale.<\/div>\n<p>&nbsp;<\/p>\n<div class=\"auto-hide-last-sibling-br paragraph-qzbcQC paragraph-element br-paragraph-space\">Je vyroben\u00e1 zo zmesi m\u00e4kk\u00fdch a odoln\u00fdch materi\u00e1lov, p\u00f4sob\u00ed ako jemn\u00e9 objatie a s\u013eubuje pohodlie, ktor\u00e9 vydr\u017e\u00ed. \u010co ho v\u0161ak skuto\u010dne odli\u0161uje, je jeho d\u00f4myseln\u00fd skladac\u00ed dizajn. Bez n\u00e1mahy sa d\u00e1 zlo\u017ei\u0165, \u013eahko sa vklad\u00e1 do ta\u0161ky alebo bato\u017einy a zaber\u00e1 minimum miesta. To z neho rob\u00ed dokonal\u00e9ho spolo\u010dn\u00edka na cesty pre t\u00fdch, ktor\u00ed s\u00fa neust\u00e1le na cest\u00e1ch, bez toho, aby to bolo na \u00fakor \u0161t\u00fdlu. Zahalen\u00fd do elegantnej, nen\u00e1padnej sivej farby vy\u017earuje zmysel pre sofistikovanos\u0165 a z\u00e1rove\u0148 si zachov\u00e1va praktick\u00fa v\u00fdhodu.<\/div>\n<p>&nbsp;<\/p>\n<div class=\"auto-hide-last-sibling-br paragraph-qzbcQC paragraph-element br-paragraph-space\">Nad\u0161enci cestovania si ju r\u00fdchlo pochva\u013euj\u00fa. \"Tento skladac\u00ed cestovn\u00fd vank\u00fa\u0161 men\u00ed pravidl\u00e1 hry! Kedysi som sa b\u00e1l dlh\u00fdch letov kv\u00f4li bolesti krku, ale teraz sa na ne te\u0161\u00edm. Je tak\u00fd pohodln\u00fd a \u013eahko sa bal\u00ed,\" pochva\u013eoval si jeden z \u010dast\u00fdch cestuj\u00facich. \u010eal\u0161\u00ed cestovate\u013e sa podelil: \"Vzal som si ho na cesty a do vlaku. Je kompaktn\u00fd, podporn\u00fd a siv\u00e1 farba mu dod\u00e1va elegantn\u00fd vzh\u013ead. Stala sa nepostr\u00e1date\u013enou s\u00fa\u010das\u0165ou mojej cestovnej v\u00fdbavy.\"<\/div>\n<p>&nbsp;<\/p>\n<div class=\"auto-hide-last-sibling-br paragraph-qzbcQC paragraph-element br-paragraph-space\">N\u00e1\u0161 skladac\u00ed cestovn\u00fd vank\u00fa\u0161 je v podstate viac ako len doplnok, je to vstupenka do pohodlia, ktor\u00e1 premen\u00ed ka\u017ed\u00fa cestu na pr\u00edjemnej\u0161\u00ed a pokojnej\u0161\u00ed z\u00e1\u017eitok.<\/div>\n<\/div>\n<\/div>\n<\/div>\n<\/div>\n<\/div>\n<\/div>\n<\/div>\n<\/div>\n<\/div>\n<\/div>\n<\/div>\n<\/div>\n<\/div>\n<\/div>\n<\/div>\n<\/div>\n<\/div>\n<\/div>\n<\/div>\n<\/div>\n<\/div>\n<\/div>\n<\/div>\n<\/div>","protected":false},"excerpt":{"rendered":"<p>Skladac\u00ed cestovn\u00fd vank\u00fa\u0161 je vyroben\u00fd na mieru pre dospel\u00fdch. So \u0161pecifik\u00e1ciou 26*<em>24*<\/em>7,5 cm, jeho kompaktn\u00fd a ergonomick\u00fd tvar p\u00edsmena U dobre padne na krk a poskytuje vynikaj\u00facu podporu po\u010das cestovania. Tento vank\u00fa\u0161 pom\u00e1ha predch\u00e1dza\u0165 \u00fanave a nepohodliu krku, \u010di u\u017e ste na dlhom lete, na \u00fanavnej ceste vlakom alebo si jednoducho zdriemnete v \u010dak\u00e1rni. Je vyroben\u00fd z m\u00e4kk\u00fdch a odoln\u00fdch materi\u00e1lov, ktor\u00e9 zaru\u010duj\u00fa pr\u00edjemn\u00fd dotyk. V\u00fdraznou vlastnos\u0165ou je jeho skladacia kon\u0161trukcia, v\u010faka ktorej sa d\u00e1 \u013eahko ulo\u017ei\u0165 do ta\u0161ky alebo bato\u017einy a zaber\u00e1 minimum miesta. K dispoz\u00edcii je v elegantnej sivej farbe a sp\u00e1ja praktickos\u0165 s jednoduch\u00fdm, ale \u0161t\u00fdlov\u00fdm vzh\u013eadom, v\u010faka \u010domu je nevyhnutn\u00fdm spolo\u010dn\u00edkom na cest\u00e1ch.<\/p>","protected":false},"featured_media":3452,"comment_status":"open","ping_status":"closed","template":"","meta":{"_uag_custom_page_level_css":"","site-sidebar-layout":"default","site-content-layout":"","ast-site-content-layout":"default","site-content-style":"default","site-sidebar-style":"default","ast-global-header-display":"","ast-banner-title-visibility":"","ast-main-header-display":"","ast-hfb-above-header-display":"","ast-hfb-below-header-display":"","ast-hfb-mobile-header-display":"","site-post-title":"","ast-breadcrumbs-content":"","ast-featured-img":"","footer-sml-layout":"","ast-disable-related-posts":"","theme-transparent-header-meta":"default","adv-header-id-meta":"","stick-header-meta":"","header-above-stick-meta":"","header-main-stick-meta":"","header-below-stick-meta":"","astra-migrate-meta-layouts":"set","ast-page-background-enabled":"default","ast-page-background-meta":{"desktop":{"background-color":"","background-image":"","background-repeat":"repeat","background-position":"center center","background-size":"auto","background-attachment":"scroll","background-type":"","background-media":"","overlay-type":"","overlay-color":"","overlay-opacity":"","overlay-gradient":""},"tablet":{"background-color":"","background-image":"","background-repeat":"repeat","background-position":"center center","background-size":"auto","background-attachment":"scroll","background-type":"","background-media":"","overlay-type":"","overlay-color":"","overlay-opacity":"","overlay-gradient":""},"mobile":{"background-color":"","background-image":"","background-repeat":"repeat","background-position":"center center","background-size":"auto","background-attachment":"scroll","background-type":"","background-media":"","overlay-type":"","overlay-color":"","overlay-opacity":"","overlay-gradient":""}},"ast-content-background-meta":{"desktop":{"background-color":"var(--ast-global-color-5)","background-image":"","background-repeat":"repeat","background-position":"center center","background-size":"auto","background-attachment":"scroll","background-type":"","background-media":"","overlay-type":"","overlay-color":"","overlay-opacity":"","overlay-gradient":""},"tablet":{"background-color":"var(--ast-global-color-5)","background-image":"","background-repeat":"repeat","background-position":"center center","background-size":"auto","background-attachment":"scroll","background-type":"","background-media":"","overlay-type":"","overlay-color":"","overlay-opacity":"","overlay-gradient":""},"mobile":{"background-color":"var(--ast-global-color-5)","background-image":"","background-repeat":"repeat","background-position":"center center","background-size":"auto","background-attachment":"scroll","background-type":"","background-media":"","overlay-type":"","overlay-color":"","overlay-opacity":"","overlay-gradient":""}}},"product_brand":[],"product_cat":[21],"product_tag":[70,68,71,69],"class_list":{"0":"post-3451","1":"product","2":"type-product","3":"status-publish","4":"has-post-thumbnail","6":"product_cat-others","7":"product_tag-babypillow","8":"product_tag-cuteanimalpillow","9":"product_tag-headshapesupport","10":"product_tag-kouniushapingpillow","11":"desktop-align-left","12":"tablet-align-left","13":"mobile-align-left","15":"first","16":"instock","17":"shipping-taxable","18":"product-type-simple"},"aioseo_notices":[],"uagb_featured_image_src":{"full":["https:\/\/babypillowwholesale.com\/wp-content\/uploads\/2025\/04\/1100.jpg",1000,1000,false],"thumbnail":["https:\/\/babypillowwholesale.com\/wp-content\/uploads\/2025\/04\/1100-150x150.jpg",150,150,true],"medium":["https:\/\/babypillowwholesale.com\/wp-content\/uploads\/2025\/04\/1100-300x300.jpg",300,300,true],"medium_large":["https:\/\/babypillowwholesale.com\/wp-content\/uploads\/2025\/04\/1100-768x768.jpg",768,768,true],"large":["https:\/\/babypillowwholesale.com\/wp-content\/uploads\/2025\/04\/1100.jpg",1000,1000,false],"1536x1536":["https:\/\/babypillowwholesale.com\/wp-content\/uploads\/2025\/04\/1100.jpg",1000,1000,false],"2048x2048":["https:\/\/babypillowwholesale.com\/wp-content\/uploads\/2025\/04\/1100.jpg",1000,1000,false],"trp-custom-language-flag":["https:\/\/babypillowwholesale.com\/wp-content\/uploads\/2025\/04\/1100.jpg",12,12,false],"woocommerce_thumbnail":["https:\/\/babypillowwholesale.com\/wp-content\/uploads\/2025\/04\/1100-300x300.jpg",300,300,true],"woocommerce_single":["https:\/\/babypillowwholesale.com\/wp-content\/uploads\/2025\/04\/1100-600x600.jpg",600,600,true],"woocommerce_gallery_thumbnail":["https:\/\/babypillowwholesale.com\/wp-content\/uploads\/2025\/04\/1100-100x100.jpg",100,100,true]},"uagb_author_info":{"display_name":"Etnen zhong","author_link":"https:\/\/babypillowwholesale.com\/sk\/author\/"},"uagb_comment_info":0,"uagb_excerpt":"The Foldable Travel Pillow is tailor - made for adults. With a specification of 26*24*7.5CM, its compact and ergonomic U - shape snugly fits around the neck, providing excellent support during travel. Whether you're on a long - distance flight, a tiring train journey, or simply taking a nap in a waiting lounge, this pillow&hellip;","jetpack_sharing_enabled":true,"_links":{"self":[{"href":"https:\/\/babypillowwholesale.com\/sk\/wp-json\/wp\/v2\/product\/3451","targetHints":{"allow":["GET"]}}],"collection":[{"href":"https:\/\/babypillowwholesale.com\/sk\/wp-json\/wp\/v2\/product"}],"about":[{"href":"https:\/\/babypillowwholesale.com\/sk\/wp-json\/wp\/v2\/types\/product"}],"replies":[{"embeddable":true,"href":"https:\/\/babypillowwholesale.com\/sk\/wp-json\/wp\/v2\/comments?post=3451"}],"wp:featuredmedia":[{"embeddable":true,"href":"https:\/\/babypillowwholesale.com\/sk\/wp-json\/wp\/v2\/media\/3452"}],"wp:attachment":[{"href":"https:\/\/babypillowwholesale.com\/sk\/wp-json\/wp\/v2\/media?parent=3451"}],"wp:term":[{"taxonomy":"product_brand","embeddable":true,"href":"https:\/\/babypillowwholesale.com\/sk\/wp-json\/wp\/v2\/product_brand?post=3451"},{"taxonomy":"product_cat","embeddable":true,"href":"https:\/\/babypillowwholesale.com\/sk\/wp-json\/wp\/v2\/product_cat?post=3451"},{"taxonomy":"product_tag","embeddable":true,"href":"https:\/\/babypillowwholesale.com\/sk\/wp-json\/wp\/v2\/product_tag?post=3451"}],"curies":[{"name":"wp","href":"https:\/\/api.w.org\/{rel}","templated":true}]}}