{"id":3434,"date":"2025-04-16T15:21:32","date_gmt":"2025-04-16T15:21:32","guid":{"rendered":"https:\/\/babypillowwholesale.com\/?post_type=product&#038;p=3434"},"modified":"2026-01-13T17:14:53","modified_gmt":"2026-01-13T17:14:53","slug":"cute-dumpling-inspired-childrens-pillow","status":"publish","type":"product","link":"https:\/\/babypillowwholesale.com\/sk\/product\/cute-dumpling-inspired-childrens-pillow\/","title":{"rendered":"Roztomil\u00fd knedl\u00edk - in\u0161pirovan\u00fd detsk\u00fd vank\u00fa\u0161"},"content":{"rendered":"<div class=\"auto-hide-last-sibling-br paragraph-qzbcQC paragraph-element br-paragraph-space\" data-immersive-translate-walked=\"8e61f2e7-6af2-46e5-9672-3b9e4f4033d9\" data-immersive-translate-paragraph=\"1\">\n<div class=\"auto-hide-last-sibling-br paragraph-qzbcQC paragraph-element br-paragraph-space\">\n<div class=\"auto-hide-last-sibling-br paragraph-qzbcQC paragraph-element br-paragraph-space\">\n<div class=\"auto-hide-last-sibling-br paragraph-qzbcQC paragraph-element br-paragraph-space\">\n<div class=\"auto-hide-last-sibling-br paragraph-qzbcQC paragraph-element br-paragraph-space\">\n<div class=\"auto-hide-last-sibling-br paragraph-qzbcQC paragraph-element br-paragraph-space\">\n<div class=\"inter-wlTS5w\">\n<div class=\"container-QE4ayg\">\n<div class=\"item-jU10IN\">\n<div class=\"container-jODEnh chrome70-container\">\n<div class=\"inner-eE95c9 inner-item-aL3Ui_\" data-target-id=\"message-box-target-id\" data-testid=\"union_message\">\n<div class=\"message-block-container-liuetz\" data-testid=\"message-block-container\">\n<div class=\"message-box-ZWbBdF\" data-testid=\"receive_message\">\n<div class=\"message-box-content-wrapper-srHdUj\">\n<div class=\"message-content message-box-content-otxGGw receive-message-box-content-_lREFj samantha-message-box-content-Qjmpja\" data-testid=\"message_content\">\n<div class=\"container-hfX5E8 flow-markdown-body theme-samantha-yJEgBp\" dir=\"ltr\" data-testid=\"message_text_content\" data-show-indicator=\"false\">\n<div class=\"auto-hide-last-sibling-br paragraph-qzbcQC paragraph-element br-paragraph-space\">\n<div class=\"auto-hide-last-sibling-br paragraph-qzbcQC paragraph-element br-paragraph-space\">\n<div class=\"auto-hide-last-sibling-br paragraph-qzbcQC paragraph-element br-paragraph-space\">\n<div class=\"auto-hide-last-sibling-br paragraph-qzbcQC paragraph-element br-paragraph-space\">\n<div class=\"auto-hide-last-sibling-br paragraph-qzbcQC paragraph-element br-paragraph-space\">\n<div class=\"auto-hide-last-sibling-br paragraph-qzbcQC paragraph-element br-paragraph-space\">\n<div class=\"inter-wlTS5w\">\n<div class=\"container-QE4ayg\">\n<div class=\"item-jU10IN\">\n<div class=\"container-jODEnh chrome70-container\">\n<div class=\"inner-eE95c9 inner-item-aL3Ui_\" data-target-id=\"message-box-target-id\" data-testid=\"union_message\">\n<div class=\"message-block-container-liuetz\" data-testid=\"message-block-container\">\n<div class=\"message-box-ZWbBdF\" data-testid=\"receive_message\" data-message-id=\"3117344892904450\">\n<div class=\"message-box-content-wrapper-srHdUj\">\n<div class=\"message-content message-box-content-otxGGw receive-message-box-content-_lREFj samantha-message-box-content-Qjmpja\" data-testid=\"message_content\">\n<div class=\"container-hfX5E8 flow-markdown-body theme-samantha-yJEgBp\" dir=\"ltr\" data-testid=\"message_text_content\" data-show-indicator=\"false\">\n<div class=\"auto-hide-last-sibling-br paragraph-qzbcQC paragraph-element br-paragraph-space\">\n<div class=\"inter-wlTS5w\">\n<div class=\"container-QE4ayg\">\n<div class=\"item-jU10IN\">\n<div class=\"container-jODEnh chrome70-container\">\n<div class=\"inner-eE95c9 inner-item-aL3Ui_\" data-target-id=\"message-box-target-id\" data-testid=\"union_message\">\n<div class=\"message-block-container-liuetz\" data-testid=\"message-block-container\">\n<div class=\"message-box-ZWbBdF\" data-testid=\"receive_message\" data-message-id=\"3118336188382466\">\n<div class=\"message-box-content-wrapper-srHdUj\">\n<div class=\"message-content message-box-content-otxGGw receive-message-box-content-_lREFj samantha-message-box-content-Qjmpja\" data-testid=\"message_content\">\n<div class=\"container-hfX5E8 flow-markdown-body theme-samantha-yJEgBp\" dir=\"ltr\" data-testid=\"message_text_content\" data-show-indicator=\"false\">\n<div class=\"auto-hide-last-sibling-br paragraph-qzbcQC paragraph-element br-paragraph-space\">\n<div class=\"auto-hide-last-sibling-br paragraph-qzbcQC paragraph-element br-paragraph-space\">\n<div class=\"auto-hide-last-sibling-br paragraph-qzbcQC paragraph-element br-paragraph-space\">\n<div class=\"auto-hide-last-sibling-br paragraph-qzbcQC paragraph-element br-paragraph-space\">Predstavujeme detsk\u00fd vank\u00fa\u0161 Cute Dumpling - in\u0161pirovan\u00fd nebesk\u00fdm mot\u00edvom, ktor\u00fd je ur\u010den\u00fd pre deti od 3 do 15 rokov. Rozmery 45*<em>28*<\/em>5\/7 cm, poskytuje dokonale proporcion\u00e1lne objatie, poskytuje vynikaj\u00facu oporu hlavy a krku a zaru\u010duje pokojn\u00fd sp\u00e1nok.<\/div>\n<p>&nbsp;<\/p>\n<div class=\"auto-hide-last-sibling-br paragraph-qzbcQC paragraph-element br-paragraph-space\">Povrch vank\u00fa\u0161a je z\u00e1zra\u010dn\u00e9 pl\u00e1tno, ktor\u00e9 zdob\u00ed neodolate\u013ene roztomil\u00fd knedl\u00edk - ako postavi\u010dka oble\u010den\u00e1 do skafandra. T\u00fato roztomil\u00fa postavi\u010dku obklopuje s\u00fahvezdie vesm\u00edrnej tematiky: blikaj\u00face hviezdy, vzdialen\u00e9 plan\u00e9ty a st\u00fapaj\u00face rakety. Ka\u017ed\u00fd prvok spolu vytv\u00e1ra vesm\u00edrny pr\u00edbeh, ktor\u00fd podnecuje detsk\u00fa predstavivos\u0165 a men\u00ed \u010das pred span\u00edm na medzigalaktick\u00e9 dobrodru\u017estvo. K dispoz\u00edcii je v jemn\u00fdch odtie\u0148och ru\u017eovej alebo upokojuj\u00facom odtieni modrej, bez n\u00e1mahy zapadne do ak\u00e9hoko\u013evek interi\u00e9ru sp\u00e1lne a vyhovie individu\u00e1lnemu vkusu.<\/div>\n<p>&nbsp;<\/p>\n<div class=\"auto-hide-last-sibling-br paragraph-qzbcQC paragraph-element br-paragraph-space\">Je vyroben\u00e1 z luxusne m\u00e4kk\u00fdch materi\u00e1lov prvotriednej kvality, p\u00f4sob\u00ed ako jemn\u00e9 pohladenie a poz\u00fdva deti, aby sa ponorili do jej ply\u0161ov\u00e9ho pohodlia. \u010ci u\u017e ide o zasl\u00fa\u017een\u00fd sp\u00e1nok po celodenn\u00fdch \u0161kolsk\u00fdch eskap\u00e1dach alebo leniv\u00e9 v\u00edkendov\u00e9 zdriemnutie, tento vank\u00fa\u0161 premen\u00ed ich spac\u00ed priestor na pokojn\u00e9 vesm\u00edrne \u00fato\u010disko.<\/div>\n<p>&nbsp;<\/p>\n<div class=\"auto-hide-last-sibling-br paragraph-qzbcQC paragraph-element br-paragraph-space\">Rodi\u010dia ho ve\u013emi chv\u00e1lili. \"M\u00f4j 9-ro\u010dn\u00fd syn je nad\u0161en\u00fd z vank\u00fa\u0161a in\u0161pirovan\u00e9ho Cute Dumpling! Vesm\u00edrny dizajn je obrovsk\u00fdm hitom a je tak\u00fd m\u00e4kk\u00fd, \u017ee sa ka\u017ed\u00fd ve\u010der te\u0161\u00ed na sp\u00e1nok,\" podelila sa s nami jedna z nad\u0161en\u00fdch mami\u010diek. Otec dodal: \"Zaznamenali sme skuto\u010dn\u00e9 zlep\u0161enie kvality sp\u00e1nku n\u00e1\u0161ho die\u0165a\u0165a. Kvalita vank\u00fa\u0161a je \u0161pi\u010dkov\u00e1 a v\u010faka jedine\u010dn\u00e9mu dizajnu sa v ich izbe vyn\u00edma. Stal sa nevyhnutnou s\u00fa\u010das\u0165ou ich sp\u00e1nkov\u00e9ho re\u017eimu.\"<\/div>\n<p>&nbsp;<\/p>\n<div class=\"auto-hide-last-sibling-br paragraph-qzbcQC paragraph-element br-paragraph-space\">Detsk\u00fd vank\u00fa\u0161 in\u0161pirovan\u00fd mot\u00edvom Cute Dumpling je v podstate viac ne\u017e len pom\u00f4cka na spanie; je to port\u00e1l do vesm\u00edru snov, ktor\u00fd sp\u00e1ja pohodlie, \u0161arm a k\u00fasok vesm\u00edrnej m\u00e1gie, aby bol ka\u017ed\u00fd okamih odpo\u010dinku skuto\u010dne v\u00fdnimo\u010dn\u00fd.<\/div>\n<\/div>\n<\/div>\n<\/div>\n<\/div>\n<\/div>\n<\/div>\n<\/div>\n<\/div>\n<\/div>\n<\/div>\n<\/div>\n<\/div>\n<\/div>\n<\/div>\n<\/div>\n<\/div>\n<\/div>\n<\/div>\n<\/div>\n<\/div>\n<\/div>\n<\/div>\n<\/div>\n<\/div>\n<\/div>\n<\/div>\n<\/div>\n<\/div>\n<\/div>\n<\/div>\n<\/div>\n<\/div>\n<\/div>\n<\/div>\n<\/div>\n<\/div>\n<\/div>\n<\/div>\n<\/div>\n<\/div>\n<\/div>\n<\/div>\n<\/div>\n<\/div>\n<\/div>\n<\/div>","protected":false},"excerpt":{"rendered":"<div class=\"container-QE4ayg\">\n<div class=\"item-jU10IN\">\n<div class=\"container-jODEnh chrome70-container\">\n<div class=\"inner-eE95c9 inner-item-aL3Ui_\" data-target-id=\"message-box-target-id\" data-testid=\"union_message\">\n<div class=\"message-block-container-liuetz\" data-testid=\"message-block-container\">\n<div class=\"message-box-ZWbBdF\" data-testid=\"receive_message\" data-message-id=\"3087713235977218\">\n<div class=\"message-box-content-wrapper-srHdUj\">\n<div class=\"message-content message-box-content-otxGGw receive-message-box-content-_lREFj samantha-message-box-content-Qjmpja\" data-testid=\"message_content\">\n<div class=\"container-hfX5E8 flow-markdown-body theme-samantha-yJEgBp\" dir=\"ltr\" data-testid=\"message_text_content\" data-show-indicator=\"false\">\n<div class=\"auto-hide-last-sibling-br paragraph-qzbcQC paragraph-element br-paragraph-space\">Roztomil\u00fd knedl\u00edk - in\u0161pirovan\u00fd detsk\u00fdm vank\u00fa\u0161om je o\u010daruj\u00faci doplnok na spanie prisp\u00f4soben\u00fd pre deti vo veku 3 - 15 rokov. \u0160pecifik\u00e1cia 45*<em>28*<\/em>5\/7 cm, pon\u00faka pohodln\u00fa ve\u013ekos\u0165, ktor\u00e1 poskytuje dostato\u010dn\u00fa oporu hlavy a krku. Vank\u00fa\u0161 m\u00e1 rozko\u0161n\u00fd dizajn s roztomilou postavi\u010dkou knedl\u00edka oble\u010den\u00e9ho v skafandri, obklopen\u00e9ho n\u00e1ladov\u00fdmi prvkami s vesm\u00edrnou tematikou, ako s\u00fa hviezdy, plan\u00e9ty a rakety. T\u00e1to o\u010daruj\u00faca ilustr\u00e1cia podnecuje detsk\u00fa predstavivos\u0165 a pren\u00e1\u0161a deti do sveta vesm\u00edrnych dobrodru\u017estiev. K dispoz\u00edcii je v dvoch pr\u00ed\u0165a\u017eliv\u00fdch farb\u00e1ch, ru\u017eovej a modrej, tak\u017ee sa m\u00f4\u017ee hodi\u0165 k r\u00f4znym preferenci\u00e1m a dekor\u00e1ci\u00e1m sp\u00e1lne. Je vyroben\u00fd z m\u00e4kk\u00fdch a vysokokvalitn\u00fdch materi\u00e1lov a zaru\u010duje \u00fatuln\u00fd a pokojn\u00fd sp\u00e1nok, tak\u017ee je skvelou vo\u013ebou na zlep\u0161enie kvality sp\u00e1nku det\u00ed a pridanie kvapky vesm\u00edrneho k\u00fazla do ich sp\u00e1nku.<\/div>\n<\/div>\n<\/div>\n<\/div>\n<\/div>\n<\/div>\n<\/div>\n<\/div>\n<\/div>\n<\/div>","protected":false},"featured_media":3435,"comment_status":"open","ping_status":"closed","template":"","meta":{"_uag_custom_page_level_css":"","site-sidebar-layout":"default","site-content-layout":"","ast-site-content-layout":"default","site-content-style":"default","site-sidebar-style":"default","ast-global-header-display":"","ast-banner-title-visibility":"","ast-main-header-display":"","ast-hfb-above-header-display":"","ast-hfb-below-header-display":"","ast-hfb-mobile-header-display":"","site-post-title":"","ast-breadcrumbs-content":"","ast-featured-img":"","footer-sml-layout":"","ast-disable-related-posts":"","theme-transparent-header-meta":"default","adv-header-id-meta":"","stick-header-meta":"","header-above-stick-meta":"","header-main-stick-meta":"","header-below-stick-meta":"","astra-migrate-meta-layouts":"set","ast-page-background-enabled":"default","ast-page-background-meta":{"desktop":{"background-color":"","background-image":"","background-repeat":"repeat","background-position":"center center","background-size":"auto","background-attachment":"scroll","background-type":"","background-media":"","overlay-type":"","overlay-color":"","overlay-opacity":"","overlay-gradient":""},"tablet":{"background-color":"","background-image":"","background-repeat":"repeat","background-position":"center center","background-size":"auto","background-attachment":"scroll","background-type":"","background-media":"","overlay-type":"","overlay-color":"","overlay-opacity":"","overlay-gradient":""},"mobile":{"background-color":"","background-image":"","background-repeat":"repeat","background-position":"center center","background-size":"auto","background-attachment":"scroll","background-type":"","background-media":"","overlay-type":"","overlay-color":"","overlay-opacity":"","overlay-gradient":""}},"ast-content-background-meta":{"desktop":{"background-color":"var(--ast-global-color-5)","background-image":"","background-repeat":"repeat","background-position":"center center","background-size":"auto","background-attachment":"scroll","background-type":"","background-media":"","overlay-type":"","overlay-color":"","overlay-opacity":"","overlay-gradient":""},"tablet":{"background-color":"var(--ast-global-color-5)","background-image":"","background-repeat":"repeat","background-position":"center center","background-size":"auto","background-attachment":"scroll","background-type":"","background-media":"","overlay-type":"","overlay-color":"","overlay-opacity":"","overlay-gradient":""},"mobile":{"background-color":"var(--ast-global-color-5)","background-image":"","background-repeat":"repeat","background-position":"center center","background-size":"auto","background-attachment":"scroll","background-type":"","background-media":"","overlay-type":"","overlay-color":"","overlay-opacity":"","overlay-gradient":""}}},"product_brand":[],"product_cat":[59,42],"product_tag":[70,68,71,69],"class_list":{"0":"post-3434","1":"product","2":"type-product","3":"status-publish","4":"has-post-thumbnail","6":"product_cat-3-to-15-years","7":"product_cat-merchandise","8":"product_tag-babypillow","9":"product_tag-cuteanimalpillow","10":"product_tag-headshapesupport","11":"product_tag-kouniushapingpillow","12":"desktop-align-left","13":"tablet-align-left","14":"mobile-align-left","16":"first","17":"instock","18":"featured","19":"shipping-taxable","20":"product-type-simple"},"aioseo_notices":[],"uagb_featured_image_src":{"full":["https:\/\/babypillowwholesale.com\/wp-content\/uploads\/2025\/04\/1159.jpg",1000,1000,false],"thumbnail":["https:\/\/babypillowwholesale.com\/wp-content\/uploads\/2025\/04\/1159-150x150.jpg",150,150,true],"medium":["https:\/\/babypillowwholesale.com\/wp-content\/uploads\/2025\/04\/1159-300x300.jpg",300,300,true],"medium_large":["https:\/\/babypillowwholesale.com\/wp-content\/uploads\/2025\/04\/1159-768x768.jpg",768,768,true],"large":["https:\/\/babypillowwholesale.com\/wp-content\/uploads\/2025\/04\/1159.jpg",1000,1000,false],"1536x1536":["https:\/\/babypillowwholesale.com\/wp-content\/uploads\/2025\/04\/1159.jpg",1000,1000,false],"2048x2048":["https:\/\/babypillowwholesale.com\/wp-content\/uploads\/2025\/04\/1159.jpg",1000,1000,false],"trp-custom-language-flag":["https:\/\/babypillowwholesale.com\/wp-content\/uploads\/2025\/04\/1159.jpg",12,12,false],"woocommerce_thumbnail":["https:\/\/babypillowwholesale.com\/wp-content\/uploads\/2025\/04\/1159-300x300.jpg",300,300,true],"woocommerce_single":["https:\/\/babypillowwholesale.com\/wp-content\/uploads\/2025\/04\/1159-600x600.jpg",600,600,true],"woocommerce_gallery_thumbnail":["https:\/\/babypillowwholesale.com\/wp-content\/uploads\/2025\/04\/1159-100x100.jpg",100,100,true]},"uagb_author_info":{"display_name":"Etnen zhong","author_link":"https:\/\/babypillowwholesale.com\/sk\/author\/"},"uagb_comment_info":2,"uagb_excerpt":"The Cute Dumpling - inspired Children's Pillow is an enchanting sleep accessory tailored for children aged 3 - 15 years. With a specification of 45*28*5\/7CM, it offers a comfortable size that provides ample support for the head and neck. The pillow showcases an adorable design featuring a cute dumpling - like character dressed in a&hellip;","jetpack_sharing_enabled":true,"_links":{"self":[{"href":"https:\/\/babypillowwholesale.com\/sk\/wp-json\/wp\/v2\/product\/3434","targetHints":{"allow":["GET"]}}],"collection":[{"href":"https:\/\/babypillowwholesale.com\/sk\/wp-json\/wp\/v2\/product"}],"about":[{"href":"https:\/\/babypillowwholesale.com\/sk\/wp-json\/wp\/v2\/types\/product"}],"replies":[{"embeddable":true,"href":"https:\/\/babypillowwholesale.com\/sk\/wp-json\/wp\/v2\/comments?post=3434"}],"wp:featuredmedia":[{"embeddable":true,"href":"https:\/\/babypillowwholesale.com\/sk\/wp-json\/wp\/v2\/media\/3435"}],"wp:attachment":[{"href":"https:\/\/babypillowwholesale.com\/sk\/wp-json\/wp\/v2\/media?parent=3434"}],"wp:term":[{"taxonomy":"product_brand","embeddable":true,"href":"https:\/\/babypillowwholesale.com\/sk\/wp-json\/wp\/v2\/product_brand?post=3434"},{"taxonomy":"product_cat","embeddable":true,"href":"https:\/\/babypillowwholesale.com\/sk\/wp-json\/wp\/v2\/product_cat?post=3434"},{"taxonomy":"product_tag","embeddable":true,"href":"https:\/\/babypillowwholesale.com\/sk\/wp-json\/wp\/v2\/product_tag?post=3434"}],"curies":[{"name":"wp","href":"https:\/\/api.w.org\/{rel}","templated":true}]}}