{"id":3411,"date":"2025-04-15T08:13:19","date_gmt":"2025-04-15T08:13:19","guid":{"rendered":"https:\/\/babypillowwholesale.com\/?post_type=product&#038;p=3411"},"modified":"2025-06-08T03:18:15","modified_gmt":"2025-06-08T03:18:15","slug":"good-bear-and-happy-rabbit-childrens-pillow","status":"publish","type":"product","link":"https:\/\/babypillowwholesale.com\/sk\/product\/good-bear-and-happy-rabbit-childrens-pillow\/","title":{"rendered":"Detsk\u00fd vank\u00fa\u0161 Good Bear and Happy Rabbit"},"content":{"rendered":"<div class=\"auto-hide-last-sibling-br paragraph-qzbcQC paragraph-element br-paragraph-space\" data-immersive-translate-walked=\"8e61f2e7-6af2-46e5-9672-3b9e4f4033d9\" data-immersive-translate-paragraph=\"1\">\n<div class=\"auto-hide-last-sibling-br paragraph-qzbcQC paragraph-element br-paragraph-space\">\n<div class=\"auto-hide-last-sibling-br paragraph-qzbcQC paragraph-element br-paragraph-space\">\n<div class=\"auto-hide-last-sibling-br paragraph-qzbcQC paragraph-element br-paragraph-space\">\n<div class=\"auto-hide-last-sibling-br paragraph-qzbcQC paragraph-element br-paragraph-space\">\n<div class=\"auto-hide-last-sibling-br paragraph-qzbcQC paragraph-element br-paragraph-space\">\n<div class=\"inter-wlTS5w\">\n<div class=\"container-QE4ayg\">\n<div class=\"item-jU10IN\">\n<div class=\"container-jODEnh chrome70-container\">\n<div class=\"inner-eE95c9 inner-item-aL3Ui_\" data-target-id=\"message-box-target-id\" data-testid=\"union_message\">\n<div class=\"message-block-container-liuetz\" data-testid=\"message-block-container\">\n<div class=\"message-box-ZWbBdF\" data-testid=\"receive_message\">\n<div class=\"message-box-content-wrapper-srHdUj\">\n<div class=\"message-content message-box-content-otxGGw receive-message-box-content-_lREFj samantha-message-box-content-Qjmpja\" data-testid=\"message_content\">\n<div class=\"container-hfX5E8 flow-markdown-body theme-samantha-yJEgBp\" dir=\"ltr\" data-testid=\"message_text_content\" data-show-indicator=\"false\">\n<div class=\"auto-hide-last-sibling-br paragraph-qzbcQC paragraph-element br-paragraph-space\">\n<div class=\"auto-hide-last-sibling-br paragraph-qzbcQC paragraph-element br-paragraph-space\">\n<div class=\"auto-hide-last-sibling-br paragraph-qzbcQC paragraph-element br-paragraph-space\">Predstavujeme detsk\u00fd vank\u00fa\u0161ik Good Bear and Happy Rabbit, rozko\u0161n\u00e9ho spolo\u010dn\u00edka na spanie, ktor\u00fd je prisp\u00f4soben\u00fd pre deti vo veku 2 - 8 rokov. Tento vank\u00fa\u0161 m\u00e1 dva o\u010daruj\u00face vzory: na jednej strane je roztomil\u00fd medved\u00edk ozdoben\u00fd veselou \u0161atkou, zatia\u013e \u010do na druhej strane je roztomil\u00fd zaja\u010dik, obaja na jemnom t\u00f3novanom pozad\u00ed. Vank\u00fa\u0161 je k dispoz\u00edcii v ru\u017eovej (ide\u00e1lny pre dizajn zaja\u010dika) a tmavozelenej farbe (dop\u013a\u0148a p\u00f4vab medve\u010fa) a vyhovuje r\u00f4znym estetick\u00fdm preferenci\u00e1m.<\/div>\n<p>&nbsp;<\/p>\n<div class=\"auto-hide-last-sibling-br paragraph-qzbcQC paragraph-element br-paragraph-space\">So \u0161pecifik\u00e1ciou 45*<em>28*<\/em>3\/5 cm, pon\u00faka ide\u00e1lnu ve\u013ekos\u0165 pre mal\u00fdch sp\u00e1\u010dov a poskytuje dostato\u010dn\u00fa oporu hlavy a krku. Je vyroben\u00e1 z ve\u013emi m\u00e4kk\u00fdch materi\u00e1lov a zaru\u010duje pr\u00edjemn\u00fd a pokojn\u00fd sp\u00e1nok, \u010di u\u017e sa va\u0161e die\u0165a pon\u00e1h\u013ea po n\u00e1ro\u010dnom dni plnom hier, alebo sa uklad\u00e1 na v\u00edkendov\u00fd sp\u00e1nok. Rozko\u0161n\u00e9 potla\u010de zvieratiek dodaj\u00fa ka\u017edej sp\u00e1lni n\u00e1dych rozmarnosti a premenia ju na hrav\u00e9 \u00fato\u010disko.<\/div>\n<p>&nbsp;<\/p>\n<div class=\"auto-hide-last-sibling-br paragraph-qzbcQC paragraph-element br-paragraph-space\">Rodi\u010dia si pochva\u013euj\u00fa jeho pr\u00ed\u0165a\u017elivos\u0165. \"M\u00f4j 5-ro\u010dn\u00fd syn miluje prep\u00ednanie medzi medved\u00edkom a zaja\u010dikom! Vank\u00fa\u0161 je tak\u00fd m\u00e4kk\u00fd a farby s\u00fa \u017eiariv\u00e9. Stal sa ob\u013e\u00fabenou s\u00fa\u010das\u0165ou sp\u00e1nku,\" podelila sa o svoje dojmy spokojn\u00e1 mami\u010dka. Otec dodal: \"Oce\u0148ujeme kvalitu - po mesiacoch pou\u017e\u00edvania a prania st\u00e1le vyzer\u00e1 skvele. Je to \u00fa\u017easn\u00e1 kombin\u00e1cia pohodlia a roztomilosti.\"<\/div>\n<p>&nbsp;<\/p>\n<div class=\"auto-hide-last-sibling-br paragraph-qzbcQC paragraph-element br-paragraph-space\">Tento vank\u00fa\u0161 v podstate nie je ur\u010den\u00fd len na spanie; je to o\u010daruj\u00faci doplnok do ka\u017edej detskej izby, ktor\u00fd podnecuje predstavivos\u0165 po\u010das hry a pon\u00faka m\u00e4kk\u00e9 \u00fato\u010disko na odpo\u010dinok. Je to dokonal\u00e1 vo\u013eba na zv\u00fd\u0161enie pohodlia aj radosti z ka\u017edodenn\u00e9ho \u017eivota v\u00e1\u0161ho die\u0165a\u0165a.<\/div>\n<\/div>\n<\/div>\n<\/div>\n<\/div>\n<\/div>\n<\/div>\n<\/div>\n<\/div>\n<\/div>\n<\/div>\n<\/div>\n<\/div>\n<\/div>\n<\/div>\n<\/div>\n<\/div>\n<\/div>\n<\/div>","protected":false},"excerpt":{"rendered":"<p>Detsk\u00fd vank\u00fa\u0161ik Good Bear and Happy Rabbit je vynikaj\u00faci doplnok na spanie pre deti vo veku 2 - 8 rokov. Jeho dizajn obsahuje dva kr\u00e1sne vzory: roztomil\u00e9ho medved\u00edka na svetlomodrej strane a p\u00f4vabn\u00e9ho kr\u00e1lika na ru\u017eovej strane, ktor\u00e9 vyhovuj\u00fa r\u00f4znym preferenci\u00e1m. \u0160pecifik\u00e1cia 45*<em>28*<\/em>3\/5CM, poskytuje pohodln\u00fa ve\u013ekos\u0165 pre deti tejto vekovej skupiny. Vank\u00fa\u0161 je vyroben\u00fd z m\u00e4kk\u00fdch materi\u00e1lov, ktor\u00e9 zabezpe\u010duj\u00fa pr\u00edjemn\u00fd a pokojn\u00fd sp\u00e1nok. Poskytuje nielen spr\u00e1vnu oporu hlavy a krku, ale v\u010faka rozko\u0161n\u00fdm potla\u010diam zvieratiek dod\u00e1va sp\u00e1lni aj n\u00e1dych roztomilosti, tak\u017ee je skvelou vo\u013ebou na zlep\u0161enie z\u00e1\u017eitku zo sp\u00e1nku det\u00ed.<\/p>","protected":false},"featured_media":3412,"comment_status":"open","ping_status":"closed","template":"","meta":{"_uag_custom_page_level_css":"","site-sidebar-layout":"default","site-content-layout":"","ast-site-content-layout":"default","site-content-style":"default","site-sidebar-style":"default","ast-global-header-display":"","ast-banner-title-visibility":"","ast-main-header-display":"","ast-hfb-above-header-display":"","ast-hfb-below-header-display":"","ast-hfb-mobile-header-display":"","site-post-title":"","ast-breadcrumbs-content":"","ast-featured-img":"","footer-sml-layout":"","ast-disable-related-posts":"","theme-transparent-header-meta":"default","adv-header-id-meta":"","stick-header-meta":"","header-above-stick-meta":"","header-main-stick-meta":"","header-below-stick-meta":"","astra-migrate-meta-layouts":"set","ast-page-background-enabled":"default","ast-page-background-meta":{"desktop":{"background-color":"","background-image":"","background-repeat":"repeat","background-position":"center center","background-size":"auto","background-attachment":"scroll","background-type":"","background-media":"","overlay-type":"","overlay-color":"","overlay-opacity":"","overlay-gradient":""},"tablet":{"background-color":"","background-image":"","background-repeat":"repeat","background-position":"center center","background-size":"auto","background-attachment":"scroll","background-type":"","background-media":"","overlay-type":"","overlay-color":"","overlay-opacity":"","overlay-gradient":""},"mobile":{"background-color":"","background-image":"","background-repeat":"repeat","background-position":"center center","background-size":"auto","background-attachment":"scroll","background-type":"","background-media":"","overlay-type":"","overlay-color":"","overlay-opacity":"","overlay-gradient":""}},"ast-content-background-meta":{"desktop":{"background-color":"var(--ast-global-color-5)","background-image":"","background-repeat":"repeat","background-position":"center center","background-size":"auto","background-attachment":"scroll","background-type":"","background-media":"","overlay-type":"","overlay-color":"","overlay-opacity":"","overlay-gradient":""},"tablet":{"background-color":"var(--ast-global-color-5)","background-image":"","background-repeat":"repeat","background-position":"center center","background-size":"auto","background-attachment":"scroll","background-type":"","background-media":"","overlay-type":"","overlay-color":"","overlay-opacity":"","overlay-gradient":""},"mobile":{"background-color":"var(--ast-global-color-5)","background-image":"","background-repeat":"repeat","background-position":"center center","background-size":"auto","background-attachment":"scroll","background-type":"","background-media":"","overlay-type":"","overlay-color":"","overlay-opacity":"","overlay-gradient":""}}},"product_brand":[],"product_cat":[57,42],"product_tag":[70,68,71,69],"class_list":{"0":"post-3411","1":"product","2":"type-product","3":"status-publish","4":"has-post-thumbnail","6":"product_cat-2-to-8-years","7":"product_cat-merchandise","8":"product_tag-babypillow","9":"product_tag-cuteanimalpillow","10":"product_tag-headshapesupport","11":"product_tag-kouniushapingpillow","12":"desktop-align-left","13":"tablet-align-left","14":"mobile-align-left","16":"first","17":"instock","18":"shipping-taxable","19":"product-type-simple"},"aioseo_notices":[],"uagb_featured_image_src":{"full":["https:\/\/babypillowwholesale.com\/wp-content\/uploads\/2025\/04\/1630.jpg",1000,1000,false],"thumbnail":["https:\/\/babypillowwholesale.com\/wp-content\/uploads\/2025\/04\/1630-150x150.jpg",150,150,true],"medium":["https:\/\/babypillowwholesale.com\/wp-content\/uploads\/2025\/04\/1630-300x300.jpg",300,300,true],"medium_large":["https:\/\/babypillowwholesale.com\/wp-content\/uploads\/2025\/04\/1630-768x768.jpg",768,768,true],"large":["https:\/\/babypillowwholesale.com\/wp-content\/uploads\/2025\/04\/1630.jpg",1000,1000,false],"1536x1536":["https:\/\/babypillowwholesale.com\/wp-content\/uploads\/2025\/04\/1630.jpg",1000,1000,false],"2048x2048":["https:\/\/babypillowwholesale.com\/wp-content\/uploads\/2025\/04\/1630.jpg",1000,1000,false],"trp-custom-language-flag":["https:\/\/babypillowwholesale.com\/wp-content\/uploads\/2025\/04\/1630.jpg",12,12,false],"woocommerce_thumbnail":["https:\/\/babypillowwholesale.com\/wp-content\/uploads\/2025\/04\/1630-300x300.jpg",300,300,true],"woocommerce_single":["https:\/\/babypillowwholesale.com\/wp-content\/uploads\/2025\/04\/1630-600x600.jpg",600,600,true],"woocommerce_gallery_thumbnail":["https:\/\/babypillowwholesale.com\/wp-content\/uploads\/2025\/04\/1630-100x100.jpg",100,100,true]},"uagb_author_info":{"display_name":"Etnen zhong","author_link":"https:\/\/babypillowwholesale.com\/sk\/author\/"},"uagb_comment_info":0,"uagb_excerpt":"The Good Bear and Happy Rabbit Children's Pillow is an excellent sleep accessory for children aged 2 - 8 years. Its design features two lovely patterns: a cute bear on the light blue side and a charming rabbit on the pink side, catering to different preferences. With a specification of 45*28*3\/5CM, it provides a comfortable&hellip;","jetpack_sharing_enabled":true,"_links":{"self":[{"href":"https:\/\/babypillowwholesale.com\/sk\/wp-json\/wp\/v2\/product\/3411","targetHints":{"allow":["GET"]}}],"collection":[{"href":"https:\/\/babypillowwholesale.com\/sk\/wp-json\/wp\/v2\/product"}],"about":[{"href":"https:\/\/babypillowwholesale.com\/sk\/wp-json\/wp\/v2\/types\/product"}],"replies":[{"embeddable":true,"href":"https:\/\/babypillowwholesale.com\/sk\/wp-json\/wp\/v2\/comments?post=3411"}],"wp:featuredmedia":[{"embeddable":true,"href":"https:\/\/babypillowwholesale.com\/sk\/wp-json\/wp\/v2\/media\/3412"}],"wp:attachment":[{"href":"https:\/\/babypillowwholesale.com\/sk\/wp-json\/wp\/v2\/media?parent=3411"}],"wp:term":[{"taxonomy":"product_brand","embeddable":true,"href":"https:\/\/babypillowwholesale.com\/sk\/wp-json\/wp\/v2\/product_brand?post=3411"},{"taxonomy":"product_cat","embeddable":true,"href":"https:\/\/babypillowwholesale.com\/sk\/wp-json\/wp\/v2\/product_cat?post=3411"},{"taxonomy":"product_tag","embeddable":true,"href":"https:\/\/babypillowwholesale.com\/sk\/wp-json\/wp\/v2\/product_tag?post=3411"}],"curies":[{"name":"wp","href":"https:\/\/api.w.org\/{rel}","templated":true}]}}