{"id":3405,"date":"2025-04-15T07:30:38","date_gmt":"2025-04-15T07:30:38","guid":{"rendered":"https:\/\/babypillowwholesale.com\/?post_type=product&#038;p=3405"},"modified":"2025-06-08T07:52:07","modified_gmt":"2025-06-08T07:52:07","slug":"little-raccoon-infant-contour-pillow","status":"publish","type":"product","link":"https:\/\/babypillowwholesale.com\/sk\/product\/little-raccoon-infant-contour-pillow\/","title":{"rendered":"Detsk\u00fd vank\u00fa\u0161 Little Raccoon Contour Pillow"},"content":{"rendered":"<div class=\"auto-hide-last-sibling-br paragraph-qzbcQC paragraph-element br-paragraph-space\" data-immersive-translate-walked=\"8e61f2e7-6af2-46e5-9672-3b9e4f4033d9\" data-immersive-translate-paragraph=\"1\">\n<div class=\"auto-hide-last-sibling-br paragraph-qzbcQC paragraph-element br-paragraph-space\">\n<div class=\"auto-hide-last-sibling-br paragraph-qzbcQC paragraph-element br-paragraph-space\">\n<div class=\"auto-hide-last-sibling-br paragraph-qzbcQC paragraph-element br-paragraph-space\">\n<div class=\"auto-hide-last-sibling-br paragraph-qzbcQC paragraph-element br-paragraph-space\">\n<div class=\"auto-hide-last-sibling-br paragraph-qzbcQC paragraph-element br-paragraph-space\">\n<div class=\"inter-wlTS5w\">\n<div class=\"container-QE4ayg\">\n<div class=\"item-jU10IN\">\n<div class=\"container-jODEnh chrome70-container\">\n<div class=\"inner-eE95c9 inner-item-aL3Ui_\" data-target-id=\"message-box-target-id\" data-testid=\"union_message\">\n<div class=\"message-block-container-liuetz\" data-testid=\"message-block-container\">\n<div class=\"message-box-ZWbBdF\" data-testid=\"receive_message\">\n<div class=\"message-box-content-wrapper-srHdUj\">\n<div class=\"message-content message-box-content-otxGGw receive-message-box-content-_lREFj samantha-message-box-content-Qjmpja\" data-testid=\"message_content\">\n<div class=\"container-hfX5E8 flow-markdown-body theme-samantha-yJEgBp\" dir=\"ltr\" data-testid=\"message_text_content\" data-show-indicator=\"false\">\n<div class=\"auto-hide-last-sibling-br paragraph-qzbcQC paragraph-element br-paragraph-space\">\n<div class=\"auto-hide-last-sibling-br paragraph-qzbcQC paragraph-element br-paragraph-space\">Predstavujeme detsk\u00fd vank\u00fa\u0161 Little Raccoon Contour Pillow, rozko\u0161n\u00fd a nevyhnutn\u00fd spolo\u010dn\u00edk na spanie pre deti vo veku 1 - 3 roky. Tento vank\u00fa\u0161 je starostlivo navrhnut\u00fd s ergonomick\u00fdm tvarom a poskytuje jemn\u00e9, ale pevn\u00e9 objatie hlavy a krku v\u00e1\u0161ho die\u0165atka, \u010d\u00edm zabezpe\u010duje zdrav\u00fa a pohodln\u00fa polohu po\u010das sp\u00e1nku noc \u010do noc.<\/div>\n<p>&nbsp;<\/p>\n<div class=\"auto-hide-last-sibling-br paragraph-qzbcQC paragraph-element br-paragraph-space\">Povrch vank\u00fa\u0161a je p\u00f4vabn\u00e9 pl\u00e1tno zdoben\u00e9 roztomilou ilustr\u00e1ciou mal\u00e9ho m\u00fdvala. M\u00fdval oble\u010den\u00fd v roztomilom oble\u010den\u00ed a obklopen\u00fd rozmarn\u00fdmi hviezdi\u010dkami a \u010darovnou pali\u010dkou dod\u00e1va vank\u00fa\u0161iku n\u00e1dych fant\u00e1zie a hravosti. Zasaden\u00fd na jemnom - farebnom pozad\u00ed, ktor\u00e9 je k dispoz\u00edcii bu\u010f v upokojuj\u00facej ru\u017eovej, alebo upokojuj\u00facej modrej farbe, vytv\u00e1ra vizu\u00e1lne pr\u00ed\u0165a\u017eliv\u00fa a pokojn\u00fa estetiku, ktor\u00e1 oslovuje mal\u00fa predstavivos\u0165.<\/div>\n<p>&nbsp;<\/p>\n<div class=\"auto-hide-last-sibling-br paragraph-qzbcQC paragraph-element br-paragraph-space\">Meranie 43*<em>26*<\/em>3 cm, je to ide\u00e1lna ve\u013ekos\u0165 pre sp\u00e1nok v\u00e1\u0161ho die\u0165a\u0165a, ktor\u00e1 poskytuje dostatok priestoru pre pohodln\u00fa opierku hlavy. Je vyroben\u00fd z luxusne m\u00e4kk\u00fdch materi\u00e1lov a na dotyk p\u00f4sob\u00ed zamatovo - hladko, ako ne\u017en\u00e1 usp\u00e1vanka, ktor\u00e1 poz\u00fdva va\u0161e die\u0165a, aby sa ponorilo do pokojn\u00e9ho sp\u00e1nku.<\/div>\n<p>&nbsp;<\/p>\n<div class=\"auto-hide-last-sibling-br paragraph-qzbcQC paragraph-element br-paragraph-space\">Tento vank\u00fa\u0161 nie je ur\u010den\u00fd len na spanie. Cez de\u0148 sa m\u00f4\u017ee sta\u0165 rekvizitou pre imaginat\u00edvnu hru, pri ktorej va\u0161e die\u0165a predstiera, \u017ee m\u00fdval je na \u010darovnom dobrodru\u017estve. Alebo m\u00f4\u017ee sl\u00fa\u017ei\u0165 ako m\u00e4kk\u00fd a upokojuj\u00faci priate\u013e vo chv\u00ed\u013each nepokoja.<\/div>\n<p>&nbsp;<\/p>\n<div class=\"auto-hide-last-sibling-br paragraph-qzbcQC paragraph-element br-paragraph-space\">Rodi\u010dia boli s t\u00fdmto v\u00fdrobkom nad\u0161en\u00ed. \"M\u00f4j 2-ro\u010dn\u00fd syn zbo\u017e\u0148uje vank\u00fa\u0161ik Little Raccoon! Je tak\u00fd m\u00e4kk\u00fd a jeho dizajn je jednoducho n\u00e1dhern\u00fd. V\u010faka nemu je spanie hra\u010dka,\" podelila sa s nami spokojn\u00e1 mami\u010dka. Otec dodal: \"P\u00e1\u010di sa n\u00e1m, ako kombinuje pohodlie s roztomil\u00fdm dizajnom. Dobre sa dr\u017e\u00ed pri pran\u00ed a objat\u00ed. Skvel\u00e1 k\u00fapa na spanie a hranie n\u00e1\u0161ho mal\u00e9ho.\"<\/div>\n<p>&nbsp;<\/p>\n<div class=\"auto-hide-last-sibling-br paragraph-qzbcQC paragraph-element br-paragraph-space\">Detsk\u00fd vank\u00fa\u0161 Little Raccoon Contour je v podstate harmonickou kombin\u00e1ciou pohodlia, roztomilosti a funk\u010dnosti. Nie je to len s\u00fa\u010das\u0165 poste\u013enej bielizne; je to cenen\u00e1 s\u00fa\u010das\u0165 ka\u017edodenn\u00e9ho \u017eivota v\u00e1\u0161ho die\u0165a\u0165a, ktor\u00e1 vn\u00e1\u0161a do ka\u017ed\u00e9ho okamihu kvapku m\u00fdvala - in\u0161pirovan\u00fa k\u00fazlom.<\/div>\n<\/div>\n<\/div>\n<\/div>\n<\/div>\n<\/div>\n<\/div>\n<\/div>\n<\/div>\n<\/div>\n<\/div>\n<\/div>\n<\/div>\n<\/div>\n<\/div>\n<\/div>\n<\/div>\n<\/div>","protected":false},"excerpt":{"rendered":"<p>Detsk\u00fd vank\u00fa\u0161 Little Raccoon Contour je ide\u00e1lnym doplnkom na spanie pre deti vo veku 1 - 3 roky. Jeho obrysov\u00fd dizajn je ergonomicky vytvoren\u00fd tak, aby poskytoval optim\u00e1lnu oporu hlavy a krku a podporoval zdrav\u00e9 dr\u017eanie tela po\u010das sp\u00e1nku. Na vank\u00fa\u0161i je roztomil\u00e1 ilustr\u00e1cia mal\u00e9ho m\u00fdvala na jemnom farebnom pozad\u00ed, ktor\u00e1 mu dod\u00e1va n\u00e1dych roztomilosti. K dispoz\u00edcii je v ru\u017eovej a modrej farbe, tak\u017ee vyhovie r\u00f4znym preferenci\u00e1m. Rozmery 43*<em>26*<\/em>3 cm, pon\u00faka pohodln\u00fa ve\u013ekos\u0165 pre najmen\u0161\u00edch. Je vyroben\u00e1 z m\u00e4kk\u00fdch materi\u00e1lov, ktor\u00e9 zaru\u010duj\u00fa pr\u00edjemn\u00fd a pokojn\u00fd sp\u00e1nok, tak\u017ee je skvel\u00fdm doplnkom k potreb\u00e1m ka\u017ed\u00e9ho die\u0165a\u0165a pred span\u00edm.<\/p>","protected":false},"featured_media":3406,"comment_status":"open","ping_status":"closed","template":"","meta":{"_uag_custom_page_level_css":"","site-sidebar-layout":"default","site-content-layout":"","ast-site-content-layout":"default","site-content-style":"default","site-sidebar-style":"default","ast-global-header-display":"","ast-banner-title-visibility":"","ast-main-header-display":"","ast-hfb-above-header-display":"","ast-hfb-below-header-display":"","ast-hfb-mobile-header-display":"","site-post-title":"","ast-breadcrumbs-content":"","ast-featured-img":"","footer-sml-layout":"","ast-disable-related-posts":"","theme-transparent-header-meta":"default","adv-header-id-meta":"","stick-header-meta":"","header-above-stick-meta":"","header-main-stick-meta":"","header-below-stick-meta":"","astra-migrate-meta-layouts":"set","ast-page-background-enabled":"default","ast-page-background-meta":{"desktop":{"background-color":"","background-image":"","background-repeat":"repeat","background-position":"center center","background-size":"auto","background-attachment":"scroll","background-type":"","background-media":"","overlay-type":"","overlay-color":"","overlay-opacity":"","overlay-gradient":""},"tablet":{"background-color":"","background-image":"","background-repeat":"repeat","background-position":"center center","background-size":"auto","background-attachment":"scroll","background-type":"","background-media":"","overlay-type":"","overlay-color":"","overlay-opacity":"","overlay-gradient":""},"mobile":{"background-color":"","background-image":"","background-repeat":"repeat","background-position":"center center","background-size":"auto","background-attachment":"scroll","background-type":"","background-media":"","overlay-type":"","overlay-color":"","overlay-opacity":"","overlay-gradient":""}},"ast-content-background-meta":{"desktop":{"background-color":"var(--ast-global-color-5)","background-image":"","background-repeat":"repeat","background-position":"center center","background-size":"auto","background-attachment":"scroll","background-type":"","background-media":"","overlay-type":"","overlay-color":"","overlay-opacity":"","overlay-gradient":""},"tablet":{"background-color":"var(--ast-global-color-5)","background-image":"","background-repeat":"repeat","background-position":"center center","background-size":"auto","background-attachment":"scroll","background-type":"","background-media":"","overlay-type":"","overlay-color":"","overlay-opacity":"","overlay-gradient":""},"mobile":{"background-color":"var(--ast-global-color-5)","background-image":"","background-repeat":"repeat","background-position":"center center","background-size":"auto","background-attachment":"scroll","background-type":"","background-media":"","overlay-type":"","overlay-color":"","overlay-opacity":"","overlay-gradient":""}}},"product_brand":[],"product_cat":[56,42],"product_tag":[70,68,71,69],"class_list":{"0":"post-3405","1":"product","2":"type-product","3":"status-publish","4":"has-post-thumbnail","6":"product_cat-1-to-3-years","7":"product_cat-merchandise","8":"product_tag-babypillow","9":"product_tag-cuteanimalpillow","10":"product_tag-headshapesupport","11":"product_tag-kouniushapingpillow","12":"desktop-align-left","13":"tablet-align-left","14":"mobile-align-left","16":"first","17":"instock","18":"shipping-taxable","19":"product-type-simple"},"aioseo_notices":[],"uagb_featured_image_src":{"full":["https:\/\/babypillowwholesale.com\/wp-content\/uploads\/2025\/04\/1707.jpg",1000,1000,false],"thumbnail":["https:\/\/babypillowwholesale.com\/wp-content\/uploads\/2025\/04\/1707-150x150.jpg",150,150,true],"medium":["https:\/\/babypillowwholesale.com\/wp-content\/uploads\/2025\/04\/1707-300x300.jpg",300,300,true],"medium_large":["https:\/\/babypillowwholesale.com\/wp-content\/uploads\/2025\/04\/1707-768x768.jpg",768,768,true],"large":["https:\/\/babypillowwholesale.com\/wp-content\/uploads\/2025\/04\/1707.jpg",1000,1000,false],"1536x1536":["https:\/\/babypillowwholesale.com\/wp-content\/uploads\/2025\/04\/1707.jpg",1000,1000,false],"2048x2048":["https:\/\/babypillowwholesale.com\/wp-content\/uploads\/2025\/04\/1707.jpg",1000,1000,false],"trp-custom-language-flag":["https:\/\/babypillowwholesale.com\/wp-content\/uploads\/2025\/04\/1707.jpg",12,12,false],"woocommerce_thumbnail":["https:\/\/babypillowwholesale.com\/wp-content\/uploads\/2025\/04\/1707-300x300.jpg",300,300,true],"woocommerce_single":["https:\/\/babypillowwholesale.com\/wp-content\/uploads\/2025\/04\/1707-600x600.jpg",600,600,true],"woocommerce_gallery_thumbnail":["https:\/\/babypillowwholesale.com\/wp-content\/uploads\/2025\/04\/1707-100x100.jpg",100,100,true]},"uagb_author_info":{"display_name":"Etnen zhong","author_link":"https:\/\/babypillowwholesale.com\/sk\/author\/"},"uagb_comment_info":0,"uagb_excerpt":"The Little Raccoon Infant Contour Pillow is an ideal sleep accessory for children aged 1 - 3 years. Its contour design is ergonomically crafted to provide optimal support for the head and neck, promoting a healthy sleeping posture. The pillow features an endearing little raccoon illustration on a soft - colored background, adding a touch&hellip;","jetpack_sharing_enabled":true,"_links":{"self":[{"href":"https:\/\/babypillowwholesale.com\/sk\/wp-json\/wp\/v2\/product\/3405","targetHints":{"allow":["GET"]}}],"collection":[{"href":"https:\/\/babypillowwholesale.com\/sk\/wp-json\/wp\/v2\/product"}],"about":[{"href":"https:\/\/babypillowwholesale.com\/sk\/wp-json\/wp\/v2\/types\/product"}],"replies":[{"embeddable":true,"href":"https:\/\/babypillowwholesale.com\/sk\/wp-json\/wp\/v2\/comments?post=3405"}],"wp:featuredmedia":[{"embeddable":true,"href":"https:\/\/babypillowwholesale.com\/sk\/wp-json\/wp\/v2\/media\/3406"}],"wp:attachment":[{"href":"https:\/\/babypillowwholesale.com\/sk\/wp-json\/wp\/v2\/media?parent=3405"}],"wp:term":[{"taxonomy":"product_brand","embeddable":true,"href":"https:\/\/babypillowwholesale.com\/sk\/wp-json\/wp\/v2\/product_brand?post=3405"},{"taxonomy":"product_cat","embeddable":true,"href":"https:\/\/babypillowwholesale.com\/sk\/wp-json\/wp\/v2\/product_cat?post=3405"},{"taxonomy":"product_tag","embeddable":true,"href":"https:\/\/babypillowwholesale.com\/sk\/wp-json\/wp\/v2\/product_tag?post=3405"}],"curies":[{"name":"wp","href":"https:\/\/api.w.org\/{rel}","templated":true}]}}