{"id":3393,"date":"2025-04-12T03:14:40","date_gmt":"2025-04-12T03:14:40","guid":{"rendered":"https:\/\/babypillowwholesale.com\/?post_type=product&#038;p=3393"},"modified":"2025-06-08T07:55:08","modified_gmt":"2025-06-08T07:55:08","slug":"shy-bear-contour-pillow","status":"publish","type":"product","link":"https:\/\/babypillowwholesale.com\/sk\/product\/shy-bear-contour-pillow\/","title":{"rendered":"Vank\u00fa\u0161 Shy Bear Contour"},"content":{"rendered":"<div class=\"auto-hide-last-sibling-br paragraph-qzbcQC paragraph-element br-paragraph-space\" data-immersive-translate-walked=\"8e61f2e7-6af2-46e5-9672-3b9e4f4033d9\" data-immersive-translate-paragraph=\"1\">\n<div class=\"auto-hide-last-sibling-br paragraph-qzbcQC paragraph-element br-paragraph-space\">\n<div class=\"auto-hide-last-sibling-br paragraph-qzbcQC paragraph-element br-paragraph-space\">\n<div class=\"auto-hide-last-sibling-br paragraph-qzbcQC paragraph-element br-paragraph-space\">\n<div class=\"auto-hide-last-sibling-br paragraph-qzbcQC paragraph-element br-paragraph-space\">\n<div class=\"auto-hide-last-sibling-br paragraph-qzbcQC paragraph-element br-paragraph-space\">\n<div class=\"inter-wlTS5w\">\n<div class=\"container-QE4ayg\">\n<div class=\"item-jU10IN\">\n<div class=\"container-jODEnh chrome70-container\">\n<div class=\"inner-eE95c9 inner-item-aL3Ui_\" data-target-id=\"message-box-target-id\" data-testid=\"union_message\">\n<div class=\"message-block-container-liuetz\" data-testid=\"message-block-container\">\n<div class=\"message-box-ZWbBdF\" data-testid=\"receive_message\">\n<div class=\"message-box-content-wrapper-srHdUj\">\n<div class=\"message-content message-box-content-otxGGw receive-message-box-content-_lREFj samantha-message-box-content-Qjmpja\" data-testid=\"message_content\">\n<div class=\"container-hfX5E8 flow-markdown-body theme-samantha-yJEgBp\" dir=\"ltr\" data-testid=\"message_text_content\" data-show-indicator=\"false\">\n<div class=\"auto-hide-last-sibling-br paragraph-qzbcQC paragraph-element br-paragraph-space\">Predstavujeme vank\u00fa\u0161 Shy Bear Contour Pillow, n\u00e1dherne navrhnut\u00fd vank\u00fa\u0161 na spanie pre deti od 1 do 3 rokov. S jeho o\u010daruj\u00facou \u0161pecifik\u00e1ciou\u00a0<span class=\"container-x_WhZC math-inline\" data-custom-copy-text=\"\\(51 \\times 27 \\times 4\/3 \\text{CM}\\)\"><span class=\"katex\"><span class=\"katex-html\" aria-hidden=\"true\"><span class=\"base\"><span class=\"mord\">51<\/span><span class=\"mbin\">\u00d7<\/span><\/span><span class=\"base\"><span class=\"mord\">27<\/span><span class=\"mbin\">\u00d7<\/span><\/span><span class=\"base\"><span class=\"mord\">4\/3<\/span><span class=\"mord text\"><span class=\"mord\">CM<\/span><\/span><\/span><\/span><\/span><\/span>, tento vank\u00fa\u0161 je \u0161it\u00fd na mieru mlad\u00fdm sp\u00e1\u010dom. Je k dispoz\u00edcii v o\u010daruj\u00facich odtie\u0148och ru\u017eovej, tmavozelenej a modrej a dod\u00e1 ka\u017edej sp\u00e1lni \u017eiv\u00fd a n\u00e1dhern\u00fd n\u00e1dych. Zdob\u00ed ho rozko\u0161n\u00fd vzor plach\u00e9ho medved\u00edka, ktor\u00fd up\u00fata detsk\u00fa predstavivos\u0165 a zatrakt\u00edvni \u010das str\u00e1ven\u00fd v posteli.<\/div>\n<p>&nbsp;<\/p>\n<div class=\"auto-hide-last-sibling-br paragraph-qzbcQC paragraph-element br-paragraph-space\">\u010ci u\u017e ide o popolud\u0148aj\u0161ie zdriemnutie alebo no\u010dn\u00fd sp\u00e1nok, tento vank\u00fa\u0161 je dokonal\u00fdm spolo\u010dn\u00edkom. Po\u010das sp\u00e1nku poskytuje \u00fatuln\u00e9 a podporn\u00e9 miesto na odpo\u010dinok pre va\u0161e die\u0165atko a zabezpe\u010duje mu pohodln\u00fd a osvie\u017euj\u00faci sp\u00e1nok. V noci, ke\u010f va\u0161e die\u0165a zasp\u00e1va, obrysov\u00fd dizajn jemne podopiera jeho hlavu a krk, \u010d\u00edm podporuje spr\u00e1vne dr\u017eanie tela po\u010das sp\u00e1nku. M\u00e4kk\u00e9 a pr\u00edjemn\u00e9 materi\u00e1ly ich pohodlne ukol\u00ed\u0161u a vytvoria pokojn\u00e9 prostredie na sp\u00e1nok.<\/div>\n<p>&nbsp;<\/p>\n<div class=\"auto-hide-last-sibling-br paragraph-qzbcQC paragraph-element br-paragraph-space\">Rodi\u010dia si tento vank\u00fa\u0161 pochva\u013euj\u00fa. \"M\u00f4j 2-ro\u010dn\u00fd syn miluje vank\u00fa\u0161 Shy Bear Contour! Farby s\u00fa tak\u00e9 \u017eiv\u00e9 a vzor medved\u00edka je rozko\u0161n\u00fd. Stal sa ob\u013e\u00faben\u00fdm kamar\u00e1tom na spanie a pred span\u00edm,\" povedala spokojn\u00e1 mami\u010dka. \u010eal\u0161\u00ed otec sa podelil: \"Sme ohromen\u00ed kvalitou. Zd\u00e1 sa, \u017ee kont\u00farov\u00fd dizajn naozaj dobre podopiera krk n\u00e1\u0161ho die\u0165a\u0165a. Je to skvel\u00fd doplnok k ich postie\u013eke.\"<\/div>\n<p>&nbsp;<\/p>\n<div class=\"auto-hide-last-sibling-br paragraph-qzbcQC paragraph-element br-paragraph-space\">Jedn\u00fdm slovom, vank\u00fa\u0161 Shy Bear Contour sp\u00e1ja funk\u010dnos\u0165, pohodlie a roztomilos\u0165, tak\u017ee je ide\u00e1lnou vo\u013ebou pre rodi\u010dov, ktor\u00ed h\u013eadaj\u00fa kvalitn\u00fd doplnok na spanie, ktor\u00fd z\u00e1rove\u0148 prin\u00e1\u0161a rados\u0165 do sp\u00e1nku ich die\u0165a\u0165a.<\/div>\n<\/div>\n<\/div>\n<\/div>\n<\/div>\n<\/div>\n<\/div>\n<\/div>\n<\/div>\n<\/div>\n<\/div>\n<div class=\"top-bcSEDJ\">\n<div class=\"container-jODEnh chrome70-container\"><\/div>\n<\/div>\n<\/div>\n<\/div>\n<\/div>\n<\/div>\n<\/div>\n<\/div>","protected":false},"excerpt":{"rendered":"<p>Vank\u00fa\u0161 Shy Bear Contour je premyslene vytvoren\u00fd pre deti vo veku 1 - 3 roky. Jeho \u0161pecifik\u00e1cia je 51*.<em>27*<\/em>4\/3CM, pon\u00faka prisp\u00f4sobenie pre mlad\u00fdch sp\u00e1\u010dov. K dispoz\u00edcii je v o\u010daruj\u00facich odtie\u0148och - ru\u017eovej, tmavozelenej a modrej - a dod\u00e1 ka\u017edej sp\u00e1lni \u017eiv\u00fd n\u00e1dych. Zdob\u00ed ho roztomil\u00fd vzor plach\u00e9ho medved\u00edka, ktor\u00fd oslovuje detsk\u00fa predstavivos\u0165. Obrysov\u00fd dizajn poskytuje jemn\u00fa, ale \u00fa\u010dinn\u00fa podporu hlavy a krku, \u010d\u00edm podporuje spr\u00e1vne dr\u017eanie tela po\u010das sp\u00e1nku. Je vyroben\u00e1 z m\u00e4kk\u00fdch a pr\u00edjemn\u00fdch materi\u00e1lov, \u010do zaru\u010duje pohodln\u00fd a pokojn\u00fd sp\u00e1nok. \u010ci u\u017e ide o vank\u00fa\u0161 na spanie alebo na noc, tento vank\u00fa\u0161 sp\u00e1ja funk\u010dnos\u0165 s rozko\u0161nou estetikou, tak\u017ee je ide\u00e1lnou vo\u013ebou pre rodi\u010dov, ktor\u00ed h\u013eadaj\u00fa kvalitu a \u0161arm v poste\u013enej bielizni svojho die\u0165a\u0165a.<\/p>","protected":false},"featured_media":3394,"comment_status":"open","ping_status":"closed","template":"","meta":{"_uag_custom_page_level_css":"","site-sidebar-layout":"default","site-content-layout":"","ast-site-content-layout":"default","site-content-style":"default","site-sidebar-style":"default","ast-global-header-display":"","ast-banner-title-visibility":"","ast-main-header-display":"","ast-hfb-above-header-display":"","ast-hfb-below-header-display":"","ast-hfb-mobile-header-display":"","site-post-title":"","ast-breadcrumbs-content":"","ast-featured-img":"","footer-sml-layout":"","ast-disable-related-posts":"","theme-transparent-header-meta":"default","adv-header-id-meta":"","stick-header-meta":"","header-above-stick-meta":"","header-main-stick-meta":"","header-below-stick-meta":"","astra-migrate-meta-layouts":"set","ast-page-background-enabled":"default","ast-page-background-meta":{"desktop":{"background-color":"","background-image":"","background-repeat":"repeat","background-position":"center center","background-size":"auto","background-attachment":"scroll","background-type":"","background-media":"","overlay-type":"","overlay-color":"","overlay-opacity":"","overlay-gradient":""},"tablet":{"background-color":"","background-image":"","background-repeat":"repeat","background-position":"center center","background-size":"auto","background-attachment":"scroll","background-type":"","background-media":"","overlay-type":"","overlay-color":"","overlay-opacity":"","overlay-gradient":""},"mobile":{"background-color":"","background-image":"","background-repeat":"repeat","background-position":"center center","background-size":"auto","background-attachment":"scroll","background-type":"","background-media":"","overlay-type":"","overlay-color":"","overlay-opacity":"","overlay-gradient":""}},"ast-content-background-meta":{"desktop":{"background-color":"var(--ast-global-color-5)","background-image":"","background-repeat":"repeat","background-position":"center center","background-size":"auto","background-attachment":"scroll","background-type":"","background-media":"","overlay-type":"","overlay-color":"","overlay-opacity":"","overlay-gradient":""},"tablet":{"background-color":"var(--ast-global-color-5)","background-image":"","background-repeat":"repeat","background-position":"center center","background-size":"auto","background-attachment":"scroll","background-type":"","background-media":"","overlay-type":"","overlay-color":"","overlay-opacity":"","overlay-gradient":""},"mobile":{"background-color":"var(--ast-global-color-5)","background-image":"","background-repeat":"repeat","background-position":"center center","background-size":"auto","background-attachment":"scroll","background-type":"","background-media":"","overlay-type":"","overlay-color":"","overlay-opacity":"","overlay-gradient":""}}},"product_brand":[],"product_cat":[56,42],"product_tag":[70,68,71,69],"class_list":{"0":"post-3393","1":"product","2":"type-product","3":"status-publish","4":"has-post-thumbnail","6":"product_cat-1-to-3-years","7":"product_cat-merchandise","8":"product_tag-babypillow","9":"product_tag-cuteanimalpillow","10":"product_tag-headshapesupport","11":"product_tag-kouniushapingpillow","12":"desktop-align-left","13":"tablet-align-left","14":"mobile-align-left","16":"first","17":"instock","18":"shipping-taxable","19":"product-type-simple"},"aioseo_notices":[],"uagb_featured_image_src":{"full":["https:\/\/babypillowwholesale.com\/wp-content\/uploads\/2025\/04\/1611.jpg",1000,1000,false],"thumbnail":["https:\/\/babypillowwholesale.com\/wp-content\/uploads\/2025\/04\/1611-150x150.jpg",150,150,true],"medium":["https:\/\/babypillowwholesale.com\/wp-content\/uploads\/2025\/04\/1611-300x300.jpg",300,300,true],"medium_large":["https:\/\/babypillowwholesale.com\/wp-content\/uploads\/2025\/04\/1611-768x768.jpg",768,768,true],"large":["https:\/\/babypillowwholesale.com\/wp-content\/uploads\/2025\/04\/1611.jpg",1000,1000,false],"1536x1536":["https:\/\/babypillowwholesale.com\/wp-content\/uploads\/2025\/04\/1611.jpg",1000,1000,false],"2048x2048":["https:\/\/babypillowwholesale.com\/wp-content\/uploads\/2025\/04\/1611.jpg",1000,1000,false],"trp-custom-language-flag":["https:\/\/babypillowwholesale.com\/wp-content\/uploads\/2025\/04\/1611.jpg",12,12,false],"woocommerce_thumbnail":["https:\/\/babypillowwholesale.com\/wp-content\/uploads\/2025\/04\/1611-300x300.jpg",300,300,true],"woocommerce_single":["https:\/\/babypillowwholesale.com\/wp-content\/uploads\/2025\/04\/1611-600x600.jpg",600,600,true],"woocommerce_gallery_thumbnail":["https:\/\/babypillowwholesale.com\/wp-content\/uploads\/2025\/04\/1611-100x100.jpg",100,100,true]},"uagb_author_info":{"display_name":"Etnen zhong","author_link":"https:\/\/babypillowwholesale.com\/sk\/author\/"},"uagb_comment_info":0,"uagb_excerpt":"The Shy Bear Contour Pillow is thoughtfully crafted for children aged 1 - 3 years. With its specification of 51*27*4\/3CM, it offers a tailored fit for young sleepers. Available in charming hues\u2014Pink, Dark Green, and Blue, it adds a vibrant touch to any bedroom. Adorned with a cute shy bear pattern, it appeals to children\u2019s&hellip;","jetpack_sharing_enabled":true,"_links":{"self":[{"href":"https:\/\/babypillowwholesale.com\/sk\/wp-json\/wp\/v2\/product\/3393","targetHints":{"allow":["GET"]}}],"collection":[{"href":"https:\/\/babypillowwholesale.com\/sk\/wp-json\/wp\/v2\/product"}],"about":[{"href":"https:\/\/babypillowwholesale.com\/sk\/wp-json\/wp\/v2\/types\/product"}],"replies":[{"embeddable":true,"href":"https:\/\/babypillowwholesale.com\/sk\/wp-json\/wp\/v2\/comments?post=3393"}],"wp:featuredmedia":[{"embeddable":true,"href":"https:\/\/babypillowwholesale.com\/sk\/wp-json\/wp\/v2\/media\/3394"}],"wp:attachment":[{"href":"https:\/\/babypillowwholesale.com\/sk\/wp-json\/wp\/v2\/media?parent=3393"}],"wp:term":[{"taxonomy":"product_brand","embeddable":true,"href":"https:\/\/babypillowwholesale.com\/sk\/wp-json\/wp\/v2\/product_brand?post=3393"},{"taxonomy":"product_cat","embeddable":true,"href":"https:\/\/babypillowwholesale.com\/sk\/wp-json\/wp\/v2\/product_cat?post=3393"},{"taxonomy":"product_tag","embeddable":true,"href":"https:\/\/babypillowwholesale.com\/sk\/wp-json\/wp\/v2\/product_tag?post=3393"}],"curies":[{"name":"wp","href":"https:\/\/api.w.org\/{rel}","templated":true}]}}