{"id":3383,"date":"2025-04-11T07:55:31","date_gmt":"2025-04-11T07:55:31","guid":{"rendered":"https:\/\/babypillowwholesale.com\/?post_type=product&#038;p=3383"},"modified":"2025-06-08T08:07:13","modified_gmt":"2025-06-08T08:07:13","slug":"little-apple-memory-pillow","status":"publish","type":"product","link":"https:\/\/babypillowwholesale.com\/sk\/product\/little-apple-memory-pillow\/","title":{"rendered":"Vank\u00fa\u0161 s pam\u00e4\u0165ou Little Apple"},"content":{"rendered":"<div class=\"auto-hide-last-sibling-br paragraph-qzbcQC paragraph-element br-paragraph-space\" data-immersive-translate-walked=\"8e61f2e7-6af2-46e5-9672-3b9e4f4033d9\" data-immersive-translate-paragraph=\"1\">\n<div class=\"auto-hide-last-sibling-br paragraph-qzbcQC paragraph-element br-paragraph-space\">\n<div class=\"auto-hide-last-sibling-br paragraph-qzbcQC paragraph-element br-paragraph-space\">\n<div class=\"auto-hide-last-sibling-br paragraph-qzbcQC paragraph-element br-paragraph-space\">Predstavujeme vank\u00fa\u0161ik Little Apple Memory Pillow, mil\u00e9ho a nepostr\u00e1date\u013en\u00e9ho spolo\u010dn\u00edka na spanie, ktor\u00fd bol vytvoren\u00fd \u0161peci\u00e1lne pre doj\u010dat\u00e1 v obdob\u00ed od 0 do 3 mesiacov. Tento vank\u00fa\u0161 s o\u010daruj\u00facou siluetou v tvare jablka okam\u017eite up\u00fata pozornos\u0165 a od za\u010diatku vy\u017earuje pocit sladkosti a hravosti.<\/div>\n<p>&nbsp;<\/p>\n<div class=\"auto-hide-last-sibling-br paragraph-qzbcQC paragraph-element br-paragraph-space\">Je vyroben\u00e1 z prvotriednej pam\u00e4\u0165ovej peny a je vzorom pohodlia. Jemne a plynule sa prisp\u00f4sobuje jedine\u010dn\u00fdm kont\u00faram hlavy v\u00e1\u0161ho die\u0165a\u0165a a poskytuje mu individu\u00e1lnu \u00farove\u0148 podpory, ktor\u00e1 je jemn\u00e1 a upokojuj\u00faca. Povrch vank\u00fa\u0161a je p\u00f4vabn\u00e9 pl\u00e1tno zdoben\u00e9 rozko\u0161n\u00fdmi n\u00e1hodn\u00fdmi potla\u010dami, ktor\u00e9 mu dod\u00e1vaj\u00fa \u0161tipku rozmarnosti a tepla. Ka\u017ed\u00e1 potla\u010d je ako mal\u00fd pr\u00edbeh, ktor\u00fd prispieva k celkovej roztomilosti vank\u00fa\u0161a.<\/div>\n<p>&nbsp;<\/p>\n<div class=\"auto-hide-last-sibling-br paragraph-qzbcQC paragraph-element br-paragraph-space\">Rozmery: 20*<em>22*<\/em>1,5 cm, dokonale sa zmest\u00ed do detskej postie\u013eky a vytvor\u00ed \u00fatuln\u00e9 \u00fato\u010disko pre va\u0161e die\u0165atko. Predstavte si svoje drah\u00e9 b\u00e1b\u00e4tko, ako le\u017e\u00ed vo svojej postie\u013eke a jeho hlavi\u010dku jemne kol\u00ed\u0161e tento mal\u00fd vank\u00fa\u0161ik v tvare jablka. Stane sa m\u00e4kk\u00fdm, bezpe\u010dn\u00fdm miestom, kde sa m\u00f4\u017ee ponori\u0165 do pokojn\u00e9ho sp\u00e1nku, obklopen\u00e9 jemn\u00fdm objat\u00edm pam\u00e4\u0165ovej peny a roztomil\u00fdmi potla\u010dami.<\/div>\n<p>&nbsp;<\/p>\n<div class=\"auto-hide-last-sibling-br paragraph-qzbcQC paragraph-element br-paragraph-space\">Po\u010das prv\u00fdch dn\u00ed, ke\u010f va\u0161e die\u0165a tr\u00e1vi v\u00e4\u010d\u0161inu \u010dasu sp\u00e1nkom, je vank\u00fa\u0161 Little Apple Memory Pillow st\u00e1lym zdrojom pohodlia. \u010ci u\u017e ide o kr\u00e1tke denn\u00e9 zdriemnutie alebo dlh\u0161\u00ed \u00fasek v noci, tento vank\u00fa\u0161 poskytuje st\u00e1ly a upokojuj\u00faci povrch. Z\u00e1rove\u0148 sa stane \u00fastredn\u00fdm bodom v detskej izbe a dod\u00e1 celkov\u00e9mu interi\u00e9ru n\u00e1dych roztomilosti.<\/div>\n<p>&nbsp;<\/p>\n<div class=\"auto-hide-last-sibling-br paragraph-qzbcQC paragraph-element br-paragraph-space\">Rodi\u010dia si tento n\u00e1dhern\u00fd vank\u00fa\u0161 ve\u013emi pochva\u013euj\u00fa. \"Som zamilovan\u00e1 do vank\u00fa\u0161a Little Apple Memory Pillow! Je tak\u00fd roztomil\u00fd a m\u00f4j novorodenec sa zd\u00e1 by\u0165 ove\u013ea pohodlnej\u0161\u00ed. Pam\u00e4\u0165ov\u00e1 pena men\u00ed pravidl\u00e1 hry,\" vyjadrila sa jedna z nov\u00fdch mami\u010diek. Ist\u00fd otecko dodal: \"P\u00e1\u010di sa n\u00e1m, ako dod\u00e1va detskej izbe k\u00fasok \u0161armu. Dobre sa dr\u017e\u00ed a naozaj sa zd\u00e1, \u017ee pom\u00e1ha n\u00e1\u0161mu die\u0165a\u0165u lep\u0161ie spa\u0165.\"<\/div>\n<p>&nbsp;<\/p>\n<div class=\"auto-hide-last-sibling-br paragraph-qzbcQC paragraph-element br-paragraph-space\">Pam\u00e4\u0165ov\u00fd vank\u00fa\u0161 Little Apple je v podstate harmonickou kombin\u00e1ciou pohodlia, roztomilosti a funk\u010dnosti. Nie je to len s\u00fa\u010das\u0165 poste\u013enej bielizne, je to cenen\u00e1 s\u00fa\u010das\u0165 ran\u00e9ho \u017eivota v\u00e1\u0161ho b\u00e1b\u00e4tka, ktor\u00e1 vn\u00e1\u0161a do ka\u017ed\u00e9ho okamihu naplnen\u00e9ho sp\u00e1nkom pocit pokoja a nehy.<\/div>\n<\/div>\n<\/div>\n<\/div>","protected":false},"excerpt":{"rendered":"<p>Vank\u00fa\u0161 s pam\u00e4\u0165ou Little Apple je sladk\u00fd a praktick\u00fd doplnok na spanie ur\u010den\u00fd pre deti vo veku 0 - 3 mesiace. M\u00e1 tvar roztomil\u00e9ho jab\u013a\u010dka a svoj\u00edm rozko\u0161n\u00fdm tvarom okam\u017eite up\u00fata pozornos\u0165. Je vyroben\u00fd z pam\u00e4\u0165ovej peny, m\u00e4kko sa prisp\u00f4sob\u00ed hlavi\u010dke die\u0165a\u0165a a poskytuje mu jemn\u00fa a prisp\u00f4soben\u00fa oporu. Povrch je zdoben\u00fd p\u00f4vabn\u00fdmi n\u00e1hodn\u00fdmi potla\u010dami, ktor\u00e9 mu dod\u00e1vaj\u00fa n\u00e1dych roztomilosti. S kompaktnou ve\u013ekos\u0165ou 20*<em>22*<\/em>1,5 cm, perfektne sa hod\u00ed do detskej postie\u013eky. Tento vank\u00fa\u0161 nielen\u017ee pom\u00e1ha udr\u017eiava\u0165 tvar hlavi\u010dky die\u0165a\u0165a, ale pon\u00faka aj \u00fatuln\u00e9 a pohodln\u00e9 miesto na odpo\u010dinok, \u010d\u00edm vytv\u00e1ra pokojn\u00e9 prostredie pre pokojn\u00fd sp\u00e1nok die\u0165a\u0165a.<\/p>","protected":false},"featured_media":3384,"comment_status":"open","ping_status":"closed","template":"","meta":{"_uag_custom_page_level_css":"","site-sidebar-layout":"default","site-content-layout":"","ast-site-content-layout":"default","site-content-style":"default","site-sidebar-style":"default","ast-global-header-display":"","ast-banner-title-visibility":"","ast-main-header-display":"","ast-hfb-above-header-display":"","ast-hfb-below-header-display":"","ast-hfb-mobile-header-display":"","site-post-title":"","ast-breadcrumbs-content":"","ast-featured-img":"","footer-sml-layout":"","ast-disable-related-posts":"","theme-transparent-header-meta":"default","adv-header-id-meta":"","stick-header-meta":"","header-above-stick-meta":"","header-main-stick-meta":"","header-below-stick-meta":"","astra-migrate-meta-layouts":"set","ast-page-background-enabled":"default","ast-page-background-meta":{"desktop":{"background-color":"","background-image":"","background-repeat":"repeat","background-position":"center center","background-size":"auto","background-attachment":"scroll","background-type":"","background-media":"","overlay-type":"","overlay-color":"","overlay-opacity":"","overlay-gradient":""},"tablet":{"background-color":"","background-image":"","background-repeat":"repeat","background-position":"center center","background-size":"auto","background-attachment":"scroll","background-type":"","background-media":"","overlay-type":"","overlay-color":"","overlay-opacity":"","overlay-gradient":""},"mobile":{"background-color":"","background-image":"","background-repeat":"repeat","background-position":"center center","background-size":"auto","background-attachment":"scroll","background-type":"","background-media":"","overlay-type":"","overlay-color":"","overlay-opacity":"","overlay-gradient":""}},"ast-content-background-meta":{"desktop":{"background-color":"var(--ast-global-color-5)","background-image":"","background-repeat":"repeat","background-position":"center center","background-size":"auto","background-attachment":"scroll","background-type":"","background-media":"","overlay-type":"","overlay-color":"","overlay-opacity":"","overlay-gradient":""},"tablet":{"background-color":"var(--ast-global-color-5)","background-image":"","background-repeat":"repeat","background-position":"center center","background-size":"auto","background-attachment":"scroll","background-type":"","background-media":"","overlay-type":"","overlay-color":"","overlay-opacity":"","overlay-gradient":""},"mobile":{"background-color":"var(--ast-global-color-5)","background-image":"","background-repeat":"repeat","background-position":"center center","background-size":"auto","background-attachment":"scroll","background-type":"","background-media":"","overlay-type":"","overlay-color":"","overlay-opacity":"","overlay-gradient":""}}},"product_brand":[],"product_cat":[54,42],"product_tag":[70,68,71,69],"class_list":{"0":"post-3383","1":"product","2":"type-product","3":"status-publish","4":"has-post-thumbnail","6":"product_cat-0-to-6months","7":"product_cat-merchandise","8":"product_tag-babypillow","9":"product_tag-cuteanimalpillow","10":"product_tag-headshapesupport","11":"product_tag-kouniushapingpillow","12":"desktop-align-left","13":"tablet-align-left","14":"mobile-align-left","16":"first","17":"instock","18":"shipping-taxable","19":"product-type-simple"},"aioseo_notices":[],"uagb_featured_image_src":{"full":["https:\/\/babypillowwholesale.com\/wp-content\/uploads\/2025\/04\/1003.jpg",1000,1000,false],"thumbnail":["https:\/\/babypillowwholesale.com\/wp-content\/uploads\/2025\/04\/1003-150x150.jpg",150,150,true],"medium":["https:\/\/babypillowwholesale.com\/wp-content\/uploads\/2025\/04\/1003-300x300.jpg",300,300,true],"medium_large":["https:\/\/babypillowwholesale.com\/wp-content\/uploads\/2025\/04\/1003-768x768.jpg",768,768,true],"large":["https:\/\/babypillowwholesale.com\/wp-content\/uploads\/2025\/04\/1003.jpg",1000,1000,false],"1536x1536":["https:\/\/babypillowwholesale.com\/wp-content\/uploads\/2025\/04\/1003.jpg",1000,1000,false],"2048x2048":["https:\/\/babypillowwholesale.com\/wp-content\/uploads\/2025\/04\/1003.jpg",1000,1000,false],"trp-custom-language-flag":["https:\/\/babypillowwholesale.com\/wp-content\/uploads\/2025\/04\/1003.jpg",12,12,false],"woocommerce_thumbnail":["https:\/\/babypillowwholesale.com\/wp-content\/uploads\/2025\/04\/1003-300x300.jpg",300,300,true],"woocommerce_single":["https:\/\/babypillowwholesale.com\/wp-content\/uploads\/2025\/04\/1003-600x600.jpg",600,600,true],"woocommerce_gallery_thumbnail":["https:\/\/babypillowwholesale.com\/wp-content\/uploads\/2025\/04\/1003-100x100.jpg",100,100,true]},"uagb_author_info":{"display_name":"Etnen zhong","author_link":"https:\/\/babypillowwholesale.com\/sk\/author\/"},"uagb_comment_info":0,"uagb_excerpt":"The Little Apple Memory Pillow is a sweet and practical sleep essential designed for infants aged 0 - 3 months. Shaped like a cute apple, it immediately catches the eye with its adorable form. Made of memory foam, it softly conforms to the baby's head, providing gentle and customized support. The surface is decorated with&hellip;","jetpack_sharing_enabled":true,"_links":{"self":[{"href":"https:\/\/babypillowwholesale.com\/sk\/wp-json\/wp\/v2\/product\/3383","targetHints":{"allow":["GET"]}}],"collection":[{"href":"https:\/\/babypillowwholesale.com\/sk\/wp-json\/wp\/v2\/product"}],"about":[{"href":"https:\/\/babypillowwholesale.com\/sk\/wp-json\/wp\/v2\/types\/product"}],"replies":[{"embeddable":true,"href":"https:\/\/babypillowwholesale.com\/sk\/wp-json\/wp\/v2\/comments?post=3383"}],"wp:featuredmedia":[{"embeddable":true,"href":"https:\/\/babypillowwholesale.com\/sk\/wp-json\/wp\/v2\/media\/3384"}],"wp:attachment":[{"href":"https:\/\/babypillowwholesale.com\/sk\/wp-json\/wp\/v2\/media?parent=3383"}],"wp:term":[{"taxonomy":"product_brand","embeddable":true,"href":"https:\/\/babypillowwholesale.com\/sk\/wp-json\/wp\/v2\/product_brand?post=3383"},{"taxonomy":"product_cat","embeddable":true,"href":"https:\/\/babypillowwholesale.com\/sk\/wp-json\/wp\/v2\/product_cat?post=3383"},{"taxonomy":"product_tag","embeddable":true,"href":"https:\/\/babypillowwholesale.com\/sk\/wp-json\/wp\/v2\/product_tag?post=3383"}],"curies":[{"name":"wp","href":"https:\/\/api.w.org\/{rel}","templated":true}]}}