{"id":3361,"date":"2025-04-06T01:29:36","date_gmt":"2025-04-06T01:29:36","guid":{"rendered":"https:\/\/babypillowwholesale.com\/?post_type=product&#038;p=3361"},"modified":"2025-06-08T11:30:05","modified_gmt":"2025-06-08T11:30:05","slug":"printed-infant-pillow","status":"publish","type":"product","link":"https:\/\/babypillowwholesale.com\/sk\/product\/printed-infant-pillow\/","title":{"rendered":"Doj\u010densk\u00fd vank\u00fa\u0161 s potla\u010dou"},"content":{"rendered":"<div class=\"auto-hide-last-sibling-br paragraph-qzbcQC paragraph-element br-paragraph-space\" data-immersive-translate-walked=\"8e61f2e7-6af2-46e5-9672-3b9e4f4033d9\" data-immersive-translate-paragraph=\"1\">\n<div class=\"auto-hide-last-sibling-br paragraph-qzbcQC paragraph-element br-paragraph-space\">\n<div class=\"auto-hide-last-sibling-br paragraph-qzbcQC paragraph-element br-paragraph-space\">\n<div class=\"auto-hide-last-sibling-br paragraph-qzbcQC paragraph-element br-paragraph-space\">\n<div class=\"auto-hide-last-sibling-br paragraph-qzbcQC paragraph-element br-paragraph-space\">\n<div class=\"auto-hide-last-sibling-br paragraph-qzbcQC paragraph-element br-paragraph-space\">\n<div class=\"auto-hide-last-sibling-br paragraph-qzbcQC paragraph-element br-paragraph-space\">\n<div class=\"auto-hide-last-sibling-br paragraph-qzbcQC paragraph-element br-paragraph-space\">\n<div class=\"auto-hide-last-sibling-br paragraph-qzbcQC paragraph-element br-paragraph-space\">\n<div class=\"auto-hide-last-sibling-br paragraph-qzbcQC paragraph-element br-paragraph-space\">\n<div class=\"auto-hide-last-sibling-br paragraph-qzbcQC paragraph-element br-paragraph-space\">\n<div class=\"auto-hide-last-sibling-br paragraph-qzbcQC paragraph-element br-paragraph-space\">\n<div class=\"auto-hide-last-sibling-br paragraph-qzbcQC paragraph-element br-paragraph-space\">\n<div class=\"auto-hide-last-sibling-br paragraph-qzbcQC paragraph-element br-paragraph-space\">\n<div class=\"auto-hide-last-sibling-br paragraph-qzbcQC paragraph-element br-paragraph-space\">\n<div class=\"auto-hide-last-sibling-br paragraph-qzbcQC paragraph-element br-paragraph-space\">\n<div class=\"auto-hide-last-sibling-br paragraph-qzbcQC paragraph-element br-paragraph-space\">\n<div class=\"auto-hide-last-sibling-br paragraph-qzbcQC paragraph-element br-paragraph-space\">\n<div class=\"message-box-content-wrapper-srHdUj\">\n<div class=\"message-content message-box-content-otxGGw receive-message-box-content-_lREFj samantha-message-box-content-Qjmpja\" data-testid=\"message_content\">\n<div class=\"container-hfX5E8 flow-markdown-body theme-samantha-yJEgBp\" dir=\"ltr\" data-testid=\"message_text_content\" data-show-indicator=\"false\">\n<div class=\"auto-hide-last-sibling-br paragraph-qzbcQC paragraph-element br-paragraph-space\">\n<div class=\"inter-wlTS5w\">\n<div class=\"container-QE4ayg\">\n<div class=\"item-jU10IN\">\n<div class=\"container-jODEnh chrome70-container\">\n<div class=\"inner-eE95c9 inner-item-aL3Ui_\" data-target-id=\"message-box-target-id\" data-testid=\"union_message\">\n<div class=\"message-block-container-liuetz\" data-testid=\"message-block-container\">\n<div class=\"message-box-ZWbBdF\" data-testid=\"receive_message\">\n<div class=\"message-box-content-wrapper-srHdUj\">\n<div class=\"message-content message-box-content-otxGGw receive-message-box-content-_lREFj samantha-message-box-content-Qjmpja\" data-testid=\"message_content\">\n<div class=\"container-hfX5E8 flow-markdown-body theme-samantha-yJEgBp\" dir=\"ltr\" data-testid=\"message_text_content\" data-show-indicator=\"false\">\n<div class=\"auto-hide-last-sibling-br paragraph-qzbcQC paragraph-element br-paragraph-space\">Predstavujeme detsk\u00fd vank\u00fa\u0161 s potla\u010dou, rozko\u0161n\u00fd a nevyhnutn\u00fd spolo\u010dn\u00edk na spanie prisp\u00f4soben\u00fd de\u0165om vo veku 1 - 3 roky. Tento vank\u00fa\u0161 je o\u010daruj\u00face pl\u00e1tno zdoben\u00e9 podmaniv\u00fdm sortimentom n\u00e1hodn\u00fdch potla\u010d\u00ed. Nebesk\u00e9 mot\u00edvy, ako s\u00fa blikaj\u00face hviezdy a vzdialen\u00e9 plan\u00e9ty, tancuj\u00fa po jeho povrchu a dod\u00e1vaj\u00fa mu zmysel pre rozmar a z\u00e1zrak, ktor\u00fd ur\u010dite podnieti fant\u00e1ziu v\u00e1\u0161ho die\u0165a\u0165a.<\/div>\n<p>&nbsp;<\/p>\n<div class=\"auto-hide-last-sibling-br paragraph-qzbcQC paragraph-element br-paragraph-space\">Meranie 40*<em>24*<\/em>3CM je odborne navrhnut\u00e1 tak, aby poskytovala optim\u00e1lnu podporu pre hlavu a krk v\u00e1\u0161ho die\u0165a\u0165a. Ke\u010f sa die\u0165a na noc ulo\u017e\u00ed, vank\u00fa\u0161 ho jemne podopiera a podporuje pohodln\u00fa a zdrav\u00fa polohu pri sp\u00e1nku. Je vyroben\u00fd z luxusne m\u00e4kk\u00fdch materi\u00e1lov a na dotyk p\u00f4sob\u00ed zamatovo - hladko, ako ne\u017en\u00e9 objatie, \u010d\u00edm vytv\u00e1ra \u00fatuln\u00e9 \u00fato\u010disko, ktor\u00e9 ukol\u00ed\u0161e va\u0161e die\u0165atko do pokojn\u00e9ho sp\u00e1nku.<\/div>\n<p>&nbsp;<\/p>\n<div class=\"auto-hide-last-sibling-br paragraph-qzbcQC paragraph-element br-paragraph-space\">Tento vank\u00fa\u0161 je viac ako len funk\u010dn\u00e1 pom\u00f4cka na spanie. Po\u010das d\u0148a sa m\u00f4\u017ee premeni\u0165 na zdroj in\u0161pir\u00e1cie pre dobrodru\u017estv\u00e1 v\u00e1\u0161ho die\u0165a\u0165a po\u010das hry. M\u00f4\u017eu sa vyda\u0165 na predstieran\u00fa cestu do vesm\u00edru, pri\u010dom ako sprievodca im posl\u00fa\u017eia hviezdy vytla\u010den\u00e9 na vank\u00fa\u0161i. Alebo m\u00f4\u017ee sl\u00fa\u017ei\u0165 ako m\u00e4kk\u00fd, upokojuj\u00faci priate\u013e vo chv\u00ed\u013each nepokoja.<\/div>\n<p>&nbsp;<\/p>\n<div class=\"auto-hide-last-sibling-br paragraph-qzbcQC paragraph-element br-paragraph-space\">Rodi\u010dia s\u00fa z tohto v\u00fdrobku nad\u0161en\u00ed. \"M\u00f4j 2-ro\u010dn\u00fd syn miluje tento vank\u00fa\u0161! N\u00e1hodn\u00e9 potla\u010de s\u00fa tak\u00e9 z\u00e1bavn\u00e9 a je neuverite\u013ene m\u00e4kk\u00fd. Stal sa z\u00e1kladom na spanie a pred span\u00edm,\" podelila sa s nami jedna zo spokojn\u00fdch mami\u010diek. Otec dodal: \"Oce\u0148ujeme, \u017ee kombinuje pohodlie s trochou kreativity. Dobre sa dr\u017e\u00ed pri pran\u00ed a objat\u00ed. Skvel\u00fd n\u00e1lez pre na\u0161u mal\u00fa.\"<\/div>\n<p>&nbsp;<\/p>\n<div class=\"auto-hide-last-sibling-br paragraph-qzbcQC paragraph-element br-paragraph-space\">Vank\u00fa\u0161 pre doj\u010dat\u00e1 s potla\u010dou je v podstate harmonickou kombin\u00e1ciou pohodlia, roztomilosti a funk\u010dnosti. Nie je to len s\u00fa\u010das\u0165 poste\u013enej bielizne; je to cenen\u00e1 s\u00fa\u010das\u0165 ka\u017edodenn\u00e9ho \u017eivota v\u00e1\u0161ho die\u0165a\u0165a, ktor\u00e1 obohacuje jeho sp\u00e1nok a hru o k\u00fasok tla\u010den\u00e9ho - in\u0161pirovan\u00e9ho k\u00fazla.<\/div>\n<\/div>\n<\/div>\n<\/div>\n<\/div>\n<\/div>\n<\/div>\n<\/div>\n<\/div>\n<\/div>\n<\/div>\n<\/div>\n<\/div>\n<\/div>\n<\/div>\n<\/div>\n<\/div>\n<\/div>\n<\/div>\n<\/div>\n<\/div>\n<\/div>\n<\/div>\n<\/div>\n<\/div>\n<\/div>\n<\/div>\n<\/div>\n<\/div>\n<\/div>\n<\/div>\n<\/div>\n<\/div>","protected":false},"excerpt":{"rendered":"<div class=\"container-QE4ayg\">\n<div class=\"item-jU10IN\">\n<div class=\"container-jODEnh chrome70-container\">\n<div class=\"inner-eE95c9 inner-item-aL3Ui_\" data-target-id=\"message-box-target-id\" data-testid=\"union_message\">\n<div class=\"message-block-container-liuetz\" data-testid=\"message-block-container\">\n<div class=\"message-box-ZWbBdF\" data-testid=\"receive_message\">\n<div class=\"message-box-content-wrapper-srHdUj\">\n<div class=\"message-content message-box-content-otxGGw receive-message-box-content-_lREFj samantha-message-box-content-Qjmpja\" data-testid=\"message_content\">\n<div class=\"container-hfX5E8 flow-markdown-body theme-samantha-yJEgBp\" dir=\"ltr\" data-testid=\"message_text_content\" data-show-indicator=\"false\">\n<div class=\"auto-hide-last-sibling-br paragraph-qzbcQC paragraph-element br-paragraph-space\">\n<div class=\"container-QE4ayg\">\n<div class=\"item-jU10IN\">\n<div class=\"container-jODEnh chrome70-container\">\n<div class=\"inner-eE95c9 inner-item-aL3Ui_\" data-target-id=\"message-box-target-id\" data-testid=\"union_message\">\n<div class=\"message-block-container-liuetz\" data-testid=\"message-block-container\">\n<div class=\"message-box-ZWbBdF\" data-testid=\"receive_message\">\n<div class=\"message-box-content-wrapper-srHdUj\">\n<div class=\"message-content message-box-content-otxGGw receive-message-box-content-_lREFj samantha-message-box-content-Qjmpja\" data-testid=\"message_content\">\n<div class=\"container-hfX5E8 flow-markdown-body theme-samantha-yJEgBp\" dir=\"ltr\" data-testid=\"message_text_content\" data-show-indicator=\"false\">\n<div class=\"auto-hide-last-sibling-br paragraph-qzbcQC paragraph-element br-paragraph-space\">Detsk\u00fd vank\u00fa\u0161 s potla\u010dou je ide\u00e1lny doplnok na spanie pre deti vo veku 1 - 3 roky. Na jeho povrchu sa nach\u00e1dza o\u010daruj\u00face mno\u017estvo n\u00e1hodn\u00fdch potla\u010d\u00ed vr\u00e1tane nebesk\u00fdch mot\u00edvov, ako s\u00fa hviezdy a plan\u00e9ty, ktor\u00e9 mu dod\u00e1vaj\u00fa n\u00e1dych rozmarnosti a z\u00e1zraku. Rozmery 40*<em>24*<\/em>3 cm, poskytuje spr\u00e1vnu oporu pre hlavu a krk die\u0165a\u0165a, \u010d\u00edm zabezpe\u010duje pohodln\u00fa polohu po\u010das sp\u00e1nku. Je vyroben\u00e1 z m\u00e4kk\u00fdch materi\u00e1lov a poskytuje jemn\u00fd a pr\u00edjemn\u00fd dotyk s poko\u017ekou. Tento vank\u00fa\u0161 nielen\u017ee pom\u00e1ha v\u00e1\u0161mu die\u0165atku u\u017ei\u0165 si pokojn\u00fd sp\u00e1nok, ale v\u010faka hrav\u00fdm potla\u010diam podnecuje aj jeho predstavivos\u0165, tak\u017ee je skvel\u00fdm doplnkom k jeho potreb\u00e1m na spanie.<\/div>\n<\/div>\n<\/div>\n<\/div>\n<\/div>\n<\/div>\n<\/div>\n<\/div>\n<\/div>\n<\/div>\n<\/div>\n<\/div>\n<\/div>\n<\/div>\n<\/div>\n<\/div>\n<\/div>\n<\/div>\n<\/div>\n<\/div>","protected":false},"featured_media":3362,"comment_status":"open","ping_status":"closed","template":"","meta":{"_uag_custom_page_level_css":"","site-sidebar-layout":"default","site-content-layout":"","ast-site-content-layout":"default","site-content-style":"default","site-sidebar-style":"default","ast-global-header-display":"","ast-banner-title-visibility":"","ast-main-header-display":"","ast-hfb-above-header-display":"","ast-hfb-below-header-display":"","ast-hfb-mobile-header-display":"","site-post-title":"","ast-breadcrumbs-content":"","ast-featured-img":"","footer-sml-layout":"","ast-disable-related-posts":"","theme-transparent-header-meta":"default","adv-header-id-meta":"","stick-header-meta":"","header-above-stick-meta":"","header-main-stick-meta":"","header-below-stick-meta":"","astra-migrate-meta-layouts":"set","ast-page-background-enabled":"default","ast-page-background-meta":{"desktop":{"background-color":"","background-image":"","background-repeat":"repeat","background-position":"center center","background-size":"auto","background-attachment":"scroll","background-type":"","background-media":"","overlay-type":"","overlay-color":"","overlay-opacity":"","overlay-gradient":""},"tablet":{"background-color":"","background-image":"","background-repeat":"repeat","background-position":"center center","background-size":"auto","background-attachment":"scroll","background-type":"","background-media":"","overlay-type":"","overlay-color":"","overlay-opacity":"","overlay-gradient":""},"mobile":{"background-color":"","background-image":"","background-repeat":"repeat","background-position":"center center","background-size":"auto","background-attachment":"scroll","background-type":"","background-media":"","overlay-type":"","overlay-color":"","overlay-opacity":"","overlay-gradient":""}},"ast-content-background-meta":{"desktop":{"background-color":"var(--ast-global-color-5)","background-image":"","background-repeat":"repeat","background-position":"center center","background-size":"auto","background-attachment":"scroll","background-type":"","background-media":"","overlay-type":"","overlay-color":"","overlay-opacity":"","overlay-gradient":""},"tablet":{"background-color":"var(--ast-global-color-5)","background-image":"","background-repeat":"repeat","background-position":"center center","background-size":"auto","background-attachment":"scroll","background-type":"","background-media":"","overlay-type":"","overlay-color":"","overlay-opacity":"","overlay-gradient":""},"mobile":{"background-color":"var(--ast-global-color-5)","background-image":"","background-repeat":"repeat","background-position":"center center","background-size":"auto","background-attachment":"scroll","background-type":"","background-media":"","overlay-type":"","overlay-color":"","overlay-opacity":"","overlay-gradient":""}}},"product_brand":[],"product_cat":[56,42],"product_tag":[70,68,71,69],"class_list":{"0":"post-3361","1":"product","2":"type-product","3":"status-publish","4":"has-post-thumbnail","6":"product_cat-1-to-3-years","7":"product_cat-merchandise","8":"product_tag-babypillow","9":"product_tag-cuteanimalpillow","10":"product_tag-headshapesupport","11":"product_tag-kouniushapingpillow","12":"desktop-align-left","13":"tablet-align-left","14":"mobile-align-left","16":"first","17":"instock","18":"shipping-taxable","19":"product-type-simple"},"aioseo_notices":[],"uagb_featured_image_src":{"full":["https:\/\/babypillowwholesale.com\/wp-content\/uploads\/2025\/04\/1007.jpg",1000,1000,false],"thumbnail":["https:\/\/babypillowwholesale.com\/wp-content\/uploads\/2025\/04\/1007-150x150.jpg",150,150,true],"medium":["https:\/\/babypillowwholesale.com\/wp-content\/uploads\/2025\/04\/1007-300x300.jpg",300,300,true],"medium_large":["https:\/\/babypillowwholesale.com\/wp-content\/uploads\/2025\/04\/1007-768x768.jpg",768,768,true],"large":["https:\/\/babypillowwholesale.com\/wp-content\/uploads\/2025\/04\/1007.jpg",1000,1000,false],"1536x1536":["https:\/\/babypillowwholesale.com\/wp-content\/uploads\/2025\/04\/1007.jpg",1000,1000,false],"2048x2048":["https:\/\/babypillowwholesale.com\/wp-content\/uploads\/2025\/04\/1007.jpg",1000,1000,false],"trp-custom-language-flag":["https:\/\/babypillowwholesale.com\/wp-content\/uploads\/2025\/04\/1007.jpg",12,12,false],"woocommerce_thumbnail":["https:\/\/babypillowwholesale.com\/wp-content\/uploads\/2025\/04\/1007-300x300.jpg",300,300,true],"woocommerce_single":["https:\/\/babypillowwholesale.com\/wp-content\/uploads\/2025\/04\/1007-600x600.jpg",600,600,true],"woocommerce_gallery_thumbnail":["https:\/\/babypillowwholesale.com\/wp-content\/uploads\/2025\/04\/1007-100x100.jpg",100,100,true]},"uagb_author_info":{"display_name":"Etnen zhong","author_link":"https:\/\/babypillowwholesale.com\/sk\/author\/"},"uagb_comment_info":0,"uagb_excerpt":"The Printed Infant Pillow is an ideal sleep accessory for children aged 1 - 3 years. Its surface features a charming array of random prints, including celestial motifs like stars and planets, adding a touch of whimsy and wonder. Measuring 40*24*3CM, it offers proper support for a child's head and neck, ensuring a comfortable sleep&hellip;","jetpack_sharing_enabled":true,"_links":{"self":[{"href":"https:\/\/babypillowwholesale.com\/sk\/wp-json\/wp\/v2\/product\/3361","targetHints":{"allow":["GET"]}}],"collection":[{"href":"https:\/\/babypillowwholesale.com\/sk\/wp-json\/wp\/v2\/product"}],"about":[{"href":"https:\/\/babypillowwholesale.com\/sk\/wp-json\/wp\/v2\/types\/product"}],"replies":[{"embeddable":true,"href":"https:\/\/babypillowwholesale.com\/sk\/wp-json\/wp\/v2\/comments?post=3361"}],"wp:featuredmedia":[{"embeddable":true,"href":"https:\/\/babypillowwholesale.com\/sk\/wp-json\/wp\/v2\/media\/3362"}],"wp:attachment":[{"href":"https:\/\/babypillowwholesale.com\/sk\/wp-json\/wp\/v2\/media?parent=3361"}],"wp:term":[{"taxonomy":"product_brand","embeddable":true,"href":"https:\/\/babypillowwholesale.com\/sk\/wp-json\/wp\/v2\/product_brand?post=3361"},{"taxonomy":"product_cat","embeddable":true,"href":"https:\/\/babypillowwholesale.com\/sk\/wp-json\/wp\/v2\/product_cat?post=3361"},{"taxonomy":"product_tag","embeddable":true,"href":"https:\/\/babypillowwholesale.com\/sk\/wp-json\/wp\/v2\/product_tag?post=3361"}],"curies":[{"name":"wp","href":"https:\/\/api.w.org\/{rel}","templated":true}]}}