{"id":3339,"date":"2025-04-05T02:54:17","date_gmt":"2025-04-05T02:54:17","guid":{"rendered":"https:\/\/babypillowwholesale.com\/?post_type=product&#038;p=3339"},"modified":"2025-06-08T11:49:36","modified_gmt":"2025-06-08T11:49:36","slug":"long-eared-rabbit-infant-pillow","status":"publish","type":"product","link":"https:\/\/babypillowwholesale.com\/sk\/product\/long-eared-rabbit-infant-pillow\/","title":{"rendered":"Kojeneck\u00fd vank\u00fa\u0161 s dlh\u00fdmi u\u0161ami"},"content":{"rendered":"<div class=\"auto-hide-last-sibling-br paragraph-qzbcQC paragraph-element br-paragraph-space\" data-immersive-translate-walked=\"8e61f2e7-6af2-46e5-9672-3b9e4f4033d9\" data-immersive-translate-paragraph=\"1\">\n<div class=\"auto-hide-last-sibling-br paragraph-qzbcQC paragraph-element br-paragraph-space\">\n<div class=\"auto-hide-last-sibling-br paragraph-qzbcQC paragraph-element br-paragraph-space\">\n<div class=\"auto-hide-last-sibling-br paragraph-qzbcQC paragraph-element br-paragraph-space\">\n<div class=\"auto-hide-last-sibling-br paragraph-qzbcQC paragraph-element br-paragraph-space\">\n<div class=\"auto-hide-last-sibling-br paragraph-qzbcQC paragraph-element br-paragraph-space\">\n<div class=\"auto-hide-last-sibling-br paragraph-qzbcQC paragraph-element br-paragraph-space\">\n<div class=\"auto-hide-last-sibling-br paragraph-qzbcQC paragraph-element br-paragraph-space\">\n<div class=\"auto-hide-last-sibling-br paragraph-qzbcQC paragraph-element br-paragraph-space\">\n<div class=\"auto-hide-last-sibling-br paragraph-qzbcQC paragraph-element br-paragraph-space\">\n<div class=\"auto-hide-last-sibling-br paragraph-qzbcQC paragraph-element br-paragraph-space\">\n<div class=\"auto-hide-last-sibling-br paragraph-qzbcQC paragraph-element br-paragraph-space\">\n<div class=\"auto-hide-last-sibling-br paragraph-qzbcQC paragraph-element br-paragraph-space\">Predstavujeme detsk\u00fd vank\u00fa\u0161ik s dlh\u00fdmi u\u0161ami, ktor\u00fd je rozko\u0161n\u00fdm a nevyhnutn\u00fdm spolo\u010dn\u00edkom na spanie pre deti vo veku 1 - 3 roky. Tento vank\u00fa\u0161 \u010derp\u00e1 in\u0161pir\u00e1ciu z roztomil\u00e9ho kr\u00e1lika s dlh\u00fdmi u\u0161ami a m\u00f4\u017ee sa pochv\u00e1li\u0165 vlastnos\u0165ami, ktor\u00e9 s\u00fa o\u010daruj\u00face a podmaniv\u00e9. Jeho dlh\u00e9, vzpriamen\u00e9 u\u0161i sa zdaj\u00fa by\u0165 st\u00e1le v strehu, zatia\u013e \u010do jasn\u00e9, v\u00fdrazn\u00e9 o\u010di a sladko \u010dervenaj\u00face sa l\u00ed\u010dka mu dod\u00e1vaj\u00fa neodolate\u013ene roztomil\u00fd a pr\u00ed\u0165a\u017eliv\u00fd vzh\u013ead.<\/div>\n<p>&nbsp;<\/p>\n<div class=\"auto-hide-last-sibling-br paragraph-qzbcQC paragraph-element br-paragraph-space\">Meranie 40*<em>24*<\/em>3 cm je starostlivo navrhnut\u00e1 tak, aby poskytovala spr\u00e1vnu oporu pre hlavu a krk v\u00e1\u0161ho die\u0165a\u0165a. Ke\u010f si va\u0161e die\u0165atko \u013eahne spa\u0165, vank\u00fa\u0161 ho jemne podopiera a podporuje pohodln\u00fa a zdrav\u00fa polohu pri sp\u00e1nku, ktor\u00e1 pom\u00e1ha zabezpe\u010di\u0165 pokojn\u00fa noc. Je vyroben\u00fd z ply\u0161ov\u00fdch materi\u00e1lov \u0161etrn\u00fdch k poko\u017eke a na dotyk p\u00f4sob\u00ed zamatovo m\u00e4kko, ako jemn\u00e9 objatie, \u010d\u00edm vytv\u00e1ra \u00fatuln\u00e9 \u00fato\u010disko, ktor\u00e9 upokojuje va\u0161e die\u0165a a priv\u00e1dza ho do pokojn\u00e9ho sp\u00e1nku.<\/div>\n<p>&nbsp;<\/p>\n<div class=\"auto-hide-last-sibling-br paragraph-qzbcQC paragraph-element br-paragraph-space\">Je k dispoz\u00edcii v jemn\u00fdch, upokojuj\u00facich odtie\u0148och ru\u017eovej a modrej farby a bez n\u00e1mahy dopln\u00ed ak\u00fdko\u013evek detsk\u00fd interi\u00e9r, pri\u010dom mu dod\u00e1 n\u00e1dych farieb a \u0161armu. Predstavte si pokojn\u00e9 ve\u010dery, ke\u010f sa va\u0161e die\u0165a prit\u00fali k doj\u010densk\u00e9mu vank\u00fa\u0161u s dlh\u00fdmi u\u0161ami. Stane sa viac ne\u017e len vank\u00fa\u0161om; je zdrojom pohodlia a bezpe\u010dia. Po\u010das d\u0148a sa m\u00f4\u017ee premeni\u0165 na ob\u013e\u00faben\u00fa hra\u010dku, m\u00e4kk\u00fa rekvizitu pre ich n\u00e1padit\u00e9 dobrodru\u017estv\u00e1 alebo upokojuj\u00faceho priate\u013ea vo chv\u00ed\u013each \u00fanavy alebo nepokoja.<\/div>\n<p>&nbsp;<\/p>\n<div class=\"auto-hide-last-sibling-br paragraph-qzbcQC paragraph-element br-paragraph-space\">Rodi\u010dia si tento kr\u00e1sny vank\u00fa\u0161 pochva\u013euj\u00fa. \"Moje bato\u013ea \u00faplne zbo\u017e\u0148uje vank\u00fa\u0161 s dlh\u00fdmi u\u0161ami. Stal sa ich z\u00e1kladom pred span\u00edm. M\u00e4kkos\u0165 je \u00fa\u017easn\u00e1 a roztomil\u00fd dizajn ho rob\u00ed tak\u00fdm v\u00fdnimo\u010dn\u00fdm,\" podelila sa s nami jedna nad\u0161en\u00e1 mami\u010dka. Ist\u00fd otec dodal: \"P\u00e1\u010di sa n\u00e1m, \u017ee to nie je len vank\u00fa\u0161, ale aj s\u00fa\u010das\u0165 hry n\u00e1\u0161ho die\u0165a\u0165a. Je aj odoln\u00fd, \u010do je skvel\u00e9 vzh\u013eadom na to, ako \u010dasto sa pou\u017e\u00edva. Skvel\u00fd doplnok do na\u0161ej dom\u00e1cnosti.\"<\/div>\n<p>&nbsp;<\/p>\n<div class=\"auto-hide-last-sibling-br paragraph-qzbcQC paragraph-element br-paragraph-space\">Detsk\u00fd vank\u00fa\u0161 s dlh\u00fdmi u\u0161ami je v podstate harmonickou kombin\u00e1ciou pohodlia, roztomilosti a funk\u010dnosti. Nie je to len s\u00fa\u010das\u0165 poste\u013enej bielizne, je to cenen\u00e1 s\u00fa\u010das\u0165 ka\u017edodenn\u00e9ho \u017eivota v\u00e1\u0161ho die\u0165a\u0165a, ktor\u00e1 do ka\u017ed\u00e9ho okamihu vnesie k\u00fazlo in\u0161pirovan\u00e9 kr\u00e1li\u010d\u00edm duchom.<\/div>\n<\/div>\n<\/div>\n<\/div>\n<\/div>\n<\/div>\n<\/div>\n<\/div>\n<\/div>\n<\/div>\n<\/div>\n<\/div>\n<\/div>","protected":false},"excerpt":{"rendered":"<div class=\"container-QE4ayg\">\n<div class=\"item-jU10IN\">\n<div class=\"container-jODEnh chrome70-container\">\n<div class=\"inner-eE95c9 inner-item-aL3Ui_\" data-target-id=\"message-box-target-id\" data-testid=\"union_message\">\n<div class=\"message-block-container-liuetz\" data-testid=\"message-block-container\">\n<div class=\"message-box-ZWbBdF\" data-testid=\"receive_message\">\n<div class=\"message-box-content-wrapper-srHdUj\">\n<div class=\"message-content message-box-content-otxGGw receive-message-box-content-_lREFj samantha-message-box-content-Qjmpja\" data-testid=\"message_content\">\n<div class=\"container-hfX5E8 flow-markdown-body theme-samantha-yJEgBp\" dir=\"ltr\" data-testid=\"message_text_content\" data-show-indicator=\"false\">\n<div class=\"auto-hide-last-sibling-br paragraph-qzbcQC paragraph-element br-paragraph-space\">Detsk\u00fd vank\u00fa\u0161 s dlh\u00fdmi u\u0161ami je o\u010daruj\u00faci doplnok na spanie pre deti vo veku 1 - 3 roky. Jeho dizajn je in\u0161pirovan\u00fd roztomil\u00fdm dlh\u00fdm u\u0161at\u00fdm kr\u00e1likom, ktor\u00fd m\u00e1 dlh\u00e9 vzpriamen\u00e9 u\u0161i, \u017eiariv\u00e9 o\u010di a \u010dervenaj\u00face sa l\u00ed\u010dka, \u010do mu dod\u00e1va neodolate\u013ene rozko\u0161n\u00fd vzh\u013ead. Rozmery 40*<em>24*<\/em>3 cm, poskytuje dostato\u010dn\u00fa oporu pre hlavu a krk die\u0165a\u0165a a pom\u00e1ha udr\u017ea\u0165 pohodln\u00fa polohu po\u010das sp\u00e1nku. Je vyroben\u00e1 z m\u00e4kk\u00fdch a k poko\u017eke \u0161etrn\u00fdch materi\u00e1lov, tak\u017ee je jemn\u00e1 a pr\u00edjemn\u00e1 na dotyk. K dispoz\u00edcii je v ru\u017eovej a modrej farbe, tak\u017ee sa dobre hod\u00ed k r\u00f4znym dekor\u00e1ci\u00e1m detsk\u00fdch izieb. Tento vank\u00fa\u0161ik nielen\u017ee zabezpe\u010d\u00ed v\u00e1\u0161mu die\u0165atku pokojn\u00fd sp\u00e1nok, ale tie\u017e dod\u00e1 jeho sp\u00e1nku n\u00e1dych rozmarnosti a tepla, tak\u017ee je kr\u00e1snym doplnkom k predmetom s\u00favisiacim so sp\u00e1nkom.<\/div>\n<\/div>\n<\/div>\n<\/div>\n<\/div>\n<\/div>\n<\/div>\n<\/div>\n<\/div>\n<\/div>","protected":false},"featured_media":3340,"comment_status":"open","ping_status":"closed","template":"","meta":{"_uag_custom_page_level_css":"","site-sidebar-layout":"default","site-content-layout":"","ast-site-content-layout":"default","site-content-style":"default","site-sidebar-style":"default","ast-global-header-display":"","ast-banner-title-visibility":"","ast-main-header-display":"","ast-hfb-above-header-display":"","ast-hfb-below-header-display":"","ast-hfb-mobile-header-display":"","site-post-title":"","ast-breadcrumbs-content":"","ast-featured-img":"","footer-sml-layout":"","ast-disable-related-posts":"","theme-transparent-header-meta":"default","adv-header-id-meta":"","stick-header-meta":"","header-above-stick-meta":"","header-main-stick-meta":"","header-below-stick-meta":"","astra-migrate-meta-layouts":"set","ast-page-background-enabled":"default","ast-page-background-meta":{"desktop":{"background-color":"","background-image":"","background-repeat":"repeat","background-position":"center center","background-size":"auto","background-attachment":"scroll","background-type":"","background-media":"","overlay-type":"","overlay-color":"","overlay-opacity":"","overlay-gradient":""},"tablet":{"background-color":"","background-image":"","background-repeat":"repeat","background-position":"center center","background-size":"auto","background-attachment":"scroll","background-type":"","background-media":"","overlay-type":"","overlay-color":"","overlay-opacity":"","overlay-gradient":""},"mobile":{"background-color":"","background-image":"","background-repeat":"repeat","background-position":"center center","background-size":"auto","background-attachment":"scroll","background-type":"","background-media":"","overlay-type":"","overlay-color":"","overlay-opacity":"","overlay-gradient":""}},"ast-content-background-meta":{"desktop":{"background-color":"var(--ast-global-color-5)","background-image":"","background-repeat":"repeat","background-position":"center center","background-size":"auto","background-attachment":"scroll","background-type":"","background-media":"","overlay-type":"","overlay-color":"","overlay-opacity":"","overlay-gradient":""},"tablet":{"background-color":"var(--ast-global-color-5)","background-image":"","background-repeat":"repeat","background-position":"center center","background-size":"auto","background-attachment":"scroll","background-type":"","background-media":"","overlay-type":"","overlay-color":"","overlay-opacity":"","overlay-gradient":""},"mobile":{"background-color":"var(--ast-global-color-5)","background-image":"","background-repeat":"repeat","background-position":"center center","background-size":"auto","background-attachment":"scroll","background-type":"","background-media":"","overlay-type":"","overlay-color":"","overlay-opacity":"","overlay-gradient":""}}},"product_brand":[],"product_cat":[56,42],"product_tag":[70,68,71,69],"class_list":{"0":"post-3339","1":"product","2":"type-product","3":"status-publish","4":"has-post-thumbnail","6":"product_cat-1-to-3-years","7":"product_cat-merchandise","8":"product_tag-babypillow","9":"product_tag-cuteanimalpillow","10":"product_tag-headshapesupport","11":"product_tag-kouniushapingpillow","12":"desktop-align-left","13":"tablet-align-left","14":"mobile-align-left","16":"first","17":"instock","18":"shipping-taxable","19":"product-type-simple"},"aioseo_notices":[],"uagb_featured_image_src":{"full":["https:\/\/babypillowwholesale.com\/wp-content\/uploads\/2025\/04\/1098.jpg",1000,1000,false],"thumbnail":["https:\/\/babypillowwholesale.com\/wp-content\/uploads\/2025\/04\/1098-150x150.jpg",150,150,true],"medium":["https:\/\/babypillowwholesale.com\/wp-content\/uploads\/2025\/04\/1098-300x300.jpg",300,300,true],"medium_large":["https:\/\/babypillowwholesale.com\/wp-content\/uploads\/2025\/04\/1098-768x768.jpg",768,768,true],"large":["https:\/\/babypillowwholesale.com\/wp-content\/uploads\/2025\/04\/1098.jpg",1000,1000,false],"1536x1536":["https:\/\/babypillowwholesale.com\/wp-content\/uploads\/2025\/04\/1098.jpg",1000,1000,false],"2048x2048":["https:\/\/babypillowwholesale.com\/wp-content\/uploads\/2025\/04\/1098.jpg",1000,1000,false],"trp-custom-language-flag":["https:\/\/babypillowwholesale.com\/wp-content\/uploads\/2025\/04\/1098.jpg",12,12,false],"woocommerce_thumbnail":["https:\/\/babypillowwholesale.com\/wp-content\/uploads\/2025\/04\/1098-300x300.jpg",300,300,true],"woocommerce_single":["https:\/\/babypillowwholesale.com\/wp-content\/uploads\/2025\/04\/1098-600x600.jpg",600,600,true],"woocommerce_gallery_thumbnail":["https:\/\/babypillowwholesale.com\/wp-content\/uploads\/2025\/04\/1098-100x100.jpg",100,100,true]},"uagb_author_info":{"display_name":"Etnen zhong","author_link":"https:\/\/babypillowwholesale.com\/sk\/author\/"},"uagb_comment_info":0,"uagb_excerpt":"The Long - Eared Rabbit Infant Pillow is a charming sleep accessory tailored for children aged 1 - 3 years. Its design is inspired by a cute long - eared rabbit, featuring long, upright ears, bright eyes, and blushing cheeks, which gives it an irresistibly adorable look. Measuring 40*24*3CM, it provides adequate support for a&hellip;","jetpack_sharing_enabled":true,"_links":{"self":[{"href":"https:\/\/babypillowwholesale.com\/sk\/wp-json\/wp\/v2\/product\/3339","targetHints":{"allow":["GET"]}}],"collection":[{"href":"https:\/\/babypillowwholesale.com\/sk\/wp-json\/wp\/v2\/product"}],"about":[{"href":"https:\/\/babypillowwholesale.com\/sk\/wp-json\/wp\/v2\/types\/product"}],"replies":[{"embeddable":true,"href":"https:\/\/babypillowwholesale.com\/sk\/wp-json\/wp\/v2\/comments?post=3339"}],"wp:featuredmedia":[{"embeddable":true,"href":"https:\/\/babypillowwholesale.com\/sk\/wp-json\/wp\/v2\/media\/3340"}],"wp:attachment":[{"href":"https:\/\/babypillowwholesale.com\/sk\/wp-json\/wp\/v2\/media?parent=3339"}],"wp:term":[{"taxonomy":"product_brand","embeddable":true,"href":"https:\/\/babypillowwholesale.com\/sk\/wp-json\/wp\/v2\/product_brand?post=3339"},{"taxonomy":"product_cat","embeddable":true,"href":"https:\/\/babypillowwholesale.com\/sk\/wp-json\/wp\/v2\/product_cat?post=3339"},{"taxonomy":"product_tag","embeddable":true,"href":"https:\/\/babypillowwholesale.com\/sk\/wp-json\/wp\/v2\/product_tag?post=3339"}],"curies":[{"name":"wp","href":"https:\/\/api.w.org\/{rel}","templated":true}]}}