{"id":3336,"date":"2025-04-04T08:45:12","date_gmt":"2025-04-04T08:45:12","guid":{"rendered":"https:\/\/babypillowwholesale.com\/?post_type=product&#038;p=3336"},"modified":"2025-06-08T14:07:34","modified_gmt":"2025-06-08T14:07:34","slug":"big-faced-cat-infant-pillow","status":"publish","type":"product","link":"https:\/\/babypillowwholesale.com\/sk\/product\/big-faced-cat-infant-pillow\/","title":{"rendered":"Ve\u013ek\u00fd doj\u010densk\u00fd vank\u00fa\u0161 s ma\u010dkou"},"content":{"rendered":"<div class=\"auto-hide-last-sibling-br paragraph-qzbcQC paragraph-element br-paragraph-space\" data-immersive-translate-walked=\"8e61f2e7-6af2-46e5-9672-3b9e4f4033d9\" data-immersive-translate-paragraph=\"1\">\n<div class=\"auto-hide-last-sibling-br paragraph-qzbcQC paragraph-element br-paragraph-space\">\n<div class=\"auto-hide-last-sibling-br paragraph-qzbcQC paragraph-element br-paragraph-space\">\n<div class=\"auto-hide-last-sibling-br paragraph-qzbcQC paragraph-element br-paragraph-space\">\n<div class=\"auto-hide-last-sibling-br paragraph-qzbcQC paragraph-element br-paragraph-space\">\n<div class=\"auto-hide-last-sibling-br paragraph-qzbcQC paragraph-element br-paragraph-space\">\n<div class=\"auto-hide-last-sibling-br paragraph-qzbcQC paragraph-element br-paragraph-space\">\n<div class=\"auto-hide-last-sibling-br paragraph-qzbcQC paragraph-element br-paragraph-space\">\n<div class=\"auto-hide-last-sibling-br paragraph-qzbcQC paragraph-element br-paragraph-space\">\n<div class=\"auto-hide-last-sibling-br paragraph-qzbcQC paragraph-element br-paragraph-space\">\n<div class=\"auto-hide-last-sibling-br paragraph-qzbcQC paragraph-element br-paragraph-space\">\n<div class=\"auto-hide-last-sibling-br paragraph-qzbcQC paragraph-element br-paragraph-space\">Predstavujeme detsk\u00fd vank\u00fa\u0161 s ve\u013ekou ma\u010dkou, rozko\u0161n\u00e9ho spolo\u010dn\u00edka na spanie, ktor\u00fd bol vytvoren\u00fd \u0161peci\u00e1lne pre deti vo veku 1 - 3 roky. Jeho dizajn je o\u010daruj\u00facou poctou mil\u00e9mu koc\u00farovi s ve\u013ekou tv\u00e1rou, ktor\u00fd sa m\u00f4\u017ee pochv\u00e1li\u0165 ve\u013ek\u00fdmi, odu\u0161evnen\u00fdmi o\u010dami, ktor\u00e9 akoby v sebe skr\u00fdvali svet nevinnosti, jemn\u00fdmi u\u0161ami, ktor\u00e9 mu dod\u00e1vaj\u00fa n\u00e1dych hravosti, a mil\u00fdm v\u00fdrazom, ktor\u00fd nemo\u017eno nezbo\u017e\u0148ova\u0165.<\/div>\n<p>&nbsp;<\/p>\n<div class=\"auto-hide-last-sibling-br paragraph-qzbcQC paragraph-element br-paragraph-space\">S rozmermi 40*<em>24*<\/em>Tento vank\u00fa\u0161 s rozmermi 3 cm je dokonale prisp\u00f4soben\u00fd tak, aby poskytoval optim\u00e1lnu podporu pre hlavu a krk v\u00e1\u0161ho die\u0165a\u0165a. Ke\u010f sa die\u0165a ulo\u017e\u00ed na noc, jemne ho podopiera a podporuje pohodln\u00fd a zdrav\u00fd sp\u00e1nok. Je vyroben\u00fd z luxusne m\u00e4kk\u00fdch materi\u00e1lov, tak\u017ee p\u00f4sob\u00ed ako jemn\u00e9 pohladenie na poko\u017eke a vytv\u00e1ra o\u00e1zu \u00fatulnosti, ktor\u00e1 ukol\u00ed\u0161e va\u0161e die\u0165atko do pokojn\u00e9ho sp\u00e1nku.<\/div>\n<p>&nbsp;<\/p>\n<div class=\"auto-hide-last-sibling-br paragraph-qzbcQC paragraph-element br-paragraph-space\">Je k dispoz\u00edcii v jemn\u00fdch odtie\u0148och ru\u017eovej a modrej a bez n\u00e1mahy dopln\u00ed ak\u00fdko\u013evek detsk\u00fd interi\u00e9r, dod\u00e1 mu farbu a \u0161arm. Predstavte si to k\u00fazlo pred span\u00edm, ke\u010f sa va\u0161e die\u0165a prit\u00fali k detsk\u00e9mu vank\u00fa\u0161u Big - Faced Cat. Stane sa viac ne\u017e len vank\u00fa\u0161om; je to kamar\u00e1t, ktor\u00fd im rob\u00ed spolo\u010dnos\u0165 po\u010das noci. Po\u010das d\u0148a sa m\u00f4\u017ee premeni\u0165 na rekvizitu na n\u00e1padit\u00fa hru, m\u00e4kk\u00e9 miesto na improvizovan\u00e9 zdriemnutie na podlahe v ob\u00fdva\u010dke alebo upokojuj\u00facu pr\u00edtomnos\u0165 vo chv\u00ed\u013each nepokoja.<\/div>\n<p>&nbsp;<\/p>\n<div class=\"auto-hide-last-sibling-br paragraph-qzbcQC paragraph-element br-paragraph-space\">Rodi\u010dia si tento n\u00e1dhern\u00fd vank\u00fa\u0161 ve\u013emi pochva\u013euj\u00fa. \"M\u00f4j dvojro\u010dn\u00fd syn nem\u00f4\u017ee spa\u0165 bez vank\u00fa\u0161a s ve\u013ekou ma\u010dkou! Je tak\u00fd m\u00e4kk\u00fd a v\u010faka roztomil\u00e9mu dizajnu sa te\u0161ia na \u010das sp\u00e1nku,\" podelila sa s nami jedna spokojn\u00e1 mami\u010dka. Jeden otec dodal: \"P\u00e1\u010di sa n\u00e1m, ako dod\u00e1va trochu z\u00e1bavy do izby n\u00e1\u0161ho die\u0165a\u0165a. Dobre sa dr\u017e\u00ed, aj ke\u010f sa s n\u00edm v\u0161etky hrubo pohr\u00e1vaj\u00fa. Rozhodne skvel\u00e1 k\u00fapa.\"<\/div>\n<p>&nbsp;<\/p>\n<div class=\"auto-hide-last-sibling-br paragraph-qzbcQC paragraph-element br-paragraph-space\">Vank\u00fa\u0161 pre b\u00e1b\u00e4tk\u00e1 s ve\u013ekou ma\u010dkou je v podstate harmonickou kombin\u00e1ciou pohodlia, roztomilosti a funk\u010dnosti. Nie je to len s\u00fa\u010das\u0165 poste\u013enej bielizne; je to cenen\u00e1 s\u00fa\u010das\u0165 ka\u017edodenn\u00e9ho \u017eivota v\u00e1\u0161ho die\u0165a\u0165a, ktor\u00e1 vnesie do ka\u017ed\u00e9ho okamihu kvapku ma\u010dacieho \u0161armu.<\/div>\n<\/div>\n<\/div>\n<\/div>\n<\/div>\n<\/div>\n<\/div>\n<\/div>\n<\/div>\n<\/div>\n<\/div>\n<\/div>","protected":false},"excerpt":{"rendered":"<div class=\"container-QE4ayg\">\n<div class=\"item-jU10IN\">\n<div class=\"container-jODEnh chrome70-container\">\n<div class=\"inner-eE95c9 inner-item-aL3Ui_\" data-target-id=\"message-box-target-id\" data-testid=\"union_message\">\n<div class=\"message-block-container-liuetz\" data-testid=\"message-block-container\">\n<div class=\"message-box-ZWbBdF\" data-testid=\"receive_message\">\n<div class=\"message-box-content-wrapper-srHdUj\">\n<div class=\"message-content message-box-content-otxGGw receive-message-box-content-_lREFj samantha-message-box-content-Qjmpja\" data-testid=\"message_content\">\n<div class=\"container-hfX5E8 flow-markdown-body theme-samantha-yJEgBp\" dir=\"ltr\" data-testid=\"message_text_content\" data-show-indicator=\"false\">\n<div class=\"auto-hide-last-sibling-br paragraph-qzbcQC paragraph-element br-paragraph-space\">Detsk\u00fd vank\u00fa\u0161 s ve\u013ekou ma\u010dkou je rozko\u0161n\u00e1 pom\u00f4cka na spanie ur\u010den\u00e1 pre deti vo veku 1 - 3 roky. Jeho dizajn je in\u0161pirovan\u00fd roztomilou ma\u010dkou s ve\u013ekou tv\u00e1rou, ve\u013ek\u00fdmi okr\u00fahlymi o\u010dami, rozko\u0161n\u00fdmi u\u0161ami a o\u010daruj\u00facim v\u00fdrazom, ktor\u00fd vy\u017earuje roztomilos\u0165. Rozmery 40*<em>24*<\/em>3 cm, poskytuje spr\u00e1vnu oporu pre hlavu a krk die\u0165a\u0165a, \u010d\u00edm zabezpe\u010duje pohodln\u00fa polohu po\u010das sp\u00e1nku. Je vyroben\u00e1 z m\u00e4kk\u00fdch a pr\u00edjemn\u00fdch materi\u00e1lov, tak\u017ee poskytuje jemn\u00fd a pr\u00edjemn\u00fd dotyk s poko\u017ekou. K dispoz\u00edcii je v ru\u017eovej a modrej farbe, v\u010faka \u010domu sa d\u00e1 bez n\u00e1mahy zladi\u0165 s r\u00f4znymi dekormi detskej izby. Tento vank\u00fa\u0161 nielen\u017ee pom\u00e1ha v\u00e1\u0161mu die\u0165atku u\u017ei\u0165 si pokojn\u00fd sp\u00e1nok, ale tie\u017e dod\u00e1va jeho sp\u00e1nku n\u00e1dych rozmarnosti a tepla, tak\u017ee je n\u00e1dhern\u00fdm doplnkom k jeho potreb\u00e1m na sp\u00e1nok.<\/div>\n<\/div>\n<\/div>\n<\/div>\n<\/div>\n<\/div>\n<\/div>\n<\/div>\n<\/div>\n<\/div>","protected":false},"featured_media":3337,"comment_status":"open","ping_status":"closed","template":"","meta":{"_uag_custom_page_level_css":"","site-sidebar-layout":"default","site-content-layout":"","ast-site-content-layout":"default","site-content-style":"default","site-sidebar-style":"default","ast-global-header-display":"","ast-banner-title-visibility":"","ast-main-header-display":"","ast-hfb-above-header-display":"","ast-hfb-below-header-display":"","ast-hfb-mobile-header-display":"","site-post-title":"","ast-breadcrumbs-content":"","ast-featured-img":"","footer-sml-layout":"","ast-disable-related-posts":"","theme-transparent-header-meta":"default","adv-header-id-meta":"","stick-header-meta":"","header-above-stick-meta":"","header-main-stick-meta":"","header-below-stick-meta":"","astra-migrate-meta-layouts":"set","ast-page-background-enabled":"default","ast-page-background-meta":{"desktop":{"background-color":"","background-image":"","background-repeat":"repeat","background-position":"center center","background-size":"auto","background-attachment":"scroll","background-type":"","background-media":"","overlay-type":"","overlay-color":"","overlay-opacity":"","overlay-gradient":""},"tablet":{"background-color":"","background-image":"","background-repeat":"repeat","background-position":"center center","background-size":"auto","background-attachment":"scroll","background-type":"","background-media":"","overlay-type":"","overlay-color":"","overlay-opacity":"","overlay-gradient":""},"mobile":{"background-color":"","background-image":"","background-repeat":"repeat","background-position":"center center","background-size":"auto","background-attachment":"scroll","background-type":"","background-media":"","overlay-type":"","overlay-color":"","overlay-opacity":"","overlay-gradient":""}},"ast-content-background-meta":{"desktop":{"background-color":"var(--ast-global-color-5)","background-image":"","background-repeat":"repeat","background-position":"center center","background-size":"auto","background-attachment":"scroll","background-type":"","background-media":"","overlay-type":"","overlay-color":"","overlay-opacity":"","overlay-gradient":""},"tablet":{"background-color":"var(--ast-global-color-5)","background-image":"","background-repeat":"repeat","background-position":"center center","background-size":"auto","background-attachment":"scroll","background-type":"","background-media":"","overlay-type":"","overlay-color":"","overlay-opacity":"","overlay-gradient":""},"mobile":{"background-color":"var(--ast-global-color-5)","background-image":"","background-repeat":"repeat","background-position":"center center","background-size":"auto","background-attachment":"scroll","background-type":"","background-media":"","overlay-type":"","overlay-color":"","overlay-opacity":"","overlay-gradient":""}}},"product_brand":[],"product_cat":[56,42],"product_tag":[70,68,71,69],"class_list":{"0":"post-3336","1":"product","2":"type-product","3":"status-publish","4":"has-post-thumbnail","6":"product_cat-1-to-3-years","7":"product_cat-merchandise","8":"product_tag-babypillow","9":"product_tag-cuteanimalpillow","10":"product_tag-headshapesupport","11":"product_tag-kouniushapingpillow","12":"desktop-align-left","13":"tablet-align-left","14":"mobile-align-left","16":"first","17":"instock","18":"featured","19":"shipping-taxable","20":"product-type-simple"},"aioseo_notices":[],"uagb_featured_image_src":{"full":["https:\/\/babypillowwholesale.com\/wp-content\/uploads\/2025\/04\/1528.jpg",1000,1000,false],"thumbnail":["https:\/\/babypillowwholesale.com\/wp-content\/uploads\/2025\/04\/1528-150x150.jpg",150,150,true],"medium":["https:\/\/babypillowwholesale.com\/wp-content\/uploads\/2025\/04\/1528-300x300.jpg",300,300,true],"medium_large":["https:\/\/babypillowwholesale.com\/wp-content\/uploads\/2025\/04\/1528-768x768.jpg",768,768,true],"large":["https:\/\/babypillowwholesale.com\/wp-content\/uploads\/2025\/04\/1528.jpg",1000,1000,false],"1536x1536":["https:\/\/babypillowwholesale.com\/wp-content\/uploads\/2025\/04\/1528.jpg",1000,1000,false],"2048x2048":["https:\/\/babypillowwholesale.com\/wp-content\/uploads\/2025\/04\/1528.jpg",1000,1000,false],"trp-custom-language-flag":["https:\/\/babypillowwholesale.com\/wp-content\/uploads\/2025\/04\/1528.jpg",12,12,false],"woocommerce_thumbnail":["https:\/\/babypillowwholesale.com\/wp-content\/uploads\/2025\/04\/1528-300x300.jpg",300,300,true],"woocommerce_single":["https:\/\/babypillowwholesale.com\/wp-content\/uploads\/2025\/04\/1528-600x600.jpg",600,600,true],"woocommerce_gallery_thumbnail":["https:\/\/babypillowwholesale.com\/wp-content\/uploads\/2025\/04\/1528-100x100.jpg",100,100,true]},"uagb_author_info":{"display_name":"Etnen zhong","author_link":"https:\/\/babypillowwholesale.com\/sk\/author\/"},"uagb_comment_info":0,"uagb_excerpt":"The Big - Faced Cat Infant Pillow is a delightful sleep essential designed for children aged 1 - 3 years. Its design is inspired by a cute big - faced cat, featuring large, round eyes, adorable ears, and a charming expression that exudes cuteness. Measuring 40*24*3CM, it offers proper support for a child's head and&hellip;","jetpack_sharing_enabled":true,"_links":{"self":[{"href":"https:\/\/babypillowwholesale.com\/sk\/wp-json\/wp\/v2\/product\/3336","targetHints":{"allow":["GET"]}}],"collection":[{"href":"https:\/\/babypillowwholesale.com\/sk\/wp-json\/wp\/v2\/product"}],"about":[{"href":"https:\/\/babypillowwholesale.com\/sk\/wp-json\/wp\/v2\/types\/product"}],"replies":[{"embeddable":true,"href":"https:\/\/babypillowwholesale.com\/sk\/wp-json\/wp\/v2\/comments?post=3336"}],"wp:featuredmedia":[{"embeddable":true,"href":"https:\/\/babypillowwholesale.com\/sk\/wp-json\/wp\/v2\/media\/3337"}],"wp:attachment":[{"href":"https:\/\/babypillowwholesale.com\/sk\/wp-json\/wp\/v2\/media?parent=3336"}],"wp:term":[{"taxonomy":"product_brand","embeddable":true,"href":"https:\/\/babypillowwholesale.com\/sk\/wp-json\/wp\/v2\/product_brand?post=3336"},{"taxonomy":"product_cat","embeddable":true,"href":"https:\/\/babypillowwholesale.com\/sk\/wp-json\/wp\/v2\/product_cat?post=3336"},{"taxonomy":"product_tag","embeddable":true,"href":"https:\/\/babypillowwholesale.com\/sk\/wp-json\/wp\/v2\/product_tag?post=3336"}],"curies":[{"name":"wp","href":"https:\/\/api.w.org\/{rel}","templated":true}]}}