{"id":3333,"date":"2025-04-04T08:28:31","date_gmt":"2025-04-04T08:28:31","guid":{"rendered":"https:\/\/babypillowwholesale.com\/?post_type=product&#038;p=3333"},"modified":"2025-06-08T14:08:50","modified_gmt":"2025-06-08T14:08:50","slug":"pikachu-infant-pillow","status":"publish","type":"product","link":"https:\/\/babypillowwholesale.com\/sk\/product\/pikachu-infant-pillow\/","title":{"rendered":"Detsk\u00fd vank\u00fa\u0161 Pikachu"},"content":{"rendered":"<div class=\"auto-hide-last-sibling-br paragraph-qzbcQC paragraph-element br-paragraph-space\" data-immersive-translate-walked=\"8e61f2e7-6af2-46e5-9672-3b9e4f4033d9\" data-immersive-translate-paragraph=\"1\">\n<div class=\"auto-hide-last-sibling-br paragraph-qzbcQC paragraph-element br-paragraph-space\">\n<div class=\"auto-hide-last-sibling-br paragraph-qzbcQC paragraph-element br-paragraph-space\">\n<div class=\"auto-hide-last-sibling-br paragraph-qzbcQC paragraph-element br-paragraph-space\">\n<div class=\"auto-hide-last-sibling-br paragraph-qzbcQC paragraph-element br-paragraph-space\">\n<div class=\"auto-hide-last-sibling-br paragraph-qzbcQC paragraph-element br-paragraph-space\">\n<div class=\"auto-hide-last-sibling-br paragraph-qzbcQC paragraph-element br-paragraph-space\">\n<div class=\"auto-hide-last-sibling-br paragraph-qzbcQC paragraph-element br-paragraph-space\">\n<div class=\"auto-hide-last-sibling-br paragraph-qzbcQC paragraph-element br-paragraph-space\">\n<div class=\"auto-hide-last-sibling-br paragraph-qzbcQC paragraph-element br-paragraph-space\">\n<div class=\"auto-hide-last-sibling-br paragraph-qzbcQC paragraph-element br-paragraph-space\">Pozrite sa na vank\u00fa\u0161 pre b\u00e1b\u00e4tk\u00e1 Pikachu, podmaniv\u00e9ho spolo\u010dn\u00edka na spanie, ktor\u00fd je prisp\u00f4soben\u00fd de\u0165om vo veku 1 - 3 roky. Tento vank\u00fa\u0161 je in\u0161pirovan\u00fd ikonick\u00fdm a zbo\u017e\u0148ovan\u00fdm Pikachu a majstrovsky zachyt\u00e1va jeho podstatu s dlh\u00fdmi \u0161picat\u00fdmi u\u0161ami, ve\u013ek\u00fdmi v\u00fdrazn\u00fdmi o\u010dami a neodolate\u013ene roztomil\u00fdmi \u010dervenaj\u00facimi sa tv\u00e1ri\u010dkami, ktor\u00e9 s\u00fa okam\u017eite rozpoznate\u013en\u00e9.<\/div>\n<p>&nbsp;<\/p>\n<div class=\"auto-hide-last-sibling-br paragraph-qzbcQC paragraph-element br-paragraph-space\">Meranie 40*<em>24*<\/em>3 cm, je ergonomicky navrhnut\u00e1 tak, aby poskytovala optim\u00e1lnu podporu pre hlavu a krk v\u00e1\u0161ho die\u0165atka. Ke\u010f va\u0161e die\u0165a zasp\u00e1va, vank\u00fa\u0161 ho jemne podopiera a podporuje tak pohodln\u00fa a zdrav\u00fa polohu pri sp\u00e1nku. Je vyroben\u00fd z ply\u0161ov\u00fdch materi\u00e1lov \u0161etrn\u00fdch k poko\u017eke a poskytuje zamatovo hebk\u00fd dotyk ako jemn\u00e9 objatie, v\u010faka \u010domu sa va\u0161e die\u0165a bude c\u00edti\u0165 bezpe\u010dne a \u00fatulne po\u010das celej noci.<\/div>\n<p>&nbsp;<\/p>\n<div class=\"auto-hide-last-sibling-br paragraph-qzbcQC paragraph-element br-paragraph-space\">Je k dispoz\u00edcii v upokojuj\u00facich odtie\u0148och ru\u017eovej a modrej a bez n\u00e1mahy dopln\u00ed ak\u00fdko\u013evek detsk\u00fd interi\u00e9r, dod\u00e1 mu farbu a \u0161arm. Predstavte si k\u00fazlo sp\u00e1nku, ke\u010f sa va\u0161e die\u0165a prit\u00fali k detsk\u00e9mu vank\u00fa\u0161u Pikachu. Stane sa viac ne\u017e len vank\u00fa\u0161om; je to port\u00e1l do sveta predstavivosti, kde s\u00fa sny pln\u00e9 elektrick\u00fdch dobrodru\u017estiev. Po\u010das d\u0148a m\u00f4\u017ee by\u0165 vern\u00fdm pomocn\u00edkom pri ich hern\u00fdch eskap\u00e1dach, \u010di u\u017e si s n\u00edm zopakuj\u00fa Pikachuove nap\u00ednav\u00e9 bitky, alebo ho jednoducho vyu\u017eij\u00fa ako m\u00e4kk\u00e9 miesto na odpo\u010dinok po\u010das prest\u00e1vky v hre.<\/div>\n<p>&nbsp;<\/p>\n<div class=\"auto-hide-last-sibling-br paragraph-qzbcQC paragraph-element br-paragraph-space\">Rodi\u010dia si tento n\u00e1dhern\u00fd vank\u00fa\u0161 pochva\u013euj\u00fa. \"M\u00f4j 2-ro\u010dn\u00fd syn je posadnut\u00fd vank\u00fa\u0161om Pikachu! Je to prv\u00e1 vec, po ktorej siahne pred span\u00edm. M\u00e4kkos\u0165 je \u00fa\u017easn\u00e1 a je tak\u00e9 roztomil\u00e9 vidie\u0165, ako sa s n\u00edm mazlia,\" zvolala jedna z radostn\u00fdch mami\u010diek. Ist\u00fd otec sa podelil: \"P\u00e1\u010di sa n\u00e1m, \u017ee v\u010faka nemu je \u010das sp\u00e1nku e\u0161te z\u00e1bavnej\u0161\u00ed. Je aj odoln\u00e1, pre\u017eije v\u0161etky objatia a h\u00e1dzania. Ur\u010dite skvel\u00e1 k\u00fapa!\"<\/div>\n<p>&nbsp;<\/p>\n<div class=\"auto-hide-last-sibling-br paragraph-qzbcQC paragraph-element br-paragraph-space\">Detsk\u00fd vank\u00fa\u0161 Pikachu je skr\u00e1tka harmonickou kombin\u00e1ciou pohodlia, roztomilosti a funk\u010dnosti. Nie je to len doplnok na spanie; je to cenen\u00e1 s\u00fa\u010das\u0165 ka\u017edodenn\u00e9ho \u017eivota v\u00e1\u0161ho die\u0165a\u0165a, ktor\u00e1 vnesie do ka\u017ed\u00e9ho okamihu \u0161tipku k\u00fazla in\u0161pirovan\u00e9ho Pikachu.<\/div>\n<\/div>\n<\/div>\n<\/div>\n<\/div>\n<\/div>\n<\/div>\n<\/div>\n<\/div>\n<\/div>\n<\/div>","protected":false},"excerpt":{"rendered":"<div class=\"container-QE4ayg\">\n<div class=\"item-jU10IN\">\n<div class=\"container-jODEnh chrome70-container\">\n<div class=\"inner-eE95c9 inner-item-aL3Ui_\" data-target-id=\"message-box-target-id\" data-testid=\"union_message\">\n<div class=\"message-block-container-liuetz\" data-testid=\"message-block-container\">\n<div class=\"message-box-ZWbBdF\" data-testid=\"receive_message\">\n<div class=\"message-box-content-wrapper-srHdUj\">\n<div class=\"message-content message-box-content-otxGGw receive-message-box-content-_lREFj samantha-message-box-content-Qjmpja\" data-testid=\"message_content\">\n<div class=\"container-hfX5E8 flow-markdown-body theme-samantha-yJEgBp\" dir=\"ltr\" data-testid=\"message_text_content\" data-show-indicator=\"false\">\n<div class=\"auto-hide-last-sibling-br paragraph-qzbcQC paragraph-element br-paragraph-space\">Detsk\u00fd vank\u00fa\u0161ik Pikachu je o\u010daruj\u00faci doplnok na spanie pre deti vo veku 1 - 3 roky. Je in\u0161pirovan\u00fd ob\u013e\u00fabenou postavi\u010dkou Pikachu a vynik\u00e1 ikonick\u00fdmi prvkami, ako s\u00fa dlh\u00e9 u\u0161i, \u017eiariv\u00e9 o\u010di a roztomil\u00e9 \u010dervenaj\u00face sa tv\u00e1ri\u010dky. Rozmery 40*<em>24*<\/em>3 cm, poskytuje spr\u00e1vnu oporu pre hlavu a krk die\u0165a\u0165a, \u010d\u00edm zabezpe\u010duje pohodln\u00fd sp\u00e1nok. Je vyroben\u00e1 z m\u00e4kk\u00fdch a pr\u00edjemn\u00fdch materi\u00e1lov a pon\u00faka jemn\u00fd dotyk s poko\u017ekou. K dispoz\u00edcii je v ru\u017eovej a modrej farbe, tak\u017ee \u013eahko zapadne do ak\u00e9hoko\u013evek interi\u00e9ru detskej izby. Tento vank\u00fa\u0161 nielen\u017ee podporuje dobr\u00fd no\u010dn\u00fd odpo\u010dinok, ale tie\u017e dod\u00e1va die\u0165a\u0165u pri span\u00ed n\u00e1dych z\u00e1bavy a fant\u00e1zie, tak\u017ee je pr\u00edjemn\u00fdm doplnkom jeho sp\u00e1nkov\u00e9ho re\u017eimu.<\/div>\n<\/div>\n<\/div>\n<\/div>\n<\/div>\n<\/div>\n<\/div>\n<\/div>\n<\/div>\n<\/div>","protected":false},"featured_media":3334,"comment_status":"open","ping_status":"closed","template":"","meta":{"_uag_custom_page_level_css":"","site-sidebar-layout":"default","site-content-layout":"","ast-site-content-layout":"default","site-content-style":"default","site-sidebar-style":"default","ast-global-header-display":"","ast-banner-title-visibility":"","ast-main-header-display":"","ast-hfb-above-header-display":"","ast-hfb-below-header-display":"","ast-hfb-mobile-header-display":"","site-post-title":"","ast-breadcrumbs-content":"","ast-featured-img":"","footer-sml-layout":"","ast-disable-related-posts":"","theme-transparent-header-meta":"default","adv-header-id-meta":"","stick-header-meta":"","header-above-stick-meta":"","header-main-stick-meta":"","header-below-stick-meta":"","astra-migrate-meta-layouts":"set","ast-page-background-enabled":"default","ast-page-background-meta":{"desktop":{"background-color":"","background-image":"","background-repeat":"repeat","background-position":"center center","background-size":"auto","background-attachment":"scroll","background-type":"","background-media":"","overlay-type":"","overlay-color":"","overlay-opacity":"","overlay-gradient":""},"tablet":{"background-color":"","background-image":"","background-repeat":"repeat","background-position":"center center","background-size":"auto","background-attachment":"scroll","background-type":"","background-media":"","overlay-type":"","overlay-color":"","overlay-opacity":"","overlay-gradient":""},"mobile":{"background-color":"","background-image":"","background-repeat":"repeat","background-position":"center center","background-size":"auto","background-attachment":"scroll","background-type":"","background-media":"","overlay-type":"","overlay-color":"","overlay-opacity":"","overlay-gradient":""}},"ast-content-background-meta":{"desktop":{"background-color":"var(--ast-global-color-5)","background-image":"","background-repeat":"repeat","background-position":"center center","background-size":"auto","background-attachment":"scroll","background-type":"","background-media":"","overlay-type":"","overlay-color":"","overlay-opacity":"","overlay-gradient":""},"tablet":{"background-color":"var(--ast-global-color-5)","background-image":"","background-repeat":"repeat","background-position":"center center","background-size":"auto","background-attachment":"scroll","background-type":"","background-media":"","overlay-type":"","overlay-color":"","overlay-opacity":"","overlay-gradient":""},"mobile":{"background-color":"var(--ast-global-color-5)","background-image":"","background-repeat":"repeat","background-position":"center center","background-size":"auto","background-attachment":"scroll","background-type":"","background-media":"","overlay-type":"","overlay-color":"","overlay-opacity":"","overlay-gradient":""}}},"product_brand":[],"product_cat":[56,42],"product_tag":[70,68,71,69],"class_list":{"0":"post-3333","1":"product","2":"type-product","3":"status-publish","4":"has-post-thumbnail","6":"product_cat-1-to-3-years","7":"product_cat-merchandise","8":"product_tag-babypillow","9":"product_tag-cuteanimalpillow","10":"product_tag-headshapesupport","11":"product_tag-kouniushapingpillow","12":"desktop-align-left","13":"tablet-align-left","14":"mobile-align-left","16":"first","17":"instock","18":"featured","19":"shipping-taxable","20":"product-type-simple"},"aioseo_notices":[],"uagb_featured_image_src":{"full":["https:\/\/babypillowwholesale.com\/wp-content\/uploads\/2025\/04\/1527.jpg",1000,1000,false],"thumbnail":["https:\/\/babypillowwholesale.com\/wp-content\/uploads\/2025\/04\/1527-150x150.jpg",150,150,true],"medium":["https:\/\/babypillowwholesale.com\/wp-content\/uploads\/2025\/04\/1527-300x300.jpg",300,300,true],"medium_large":["https:\/\/babypillowwholesale.com\/wp-content\/uploads\/2025\/04\/1527-768x768.jpg",768,768,true],"large":["https:\/\/babypillowwholesale.com\/wp-content\/uploads\/2025\/04\/1527.jpg",1000,1000,false],"1536x1536":["https:\/\/babypillowwholesale.com\/wp-content\/uploads\/2025\/04\/1527.jpg",1000,1000,false],"2048x2048":["https:\/\/babypillowwholesale.com\/wp-content\/uploads\/2025\/04\/1527.jpg",1000,1000,false],"trp-custom-language-flag":["https:\/\/babypillowwholesale.com\/wp-content\/uploads\/2025\/04\/1527.jpg",12,12,false],"woocommerce_thumbnail":["https:\/\/babypillowwholesale.com\/wp-content\/uploads\/2025\/04\/1527-300x300.jpg",300,300,true],"woocommerce_single":["https:\/\/babypillowwholesale.com\/wp-content\/uploads\/2025\/04\/1527-600x600.jpg",600,600,true],"woocommerce_gallery_thumbnail":["https:\/\/babypillowwholesale.com\/wp-content\/uploads\/2025\/04\/1527-100x100.jpg",100,100,true]},"uagb_author_info":{"display_name":"Etnen zhong","author_link":"https:\/\/babypillowwholesale.com\/sk\/author\/"},"uagb_comment_info":0,"uagb_excerpt":"The Pikachu Infant Pillow is a charming sleep essential for children aged 1 - 3 years. Inspired by the beloved Pikachu, it showcases iconic features like long ears, bright eyes, and cute blushing cheeks. Measuring 40*24*3CM, it provides just the right support for a child's head and neck, ensuring a comfortable sleep. Made from soft&hellip;","jetpack_sharing_enabled":true,"_links":{"self":[{"href":"https:\/\/babypillowwholesale.com\/sk\/wp-json\/wp\/v2\/product\/3333","targetHints":{"allow":["GET"]}}],"collection":[{"href":"https:\/\/babypillowwholesale.com\/sk\/wp-json\/wp\/v2\/product"}],"about":[{"href":"https:\/\/babypillowwholesale.com\/sk\/wp-json\/wp\/v2\/types\/product"}],"replies":[{"embeddable":true,"href":"https:\/\/babypillowwholesale.com\/sk\/wp-json\/wp\/v2\/comments?post=3333"}],"wp:featuredmedia":[{"embeddable":true,"href":"https:\/\/babypillowwholesale.com\/sk\/wp-json\/wp\/v2\/media\/3334"}],"wp:attachment":[{"href":"https:\/\/babypillowwholesale.com\/sk\/wp-json\/wp\/v2\/media?parent=3333"}],"wp:term":[{"taxonomy":"product_brand","embeddable":true,"href":"https:\/\/babypillowwholesale.com\/sk\/wp-json\/wp\/v2\/product_brand?post=3333"},{"taxonomy":"product_cat","embeddable":true,"href":"https:\/\/babypillowwholesale.com\/sk\/wp-json\/wp\/v2\/product_cat?post=3333"},{"taxonomy":"product_tag","embeddable":true,"href":"https:\/\/babypillowwholesale.com\/sk\/wp-json\/wp\/v2\/product_tag?post=3333"}],"curies":[{"name":"wp","href":"https:\/\/api.w.org\/{rel}","templated":true}]}}